{"id":1203,"date":"2017-04-22T14:01:02","date_gmt":"2017-04-22T11:01:02","guid":{"rendered":"https:\/\/inginerie.aero\/?page_id=1203"},"modified":"2017-04-28T20:49:50","modified_gmt":"2017-04-28T17:49:50","slug":"centrul-de-cercetari-pentru-aeronautica-si-spatiu","status":"publish","type":"page","link":"https:\/\/inginerie.aero\/index.php\/ro\/centrul-de-cercetari-pentru-aeronautica-si-spatiu\/","title":{"rendered":"Centrul de Cercet\u0103ri pentru Aeronautic\u0103 \u0219i Spa\u021biu"},"content":{"rendered":"<p>[et_pb_section admin_label=&#8221;Section&#8221; fullwidth=&#8221;on&#8221; specialty=&#8221;off&#8221; transparent_background=&#8221;off&#8221; allow_player_pause=&#8221;off&#8221; inner_shadow=&#8221;off&#8221; parallax=&#8221;off&#8221; parallax_method=&#8221;off&#8221; padding_mobile=&#8221;off&#8221; make_fullwidth=&#8221;off&#8221; use_custom_width=&#8221;off&#8221; width_unit=&#8221;on&#8221; make_equal=&#8221;off&#8221; use_custom_gutter=&#8221;off&#8221; background_color=&#8221;rgba(23,23,23,0.6)&#8221;][et_pb_fullwidth_post_title admin_label=&#8221;Fullwidth Post Title&#8221; title=&#8221;on&#8221; meta=&#8221;off&#8221; author=&#8221;off&#8221; date=&#8221;off&#8221; categories=&#8221;off&#8221; comments=&#8221;off&#8221; featured_image=&#8221;off&#8221; featured_placement=&#8221;below&#8221; parallax_effect=&#8221;on&#8221; parallax_method=&#8221;on&#8221; text_orientation=&#8221;left&#8221; text_color=&#8221;dark&#8221; text_background=&#8221;off&#8221; text_bg_color=&#8221;rgba(255,255,255,0.9)&#8221; module_bg_color=&#8221;#e3e3e3&#8243; title_all_caps=&#8221;off&#8221; use_border_color=&#8221;off&#8221; border_color=&#8221;#ffffff&#8221; border_style=&#8221;solid&#8221;] [\/et_pb_fullwidth_post_title][\/et_pb_section][et_pb_section admin_label=&#8221;Section&#8221; transparent_background=&#8221;off&#8221; allow_player_pause=&#8221;off&#8221; inner_shadow=&#8221;off&#8221; parallax=&#8221;off&#8221; parallax_method=&#8221;on&#8221; padding_mobile=&#8221;off&#8221; make_fullwidth=&#8221;off&#8221; use_custom_width=&#8221;off&#8221; width_unit=&#8221;off&#8221; custom_width_px=&#8221;1080px&#8221; custom_width_percent=&#8221;80%&#8221; make_equal=&#8221;off&#8221; use_custom_gutter=&#8221;off&#8221; fullwidth=&#8221;off&#8221; specialty=&#8221;on&#8221; disabled=&#8221;off&#8221;][et_pb_column type=&#8221;3_4&#8243; specialty_columns=&#8221;3&#8243;][et_pb_row_inner admin_label=&#8221;Row&#8221; padding_mobile=&#8221;off&#8221; use_custom_gutter=&#8221;off&#8221; make_equal=&#8221;off&#8221; column_padding_mobile=&#8221;off&#8221; parallax_1=&#8221;off&#8221; parallax_method_1=&#8221;on&#8221; parallax_2=&#8221;off&#8221; parallax_method_2=&#8221;on&#8221; parallax_3=&#8221;off&#8221; parallax_method_3=&#8221;on&#8221; disabled=&#8221;off&#8221;][et_pb_column_inner type=&#8221;4_4&#8243; saved_specialty_column_type=&#8221;3_4&#8243;][et_pb_text admin_label=&#8221;Text&#8221; background_layout=&#8221;light&#8221; text_orientation=&#8221;left&#8221; use_border_color=&#8221;off&#8221; border_color=&#8221;#ffffff&#8221; border_style=&#8221;solid&#8221;]<\/p>\n<p><a href=\"http:\/\/www.upb-ccas.ro\" target=\"_blank\"><img loading=\"lazy\" decoding=\"async\" class=\"alignnone size-medium wp-image-1397\" src=\"https:\/\/inginerie.aero\/wp-content\/uploads\/2017\/04\/CCAS-e1493074146576-300x80.jpg\" alt=\"\" width=\"300\" height=\"80\" srcset=\"https:\/\/inginerie.aero\/wp-content\/uploads\/2017\/04\/CCAS-e1493074146576-300x80.jpg 300w, https:\/\/inginerie.aero\/wp-content\/uploads\/2017\/04\/CCAS-e1493074146576-768x205.jpg 768w, https:\/\/inginerie.aero\/wp-content\/uploads\/2017\/04\/CCAS-e1493074146576-610x162.jpg 610w, https:\/\/inginerie.aero\/wp-content\/uploads\/2017\/04\/CCAS-e1493074146576.jpg 811w\" sizes=\"(max-width: 300px) 100vw, 300px\" \/><\/a><\/p>\n<p>Centrul a fost \u00eenfiin\u0163at \u00een anul 2001 devenind o component\u0103 important\u0103 a activit\u0103\u0163ii de cercetare care se bucur\u0103 de o lung\u0103 tradi\u0163ie \u00een cadrul Universit\u0103\u0163ii \u201cPolitehnica\u201d din Bucure\u015fti. Filozofia centrului este da a men\u0163ine un echilibru \u00eentre cercet\u0103rile teoretice \u015fi cele aplicative implicate \u00een tehnologia spa\u0163ial\u0103. Din 2012 CCAS este membru al Federa\u021biei Interna\u021bionale de Astronautic\u0103.<\/p>\n<p><img loading=\"lazy\" decoding=\"async\" class=\"size-medium wp-image-1398 alignright\" src=\"https:\/\/inginerie.aero\/wp-content\/uploads\/2017\/04\/CCAS_1-300x246.jpg\" alt=\"\" width=\"300\" height=\"246\" srcset=\"https:\/\/inginerie.aero\/wp-content\/uploads\/2017\/04\/CCAS_1-300x246.jpg 300w, https:\/\/inginerie.aero\/wp-content\/uploads\/2017\/04\/CCAS_1.jpg 562w\" sizes=\"(max-width: 300px) 100vw, 300px\" \/><\/p>\n<ul>\n<li>Aria de expertiz\u0103:<\/li>\n<li>Sisteme aerodinamice, de propulsie \u0219i control integrate, proiectare structuri;<\/li>\n<li>Simularea curgerii \u0219i optimiz\u0103ri aerodinamice;<\/li>\n<li>Modelarea transportului;<\/li>\n<li>Elice eoliene;<\/li>\n<li>Sisteme moderne de lubrifica\u021bie \u0219i aplica\u021bii industriale;<\/li>\n<li>Sisteme termo-hidraulice, analiz\u0103 \u0219i design;<\/li>\n<li>Interac\u021biune fluid-structur\u0103, fenomene aeroelastice;<\/li>\n<li>Calculul \u0219i proiectarea structurilor aeronautice, structuri compozite;<\/li>\n<li>Sisteme de propulsie;<\/li>\n<li>Dinamica aparatelor de zbor, simularea \u0219i controlul zborului;<\/li>\n<li>Avionic\u0103, senzori \u0219i actuatori; <img loading=\"lazy\" decoding=\"async\" class=\"size-medium wp-image-1399 alignright\" src=\"https:\/\/inginerie.aero\/wp-content\/uploads\/2017\/04\/ccas_2-300x274.jpg\" alt=\"\" width=\"300\" height=\"274\" srcset=\"https:\/\/inginerie.aero\/wp-content\/uploads\/2017\/04\/ccas_2-300x274.jpg 300w, https:\/\/inginerie.aero\/wp-content\/uploads\/2017\/04\/ccas_2.jpg 509w\" sizes=\"(max-width: 300px) 100vw, 300px\" \/><\/li>\n<li>Managementul traficului aerian;<\/li>\n<li>Motoare rachet\u0103 hibride;<\/li>\n<li>Mini si micro sateli\u021bi, controlul atitudinii \u0219i analiza structurii;<\/li>\n<li>Lansatoare de mici dimensiuni, rachete de sondaj, sisteme de comand\u0103 \u00een jet;<\/li>\n<li>Sisteme de rachete civile;<\/li>\n<li>Design industrial si design industrial asistat de calculator.<\/li>\n<\/ul>\n<p>&nbsp;<\/p>\n<p>[\/et_pb_text][et_pb_image admin_label=&#8221;Imagine&#8221; src=&#8221;https:\/\/inginerie.aero\/wp-content\/uploads\/2017\/04\/ccas_3.jpg&#8221; show_in_lightbox=&#8221;off&#8221; url_new_window=&#8221;off&#8221; use_overlay=&#8221;off&#8221; animation=&#8221;left&#8221; sticky=&#8221;off&#8221; align=&#8221;left&#8221; force_fullwidth=&#8221;off&#8221; always_center_on_mobile=&#8221;on&#8221; use_border_color=&#8221;off&#8221; border_color=&#8221;#ffffff&#8221; border_style=&#8221;solid&#8221;] [\/et_pb_image][et_pb_text admin_label=&#8221;Text&#8221; background_layout=&#8221;light&#8221; text_orientation=&#8221;left&#8221; use_border_color=&#8221;off&#8221; border_color=&#8221;#ffffff&#8221; border_style=&#8221;solid&#8221;]<\/p>\n<p>Link c\u0103tre site-ul centrului: <a href=\"http:\/\/www.upb-ccas.ro\" target=\"_blank\">http:\/\/www.upb-ccas.ro<\/a><\/p>\n<p>[\/et_pb_text][\/et_pb_column_inner][\/et_pb_row_inner][\/et_pb_column][et_pb_column type=&#8221;1_4&#8243;][et_pb_text admin_label=&#8221;Text&#8221; background_layout=&#8221;light&#8221; text_orientation=&#8221;left&#8221; header_font_size=&#8221;49px&#8221; use_border_color=&#8221;off&#8221; border_style=&#8221;solid&#8221; disabled=&#8221;off&#8221;]<\/p>\n<p>Anunturi<\/p>\n<p>[\/et_pb_text][et_pb_divider admin_label=&#8221;Divider&#8221; color=&#8221;#bfbfbf&#8221; divider_style=&#8221;solid&#8221; divider_position=&#8221;top&#8221; divider_weight=&#8221;1px&#8221; hide_on_mobile=&#8221;on&#8221; disabled=&#8221;off&#8221;] [\/et_pb_divider][et_pb_blog admin_label=&#8221;Blog&#8221; fullwidth=&#8221;off&#8221; include_categories=&#8221;11&#8243; show_thumbnail=&#8221;off&#8221; show_content=&#8221;off&#8221; show_more=&#8221;on&#8221; show_author=&#8221;on&#8221; show_date=&#8221;on&#8221; show_categories=&#8221;off&#8221; show_comments=&#8221;off&#8221; show_pagination=&#8221;off&#8221; offset_number=&#8221;0&#8243; use_overlay=&#8221;off&#8221; background_layout=&#8221;light&#8221; use_dropshadow=&#8221;on&#8221; use_border_color=&#8221;off&#8221; border_color=&#8221;#ffffff&#8221; border_style=&#8221;solid&#8221; disabled=&#8221;off&#8221;] [\/et_pb_blog][\/et_pb_column][\/et_pb_section]<\/p>\n","protected":false},"excerpt":{"rendered":"<p>Centrul a fost \u00eenfiin\u0163at \u00een anul 2001 devenind o component\u0103 important\u0103 a activit\u0103\u0163ii de cercetare care se bucur\u0103 de o lung\u0103 tradi\u0163ie \u00een cadrul Universit\u0103\u0163ii \u201cPolitehnica\u201d din Bucure\u015fti. Filozofia centrului este da a men\u0163ine un echilibru \u00eentre cercet\u0103rile teoretice \u015fi cele aplicative implicate \u00een tehnologia spa\u0163ial\u0103. Din 2012 CCAS este membru al Federa\u021biei Interna\u021bionale de [&hellip;]<\/p>\n","protected":false},"author":1,"featured_media":0,"parent":0,"menu_order":0,"comment_status":"closed","ping_status":"closed","template":"","meta":{"_et_pb_use_builder":"on","_et_pb_old_content":"","_et_gb_content_width":"","jetpack_post_was_ever_published":false,"footnotes":"","_links_to":"","_links_to_target":""},"categories":[],"tags":[],"class_list":["post-1203","page","type-page","status-publish","hentry"],"yoast_head":"<!-- This site is optimized with the Yoast SEO plugin v24.3 - https:\/\/yoast.com\/wordpress\/plugins\/seo\/ -->\n<title>Centrul de Cercet\u0103ri pentru Aeronautic\u0103 \u0219i Spa\u021biu - Alumni Politehnica Aerospace Engineering<\/title>\n<meta name=\"robots\" content=\"index, follow, max-snippet:-1, max-image-preview:large, max-video-preview:-1\" \/>\n<link rel=\"canonical\" href=\"https:\/\/inginerie.aero\/index.php\/ro\/centrul-de-cercetari-pentru-aeronautica-si-spatiu\/\" \/>\n<meta property=\"og:locale\" content=\"ro_RO\" \/>\n<meta property=\"og:type\" content=\"article\" \/>\n<meta property=\"og:title\" content=\"Centrul de Cercet\u0103ri pentru Aeronautic\u0103 \u0219i Spa\u021biu - Alumni Politehnica Aerospace Engineering\" \/>\n<meta property=\"og:description\" content=\"Centrul a fost \u00eenfiin\u0163at \u00een anul 2001 devenind o component\u0103 important\u0103 a activit\u0103\u0163ii de cercetare care se bucur\u0103 de o lung\u0103 tradi\u0163ie \u00een cadrul Universit\u0103\u0163ii \u201cPolitehnica\u201d din Bucure\u015fti. Filozofia centrului este da a men\u0163ine un echilibru \u00eentre cercet\u0103rile teoretice \u015fi cele aplicative implicate \u00een tehnologia spa\u0163ial\u0103. Din 2012 CCAS este membru al Federa\u021biei Interna\u021bionale de [&hellip;]\" \/>\n<meta property=\"og:url\" content=\"https:\/\/inginerie.aero\/index.php\/ro\/centrul-de-cercetari-pentru-aeronautica-si-spatiu\/\" \/>\n<meta property=\"og:site_name\" content=\"Alumni Politehnica Aerospace Engineering\" \/>\n<meta property=\"article:publisher\" content=\"https:\/\/www.facebook.com\/groups\/InginerieAerospatiala\/\" \/>\n<meta property=\"article:modified_time\" content=\"2017-04-28T17:49:50+00:00\" \/>\n<meta property=\"og:image\" content=\"https:\/\/inginerie.aero\/wp-content\/uploads\/2017\/04\/CCAS-e1493074146576-300x80.jpg\" \/>\n<meta name=\"twitter:card\" content=\"summary_large_image\" \/>\n<meta name=\"twitter:label1\" content=\"Timp estimat pentru citire\" \/>\n\t<meta name=\"twitter:data1\" content=\"3 minute\" \/>\n<script type=\"application\/ld+json\" class=\"yoast-schema-graph\">{\"@context\":\"https:\/\/schema.org\",\"@graph\":[{\"@type\":\"WebPage\",\"@id\":\"https:\/\/inginerie.aero\/index.php\/ro\/centrul-de-cercetari-pentru-aeronautica-si-spatiu\/\",\"url\":\"https:\/\/inginerie.aero\/index.php\/ro\/centrul-de-cercetari-pentru-aeronautica-si-spatiu\/\",\"name\":\"Centrul de Cercet\u0103ri pentru Aeronautic\u0103 \u0219i Spa\u021biu - Alumni Politehnica Aerospace Engineering\",\"isPartOf\":{\"@id\":\"https:\/\/inginerie.aero\/#website\"},\"primaryImageOfPage\":{\"@id\":\"https:\/\/inginerie.aero\/index.php\/ro\/centrul-de-cercetari-pentru-aeronautica-si-spatiu\/#primaryimage\"},\"image\":{\"@id\":\"https:\/\/inginerie.aero\/index.php\/ro\/centrul-de-cercetari-pentru-aeronautica-si-spatiu\/#primaryimage\"},\"thumbnailUrl\":\"https:\/\/inginerie.aero\/wp-content\/uploads\/2017\/04\/CCAS-e1493074146576-300x80.jpg\",\"datePublished\":\"2017-04-22T11:01:02+00:00\",\"dateModified\":\"2017-04-28T17:49:50+00:00\",\"breadcrumb\":{\"@id\":\"https:\/\/inginerie.aero\/index.php\/ro\/centrul-de-cercetari-pentru-aeronautica-si-spatiu\/#breadcrumb\"},\"inLanguage\":\"ro-RO\",\"potentialAction\":[{\"@type\":\"ReadAction\",\"target\":[\"https:\/\/inginerie.aero\/index.php\/ro\/centrul-de-cercetari-pentru-aeronautica-si-spatiu\/\"]}]},{\"@type\":\"ImageObject\",\"inLanguage\":\"ro-RO\",\"@id\":\"https:\/\/inginerie.aero\/index.php\/ro\/centrul-de-cercetari-pentru-aeronautica-si-spatiu\/#primaryimage\",\"url\":\"https:\/\/inginerie.aero\/wp-content\/uploads\/2017\/04\/CCAS-e1493074146576.jpg\",\"contentUrl\":\"https:\/\/inginerie.aero\/wp-content\/uploads\/2017\/04\/CCAS-e1493074146576.jpg\",\"width\":811,\"height\":216},{\"@type\":\"BreadcrumbList\",\"@id\":\"https:\/\/inginerie.aero\/index.php\/ro\/centrul-de-cercetari-pentru-aeronautica-si-spatiu\/#breadcrumb\",\"itemListElement\":[{\"@type\":\"ListItem\",\"position\":1,\"name\":\"Acas\u0103\",\"item\":\"https:\/\/inginerie.aero\/index.php\/ro\/acasa\/\"},{\"@type\":\"ListItem\",\"position\":2,\"name\":\"Centrul de Cercet\u0103ri pentru Aeronautic\u0103 \u0219i Spa\u021biu\"}]},{\"@type\":\"WebSite\",\"@id\":\"https:\/\/inginerie.aero\/#website\",\"url\":\"https:\/\/inginerie.aero\/\",\"name\":\"Facultatea de Inginerie Aerospatiala\",\"description\":\"Site-ul Asociatiei de Alumni ai Facultatii de Inginerie Aerospatiala din cadrul Universitatii POLITEHNICA Bucuresti\",\"publisher\":{\"@id\":\"https:\/\/inginerie.aero\/#organization\"},\"potentialAction\":[{\"@type\":\"SearchAction\",\"target\":{\"@type\":\"EntryPoint\",\"urlTemplate\":\"https:\/\/inginerie.aero\/?s={search_term_string}\"},\"query-input\":{\"@type\":\"PropertyValueSpecification\",\"valueRequired\":true,\"valueName\":\"search_term_string\"}}],\"inLanguage\":\"ro-RO\"},{\"@type\":\"Organization\",\"@id\":\"https:\/\/inginerie.aero\/#organization\",\"name\":\"University Politehnica of Bucharest Faculty of Aerospace Engineering\",\"url\":\"https:\/\/inginerie.aero\/\",\"logo\":{\"@type\":\"ImageObject\",\"inLanguage\":\"ro-RO\",\"@id\":\"https:\/\/inginerie.aero\/#\/schema\/logo\/image\/\",\"url\":\"https:\/\/inginerie.aero\/wp-content\/uploads\/2017\/03\/sigla1.png\",\"contentUrl\":\"https:\/\/inginerie.aero\/wp-content\/uploads\/2017\/03\/sigla1.png\",\"width\":734,\"height\":735,\"caption\":\"University Politehnica of Bucharest Faculty of Aerospace Engineering\"},\"image\":{\"@id\":\"https:\/\/inginerie.aero\/#\/schema\/logo\/image\/\"},\"sameAs\":[\"https:\/\/www.facebook.com\/groups\/InginerieAerospatiala\/\"]}]}<\/script>\n<!-- \/ Yoast SEO plugin. -->","yoast_head_json":{"title":"Centrul de Cercet\u0103ri pentru Aeronautic\u0103 \u0219i Spa\u021biu - Alumni Politehnica Aerospace Engineering","robots":{"index":"index","follow":"follow","max-snippet":"max-snippet:-1","max-image-preview":"max-image-preview:large","max-video-preview":"max-video-preview:-1"},"canonical":"https:\/\/inginerie.aero\/index.php\/ro\/centrul-de-cercetari-pentru-aeronautica-si-spatiu\/","og_locale":"ro_RO","og_type":"article","og_title":"Centrul de Cercet\u0103ri pentru Aeronautic\u0103 \u0219i Spa\u021biu - Alumni Politehnica Aerospace Engineering","og_description":"Centrul a fost \u00eenfiin\u0163at \u00een anul 2001 devenind o component\u0103 important\u0103 a activit\u0103\u0163ii de cercetare care se bucur\u0103 de o lung\u0103 tradi\u0163ie \u00een cadrul Universit\u0103\u0163ii \u201cPolitehnica\u201d din Bucure\u015fti. Filozofia centrului este da a men\u0163ine un echilibru \u00eentre cercet\u0103rile teoretice \u015fi cele aplicative implicate \u00een tehnologia spa\u0163ial\u0103. Din 2012 CCAS este membru al Federa\u021biei Interna\u021bionale de [&hellip;]","og_url":"https:\/\/inginerie.aero\/index.php\/ro\/centrul-de-cercetari-pentru-aeronautica-si-spatiu\/","og_site_name":"Alumni Politehnica Aerospace Engineering","article_publisher":"https:\/\/www.facebook.com\/groups\/InginerieAerospatiala\/","article_modified_time":"2017-04-28T17:49:50+00:00","og_image":[{"url":"https:\/\/inginerie.aero\/wp-content\/uploads\/2017\/04\/CCAS-e1493074146576-300x80.jpg","type":"","width":"","height":""}],"twitter_card":"summary_large_image","twitter_misc":{"Timp estimat pentru citire":"3 minute"},"schema":{"@context":"https:\/\/schema.org","@graph":[{"@type":"WebPage","@id":"https:\/\/inginerie.aero\/index.php\/ro\/centrul-de-cercetari-pentru-aeronautica-si-spatiu\/","url":"https:\/\/inginerie.aero\/index.php\/ro\/centrul-de-cercetari-pentru-aeronautica-si-spatiu\/","name":"Centrul de Cercet\u0103ri pentru Aeronautic\u0103 \u0219i Spa\u021biu - Alumni Politehnica Aerospace Engineering","isPartOf":{"@id":"https:\/\/inginerie.aero\/#website"},"primaryImageOfPage":{"@id":"https:\/\/inginerie.aero\/index.php\/ro\/centrul-de-cercetari-pentru-aeronautica-si-spatiu\/#primaryimage"},"image":{"@id":"https:\/\/inginerie.aero\/index.php\/ro\/centrul-de-cercetari-pentru-aeronautica-si-spatiu\/#primaryimage"},"thumbnailUrl":"https:\/\/inginerie.aero\/wp-content\/uploads\/2017\/04\/CCAS-e1493074146576-300x80.jpg","datePublished":"2017-04-22T11:01:02+00:00","dateModified":"2017-04-28T17:49:50+00:00","breadcrumb":{"@id":"https:\/\/inginerie.aero\/index.php\/ro\/centrul-de-cercetari-pentru-aeronautica-si-spatiu\/#breadcrumb"},"inLanguage":"ro-RO","potentialAction":[{"@type":"ReadAction","target":["https:\/\/inginerie.aero\/index.php\/ro\/centrul-de-cercetari-pentru-aeronautica-si-spatiu\/"]}]},{"@type":"ImageObject","inLanguage":"ro-RO","@id":"https:\/\/inginerie.aero\/index.php\/ro\/centrul-de-cercetari-pentru-aeronautica-si-spatiu\/#primaryimage","url":"https:\/\/inginerie.aero\/wp-content\/uploads\/2017\/04\/CCAS-e1493074146576.jpg","contentUrl":"https:\/\/inginerie.aero\/wp-content\/uploads\/2017\/04\/CCAS-e1493074146576.jpg","width":811,"height":216},{"@type":"BreadcrumbList","@id":"https:\/\/inginerie.aero\/index.php\/ro\/centrul-de-cercetari-pentru-aeronautica-si-spatiu\/#breadcrumb","itemListElement":[{"@type":"ListItem","position":1,"name":"Acas\u0103","item":"https:\/\/inginerie.aero\/index.php\/ro\/acasa\/"},{"@type":"ListItem","position":2,"name":"Centrul de Cercet\u0103ri pentru Aeronautic\u0103 \u0219i Spa\u021biu"}]},{"@type":"WebSite","@id":"https:\/\/inginerie.aero\/#website","url":"https:\/\/inginerie.aero\/","name":"Facultatea de Inginerie Aerospatiala","description":"Site-ul Asociatiei de Alumni ai Facultatii de Inginerie Aerospatiala din cadrul Universitatii POLITEHNICA Bucuresti","publisher":{"@id":"https:\/\/inginerie.aero\/#organization"},"potentialAction":[{"@type":"SearchAction","target":{"@type":"EntryPoint","urlTemplate":"https:\/\/inginerie.aero\/?s={search_term_string}"},"query-input":{"@type":"PropertyValueSpecification","valueRequired":true,"valueName":"search_term_string"}}],"inLanguage":"ro-RO"},{"@type":"Organization","@id":"https:\/\/inginerie.aero\/#organization","name":"University Politehnica of Bucharest Faculty of Aerospace Engineering","url":"https:\/\/inginerie.aero\/","logo":{"@type":"ImageObject","inLanguage":"ro-RO","@id":"https:\/\/inginerie.aero\/#\/schema\/logo\/image\/","url":"https:\/\/inginerie.aero\/wp-content\/uploads\/2017\/03\/sigla1.png","contentUrl":"https:\/\/inginerie.aero\/wp-content\/uploads\/2017\/03\/sigla1.png","width":734,"height":735,"caption":"University Politehnica of Bucharest Faculty of Aerospace Engineering"},"image":{"@id":"https:\/\/inginerie.aero\/#\/schema\/logo\/image\/"},"sameAs":["https:\/\/www.facebook.com\/groups\/InginerieAerospatiala\/"]}]}},"jetpack_sharing_enabled":true,"jetpack_shortlink":"https:\/\/wp.me\/Pbbi8l-jp","_links":{"self":[{"href":"https:\/\/inginerie.aero\/index.php\/wp-json\/wp\/v2\/pages\/1203","targetHints":{"allow":["GET"]}}],"collection":[{"href":"https:\/\/inginerie.aero\/index.php\/wp-json\/wp\/v2\/pages"}],"about":[{"href":"https:\/\/inginerie.aero\/index.php\/wp-json\/wp\/v2\/types\/page"}],"author":[{"embeddable":true,"href":"https:\/\/inginerie.aero\/index.php\/wp-json\/wp\/v2\/users\/1"}],"replies":[{"embeddable":true,"href":"https:\/\/inginerie.aero\/index.php\/wp-json\/wp\/v2\/comments?post=1203"}],"version-history":[{"count":9,"href":"https:\/\/inginerie.aero\/index.php\/wp-json\/wp\/v2\/pages\/1203\/revisions"}],"predecessor-version":[{"id":1700,"href":"https:\/\/inginerie.aero\/index.php\/wp-json\/wp\/v2\/pages\/1203\/revisions\/1700"}],"wp:attachment":[{"href":"https:\/\/inginerie.aero\/index.php\/wp-json\/wp\/v2\/media?parent=1203"}],"wp:term":[{"taxonomy":"category","embeddable":true,"href":"https:\/\/inginerie.aero\/index.php\/wp-json\/wp\/v2\/categories?post=1203"},{"taxonomy":"post_tag","embeddable":true,"href":"https:\/\/inginerie.aero\/index.php\/wp-json\/wp\/v2\/tags?post=1203"}],"curies":[{"name":"wp","href":"https:\/\/api.w.org\/{rel}","templated":true}]}}