{"id":1245,"date":"2017-04-22T15:21:58","date_gmt":"2017-04-22T12:21:58","guid":{"rendered":"https:\/\/inginerie.aero\/?page_id=1245"},"modified":"2020-03-31T13:50:02","modified_gmt":"2020-03-31T10:50:02","slug":"promovare-si-taxe","status":"publish","type":"page","link":"https:\/\/inginerie.aero\/index.php\/ro\/promovare-si-taxe\/","title":{"rendered":"Promovare \u0219i Taxe"},"content":{"rendered":"<p>[et_pb_section bb_built=&#8221;1&#8243; admin_label=&#8221;section&#8221;][et_pb_row admin_label=&#8221;row&#8221; background_position=&#8221;top_left&#8221; background_repeat=&#8221;repeat&#8221; background_size=&#8221;initial&#8221;][et_pb_column type=&#8221;4_4&#8243;][et_pb_text admin_label=&#8221;Conturi Taxe&#8221; background_layout=&#8221;light&#8221; use_border_color=&#8221;off&#8221; background_position=&#8221;top_left&#8221; background_repeat=&#8221;repeat&#8221; background_size=&#8221;initial&#8221; _builder_version=&#8221;3.0.92&#8243;]<\/p>\n<h4>Conturile unde se pot pl\u0103ti taxele c\u0103tre UPB<\/h4>\n<table width=\"576\">\n<tbody>\n<tr>\n<td width=\"67\">BRD<\/td>\n<td width=\"67\">RO97BRDE410SV98068754100<\/td>\n<td width=\"67\"><\/td>\n<td width=\"174\"><\/td>\n<td colspan=\"3\" width=\"201\">Toate taxele \u0219colare<\/td>\n<\/tr>\n<tr>\n<td>BCR<\/td>\n<td>RO69RNCB0723000506250269<\/td>\n<td><\/td>\n<td><\/td>\n<td colspan=\"3\">Taxa de studii<\/td>\n<\/tr>\n<tr>\n<td>BCR<\/td>\n<td>RO77RNCB0723000506250319<\/td>\n<td><\/td>\n<td><\/td>\n<td colspan=\"3\">Taxe de refaceri de discipline<\/td>\n<\/tr>\n<tr>\n<td>BCR<\/td>\n<td colspan=\"3\">RO42RNCB0723000506250270<\/td>\n<td colspan=\"3\" width=\"201\">Taxe de \u00eenscriere<\/td>\n<\/tr>\n<tr>\n<td>BCR<\/td>\n<td>RO50RNCB0723000506250320<\/td>\n<td><\/td>\n<td><\/td>\n<td colspan=\"3\">Taxe de \u00eenmatriculare<\/td>\n<\/tr>\n<\/tbody>\n<\/table>\n<p>\u00cen contul BRD se pot pl\u0103ti toate tipurile de taxe. La BCR sunt conturi distincte pentru diferitele tipuri de pl\u0103\u021bi.<\/p>\n<p>Numele \u0219i prenumele pl\u0103titorului trebuie s\u0103 fie ale studentului care a pl\u0103tit. Pe ordinul de plat\u0103 se va specifica <strong>facultatea<\/strong> \u0219i <strong>ce reprezint\u0103<\/strong> suma pl\u0103tit\u0103. Dac\u0103 plata se face din contul altcuiva (de exemplu p\u0103rinte) trebuie men\u021bionat \u00een plus <strong>numele \u0219i prenumele<\/strong> complet al studentului!<\/p>\n<p>Dup\u0103 efectuarea pl\u0103\u021bii, studentul are obliga\u021bia de a transmite prin e-mail dovada pl\u0103\u021bii pe inginerie.aerospatiala@upb.ro<\/p>\n<p>&nbsp;<\/p>\n<p>[\/et_pb_text][et_pb_text admin_label=&#8221;Tax\u0103 Buget&#8221; background_layout=&#8221;light&#8221; use_border_color=&#8221;off&#8221; background_position=&#8221;top_left&#8221; background_repeat=&#8221;repeat&#8221; background_size=&#8221;initial&#8221; _builder_version=&#8221;3.0.92&#8243;]<\/p>\n<h4>Precizare pentru Studen\u021bii Facult\u0103\u021bii de Inginerie Aerospa\u021bial\u0103 care Studiaz\u0103 cu Tax\u0103<\/h4>\n<p>Singura modalitate de transfer de la un loc cu tax\u0103 la un loc finan\u021bat de la buget (f\u0103r\u0103 tax\u0103) este prin \u00eenscrierea la concursul de admitere sesiunea din iulie \u0219i ob\u021binerea unei medii de concurs care s\u0103 permit\u0103 ocuparea unui loc f\u0103r\u0103 tax\u0103 \u00een sesiunea iulie. Citi\u021bi \u0219i Regulamentul de admitere licen\u021b\u0103. Aten\u021bie! Subven\u021bionarea studiilor de la buget se face o singur\u0103 dat\u0103 pentru fiecare t\u00e2n\u0103r, pe fiecare ciclu de studii (licen\u021b\u0103, master, doctorat). Cei care au mai f\u0103cut o facultate f\u0103r\u0103 tax\u0103 nu mai au dreptul de a studia la buget. De asemenea, studen\u021bii care inten\u021bioneaz\u0103 s\u0103 fac\u0103 o a doua facultate a c\u0103rei tax\u0103 va fi mult mai mare (de exemplu Academia For\u021belor Aeriene) sunt sf\u0103tui\u021bi s\u0103-\u0219i utilizeze dreptul de a studia la buget la aceast\u0103 facultate ulterioar\u0103 \u0219i la noi s\u0103 r\u0103m\u00e2n\u0103 la tax\u0103.<\/p>\n<p><span style=\"display: inline !important; float: none; background-color: transparent; color: #666666; cursor: text; font-family: 'Open Sans',Arial,sans-serif; font-size: 14px; font-style: normal; font-variant: normal; font-weight: 500; letter-spacing: normal; orphans: 2; text-align: left; text-decoration: none; text-indent: 0px; text-transform: none; -webkit-text-stroke-width: 0px; white-space: normal; word-spacing: 0px;\">Taxa de studii este subven\u021bionat\u0103 de universitate \u00een propor\u021bie considerabil\u0103, ea nu acoper\u0103 costurile universit\u0103\u021bii cu un student.<\/span> De aceea, cei care solicit\u0103 s\u0103 se transfere retroactiv de la buget la tax\u0103 (cei \u00een situa\u021bia men\u021bionat\u0103 care doresc s\u0103 ocupe un loc la buget la o universitate cu taxe mult mai mari) trebuie s\u0103 pl\u0103teasc\u0103 nu doar taxa anual\u0103 de studii ci contravaloarea subven\u021biei de la buget pentru locul respectiv, adic\u0103 o sum\u0103 care poate fi chiar dubl\u0103 \u00een anumite cazuri.<\/p>\n<p>&nbsp;<\/p>\n<p>[\/et_pb_text][et_pb_text admin_label=&#8221;Repeten\u021bi&#8221; background_layout=&#8221;light&#8221; use_border_color=&#8221;off&#8221; background_position=&#8221;top_left&#8221; background_repeat=&#8221;repeat&#8221; background_size=&#8221;initial&#8221; _builder_version=&#8221;3.0.92&#8243;]<\/p>\n<h4><strong>Important pentru Studen\u021bii Facult\u0103\u021bii de Inginerie Aerospa\u021bial\u0103 care Repet\u0103 Anul<\/strong><\/h4>\n<p>Cererile de repetare a anului universitar se pot depune la secretariat sub semn\u0103tur\u0103, p\u00e2n\u0103 pe 27 septembrie 2019 ora 14. Contractele de studii se \u00eencheie numai dup\u0103 plata primei rate a taxelor de \u0219colarizare.<\/p>\n<p>&nbsp;<\/p>\n<p>&nbsp;<\/p>\n<p>[\/et_pb_text][et_pb_text background_layout=&#8221;light&#8221; use_border_color=&#8221;off&#8221; background_position=&#8221;top_left&#8221; background_repeat=&#8221;repeat&#8221; background_size=&#8221;initial&#8221; _builder_version=&#8221;3.0.92&#8243;]<\/p>\n<h4><strong>Informa\u021bii pentru Studen\u021bii Facult\u0103\u021bii de Inginerie Aerospa\u021bial\u0103 <\/strong><strong>privind refacerea disciplinelor, promovare \u0219i m\u0103riri de not\u0103<\/strong><\/h4>\n<p>\u00cen baza Regulamentului privind organizarea \u015fi desf\u0103\u015furarea procesului de \u00eenv\u0103\u0163\u0103m\u00e2nt universitar de licen\u0163\u0103 \u00een Universitatea POLITEHNICA din Bucure\u015fti, edi\u021bia 2013 (publicat pe site-ul universit\u0103\u021bii \u0219i al facult\u0103\u021bii, \u00een vigoare) \u0219i a Deciziei Consiliului Facult\u0103\u021bii din 14 septermbrie 2016, studen\u021bii trebuie s\u0103 cunoasc\u0103 urm\u0103toarele:<\/p>\n<ol>\n<li>Studen\u021bii din <strong>anul I<\/strong> pot promova \u00een <strong>anul II<\/strong> doar dac\u0103 au acumulat <strong>cel pu\u021bin<\/strong> <strong>35 PC-OO<\/strong><a href=\"#_ftn1\" name=\"_ftnref1\">[1]<\/a><\/li>\n<li>Studen\u021bii din <strong>anul II <\/strong>pot promova \u00een <strong>anul III<\/strong> doar dac\u0103 au acumulat <strong>cel pu\u021bin<\/strong> <strong>95 PC-OO<\/strong> <span style=\"text-decoration: line-through;\">\u0219i dac\u0103 \u00eendeplinesc suplimentar condi\u021bia de a avea <strong>cel mult 5 PC-OO<\/strong> aferente disciplinelor restante din anul I<\/span><a href=\"#_ftn2\" name=\"_ftnref2\">[2]<\/a><\/li>\n<li>Studen\u021bii din <strong>anul III<\/strong> pot promova \u00een <strong>anul IV<\/strong> doar dac\u0103 au acumulat <strong>cel pu\u021bin 155 PC-OO<\/strong><\/li>\n<\/ol>\n<p>Momentul \u00een care se evalueaz\u0103 num\u0103rul de PC-OO este \u00eencheierea anului universitar, odat\u0103 cu ultima zi de sesiune de examene de refaceri. Pentru anul universitar 2016-2017, aceast\u0103 zi este fixat\u0103 pe 10 septembrie 2017 conform Deciziei Senatului Universit\u0103\u021bii.<\/p>\n<p>&nbsp;<\/p>\n<p>Refacerile disciplinelor comport\u0103 urm\u0103toarele condi\u021bii cumulative:<\/p>\n<ol>\n<li>a) Disciplinele care fac obiectul refacerii trebuie prev\u0103zute \u00een <strong>contractul de studii<\/strong> aferent anului universitar \u00een curs (fie sunt discipline ale anului curent de studii \u0219i atunci sunt implicit \u00een contract, fie sunt aferente anilor anteriori de studii \u0219i atunci trebuie prev\u0103zute explicit);<\/li>\n<li>b) Dac\u0103 disciplina este din anii anteriori, la \u00eenceputul semestrului \u00een care se reface disciplina trebuie pl\u0103tit\u0103 <strong>taxa de refacere<\/strong> TD1, TD2 sau TD3, dup\u0103 caz; \u00een caz contrar, studentul nu se poate prezenta \u00een sesiune pentru refacere;<\/li>\n<li>c) <strong>Verificarea final\u0103 la o disciplin\u0103 care se reface este posibil\u0103 doar \u00een sesiunea de refaceri, \u00een ziua \u0219i \u00een sala afi\u0219ate la secretariat!<\/strong> Pentru evitarea suprapunerilor, fiecare examen de refacere are dou\u0103 date \u00een sesiunea de refaceri, \u00eens\u0103 uneori nici aceast\u0103 dublare nu rezolv\u0103 situa\u021bia suprapunerilor pentru unii studen\u021bi cu foarte multe discipline de ref\u0103cut; \u00een aceste cazuri, \u00een mod excep\u021bional se poate admite o a treia dat\u0103 de examen la o anumit\u0103 disciplin\u0103, prin cerere formulat\u0103 c\u0103tre decanat, cel mai t\u00e2rziu \u00een ultima zi de lucru dinaintea \u00eenceperii sesiunii de refaceri;<\/li>\n<li>d) <strong>Nu se pot reface mai mult de o disciplin\u0103 pe zi de sesiune<\/strong>;<\/li>\n<li>e) Pentru disciplinele din semestrul 1, sesiunea de refaceri la anii I, II \u0219i III este \u00een toamn\u0103 (28 august \u2013 10 septembrie 2017) \u0219i pentru anul IV \u00een var\u0103 (perioada 27 mai \u2013 9 iunie 2017); pentru studen\u021bii de anul IV care nu \u0219i-au ob\u021binut toate cele 240 PC-OO pentru absolvire \u00een sesiunea de refaceri din var\u0103, vor putea utiliza \u0219i sesiunea de refaceri de toamn\u0103.<\/li>\n<\/ol>\n<p>&nbsp;<\/p>\n<p>Referitor la <strong>m\u0103ririle de not\u0103<\/strong>, studen\u021bii sunt scuti\u021bi de plata taxelor, dar trebuie s\u0103 depun\u0103 o cerere la secretariat c\u0103tre Decanat cel mai t\u00e2rziu \u00een ultima zi de lucru dinaintea \u00eenceperii sesiunii de refaceri.<\/p>\n<p>&nbsp;<\/p>\n<p>&nbsp;<\/p>\n<p>Regulamentul prevede la Art. 24 c\u0103 num\u0103rul de discipline la care un student <u>poate solicita<\/u> examinarea \u00een vederea m\u0103ririi notei nu este limitat. Totu\u0219i, chiar dac\u0103 Regulamentul nu limiteaz\u0103 acest num\u0103r, <u>aprobarea de c\u0103tre Decanat a acestor solicit\u0103ri<\/u> de examinare pentru m\u0103riri de not\u0103 nu se poate face dec\u00e2t \u021bin\u00e2nd cont de urm\u0103toarele limit\u0103ri de ordin practic (care se aplic\u0103 \u0219i refacerilor):<\/p>\n<ol>\n<li>a) <strong>M\u0103rirea de not\u0103 la o disciplin\u0103 este posibil\u0103 doar \u00een sesiunea de refaceri, \u00een ziua \u0219i \u00een sala afi\u0219ate la secretariat!<\/strong> Pentru evitarea suprapunerilor, fiecare examen de refacere are dou\u0103 date \u00een sesiunea de refaceri, \u00eens\u0103 uneori nici aceast\u0103 dublare nu rezolv\u0103 situa\u021bia suprapunerilor pentru unii studen\u021bi cu foarte multe discipline de ref\u0103cut sau la care solicit\u0103 examinarea \u00een vederea m\u0103ririi de not\u0103; \u00een aceste cazuri, \u00een mod excep\u021bional se poate admite o a treia dat\u0103 de examen la o anumit\u0103 disciplin\u0103, prin cerere formulat\u0103 c\u0103tre decanat, cel mai t\u00e2rziu \u00een ultima zi de lucru dinaintea \u00eenceperii sesiunii de refaceri;<\/li>\n<li>d) <strong>Nu se pot examina \u00een vederea refacerii sau a m\u0103ririi de not\u0103 mai mult de o disciplin\u0103 pe zi de sesiune.<\/strong><\/li>\n<\/ol>\n<p>Men\u021bion\u0103m \u00een mod expres c\u0103 <strong>este interzis\u0103 orice examinare \u00een vederea refacerii sau a m\u0103ririi de not\u0103, aranjat\u0103 direct \u00eentre student \u0219i cadrul didactic!<\/strong> Toate examenele se dau numai \u00een sesiune, la data, ora \u0219i \u00een sala decise de Decanat \u0219i afi\u0219ate la avizier. Examenele sunt deschise unor eventuale opera\u021biuni de control din partea Rectoratului sau a Decanatului, trebuie s\u0103 se desf\u0103\u0219oare \u00een mod transparent, cu minimum dou\u0103 cadre didactice \u00een sal\u0103.<\/p>\n<p><a href=\"#_ftnref1\" name=\"_ftn1\">[1]<\/a> PC-OO = puncte credit la discipline obligatorii sau op\u021bionale, nu \u0219i la cele facultative<\/p>\n<p><a href=\"#_ftnref2\" name=\"_ftn2\">[2]<\/a> Condi\u021bia suplimentar\u0103 a fost abrogat\u0103 prin Decizia CF din 14 mai 2019 din motive logistice \u2013 condi\u021bia nu poate fi verificat\u0103 automat de software-ul UPB care realizeaz\u0103 func\u021bia de promovare a studen\u021bilor dintr-un an \u00een altul<\/p>\n<p><a href=\"https:\/\/inginerie.aero\/index.php\/ro\/2017\/09\/26\/regulile-fia1-si-fia2-la-promovarea-disciplinelor\/\">Regulile FIA de promovare a disciplinelor<\/a><\/p>\n<p><a href=\"https:\/\/inginerie.aero\/index.php\/ro\/2018\/01\/29\/aplicarea-corecta-regulamentului-privinta-evaluarilor-si-refacerilor\/\">Recomand\u0103ri \u0219i clarific\u0103ri privind evaluarea \u0219i refacerea disciplinelor<\/a><\/p>\n<p>&nbsp;<\/p>\n<p>[\/et_pb_text][et_pb_text background_layout=&#8221;light&#8221; use_border_color=&#8221;off&#8221; background_position=&#8221;top_left&#8221; background_repeat=&#8221;repeat&#8221; background_size=&#8221;initial&#8221; _builder_version=&#8221;3.0.92&#8243;]<\/p>\n<h4><strong>Taxe<\/strong><\/h4>\n<p>Taxele sunt stabilite anual de Senatul Universit\u0103\u021bii din Bucure\u0219ti. Aceste valori sunt valabile la momentul public\u0103rii.<\/p>\n<p>Taxa de refacerea unei discipline se pl\u0103te\u0219te la \u00eenceputul semestrului \u0219i este de<strong> 30 lei\/PC<\/strong> pentru studen\u021bii care au maximum 2 discipline restante, <strong>50 lei\/PC<\/strong> dac\u0103 au mai multe dar promoveaz\u0103 anul de studii (conform regulilor de mai sus) sau <strong>65 lei\/PC<\/strong> dac\u0103 repet\u0103 anul.<\/p>\n<p>Refacerile disciplinelor din semestrul \u00een care studen\u021bii au fost pleca\u021bi prin ERASMUS nu se pl\u0103tesc, \u00een limita a dou\u0103 discipline (regul\u0103 adoptat\u0103 \u00een BEF din 17 ian 2018).<\/p>\n<p>Taxa de \u0219colarizare integral\u0103 a unui an de studii este de<strong> 4.000 lei<\/strong> la licen\u021b\u0103 \u00een limba rom\u00e2n\u0103, <strong>4.500 lei<\/strong> \u00een limba englez\u0103, <strong>5.000 lei<\/strong> la masterat \u0219i <strong>8.000 lei<\/strong> la doctorat.<\/p>\n<p>Alte taxe pot fi consultate aici:\u00a0<a href=\"https:\/\/inginerie.aero\/wp-content\/uploads\/2017\/09\/2017.09.21-Senat-Taxe-UPB.pdf\" target=\"_blank\" rel=\"noopener noreferrer\">Taxe 2017-2018<\/a><\/p>\n<div id=\"page-container\" class=\"et-animated-content\">\n<div id=\"et-main-area\">\n<div id=\"main-content\">\n<article id=\"post-763\" class=\"post-763 page type-page status-publish hentry\">\n<div class=\"entry-content\">\n<div class=\"et_pb_section et_pb_section_1 et_section_specialty\">\n<div class=\"et_pb_row et_pb_row_3-4_1-4\">\n<div class=\"et_pb_column et_pb_column_3_4 et_pb_column_0 et_pb_specialty_column\">\n<div class=\" et_pb_row_inner et_pb_row_inner_0\">\n<div class=\"et_pb_column et_pb_column_4_4 et_pb_column_inner et_pb_column_inner_0\">\n<div class=\"et_pb_text et_pb_module et_pb_bg_layout_light et_pb_text_align_left et_pb_text_0\">\n<p><a href=\"http:\/\/www.upb.ro\/en\/tuition-fees.html\">Taxe de studii pentru studen\u021bi interna\u021bionali (\u00een englez\u0103)<\/a><\/p>\n<\/div>\n<\/div>\n<\/div>\n<\/div>\n<\/div>\n<\/div>\n<\/div>\n<\/article>\n<\/div>\n<\/div>\n<\/div>\n<p>&nbsp;<\/p>\n<p>[\/et_pb_text][et_pb_image src=&#8221;https:\/\/inginerie.aero\/wp-content\/uploads\/2017\/04\/p-hotel_ritz_lisboa2.jpg&#8221; show_in_lightbox=&#8221;off&#8221; url_new_window=&#8221;off&#8221; use_overlay=&#8221;off&#8221; animation=&#8221;left&#8221; sticky=&#8221;off&#8221; align=&#8221;left&#8221; force_fullwidth=&#8221;off&#8221; always_center_on_mobile=&#8221;on&#8221; use_border_color=&#8221;off&#8221; border_color=&#8221;#ffffff&#8221; border_style=&#8221;solid&#8221; animation_style=&#8221;slide&#8221; animation_duration=&#8221;500ms&#8221; animation_intensity_slide=&#8221;10%&#8221; animation_direction=&#8221;left&#8221; show_bottom_space=&#8221;on&#8221;]<\/p>\n<p>&nbsp;<\/p>\n<p>[\/et_pb_image][\/et_pb_column][\/et_pb_row][\/et_pb_section]<\/p>\n","protected":false},"excerpt":{"rendered":"<p>Conturile unde se pot pl\u0103ti taxele c\u0103tre UPB BRD RO97BRDE410SV98068754100 Toate taxele \u0219colare BCR RO69RNCB0723000506250269 Taxa de studii BCR RO77RNCB0723000506250319 Taxe de refaceri de discipline BCR RO42RNCB0723000506250270 Taxe de \u00eenscriere BCR RO50RNCB0723000506250320 Taxe de \u00eenmatriculare \u00cen contul BRD se pot pl\u0103ti toate tipurile de taxe. La BCR sunt conturi distincte pentru diferitele tipuri de pl\u0103\u021bi. [&hellip;]<\/p>\n","protected":false},"author":1,"featured_media":0,"parent":0,"menu_order":0,"comment_status":"closed","ping_status":"closed","template":"","meta":{"_et_pb_use_builder":"on","_et_pb_old_content":"<p>Promovare \u0219i Taxe<\/p>","_et_gb_content_width":"","jetpack_post_was_ever_published":false,"footnotes":"","_links_to":"","_links_to_target":""},"categories":[],"tags":[],"class_list":["post-1245","page","type-page","status-publish","hentry"],"yoast_head":"<!-- This site is optimized with the Yoast SEO plugin v24.3 - https:\/\/yoast.com\/wordpress\/plugins\/seo\/ -->\n<title>Promovare \u0219i Taxe - Alumni Politehnica Aerospace Engineering<\/title>\n<meta name=\"robots\" content=\"index, follow, max-snippet:-1, max-image-preview:large, max-video-preview:-1\" \/>\n<link rel=\"canonical\" href=\"https:\/\/inginerie.aero\/index.php\/ro\/promovare-si-taxe\/\" \/>\n<meta property=\"og:locale\" content=\"ro_RO\" \/>\n<meta property=\"og:type\" content=\"article\" \/>\n<meta property=\"og:title\" content=\"Promovare \u0219i Taxe - Alumni Politehnica Aerospace Engineering\" \/>\n<meta property=\"og:description\" content=\"Conturile unde se pot pl\u0103ti taxele c\u0103tre UPB BRD RO97BRDE410SV98068754100 Toate taxele \u0219colare BCR RO69RNCB0723000506250269 Taxa de studii BCR RO77RNCB0723000506250319 Taxe de refaceri de discipline BCR RO42RNCB0723000506250270 Taxe de \u00eenscriere BCR RO50RNCB0723000506250320 Taxe de \u00eenmatriculare \u00cen contul BRD se pot pl\u0103ti toate tipurile de taxe. La BCR sunt conturi distincte pentru diferitele tipuri de pl\u0103\u021bi. [&hellip;]\" \/>\n<meta property=\"og:url\" content=\"https:\/\/inginerie.aero\/index.php\/ro\/promovare-si-taxe\/\" \/>\n<meta property=\"og:site_name\" content=\"Alumni Politehnica Aerospace Engineering\" \/>\n<meta property=\"article:publisher\" content=\"https:\/\/www.facebook.com\/groups\/InginerieAerospatiala\/\" \/>\n<meta property=\"article:modified_time\" content=\"2020-03-31T10:50:02+00:00\" \/>\n<meta name=\"twitter:card\" content=\"summary_large_image\" \/>\n<meta name=\"twitter:label1\" content=\"Timp estimat pentru citire\" \/>\n\t<meta name=\"twitter:data1\" content=\"8 minute\" \/>\n<script type=\"application\/ld+json\" class=\"yoast-schema-graph\">{\"@context\":\"https:\/\/schema.org\",\"@graph\":[{\"@type\":\"WebPage\",\"@id\":\"https:\/\/inginerie.aero\/index.php\/ro\/promovare-si-taxe\/\",\"url\":\"https:\/\/inginerie.aero\/index.php\/ro\/promovare-si-taxe\/\",\"name\":\"Promovare \u0219i Taxe - Alumni Politehnica Aerospace Engineering\",\"isPartOf\":{\"@id\":\"https:\/\/inginerie.aero\/#website\"},\"datePublished\":\"2017-04-22T12:21:58+00:00\",\"dateModified\":\"2020-03-31T10:50:02+00:00\",\"breadcrumb\":{\"@id\":\"https:\/\/inginerie.aero\/index.php\/ro\/promovare-si-taxe\/#breadcrumb\"},\"inLanguage\":\"ro-RO\",\"potentialAction\":[{\"@type\":\"ReadAction\",\"target\":[\"https:\/\/inginerie.aero\/index.php\/ro\/promovare-si-taxe\/\"]}]},{\"@type\":\"BreadcrumbList\",\"@id\":\"https:\/\/inginerie.aero\/index.php\/ro\/promovare-si-taxe\/#breadcrumb\",\"itemListElement\":[{\"@type\":\"ListItem\",\"position\":1,\"name\":\"Acas\u0103\",\"item\":\"https:\/\/inginerie.aero\/index.php\/ro\/acasa\/\"},{\"@type\":\"ListItem\",\"position\":2,\"name\":\"Promovare \u0219i Taxe\"}]},{\"@type\":\"WebSite\",\"@id\":\"https:\/\/inginerie.aero\/#website\",\"url\":\"https:\/\/inginerie.aero\/\",\"name\":\"Facultatea de Inginerie Aerospatiala\",\"description\":\"Site-ul Asociatiei de Alumni ai Facultatii de Inginerie Aerospatiala din cadrul Universitatii POLITEHNICA Bucuresti\",\"publisher\":{\"@id\":\"https:\/\/inginerie.aero\/#organization\"},\"potentialAction\":[{\"@type\":\"SearchAction\",\"target\":{\"@type\":\"EntryPoint\",\"urlTemplate\":\"https:\/\/inginerie.aero\/?s={search_term_string}\"},\"query-input\":{\"@type\":\"PropertyValueSpecification\",\"valueRequired\":true,\"valueName\":\"search_term_string\"}}],\"inLanguage\":\"ro-RO\"},{\"@type\":\"Organization\",\"@id\":\"https:\/\/inginerie.aero\/#organization\",\"name\":\"University Politehnica of Bucharest Faculty of Aerospace Engineering\",\"url\":\"https:\/\/inginerie.aero\/\",\"logo\":{\"@type\":\"ImageObject\",\"inLanguage\":\"ro-RO\",\"@id\":\"https:\/\/inginerie.aero\/#\/schema\/logo\/image\/\",\"url\":\"https:\/\/inginerie.aero\/wp-content\/uploads\/2017\/03\/sigla1.png\",\"contentUrl\":\"https:\/\/inginerie.aero\/wp-content\/uploads\/2017\/03\/sigla1.png\",\"width\":734,\"height\":735,\"caption\":\"University Politehnica of Bucharest Faculty of Aerospace Engineering\"},\"image\":{\"@id\":\"https:\/\/inginerie.aero\/#\/schema\/logo\/image\/\"},\"sameAs\":[\"https:\/\/www.facebook.com\/groups\/InginerieAerospatiala\/\"]}]}<\/script>\n<!-- \/ Yoast SEO plugin. -->","yoast_head_json":{"title":"Promovare \u0219i Taxe - Alumni Politehnica Aerospace Engineering","robots":{"index":"index","follow":"follow","max-snippet":"max-snippet:-1","max-image-preview":"max-image-preview:large","max-video-preview":"max-video-preview:-1"},"canonical":"https:\/\/inginerie.aero\/index.php\/ro\/promovare-si-taxe\/","og_locale":"ro_RO","og_type":"article","og_title":"Promovare \u0219i Taxe - Alumni Politehnica Aerospace Engineering","og_description":"Conturile unde se pot pl\u0103ti taxele c\u0103tre UPB BRD RO97BRDE410SV98068754100 Toate taxele \u0219colare BCR RO69RNCB0723000506250269 Taxa de studii BCR RO77RNCB0723000506250319 Taxe de refaceri de discipline BCR RO42RNCB0723000506250270 Taxe de \u00eenscriere BCR RO50RNCB0723000506250320 Taxe de \u00eenmatriculare \u00cen contul BRD se pot pl\u0103ti toate tipurile de taxe. La BCR sunt conturi distincte pentru diferitele tipuri de pl\u0103\u021bi. [&hellip;]","og_url":"https:\/\/inginerie.aero\/index.php\/ro\/promovare-si-taxe\/","og_site_name":"Alumni Politehnica Aerospace Engineering","article_publisher":"https:\/\/www.facebook.com\/groups\/InginerieAerospatiala\/","article_modified_time":"2020-03-31T10:50:02+00:00","twitter_card":"summary_large_image","twitter_misc":{"Timp estimat pentru citire":"8 minute"},"schema":{"@context":"https:\/\/schema.org","@graph":[{"@type":"WebPage","@id":"https:\/\/inginerie.aero\/index.php\/ro\/promovare-si-taxe\/","url":"https:\/\/inginerie.aero\/index.php\/ro\/promovare-si-taxe\/","name":"Promovare \u0219i Taxe - Alumni Politehnica Aerospace Engineering","isPartOf":{"@id":"https:\/\/inginerie.aero\/#website"},"datePublished":"2017-04-22T12:21:58+00:00","dateModified":"2020-03-31T10:50:02+00:00","breadcrumb":{"@id":"https:\/\/inginerie.aero\/index.php\/ro\/promovare-si-taxe\/#breadcrumb"},"inLanguage":"ro-RO","potentialAction":[{"@type":"ReadAction","target":["https:\/\/inginerie.aero\/index.php\/ro\/promovare-si-taxe\/"]}]},{"@type":"BreadcrumbList","@id":"https:\/\/inginerie.aero\/index.php\/ro\/promovare-si-taxe\/#breadcrumb","itemListElement":[{"@type":"ListItem","position":1,"name":"Acas\u0103","item":"https:\/\/inginerie.aero\/index.php\/ro\/acasa\/"},{"@type":"ListItem","position":2,"name":"Promovare \u0219i Taxe"}]},{"@type":"WebSite","@id":"https:\/\/inginerie.aero\/#website","url":"https:\/\/inginerie.aero\/","name":"Facultatea de Inginerie Aerospatiala","description":"Site-ul Asociatiei de Alumni ai Facultatii de Inginerie Aerospatiala din cadrul Universitatii POLITEHNICA Bucuresti","publisher":{"@id":"https:\/\/inginerie.aero\/#organization"},"potentialAction":[{"@type":"SearchAction","target":{"@type":"EntryPoint","urlTemplate":"https:\/\/inginerie.aero\/?s={search_term_string}"},"query-input":{"@type":"PropertyValueSpecification","valueRequired":true,"valueName":"search_term_string"}}],"inLanguage":"ro-RO"},{"@type":"Organization","@id":"https:\/\/inginerie.aero\/#organization","name":"University Politehnica of Bucharest Faculty of Aerospace Engineering","url":"https:\/\/inginerie.aero\/","logo":{"@type":"ImageObject","inLanguage":"ro-RO","@id":"https:\/\/inginerie.aero\/#\/schema\/logo\/image\/","url":"https:\/\/inginerie.aero\/wp-content\/uploads\/2017\/03\/sigla1.png","contentUrl":"https:\/\/inginerie.aero\/wp-content\/uploads\/2017\/03\/sigla1.png","width":734,"height":735,"caption":"University Politehnica of Bucharest Faculty of Aerospace Engineering"},"image":{"@id":"https:\/\/inginerie.aero\/#\/schema\/logo\/image\/"},"sameAs":["https:\/\/www.facebook.com\/groups\/InginerieAerospatiala\/"]}]}},"jetpack_sharing_enabled":true,"jetpack_shortlink":"https:\/\/wp.me\/Pbbi8l-k5","_links":{"self":[{"href":"https:\/\/inginerie.aero\/index.php\/wp-json\/wp\/v2\/pages\/1245","targetHints":{"allow":["GET"]}}],"collection":[{"href":"https:\/\/inginerie.aero\/index.php\/wp-json\/wp\/v2\/pages"}],"about":[{"href":"https:\/\/inginerie.aero\/index.php\/wp-json\/wp\/v2\/types\/page"}],"author":[{"embeddable":true,"href":"https:\/\/inginerie.aero\/index.php\/wp-json\/wp\/v2\/users\/1"}],"replies":[{"embeddable":true,"href":"https:\/\/inginerie.aero\/index.php\/wp-json\/wp\/v2\/comments?post=1245"}],"version-history":[{"count":18,"href":"https:\/\/inginerie.aero\/index.php\/wp-json\/wp\/v2\/pages\/1245\/revisions"}],"predecessor-version":[{"id":24437,"href":"https:\/\/inginerie.aero\/index.php\/wp-json\/wp\/v2\/pages\/1245\/revisions\/24437"}],"wp:attachment":[{"href":"https:\/\/inginerie.aero\/index.php\/wp-json\/wp\/v2\/media?parent=1245"}],"wp:term":[{"taxonomy":"category","embeddable":true,"href":"https:\/\/inginerie.aero\/index.php\/wp-json\/wp\/v2\/categories?post=1245"},{"taxonomy":"post_tag","embeddable":true,"href":"https:\/\/inginerie.aero\/index.php\/wp-json\/wp\/v2\/tags?post=1245"}],"curies":[{"name":"wp","href":"https:\/\/api.w.org\/{rel}","templated":true}]}}