{"id":1252,"date":"2017-04-22T15:33:43","date_gmt":"2017-04-22T12:33:43","guid":{"rendered":"https:\/\/inginerie.aero\/?page_id=1252"},"modified":"2018-10-20T17:18:54","modified_gmt":"2018-10-20T14:18:54","slug":"alumni-3","status":"publish","type":"page","link":"https:\/\/inginerie.aero\/index.php\/ro\/alumni-3\/","title":{"rendered":"Alumni"},"content":{"rendered":"<p>[et_pb_section bb_built=&#8221;1&#8243; admin_label=&#8221;section&#8221;][et_pb_row admin_label=&#8221;row&#8221; background_position=&#8221;top_left&#8221; background_repeat=&#8221;repeat&#8221; background_size=&#8221;initial&#8221;][et_pb_column type=&#8221;4_4&#8243;][et_pb_text _builder_version=&#8221;3.0.92&#8243; background_layout=&#8221;light&#8221;]<\/p>\n<h4><a href=\"https:\/\/inginerie.aero\/index.php\/ro\/promotiile-invatamantului-superior-de-aviatie\/\" target=\"_blank\" rel=\"noopener\">Asocia\u021bia Alumni Politehnica Aerospace Engineering<\/a><\/h4>\n<p>[\/et_pb_text][et_pb_image _builder_version=&#8221;3.0.92&#8243; src=&#8221;https:\/\/inginerie.aero\/wp-content\/uploads\/2017\/12\/Generic1lores.jpg&#8221; show_in_lightbox=&#8221;off&#8221; url_new_window=&#8221;off&#8221; use_overlay=&#8221;off&#8221; always_center_on_mobile=&#8221;on&#8221; force_fullwidth=&#8221;off&#8221; show_bottom_space=&#8221;on&#8221; url=&#8221;https:\/\/inginerie.aero\/index.php\/ro\/promotiile-invatamantului-superior-de-aviatie\/&#8221; \/][et_pb_text _builder_version=&#8221;3.0.92&#8243; background_layout=&#8221;light&#8221;]<\/p>\n<p>Invit\u0103m pe to\u021bi absolven\u021bii no\u0219tri din ciclurile de ingineri, licen\u021b\u0103, master, studii aprofundate \u0219i doctorat din toate promo\u021biile s\u0103 se \u00eenscrie \u00een\u00a0<a href=\"https:\/\/inginerie.aero\/index.php\/ro\/promotiile-invatamantului-superior-de-aviatie\/\">Asocia\u021bia Alumni Politehnica Aerospace Engineering<\/a>.<\/p>\n<p>Facultatea de Inginerie Aerospa\u021bial\u0103 a Universit\u0103\u021bii Politehnica din Bucure\u0219ti a dat avia\u021biei rom\u00e2ne\u0219ti \u0219i mondiale o galerie impresionant\u0103 de profesioni\u0219ti de-a lungul celor aproape 90 de ani de func\u021bionare. Aceast\u0103 galerie se deschide cu\u00a0Alexandru \u201dDudu\u201d Frim, din promo\u021bia 1930 (foto sus, \u00een avion). El a func\u021bionat ca inginer pilot de \u00eencercare la IAR Bra\u0219ov. De\u0219i nu era pilot militar, are o victorie aerian\u0103 \u00eempotriva unui bombardier B-17 \u00een cadrul opera\u021biunii Tidal Wave. A fost polisportiv, c\u00e2\u015ftig\u00e2nd \u00een 1934 Campionatul Mondial de Bob pentru dou\u0103 persoane, organizat la Engelberg, \u00een Elve\u0163ia, av\u00e2ndu-l coechipier pe Vasile Dumitrescu. Pe 19 iulie 1939 a c\u00e2\u015ftigat Cupa Aeroclubului Bra\u015fov, impun\u00e2ndu-se \u015fi \u00een Marele Premiu al Avia\u0163iei ca pilot de acroba\u021bie aerian\u0103.<\/p>\n<p>Sper\u0103m ca facultatea s\u0103 continue tradi\u021bia glorioas\u0103 care a \u00eenceput cu Alexandru Frim, continu\u00e2nd s\u0103 preg\u0103teasc\u0103 tinerii de ast\u0103zi la nivelul exigen\u021belor aeronauticii \u0219i ale astronauticii viitorului.<\/p>\n<p>[\/et_pb_text][et_pb_divider _builder_version=&#8221;3.0.92&#8243; \/][et_pb_blog fullwidth=&#8221;off&#8221; include_categories=&#8221;120&#8243; show_thumbnail=&#8221;on&#8221; show_content=&#8221;off&#8221; show_more=&#8221;off&#8221; show_author=&#8221;on&#8221; show_date=&#8221;on&#8221; show_categories=&#8221;on&#8221; show_comments=&#8221;on&#8221; show_pagination=&#8221;on&#8221; offset_number=&#8221;0&#8243; use_overlay=&#8221;off&#8221; background_layout=&#8221;light&#8221; use_dropshadow=&#8221;off&#8221; use_border_color=&#8221;off&#8221; border_color=&#8221;#ffffff&#8221; posts_number=&#8221;30&#8243; border_style=&#8221;solid&#8221; \/][\/et_pb_column][et_pb_column type=&#8221;4_4&#8243;][\/et_pb_column][\/et_pb_row][\/et_pb_section]<\/p>\n","protected":false},"excerpt":{"rendered":"<p>Asocia\u021bia Alumni Politehnica Aerospace Engineering Invit\u0103m pe to\u021bi absolven\u021bii no\u0219tri din ciclurile de ingineri, licen\u021b\u0103, master, studii aprofundate \u0219i doctorat din toate promo\u021biile s\u0103 se \u00eenscrie \u00een\u00a0Asocia\u021bia Alumni Politehnica Aerospace Engineering. Facultatea de Inginerie Aerospa\u021bial\u0103 a Universit\u0103\u021bii Politehnica din Bucure\u0219ti a dat avia\u021biei rom\u00e2ne\u0219ti \u0219i mondiale o galerie impresionant\u0103 de profesioni\u0219ti de-a lungul celor aproape [&hellip;]<\/p>\n","protected":false},"author":1,"featured_media":0,"parent":0,"menu_order":0,"comment_status":"closed","ping_status":"closed","template":"","meta":{"_et_pb_use_builder":"on","_et_pb_old_content":"<p>Alumni<\/p>","_et_gb_content_width":"","jetpack_post_was_ever_published":false,"footnotes":"","_links_to":"","_links_to_target":""},"categories":[120],"tags":[],"class_list":["post-1252","page","type-page","status-publish","hentry","category-alumni_3"],"yoast_head":"<!-- This site is optimized with the Yoast SEO plugin v24.3 - https:\/\/yoast.com\/wordpress\/plugins\/seo\/ -->\n<title>Alumni - Alumni Politehnica Aerospace Engineering<\/title>\n<meta name=\"robots\" content=\"index, follow, max-snippet:-1, max-image-preview:large, max-video-preview:-1\" \/>\n<link rel=\"canonical\" href=\"https:\/\/inginerie.aero\/index.php\/ro\/alumni-3\/\" \/>\n<meta property=\"og:locale\" content=\"ro_RO\" \/>\n<meta property=\"og:type\" content=\"article\" \/>\n<meta property=\"og:title\" content=\"Alumni - Alumni Politehnica Aerospace Engineering\" \/>\n<meta property=\"og:description\" content=\"Asocia\u021bia Alumni Politehnica Aerospace Engineering Invit\u0103m pe to\u021bi absolven\u021bii no\u0219tri din ciclurile de ingineri, licen\u021b\u0103, master, studii aprofundate \u0219i doctorat din toate promo\u021biile s\u0103 se \u00eenscrie \u00een\u00a0Asocia\u021bia Alumni Politehnica Aerospace Engineering. Facultatea de Inginerie Aerospa\u021bial\u0103 a Universit\u0103\u021bii Politehnica din Bucure\u0219ti a dat avia\u021biei rom\u00e2ne\u0219ti \u0219i mondiale o galerie impresionant\u0103 de profesioni\u0219ti de-a lungul celor aproape [&hellip;]\" \/>\n<meta property=\"og:url\" content=\"https:\/\/inginerie.aero\/index.php\/ro\/alumni-3\/\" \/>\n<meta property=\"og:site_name\" content=\"Alumni Politehnica Aerospace Engineering\" \/>\n<meta property=\"article:publisher\" content=\"https:\/\/www.facebook.com\/groups\/InginerieAerospatiala\/\" \/>\n<meta property=\"article:modified_time\" content=\"2018-10-20T14:18:54+00:00\" \/>\n<meta name=\"twitter:card\" content=\"summary_large_image\" \/>\n<meta name=\"twitter:label1\" content=\"Timp estimat pentru citire\" \/>\n\t<meta name=\"twitter:data1\" content=\"2 minute\" \/>\n<script type=\"application\/ld+json\" class=\"yoast-schema-graph\">{\"@context\":\"https:\/\/schema.org\",\"@graph\":[{\"@type\":\"WebPage\",\"@id\":\"https:\/\/inginerie.aero\/index.php\/ro\/alumni-3\/\",\"url\":\"https:\/\/inginerie.aero\/index.php\/ro\/alumni-3\/\",\"name\":\"Alumni - Alumni Politehnica Aerospace Engineering\",\"isPartOf\":{\"@id\":\"https:\/\/inginerie.aero\/#website\"},\"datePublished\":\"2017-04-22T12:33:43+00:00\",\"dateModified\":\"2018-10-20T14:18:54+00:00\",\"breadcrumb\":{\"@id\":\"https:\/\/inginerie.aero\/index.php\/ro\/alumni-3\/#breadcrumb\"},\"inLanguage\":\"ro-RO\",\"potentialAction\":[{\"@type\":\"ReadAction\",\"target\":[\"https:\/\/inginerie.aero\/index.php\/ro\/alumni-3\/\"]}]},{\"@type\":\"BreadcrumbList\",\"@id\":\"https:\/\/inginerie.aero\/index.php\/ro\/alumni-3\/#breadcrumb\",\"itemListElement\":[{\"@type\":\"ListItem\",\"position\":1,\"name\":\"Acas\u0103\",\"item\":\"https:\/\/inginerie.aero\/index.php\/ro\/acasa\/\"},{\"@type\":\"ListItem\",\"position\":2,\"name\":\"Alumni\"}]},{\"@type\":\"WebSite\",\"@id\":\"https:\/\/inginerie.aero\/#website\",\"url\":\"https:\/\/inginerie.aero\/\",\"name\":\"Facultatea de Inginerie Aerospatiala\",\"description\":\"Site-ul Asociatiei de Alumni ai Facultatii de Inginerie Aerospatiala din cadrul Universitatii POLITEHNICA Bucuresti\",\"publisher\":{\"@id\":\"https:\/\/inginerie.aero\/#organization\"},\"potentialAction\":[{\"@type\":\"SearchAction\",\"target\":{\"@type\":\"EntryPoint\",\"urlTemplate\":\"https:\/\/inginerie.aero\/?s={search_term_string}\"},\"query-input\":{\"@type\":\"PropertyValueSpecification\",\"valueRequired\":true,\"valueName\":\"search_term_string\"}}],\"inLanguage\":\"ro-RO\"},{\"@type\":\"Organization\",\"@id\":\"https:\/\/inginerie.aero\/#organization\",\"name\":\"University Politehnica of Bucharest Faculty of Aerospace Engineering\",\"url\":\"https:\/\/inginerie.aero\/\",\"logo\":{\"@type\":\"ImageObject\",\"inLanguage\":\"ro-RO\",\"@id\":\"https:\/\/inginerie.aero\/#\/schema\/logo\/image\/\",\"url\":\"https:\/\/inginerie.aero\/wp-content\/uploads\/2017\/03\/sigla1.png\",\"contentUrl\":\"https:\/\/inginerie.aero\/wp-content\/uploads\/2017\/03\/sigla1.png\",\"width\":734,\"height\":735,\"caption\":\"University Politehnica of Bucharest Faculty of Aerospace Engineering\"},\"image\":{\"@id\":\"https:\/\/inginerie.aero\/#\/schema\/logo\/image\/\"},\"sameAs\":[\"https:\/\/www.facebook.com\/groups\/InginerieAerospatiala\/\"]}]}<\/script>\n<!-- \/ Yoast SEO plugin. -->","yoast_head_json":{"title":"Alumni - Alumni Politehnica Aerospace Engineering","robots":{"index":"index","follow":"follow","max-snippet":"max-snippet:-1","max-image-preview":"max-image-preview:large","max-video-preview":"max-video-preview:-1"},"canonical":"https:\/\/inginerie.aero\/index.php\/ro\/alumni-3\/","og_locale":"ro_RO","og_type":"article","og_title":"Alumni - Alumni Politehnica Aerospace Engineering","og_description":"Asocia\u021bia Alumni Politehnica Aerospace Engineering Invit\u0103m pe to\u021bi absolven\u021bii no\u0219tri din ciclurile de ingineri, licen\u021b\u0103, master, studii aprofundate \u0219i doctorat din toate promo\u021biile s\u0103 se \u00eenscrie \u00een\u00a0Asocia\u021bia Alumni Politehnica Aerospace Engineering. Facultatea de Inginerie Aerospa\u021bial\u0103 a Universit\u0103\u021bii Politehnica din Bucure\u0219ti a dat avia\u021biei rom\u00e2ne\u0219ti \u0219i mondiale o galerie impresionant\u0103 de profesioni\u0219ti de-a lungul celor aproape [&hellip;]","og_url":"https:\/\/inginerie.aero\/index.php\/ro\/alumni-3\/","og_site_name":"Alumni Politehnica Aerospace Engineering","article_publisher":"https:\/\/www.facebook.com\/groups\/InginerieAerospatiala\/","article_modified_time":"2018-10-20T14:18:54+00:00","twitter_card":"summary_large_image","twitter_misc":{"Timp estimat pentru citire":"2 minute"},"schema":{"@context":"https:\/\/schema.org","@graph":[{"@type":"WebPage","@id":"https:\/\/inginerie.aero\/index.php\/ro\/alumni-3\/","url":"https:\/\/inginerie.aero\/index.php\/ro\/alumni-3\/","name":"Alumni - Alumni Politehnica Aerospace Engineering","isPartOf":{"@id":"https:\/\/inginerie.aero\/#website"},"datePublished":"2017-04-22T12:33:43+00:00","dateModified":"2018-10-20T14:18:54+00:00","breadcrumb":{"@id":"https:\/\/inginerie.aero\/index.php\/ro\/alumni-3\/#breadcrumb"},"inLanguage":"ro-RO","potentialAction":[{"@type":"ReadAction","target":["https:\/\/inginerie.aero\/index.php\/ro\/alumni-3\/"]}]},{"@type":"BreadcrumbList","@id":"https:\/\/inginerie.aero\/index.php\/ro\/alumni-3\/#breadcrumb","itemListElement":[{"@type":"ListItem","position":1,"name":"Acas\u0103","item":"https:\/\/inginerie.aero\/index.php\/ro\/acasa\/"},{"@type":"ListItem","position":2,"name":"Alumni"}]},{"@type":"WebSite","@id":"https:\/\/inginerie.aero\/#website","url":"https:\/\/inginerie.aero\/","name":"Facultatea de Inginerie Aerospatiala","description":"Site-ul Asociatiei de Alumni ai Facultatii de Inginerie Aerospatiala din cadrul Universitatii POLITEHNICA Bucuresti","publisher":{"@id":"https:\/\/inginerie.aero\/#organization"},"potentialAction":[{"@type":"SearchAction","target":{"@type":"EntryPoint","urlTemplate":"https:\/\/inginerie.aero\/?s={search_term_string}"},"query-input":{"@type":"PropertyValueSpecification","valueRequired":true,"valueName":"search_term_string"}}],"inLanguage":"ro-RO"},{"@type":"Organization","@id":"https:\/\/inginerie.aero\/#organization","name":"University Politehnica of Bucharest Faculty of Aerospace Engineering","url":"https:\/\/inginerie.aero\/","logo":{"@type":"ImageObject","inLanguage":"ro-RO","@id":"https:\/\/inginerie.aero\/#\/schema\/logo\/image\/","url":"https:\/\/inginerie.aero\/wp-content\/uploads\/2017\/03\/sigla1.png","contentUrl":"https:\/\/inginerie.aero\/wp-content\/uploads\/2017\/03\/sigla1.png","width":734,"height":735,"caption":"University Politehnica of Bucharest Faculty of Aerospace Engineering"},"image":{"@id":"https:\/\/inginerie.aero\/#\/schema\/logo\/image\/"},"sameAs":["https:\/\/www.facebook.com\/groups\/InginerieAerospatiala\/"]}]}},"jetpack_sharing_enabled":true,"jetpack_shortlink":"https:\/\/wp.me\/Pbbi8l-kc","_links":{"self":[{"href":"https:\/\/inginerie.aero\/index.php\/wp-json\/wp\/v2\/pages\/1252","targetHints":{"allow":["GET"]}}],"collection":[{"href":"https:\/\/inginerie.aero\/index.php\/wp-json\/wp\/v2\/pages"}],"about":[{"href":"https:\/\/inginerie.aero\/index.php\/wp-json\/wp\/v2\/types\/page"}],"author":[{"embeddable":true,"href":"https:\/\/inginerie.aero\/index.php\/wp-json\/wp\/v2\/users\/1"}],"replies":[{"embeddable":true,"href":"https:\/\/inginerie.aero\/index.php\/wp-json\/wp\/v2\/comments?post=1252"}],"version-history":[{"count":24,"href":"https:\/\/inginerie.aero\/index.php\/wp-json\/wp\/v2\/pages\/1252\/revisions"}],"predecessor-version":[{"id":14111,"href":"https:\/\/inginerie.aero\/index.php\/wp-json\/wp\/v2\/pages\/1252\/revisions\/14111"}],"wp:attachment":[{"href":"https:\/\/inginerie.aero\/index.php\/wp-json\/wp\/v2\/media?parent=1252"}],"wp:term":[{"taxonomy":"category","embeddable":true,"href":"https:\/\/inginerie.aero\/index.php\/wp-json\/wp\/v2\/categories?post=1252"},{"taxonomy":"post_tag","embeddable":true,"href":"https:\/\/inginerie.aero\/index.php\/wp-json\/wp\/v2\/tags?post=1252"}],"curies":[{"name":"wp","href":"https:\/\/api.w.org\/{rel}","templated":true}]}}