{"id":1261,"date":"2017-04-22T15:37:20","date_gmt":"2017-04-22T12:37:20","guid":{"rendered":"https:\/\/inginerie.aero\/?page_id=1261"},"modified":"2021-01-31T12:07:59","modified_gmt":"2021-01-31T10:07:59","slug":"organizatii","status":"publish","type":"page","link":"https:\/\/inginerie.aero\/index.php\/ro\/organizatii\/","title":{"rendered":"Organiza\u021bii"},"content":{"rendered":"<p>[et_pb_section bb_built=&#8221;1&#8243;][et_pb_row][et_pb_column type=&#8221;4_4&#8243;][et_pb_text admin_label=&#8221;Euroavia Bucuresti&#8221; _builder_version=&#8221;3.0.92&#8243; background_layout=&#8221;light&#8221;]<\/p>\n<p><a href=\"http:\/\/euroavia-bucuresti.ro\/\" target=\"_blank\" rel=\"noopener\">EUROAVIA Bucure\u0219ti<\/a> &#8211; Asocia\u021bia European\u0103 a Studen\u021bilor de Inginerie Aerospa\u021bial\u0103 EUROAVIA a fost fondat\u0103 \u00een 1969 de un grup de studen\u021bi la TU Delft \u0219i s-a extins \u00een Europa. Filiala Bucure\u0219ti a fost fondat\u0103 \u00een 1992 de un grup de studen\u021bi din Facultatea de Inginerie Aerospa\u021bial\u0103 UPB sub leadership-ul lui Radu Cioponea, pe atunci student la Instala\u021bii \u0219i Aparate de Bord. Ast\u0103zi Radu este expert al EUROCONTROL la Bruxelles \u0219i este implicat \u00een \u00eendrumarea studen\u021bilor \u0219i \u00een practica studen\u021bilor la EUROCONTROL.<\/p>\n<div id=\"attachment_1089\" style=\"width: 210px\" class=\"wp-caption alignnone\"><a href=\"http:\/\/euroavia-bucuresti.ro\/\" target=\"_blank\" rel=\"noopener\"><img loading=\"lazy\" decoding=\"async\" aria-describedby=\"caption-attachment-1089\" class=\"wp-image-1089 size-medium\" src=\"https:\/\/inginerie.aero\/wp-content\/uploads\/2017\/02\/RaduCioponea-200x300.jpg\" alt=\"\" width=\"200\" height=\"300\" srcset=\"https:\/\/inginerie.aero\/wp-content\/uploads\/2017\/02\/RaduCioponea-200x300.jpg 200w, https:\/\/inginerie.aero\/wp-content\/uploads\/2017\/02\/RaduCioponea-768x1152.jpg 768w, https:\/\/inginerie.aero\/wp-content\/uploads\/2017\/02\/RaduCioponea-683x1024.jpg 683w, https:\/\/inginerie.aero\/wp-content\/uploads\/2017\/02\/RaduCioponea-610x915.jpg 610w, https:\/\/inginerie.aero\/wp-content\/uploads\/2017\/02\/RaduCioponea-1080x1620.jpg 1080w\" sizes=\"(max-width: 200px) 100vw, 200px\" \/><\/a><p id=\"caption-attachment-1089\" class=\"wp-caption-text\">Radu Cioponea at Air Navigation Convention 2010<\/p><\/div>\n<p>De la \u00eenceput, EUROAVIA Bucure\u0219ti s-a implicat \u00een atragerea de resurse pentru facultate. \u00cen 1992 membrii asocia\u021biei au ob\u021binut o re\u021bea de calculatoare abandonat\u0103 la Institutul de Fizic\u0103 de la M\u0103gurele din lipsa sistemului de operare \u0219i au echipat un laborator \u00een Polizu. Studen\u021bii \u0219i profesorii \u0219i-au unit eforturile \u0219i au reu\u0219it s\u0103 pun\u0103 re\u021beaua \u00een func\u021biune, cu aportul decisiv al studentului Paul Chi\u021bescu, un talent \u00eenn\u0103scut \u00een calculatoare. Ast\u0103zi Paul este un cercet\u0103tor de elit\u0103 la ICPE Research Institute, Bucure\u0219ti. Afilierea la EUROAVIA a studen\u021bilor no\u0219tri \u00eenc\u0103 din 1992 este \u0219i o afirmare a voca\u021biei europene. Rom\u00e2nia a devenit membr\u0103 a UE \u00een 2007, dar exist\u0103 o anterioritate care demonstreaz\u0103\u00a0 aceast\u0103 voca\u021bie \u00een avia\u021bie: Rom\u00e2nia a aderat la EUROCONTROL \u00eenc\u0103 din 1996. Totu\u0219i \u00eenfiin\u021barea EUROAVIA Bucure\u0219ti 1992 este probabil primul astfel de semnal transmis de tinerii viitori ingineri aerospa\u021biali.<\/p>\n<p>\u00cen perioada anilor 2000 organiza\u021bia a trecut printr-o perioad\u0103 de obscuritate, ca \u0219i facultatea. \u00cen 2007, studentul Iulian Juhasz a avut ini\u021biativa rena\u0219terii organiza\u021biei \u0219i a readus-o \u00een prim plan, relu\u00e2nd activitatea interna\u021bional\u0103, dar \u0219i cu angajatorii din \u021bar\u0103. Iulian a creat atelierul Rocket Workshop, care ast\u0103zi atrage studen\u021bii UPB an de an \u00eentr-o competi\u021bie tehnologic\u0103 de prestigiu. Ast\u0103zi Iulian Juhasz este un specialist de v\u00e2rf al industriei spa\u021biale, angajat al prestigioasei companii de tehnologie spa\u021bial\u0103 GMV.<\/p>\n<div id=\"attachment_25467\" style=\"width: 310px\" class=\"wp-caption alignnone\"><img loading=\"lazy\" decoding=\"async\" aria-describedby=\"caption-attachment-25467\" class=\"wp-image-25467 size-medium\" src=\"https:\/\/inginerie.aero\/wp-content\/uploads\/2021\/01\/13559089_10154386529120513_6895206718468951854_o-300x300.jpg\" alt=\"\" width=\"300\" height=\"300\" srcset=\"https:\/\/inginerie.aero\/wp-content\/uploads\/2021\/01\/13559089_10154386529120513_6895206718468951854_o-300x300.jpg 300w, https:\/\/inginerie.aero\/wp-content\/uploads\/2021\/01\/13559089_10154386529120513_6895206718468951854_o-1024x1024.jpg 1024w, https:\/\/inginerie.aero\/wp-content\/uploads\/2021\/01\/13559089_10154386529120513_6895206718468951854_o-150x150.jpg 150w, https:\/\/inginerie.aero\/wp-content\/uploads\/2021\/01\/13559089_10154386529120513_6895206718468951854_o-768x768.jpg 768w, https:\/\/inginerie.aero\/wp-content\/uploads\/2021\/01\/13559089_10154386529120513_6895206718468951854_o-610x610.jpg 610w, https:\/\/inginerie.aero\/wp-content\/uploads\/2021\/01\/13559089_10154386529120513_6895206718468951854_o.jpg 1074w\" sizes=\"(max-width: 300px) 100vw, 300px\" \/><p id=\"caption-attachment-25467\" class=\"wp-caption-text\">Iulian Juhasz<\/p><\/div>\n<p>\u00cen 2011 o student\u0103 a Facult\u0103\u021bii de Inginerie Aerospa\u021bial\u0103 UPB a devenit pre\u0219edinta asocia\u021biei. Jacqueline Chindea a fost aleas\u0103 \u00een EUROAVIA International Board \u0219i apoi lider al organiza\u021biei europene. Dup\u0103 un masterat la TU Delft, Jacqueline Chindea lucreaz\u0103 ast\u0103zi \u00een \u021a\u0103rile de Jos, la corpora\u021bia Shell.<\/p>\n<div id=\"attachment_1087\" style=\"width: 222px\" class=\"wp-caption alignnone\"><img loading=\"lazy\" decoding=\"async\" aria-describedby=\"caption-attachment-1087\" class=\"wp-image-1087 size-medium\" src=\"https:\/\/inginerie.aero\/wp-content\/uploads\/2017\/02\/jacqueline-212x300.jpg\" alt=\"\" width=\"212\" height=\"300\" srcset=\"https:\/\/inginerie.aero\/wp-content\/uploads\/2017\/02\/jacqueline-212x300.jpg 212w, https:\/\/inginerie.aero\/wp-content\/uploads\/2017\/02\/jacqueline-768x1086.jpg 768w, https:\/\/inginerie.aero\/wp-content\/uploads\/2017\/02\/jacqueline-724x1024.jpg 724w, https:\/\/inginerie.aero\/wp-content\/uploads\/2017\/02\/jacqueline-610x863.jpg 610w, https:\/\/inginerie.aero\/wp-content\/uploads\/2017\/02\/jacqueline-1080x1527.jpg 1080w\" sizes=\"(max-width: 212px) 100vw, 212px\" \/><p id=\"caption-attachment-1087\" class=\"wp-caption-text\">Jacqueline Chindea at Air Navigation Convention 2010 speaking on behalf of the first series of Air Navigation students of UPB Faculty of Aerospace Engineering<\/p><\/div>\n<p>Activitatea EUROAVIA Bucure\u0219ti ast\u0103zi este esen\u021bial\u0103 pentru studen\u021bii facult\u0103\u021bii, extinz\u00e2ndu-\u0219i statutul de la activit\u0103\u021bi profesionale la reprezentarea intereselor studen\u021bilor \u00een raport cu universitatea \u0219i \u00een raport cu industria. EUROAVIA Bucure\u0219ti s-a implicat \u00een organizarea unor activit\u0103\u021bi importante, cum ar fi Rocket Workshop, Practica de Zbor 2017, AeroCONSULT, Air Navigation Convention, simularea admiterii 2019, participarea la BIAS 2017 \u0219i 2018 etc. Conduc\u0103torii EUROAVIA Bucure\u0219ti de ast\u0103zi promit s\u0103 fie lideri de m\u00e2ine ai industriei aerospa\u021biale, nu numai din Rom\u00e2nia, dar chiar pe plan interna\u021bional, urm\u00e2nd pa\u0219ii predecesorilor lor. EUROAVIA Bucure\u0219ti este un laborator de leadership \u0219i de lucru \u00een echip\u0103, fiind ast\u0103zi condus de studen\u021bi ca o corpora\u021bie. Proiectele lor sunt organizate cu mult profesionalism \u0219i au un rol motiva\u021bional important, atr\u0103g\u00e2nd tineri c\u0103tre o carier\u0103 \u00een avia\u021bie sau astronautic\u0103.<\/p>\n<div id=\"attachment_5205\" style=\"width: 310px\" class=\"wp-caption alignnone\"><img loading=\"lazy\" decoding=\"async\" aria-describedby=\"caption-attachment-5205\" class=\"wp-image-5205 size-medium\" src=\"https:\/\/inginerie.aero\/wp-content\/uploads\/2017\/08\/21077229_1405179999595146_576837845129466071_n-300x225.jpg\" alt=\"\" width=\"300\" height=\"225\" srcset=\"https:\/\/inginerie.aero\/wp-content\/uploads\/2017\/08\/21077229_1405179999595146_576837845129466071_n-300x225.jpg 300w, https:\/\/inginerie.aero\/wp-content\/uploads\/2017\/08\/21077229_1405179999595146_576837845129466071_n-768x576.jpg 768w, https:\/\/inginerie.aero\/wp-content\/uploads\/2017\/08\/21077229_1405179999595146_576837845129466071_n-510x382.jpg 510w, https:\/\/inginerie.aero\/wp-content\/uploads\/2017\/08\/21077229_1405179999595146_576837845129466071_n-610x458.jpg 610w, https:\/\/inginerie.aero\/wp-content\/uploads\/2017\/08\/21077229_1405179999595146_576837845129466071_n.jpg 960w\" sizes=\"(max-width: 300px) 100vw, 300px\" \/><p id=\"caption-attachment-5205\" class=\"wp-caption-text\">Flying Practice of the UPB Faculty of Aerospace Engineering 2017 organized by EUROAVIA Bucharest &#8211; President Rares Bisag (right, front)<\/p><\/div>\n<p>&nbsp;<\/p>\n<div style=\"width: 1034px\" class=\"wp-caption alignnone\"><img loading=\"lazy\" decoding=\"async\" src=\"https:\/\/inginerie.aero\/wp-content\/uploads\/2019\/06\/1EV_0154_1EV_9822-e1561489718674.jpg\" alt=\"\" width=\"1024\" height=\"498\" \/><p class=\"wp-caption-text\">AeroCONSULT 2017 organized exclusively by EUROAVIA Bucharest students<\/p><\/div>\n<p>&nbsp;<\/p>\n<p>[\/et_pb_text][\/et_pb_column][\/et_pb_row][\/et_pb_section]<\/p>\n","protected":false},"excerpt":{"rendered":"<p><div class=\"et_pb_row et_pb_row_0 et_pb_row_empty\">\n\t\t\t\t\n\t\t\t\t\n\t\t\t\t\n\t\t\t\t\n\t\t\t\t\n\t\t\t<\/div> EUROAVIA Bucure\u0219ti &#8211; Asocia\u021bia European\u0103 a Studen\u021bilor de Inginerie Aerospa\u021bial\u0103 EUROAVIA a fost fondat\u0103 \u00een 1969 de un grup de studen\u021bi la TU Delft \u0219i s-a extins \u00een Europa. Filiala Bucure\u0219ti a fost fondat\u0103 \u00een 1992 de un grup de studen\u021bi din Facultatea de Inginerie Aerospa\u021bial\u0103 UPB sub leadership-ul lui Radu Cioponea, pe atunci [&hellip;]<\/p>\n","protected":false},"author":1,"featured_media":0,"parent":0,"menu_order":0,"comment_status":"closed","ping_status":"closed","template":"","meta":{"_et_pb_use_builder":"on","_et_pb_old_content":"<p>\u00cen Facultatea de Inginerie Aerospa\u021bial\u0103 activeaz\u0103 urm\u0103toarele organiza\u021bii ale studen\u021bilor:<\/p><p><a href=\"http:\/\/euroavia-bucuresti.ro\/\">EUROAVIA\u00a0Bucure\u0219ti<\/a> - Asocia\u021bia European\u0103 a Studen\u021bilor de Inginerie Aerospa\u021bial\u0103 (fondat\u0103 1969), filiala Bucure\u0219ti (fondat\u0103 \u00een 1991)<\/p><p>\u00a0<\/p><p>\u00a0<\/p>","_et_gb_content_width":"","jetpack_post_was_ever_published":false,"footnotes":"","_links_to":"","_links_to_target":""},"categories":[],"tags":[],"class_list":["post-1261","page","type-page","status-publish","hentry"],"yoast_head":"<!-- This site is optimized with the Yoast SEO plugin v24.3 - https:\/\/yoast.com\/wordpress\/plugins\/seo\/ -->\n<title>Organiza\u021bii - Alumni Politehnica Aerospace Engineering<\/title>\n<meta name=\"robots\" content=\"index, follow, max-snippet:-1, max-image-preview:large, max-video-preview:-1\" \/>\n<link rel=\"canonical\" href=\"https:\/\/inginerie.aero\/index.php\/ro\/organizatii\/\" \/>\n<meta property=\"og:locale\" content=\"ro_RO\" \/>\n<meta property=\"og:type\" content=\"article\" \/>\n<meta property=\"og:title\" content=\"Organiza\u021bii - Alumni Politehnica Aerospace Engineering\" \/>\n<meta property=\"og:description\" content=\"EUROAVIA Bucure\u0219ti - Asocia\u021bia European\u0103 a Studen\u021bilor de Inginerie Aerospa\u021bial\u0103 EUROAVIA a fost fondat\u0103 \u00een 1969 de un grup de studen\u021bi la TU Delft \u0219i s-a extins \u00een Europa. Filiala Bucure\u0219ti a fost fondat\u0103 \u00een 1992 de un grup de studen\u021bi din Facultatea de Inginerie Aerospa\u021bial\u0103 UPB sub leadership-ul lui Radu Cioponea, pe atunci [&hellip;]\" \/>\n<meta property=\"og:url\" content=\"https:\/\/inginerie.aero\/index.php\/ro\/organizatii\/\" \/>\n<meta property=\"og:site_name\" content=\"Alumni Politehnica Aerospace Engineering\" \/>\n<meta property=\"article:publisher\" content=\"https:\/\/www.facebook.com\/groups\/InginerieAerospatiala\/\" \/>\n<meta property=\"article:modified_time\" content=\"2021-01-31T10:07:59+00:00\" \/>\n<meta property=\"og:image\" content=\"https:\/\/inginerie.aero\/wp-content\/uploads\/2017\/02\/RaduCioponea-200x300.jpg\" \/>\n<meta name=\"twitter:card\" content=\"summary_large_image\" \/>\n<meta name=\"twitter:label1\" content=\"Timp estimat pentru citire\" \/>\n\t<meta name=\"twitter:data1\" content=\"3 minute\" \/>\n<script type=\"application\/ld+json\" class=\"yoast-schema-graph\">{\"@context\":\"https:\/\/schema.org\",\"@graph\":[{\"@type\":\"WebPage\",\"@id\":\"https:\/\/inginerie.aero\/index.php\/ro\/organizatii\/\",\"url\":\"https:\/\/inginerie.aero\/index.php\/ro\/organizatii\/\",\"name\":\"Organiza\u021bii - Alumni Politehnica Aerospace Engineering\",\"isPartOf\":{\"@id\":\"https:\/\/inginerie.aero\/#website\"},\"primaryImageOfPage\":{\"@id\":\"https:\/\/inginerie.aero\/index.php\/ro\/organizatii\/#primaryimage\"},\"image\":{\"@id\":\"https:\/\/inginerie.aero\/index.php\/ro\/organizatii\/#primaryimage\"},\"thumbnailUrl\":\"https:\/\/inginerie.aero\/wp-content\/uploads\/2017\/02\/RaduCioponea-200x300.jpg\",\"datePublished\":\"2017-04-22T12:37:20+00:00\",\"dateModified\":\"2021-01-31T10:07:59+00:00\",\"breadcrumb\":{\"@id\":\"https:\/\/inginerie.aero\/index.php\/ro\/organizatii\/#breadcrumb\"},\"inLanguage\":\"ro-RO\",\"potentialAction\":[{\"@type\":\"ReadAction\",\"target\":[\"https:\/\/inginerie.aero\/index.php\/ro\/organizatii\/\"]}]},{\"@type\":\"ImageObject\",\"inLanguage\":\"ro-RO\",\"@id\":\"https:\/\/inginerie.aero\/index.php\/ro\/organizatii\/#primaryimage\",\"url\":\"https:\/\/inginerie.aero\/wp-content\/uploads\/2017\/02\/RaduCioponea.jpg\",\"contentUrl\":\"https:\/\/inginerie.aero\/wp-content\/uploads\/2017\/02\/RaduCioponea.jpg\",\"width\":3744,\"height\":5616},{\"@type\":\"BreadcrumbList\",\"@id\":\"https:\/\/inginerie.aero\/index.php\/ro\/organizatii\/#breadcrumb\",\"itemListElement\":[{\"@type\":\"ListItem\",\"position\":1,\"name\":\"Acas\u0103\",\"item\":\"https:\/\/inginerie.aero\/index.php\/ro\/acasa\/\"},{\"@type\":\"ListItem\",\"position\":2,\"name\":\"Organiza\u021bii\"}]},{\"@type\":\"WebSite\",\"@id\":\"https:\/\/inginerie.aero\/#website\",\"url\":\"https:\/\/inginerie.aero\/\",\"name\":\"Facultatea de Inginerie Aerospatiala\",\"description\":\"Site-ul Asociatiei de Alumni ai Facultatii de Inginerie Aerospatiala din cadrul Universitatii POLITEHNICA Bucuresti\",\"publisher\":{\"@id\":\"https:\/\/inginerie.aero\/#organization\"},\"potentialAction\":[{\"@type\":\"SearchAction\",\"target\":{\"@type\":\"EntryPoint\",\"urlTemplate\":\"https:\/\/inginerie.aero\/?s={search_term_string}\"},\"query-input\":{\"@type\":\"PropertyValueSpecification\",\"valueRequired\":true,\"valueName\":\"search_term_string\"}}],\"inLanguage\":\"ro-RO\"},{\"@type\":\"Organization\",\"@id\":\"https:\/\/inginerie.aero\/#organization\",\"name\":\"University Politehnica of Bucharest Faculty of Aerospace Engineering\",\"url\":\"https:\/\/inginerie.aero\/\",\"logo\":{\"@type\":\"ImageObject\",\"inLanguage\":\"ro-RO\",\"@id\":\"https:\/\/inginerie.aero\/#\/schema\/logo\/image\/\",\"url\":\"https:\/\/inginerie.aero\/wp-content\/uploads\/2017\/03\/sigla1.png\",\"contentUrl\":\"https:\/\/inginerie.aero\/wp-content\/uploads\/2017\/03\/sigla1.png\",\"width\":734,\"height\":735,\"caption\":\"University Politehnica of Bucharest Faculty of Aerospace Engineering\"},\"image\":{\"@id\":\"https:\/\/inginerie.aero\/#\/schema\/logo\/image\/\"},\"sameAs\":[\"https:\/\/www.facebook.com\/groups\/InginerieAerospatiala\/\"]}]}<\/script>\n<!-- \/ Yoast SEO plugin. -->","yoast_head_json":{"title":"Organiza\u021bii - Alumni Politehnica Aerospace Engineering","robots":{"index":"index","follow":"follow","max-snippet":"max-snippet:-1","max-image-preview":"max-image-preview:large","max-video-preview":"max-video-preview:-1"},"canonical":"https:\/\/inginerie.aero\/index.php\/ro\/organizatii\/","og_locale":"ro_RO","og_type":"article","og_title":"Organiza\u021bii - Alumni Politehnica Aerospace Engineering","og_description":"EUROAVIA Bucure\u0219ti - Asocia\u021bia European\u0103 a Studen\u021bilor de Inginerie Aerospa\u021bial\u0103 EUROAVIA a fost fondat\u0103 \u00een 1969 de un grup de studen\u021bi la TU Delft \u0219i s-a extins \u00een Europa. Filiala Bucure\u0219ti a fost fondat\u0103 \u00een 1992 de un grup de studen\u021bi din Facultatea de Inginerie Aerospa\u021bial\u0103 UPB sub leadership-ul lui Radu Cioponea, pe atunci [&hellip;]","og_url":"https:\/\/inginerie.aero\/index.php\/ro\/organizatii\/","og_site_name":"Alumni Politehnica Aerospace Engineering","article_publisher":"https:\/\/www.facebook.com\/groups\/InginerieAerospatiala\/","article_modified_time":"2021-01-31T10:07:59+00:00","og_image":[{"url":"https:\/\/inginerie.aero\/wp-content\/uploads\/2017\/02\/RaduCioponea-200x300.jpg","type":"","width":"","height":""}],"twitter_card":"summary_large_image","twitter_misc":{"Timp estimat pentru citire":"3 minute"},"schema":{"@context":"https:\/\/schema.org","@graph":[{"@type":"WebPage","@id":"https:\/\/inginerie.aero\/index.php\/ro\/organizatii\/","url":"https:\/\/inginerie.aero\/index.php\/ro\/organizatii\/","name":"Organiza\u021bii - Alumni Politehnica Aerospace Engineering","isPartOf":{"@id":"https:\/\/inginerie.aero\/#website"},"primaryImageOfPage":{"@id":"https:\/\/inginerie.aero\/index.php\/ro\/organizatii\/#primaryimage"},"image":{"@id":"https:\/\/inginerie.aero\/index.php\/ro\/organizatii\/#primaryimage"},"thumbnailUrl":"https:\/\/inginerie.aero\/wp-content\/uploads\/2017\/02\/RaduCioponea-200x300.jpg","datePublished":"2017-04-22T12:37:20+00:00","dateModified":"2021-01-31T10:07:59+00:00","breadcrumb":{"@id":"https:\/\/inginerie.aero\/index.php\/ro\/organizatii\/#breadcrumb"},"inLanguage":"ro-RO","potentialAction":[{"@type":"ReadAction","target":["https:\/\/inginerie.aero\/index.php\/ro\/organizatii\/"]}]},{"@type":"ImageObject","inLanguage":"ro-RO","@id":"https:\/\/inginerie.aero\/index.php\/ro\/organizatii\/#primaryimage","url":"https:\/\/inginerie.aero\/wp-content\/uploads\/2017\/02\/RaduCioponea.jpg","contentUrl":"https:\/\/inginerie.aero\/wp-content\/uploads\/2017\/02\/RaduCioponea.jpg","width":3744,"height":5616},{"@type":"BreadcrumbList","@id":"https:\/\/inginerie.aero\/index.php\/ro\/organizatii\/#breadcrumb","itemListElement":[{"@type":"ListItem","position":1,"name":"Acas\u0103","item":"https:\/\/inginerie.aero\/index.php\/ro\/acasa\/"},{"@type":"ListItem","position":2,"name":"Organiza\u021bii"}]},{"@type":"WebSite","@id":"https:\/\/inginerie.aero\/#website","url":"https:\/\/inginerie.aero\/","name":"Facultatea de Inginerie Aerospatiala","description":"Site-ul Asociatiei de Alumni ai Facultatii de Inginerie Aerospatiala din cadrul Universitatii POLITEHNICA Bucuresti","publisher":{"@id":"https:\/\/inginerie.aero\/#organization"},"potentialAction":[{"@type":"SearchAction","target":{"@type":"EntryPoint","urlTemplate":"https:\/\/inginerie.aero\/?s={search_term_string}"},"query-input":{"@type":"PropertyValueSpecification","valueRequired":true,"valueName":"search_term_string"}}],"inLanguage":"ro-RO"},{"@type":"Organization","@id":"https:\/\/inginerie.aero\/#organization","name":"University Politehnica of Bucharest Faculty of Aerospace Engineering","url":"https:\/\/inginerie.aero\/","logo":{"@type":"ImageObject","inLanguage":"ro-RO","@id":"https:\/\/inginerie.aero\/#\/schema\/logo\/image\/","url":"https:\/\/inginerie.aero\/wp-content\/uploads\/2017\/03\/sigla1.png","contentUrl":"https:\/\/inginerie.aero\/wp-content\/uploads\/2017\/03\/sigla1.png","width":734,"height":735,"caption":"University Politehnica of Bucharest Faculty of Aerospace Engineering"},"image":{"@id":"https:\/\/inginerie.aero\/#\/schema\/logo\/image\/"},"sameAs":["https:\/\/www.facebook.com\/groups\/InginerieAerospatiala\/"]}]}},"jetpack_sharing_enabled":true,"jetpack_shortlink":"https:\/\/wp.me\/Pbbi8l-kl","_links":{"self":[{"href":"https:\/\/inginerie.aero\/index.php\/wp-json\/wp\/v2\/pages\/1261","targetHints":{"allow":["GET"]}}],"collection":[{"href":"https:\/\/inginerie.aero\/index.php\/wp-json\/wp\/v2\/pages"}],"about":[{"href":"https:\/\/inginerie.aero\/index.php\/wp-json\/wp\/v2\/types\/page"}],"author":[{"embeddable":true,"href":"https:\/\/inginerie.aero\/index.php\/wp-json\/wp\/v2\/users\/1"}],"replies":[{"embeddable":true,"href":"https:\/\/inginerie.aero\/index.php\/wp-json\/wp\/v2\/comments?post=1261"}],"version-history":[{"count":14,"href":"https:\/\/inginerie.aero\/index.php\/wp-json\/wp\/v2\/pages\/1261\/revisions"}],"predecessor-version":[{"id":25470,"href":"https:\/\/inginerie.aero\/index.php\/wp-json\/wp\/v2\/pages\/1261\/revisions\/25470"}],"wp:attachment":[{"href":"https:\/\/inginerie.aero\/index.php\/wp-json\/wp\/v2\/media?parent=1261"}],"wp:term":[{"taxonomy":"category","embeddable":true,"href":"https:\/\/inginerie.aero\/index.php\/wp-json\/wp\/v2\/categories?post=1261"},{"taxonomy":"post_tag","embeddable":true,"href":"https:\/\/inginerie.aero\/index.php\/wp-json\/wp\/v2\/tags?post=1261"}],"curies":[{"name":"wp","href":"https:\/\/api.w.org\/{rel}","templated":true}]}}