{"id":1276,"date":"2017-04-22T17:11:18","date_gmt":"2017-04-22T14:11:18","guid":{"rendered":"https:\/\/inginerie.aero\/?page_id=1276"},"modified":"2024-05-18T17:03:26","modified_gmt":"2024-05-18T14:03:26","slug":"conf-dr-ing-octavian-thor-pleter","status":"publish","type":"page","link":"https:\/\/inginerie.aero\/index.php\/ro\/profesori-departamentul-de-stiinte-aerospatiale-elie-carafoli\/conf-dr-ing-octavian-thor-pleter\/","title":{"rendered":"Conf. dr. ing. Octavian Thor Pleter"},"content":{"rendered":"<p>[et_pb_section fb_built=&#8221;1&#8243; admin_label=&#8221;section&#8221; _builder_version=&#8221;4.16&#8243; global_colors_info=&#8221;{}&#8221;][et_pb_row admin_label=&#8221;row&#8221; _builder_version=&#8221;4.16&#8243; background_size=&#8221;initial&#8221; background_position=&#8221;top_left&#8221; background_repeat=&#8221;repeat&#8221; global_colors_info=&#8221;{}&#8221;][et_pb_column type=&#8221;4_4&#8243; _builder_version=&#8221;4.16&#8243; custom_padding=&#8221;|||&#8221; global_colors_info=&#8221;{}&#8221; custom_padding__hover=&#8221;|||&#8221;][et_pb_post_title meta=&#8221;off&#8221; admin_label=&#8221;Titlu postare&#8221; _builder_version=&#8221;4.16&#8243; parallax=&#8221;on&#8221; parallax_effect=&#8221;on&#8221; use_border_color=&#8221;off&#8221; border_color=&#8221;#ffffff&#8221; border_style=&#8221;solid&#8221; global_colors_info=&#8221;{}&#8221;]&nbsp;<br \/>\n[\/et_pb_post_title][\/et_pb_column][\/et_pb_row][et_pb_row column_structure=&#8221;1_3,2_3&#8243; _builder_version=&#8221;4.16&#8243; background_size=&#8221;initial&#8221; background_position=&#8221;top_left&#8221; background_repeat=&#8221;repeat&#8221; global_colors_info=&#8221;{}&#8221;][et_pb_column type=&#8221;1_3&#8243; _builder_version=&#8221;4.16&#8243; custom_padding=&#8221;|||&#8221; global_colors_info=&#8221;{}&#8221; custom_padding__hover=&#8221;|||&#8221;][et_pb_image src=&#8221;https:\/\/inginerie.aero\/wp-content\/uploads\/2017\/04\/OTP.jpg&#8221; align_tablet=&#8221;center&#8221; align_phone=&#8221;center&#8221; align_last_edited=&#8221;on|desktop&#8221; _builder_version=&#8221;4.16&#8243; animation_style=&#8221;slide&#8221; animation_direction=&#8221;left&#8221; animation_duration=&#8221;500ms&#8221; animation_intensity_slide=&#8221;10%&#8221; use_border_color=&#8221;off&#8221; border_color=&#8221;#ffffff&#8221; border_style=&#8221;solid&#8221; animation=&#8221;left&#8221; sticky=&#8221;off&#8221; always_center_on_mobile=&#8221;on&#8221; global_colors_info=&#8221;{}&#8221;]&nbsp;<br \/>\n[\/et_pb_image][\/et_pb_column][et_pb_column type=&#8221;2_3&#8243; _builder_version=&#8221;4.16&#8243; custom_padding=&#8221;|||&#8221; global_colors_info=&#8221;{}&#8221; custom_padding__hover=&#8221;|||&#8221;][et_pb_text admin_label=&#8221;Text&#8221; _builder_version=&#8221;4.24.2&#8243; background_size=&#8221;initial&#8221; background_position=&#8221;top_left&#8221; background_repeat=&#8221;repeat&#8221; hover_enabled=&#8221;0&#8243; use_border_color=&#8221;off&#8221; global_colors_info=&#8221;{}&#8221; sticky_enabled=&#8221;0&#8243;]<\/p>\n<p><strong>Octavian Thor Pleter<\/strong><\/p>\n<ul>\n<li>Absolvent al Colegiului Na\u021bional \u201dGh. Laz\u0103r\u201d Bucure\u0219ti (1980) \u0219i al Universit\u0103\u021bii Politehnica din Bucure\u0219ti &#8211; Facultatea de Inginerie Aerospa\u021bial\u0103, specializarea Aeronave, direc\u021bia de aprofundare Instala\u021bii \u0219i Aparate de Bord (1986)<\/li>\n<li>MBA al the University of Manchester (2002)<\/li>\n<li>Cercet\u0103tor \u0219tiin\u021bific multidisciplinar, cu o arie larg\u0103 de cercetare \u00een ingineria aerospa\u021bial\u0103<\/li>\n<li>Conferen\u021biar universitar, responsabil pentru noile programe de studii Air Navigation \u0219i Air Transport Engineering<\/li>\n<li>Doctor \u201cCum Laude\u201d \u00een \u0219tiin\u021be inginere\u0219ti, domeniul inginerie aerospa\u021bial\u0103, cu experien\u021b\u0103 de 20 ani \u00een optimiz\u0103ri multidisciplinare \u00een ATM \u0219i \u00een naviga\u021bia aerian\u0103<\/li>\n<li>Autor al unor dezvolt\u0103ri importante \u00een TBO bazat pe traiectoriil 4D ale zborurilor \u0219i \u00een predic\u021bia de traiectorii<\/li>\n<li>Coordonatorul unor proiecte de cercet\u0103ri multidisciplinare (impactul cenu\u0219ii vulcanice asupra aeronavelor, calculul traiectoriei zborului MH370)<\/li>\n<li><a href=\"https:\/\/inginerie.aero\/index.php\/ro\/2017\/07\/21\/medalia-richey-2017\/\" target=\"_blank\" rel=\"noopener noreferrer\">Laureat al medaliei \u201cRichey\u201d<\/a> a Institutului Regal de Naviga\u021bie din Londra (2017) pentru cel mai bun articol \u0219tiin\u021bific al anului publicat \u00een Journal of Navigation, Cambridge University Press<\/li>\n<li>Laureat al medaliei \u201cElie Carafoli\u201d pentru contribu\u021bii importante la \u00eenv\u0103\u021b\u0103m\u00e2ntul superior de inginerie aerospa\u021bial\u0103 din Rom\u00e2nia (2000)<\/li>\n<li>Premiul Aloft Group Award pentru excelen\u021b\u0103 \u00een educa\u021bia \u00een ingineria aerospa\u021bial\u0103 (2011)<\/li>\n<li>Manager al 8 programe de cercetare \u0219tiin\u021bific\u0103 \u0219i al 5 start-up-uri de afaceri de succes, doctor \u00een \u0219tiin\u021be economice, specializarea management<\/li>\n<li>Autor al c\u0103r\u021bii <a href=\"https:\/\/link.springer.com\/book\/10.1007\/978-3-031-52994-8\" target=\"_blank\" rel=\"noopener\">Air Navigation<\/a> \u0219i al altor 12 c\u0103r\u021bi \u0219i 48 de articole \u0219tiin\u021bifice<\/li>\n<li>Expert \u00een siguran\u021ba aeronautic\u0103<\/li>\n<li>Invitat cheie \u00een mai multe conferin\u021be \u0219i reuniuni interna\u021bionale<\/li>\n<li>Prodecan 2012-2016 \u0219i <a href=\"https:\/\/inginerie.aero\/big_files\/Raportul_Decanului_FIA_2016-2020.pdf\" target=\"_blank\" rel=\"noopener\">Decan 2016-2020<\/a> al Facult\u0103\u021bii de Inginerie Aerospa\u021bial\u0103<\/li>\n<li>Fondator al programului de studii de inginerie aerospa\u021bial\u0103 <a href=\"https:\/\/www.scribd.com\/document\/200100317\/Civil-Aviation-Oriented-Aerospace-Engineering\" target=\"_blank\" rel=\"noopener\">Air Navigation<\/a> (2009-prezent) \u0219i al programului de masterat \u00een ingineria aerospa\u021bial\u0103 <a href=\"https:\/\/inginerie.aero\/index.php\/ro\/2022\/06\/19\/ingineria-transportului-aerian-ate\/\" target=\"_blank\" rel=\"noopener\">Air Transport Engineering<\/a> (2013-2022)<\/li>\n<li>NCP pentru Romania al <a href=\"https:\/\/www.easn.net\/\" target=\"_blank\" rel=\"noopener noreferrer\">European Aeronautics Science Network (EASN)<\/a><\/li>\n<li>Fellow al the <a href=\"https:\/\/rin.org.uk\/\" target=\"_blank\" rel=\"noopener noreferrer\">Royal Institute of Navigation<\/a>, Fellow al the <a href=\"https:\/\/www.aerosociety.com\/\" target=\"_blank\" rel=\"noopener noreferrer\">Royal Aeronautical Society<\/a>, \u00a0Senior Member <a href=\"https:\/\/www.aiaa.org\/\" target=\"_blank\" rel=\"noopener noreferrer\">AIAA<\/a><\/li>\n<li>Expert tehnic judiciar al Ministerului Justi\u021biei \u00een specializ\u0103rile Aeronave \u0219i motoare de avia\u021bie \u0219i Echipamente \u0219i instala\u021bii de avia\u021bie<\/li>\n<\/ul>\n<p>[\/et_pb_text][\/et_pb_column][\/et_pb_row][\/et_pb_section]<\/p>\n","protected":false},"excerpt":{"rendered":"<p>&nbsp; &nbsp; Octavian Thor Pleter Absolvent al Colegiului Na\u021bional \u201dGh. Laz\u0103r\u201d Bucure\u0219ti (1980) \u0219i al Universit\u0103\u021bii Politehnica din Bucure\u0219ti &#8211; Facultatea de Inginerie Aerospa\u021bial\u0103, specializarea Aeronave, direc\u021bia de aprofundare Instala\u021bii \u0219i Aparate de Bord (1986) MBA al the University of Manchester (2002) Cercet\u0103tor \u0219tiin\u021bific multidisciplinar, cu o arie larg\u0103 de cercetare \u00een ingineria aerospa\u021bial\u0103 Conferen\u021biar [&hellip;]<\/p>\n","protected":false},"author":1,"featured_media":0,"parent":978,"menu_order":0,"comment_status":"closed","ping_status":"closed","template":"","meta":{"_et_pb_use_builder":"on","_et_pb_old_content":"","_et_gb_content_width":"","jetpack_post_was_ever_published":false,"footnotes":"","_links_to":"","_links_to_target":""},"categories":[],"tags":[],"class_list":["post-1276","page","type-page","status-publish","hentry"],"yoast_head":"<!-- This site is optimized with the Yoast SEO plugin v24.3 - https:\/\/yoast.com\/wordpress\/plugins\/seo\/ -->\n<title>Conf. dr. ing. Octavian Thor Pleter - Alumni Politehnica Aerospace Engineering<\/title>\n<meta name=\"robots\" content=\"index, follow, max-snippet:-1, max-image-preview:large, max-video-preview:-1\" \/>\n<link rel=\"canonical\" href=\"https:\/\/inginerie.aero\/index.php\/ro\/profesori-departamentul-de-stiinte-aerospatiale-elie-carafoli\/conf-dr-ing-octavian-thor-pleter\/\" \/>\n<meta property=\"og:locale\" content=\"ro_RO\" \/>\n<meta property=\"og:type\" content=\"article\" \/>\n<meta property=\"og:title\" content=\"Conf. dr. ing. Octavian Thor Pleter - Alumni Politehnica Aerospace Engineering\" \/>\n<meta property=\"og:description\" content=\"&nbsp; &nbsp; Octavian Thor Pleter Absolvent al Colegiului Na\u021bional \u201dGh. Laz\u0103r\u201d Bucure\u0219ti (1980) \u0219i al Universit\u0103\u021bii Politehnica din Bucure\u0219ti - Facultatea de Inginerie Aerospa\u021bial\u0103, specializarea Aeronave, direc\u021bia de aprofundare Instala\u021bii \u0219i Aparate de Bord (1986) MBA al the University of Manchester (2002) Cercet\u0103tor \u0219tiin\u021bific multidisciplinar, cu o arie larg\u0103 de cercetare \u00een ingineria aerospa\u021bial\u0103 Conferen\u021biar [&hellip;]\" \/>\n<meta property=\"og:url\" content=\"https:\/\/inginerie.aero\/index.php\/ro\/profesori-departamentul-de-stiinte-aerospatiale-elie-carafoli\/conf-dr-ing-octavian-thor-pleter\/\" \/>\n<meta property=\"og:site_name\" content=\"Alumni Politehnica Aerospace Engineering\" \/>\n<meta property=\"article:publisher\" content=\"https:\/\/www.facebook.com\/groups\/InginerieAerospatiala\/\" \/>\n<meta property=\"article:modified_time\" content=\"2024-05-18T14:03:26+00:00\" \/>\n<meta name=\"twitter:card\" content=\"summary_large_image\" \/>\n<meta name=\"twitter:label1\" content=\"Timp estimat pentru citire\" \/>\n\t<meta name=\"twitter:data1\" content=\"2 minute\" \/>\n<script type=\"application\/ld+json\" class=\"yoast-schema-graph\">{\"@context\":\"https:\/\/schema.org\",\"@graph\":[{\"@type\":\"WebPage\",\"@id\":\"https:\/\/inginerie.aero\/index.php\/ro\/profesori-departamentul-de-stiinte-aerospatiale-elie-carafoli\/conf-dr-ing-octavian-thor-pleter\/\",\"url\":\"https:\/\/inginerie.aero\/index.php\/ro\/profesori-departamentul-de-stiinte-aerospatiale-elie-carafoli\/conf-dr-ing-octavian-thor-pleter\/\",\"name\":\"Conf. dr. ing. Octavian Thor Pleter - Alumni Politehnica Aerospace Engineering\",\"isPartOf\":{\"@id\":\"https:\/\/inginerie.aero\/#website\"},\"datePublished\":\"2017-04-22T14:11:18+00:00\",\"dateModified\":\"2024-05-18T14:03:26+00:00\",\"breadcrumb\":{\"@id\":\"https:\/\/inginerie.aero\/index.php\/ro\/profesori-departamentul-de-stiinte-aerospatiale-elie-carafoli\/conf-dr-ing-octavian-thor-pleter\/#breadcrumb\"},\"inLanguage\":\"ro-RO\",\"potentialAction\":[{\"@type\":\"ReadAction\",\"target\":[\"https:\/\/inginerie.aero\/index.php\/ro\/profesori-departamentul-de-stiinte-aerospatiale-elie-carafoli\/conf-dr-ing-octavian-thor-pleter\/\"]}]},{\"@type\":\"BreadcrumbList\",\"@id\":\"https:\/\/inginerie.aero\/index.php\/ro\/profesori-departamentul-de-stiinte-aerospatiale-elie-carafoli\/conf-dr-ing-octavian-thor-pleter\/#breadcrumb\",\"itemListElement\":[{\"@type\":\"ListItem\",\"position\":1,\"name\":\"Acas\u0103\",\"item\":\"https:\/\/inginerie.aero\/index.php\/ro\/acasa\/\"},{\"@type\":\"ListItem\",\"position\":2,\"name\":\"Departamentul de \u0218tiin\u021be Aerospa\u021biale \u201dElie Carafoli\u201d\",\"item\":\"https:\/\/inginerie.aero\/index.php\/ro\/profesori-departamentul-de-stiinte-aerospatiale-elie-carafoli\/\"},{\"@type\":\"ListItem\",\"position\":3,\"name\":\"Conf. dr. ing. Octavian Thor Pleter\"}]},{\"@type\":\"WebSite\",\"@id\":\"https:\/\/inginerie.aero\/#website\",\"url\":\"https:\/\/inginerie.aero\/\",\"name\":\"Facultatea de Inginerie Aerospatiala\",\"description\":\"Site-ul Asociatiei de Alumni ai Facultatii de Inginerie Aerospatiala din cadrul Universitatii POLITEHNICA Bucuresti\",\"publisher\":{\"@id\":\"https:\/\/inginerie.aero\/#organization\"},\"potentialAction\":[{\"@type\":\"SearchAction\",\"target\":{\"@type\":\"EntryPoint\",\"urlTemplate\":\"https:\/\/inginerie.aero\/?s={search_term_string}\"},\"query-input\":{\"@type\":\"PropertyValueSpecification\",\"valueRequired\":true,\"valueName\":\"search_term_string\"}}],\"inLanguage\":\"ro-RO\"},{\"@type\":\"Organization\",\"@id\":\"https:\/\/inginerie.aero\/#organization\",\"name\":\"University Politehnica of Bucharest Faculty of Aerospace Engineering\",\"url\":\"https:\/\/inginerie.aero\/\",\"logo\":{\"@type\":\"ImageObject\",\"inLanguage\":\"ro-RO\",\"@id\":\"https:\/\/inginerie.aero\/#\/schema\/logo\/image\/\",\"url\":\"https:\/\/inginerie.aero\/wp-content\/uploads\/2017\/03\/sigla1.png\",\"contentUrl\":\"https:\/\/inginerie.aero\/wp-content\/uploads\/2017\/03\/sigla1.png\",\"width\":734,\"height\":735,\"caption\":\"University Politehnica of Bucharest Faculty of Aerospace Engineering\"},\"image\":{\"@id\":\"https:\/\/inginerie.aero\/#\/schema\/logo\/image\/\"},\"sameAs\":[\"https:\/\/www.facebook.com\/groups\/InginerieAerospatiala\/\"]}]}<\/script>\n<!-- \/ Yoast SEO plugin. -->","yoast_head_json":{"title":"Conf. dr. ing. Octavian Thor Pleter - Alumni Politehnica Aerospace Engineering","robots":{"index":"index","follow":"follow","max-snippet":"max-snippet:-1","max-image-preview":"max-image-preview:large","max-video-preview":"max-video-preview:-1"},"canonical":"https:\/\/inginerie.aero\/index.php\/ro\/profesori-departamentul-de-stiinte-aerospatiale-elie-carafoli\/conf-dr-ing-octavian-thor-pleter\/","og_locale":"ro_RO","og_type":"article","og_title":"Conf. dr. ing. Octavian Thor Pleter - Alumni Politehnica Aerospace Engineering","og_description":"&nbsp; &nbsp; Octavian Thor Pleter Absolvent al Colegiului Na\u021bional \u201dGh. Laz\u0103r\u201d Bucure\u0219ti (1980) \u0219i al Universit\u0103\u021bii Politehnica din Bucure\u0219ti - Facultatea de Inginerie Aerospa\u021bial\u0103, specializarea Aeronave, direc\u021bia de aprofundare Instala\u021bii \u0219i Aparate de Bord (1986) MBA al the University of Manchester (2002) Cercet\u0103tor \u0219tiin\u021bific multidisciplinar, cu o arie larg\u0103 de cercetare \u00een ingineria aerospa\u021bial\u0103 Conferen\u021biar [&hellip;]","og_url":"https:\/\/inginerie.aero\/index.php\/ro\/profesori-departamentul-de-stiinte-aerospatiale-elie-carafoli\/conf-dr-ing-octavian-thor-pleter\/","og_site_name":"Alumni Politehnica Aerospace Engineering","article_publisher":"https:\/\/www.facebook.com\/groups\/InginerieAerospatiala\/","article_modified_time":"2024-05-18T14:03:26+00:00","twitter_card":"summary_large_image","twitter_misc":{"Timp estimat pentru citire":"2 minute"},"schema":{"@context":"https:\/\/schema.org","@graph":[{"@type":"WebPage","@id":"https:\/\/inginerie.aero\/index.php\/ro\/profesori-departamentul-de-stiinte-aerospatiale-elie-carafoli\/conf-dr-ing-octavian-thor-pleter\/","url":"https:\/\/inginerie.aero\/index.php\/ro\/profesori-departamentul-de-stiinte-aerospatiale-elie-carafoli\/conf-dr-ing-octavian-thor-pleter\/","name":"Conf. dr. ing. Octavian Thor Pleter - Alumni Politehnica Aerospace Engineering","isPartOf":{"@id":"https:\/\/inginerie.aero\/#website"},"datePublished":"2017-04-22T14:11:18+00:00","dateModified":"2024-05-18T14:03:26+00:00","breadcrumb":{"@id":"https:\/\/inginerie.aero\/index.php\/ro\/profesori-departamentul-de-stiinte-aerospatiale-elie-carafoli\/conf-dr-ing-octavian-thor-pleter\/#breadcrumb"},"inLanguage":"ro-RO","potentialAction":[{"@type":"ReadAction","target":["https:\/\/inginerie.aero\/index.php\/ro\/profesori-departamentul-de-stiinte-aerospatiale-elie-carafoli\/conf-dr-ing-octavian-thor-pleter\/"]}]},{"@type":"BreadcrumbList","@id":"https:\/\/inginerie.aero\/index.php\/ro\/profesori-departamentul-de-stiinte-aerospatiale-elie-carafoli\/conf-dr-ing-octavian-thor-pleter\/#breadcrumb","itemListElement":[{"@type":"ListItem","position":1,"name":"Acas\u0103","item":"https:\/\/inginerie.aero\/index.php\/ro\/acasa\/"},{"@type":"ListItem","position":2,"name":"Departamentul de \u0218tiin\u021be Aerospa\u021biale \u201dElie Carafoli\u201d","item":"https:\/\/inginerie.aero\/index.php\/ro\/profesori-departamentul-de-stiinte-aerospatiale-elie-carafoli\/"},{"@type":"ListItem","position":3,"name":"Conf. dr. ing. Octavian Thor Pleter"}]},{"@type":"WebSite","@id":"https:\/\/inginerie.aero\/#website","url":"https:\/\/inginerie.aero\/","name":"Facultatea de Inginerie Aerospatiala","description":"Site-ul Asociatiei de Alumni ai Facultatii de Inginerie Aerospatiala din cadrul Universitatii POLITEHNICA Bucuresti","publisher":{"@id":"https:\/\/inginerie.aero\/#organization"},"potentialAction":[{"@type":"SearchAction","target":{"@type":"EntryPoint","urlTemplate":"https:\/\/inginerie.aero\/?s={search_term_string}"},"query-input":{"@type":"PropertyValueSpecification","valueRequired":true,"valueName":"search_term_string"}}],"inLanguage":"ro-RO"},{"@type":"Organization","@id":"https:\/\/inginerie.aero\/#organization","name":"University Politehnica of Bucharest Faculty of Aerospace Engineering","url":"https:\/\/inginerie.aero\/","logo":{"@type":"ImageObject","inLanguage":"ro-RO","@id":"https:\/\/inginerie.aero\/#\/schema\/logo\/image\/","url":"https:\/\/inginerie.aero\/wp-content\/uploads\/2017\/03\/sigla1.png","contentUrl":"https:\/\/inginerie.aero\/wp-content\/uploads\/2017\/03\/sigla1.png","width":734,"height":735,"caption":"University Politehnica of Bucharest Faculty of Aerospace Engineering"},"image":{"@id":"https:\/\/inginerie.aero\/#\/schema\/logo\/image\/"},"sameAs":["https:\/\/www.facebook.com\/groups\/InginerieAerospatiala\/"]}]}},"jetpack_sharing_enabled":true,"jetpack_shortlink":"https:\/\/wp.me\/Pbbi8l-kA","_links":{"self":[{"href":"https:\/\/inginerie.aero\/index.php\/wp-json\/wp\/v2\/pages\/1276","targetHints":{"allow":["GET"]}}],"collection":[{"href":"https:\/\/inginerie.aero\/index.php\/wp-json\/wp\/v2\/pages"}],"about":[{"href":"https:\/\/inginerie.aero\/index.php\/wp-json\/wp\/v2\/types\/page"}],"author":[{"embeddable":true,"href":"https:\/\/inginerie.aero\/index.php\/wp-json\/wp\/v2\/users\/1"}],"replies":[{"embeddable":true,"href":"https:\/\/inginerie.aero\/index.php\/wp-json\/wp\/v2\/comments?post=1276"}],"version-history":[{"count":18,"href":"https:\/\/inginerie.aero\/index.php\/wp-json\/wp\/v2\/pages\/1276\/revisions"}],"predecessor-version":[{"id":40747,"href":"https:\/\/inginerie.aero\/index.php\/wp-json\/wp\/v2\/pages\/1276\/revisions\/40747"}],"up":[{"embeddable":true,"href":"https:\/\/inginerie.aero\/index.php\/wp-json\/wp\/v2\/pages\/978"}],"wp:attachment":[{"href":"https:\/\/inginerie.aero\/index.php\/wp-json\/wp\/v2\/media?parent=1276"}],"wp:term":[{"taxonomy":"category","embeddable":true,"href":"https:\/\/inginerie.aero\/index.php\/wp-json\/wp\/v2\/categories?post=1276"},{"taxonomy":"post_tag","embeddable":true,"href":"https:\/\/inginerie.aero\/index.php\/wp-json\/wp\/v2\/tags?post=1276"}],"curies":[{"name":"wp","href":"https:\/\/api.w.org\/{rel}","templated":true}]}}