{"id":1292,"date":"2017-04-22T18:24:09","date_gmt":"2017-04-22T15:24:09","guid":{"rendered":"https:\/\/inginerie.aero\/?page_id=1292"},"modified":"2019-06-19T13:21:00","modified_gmt":"2019-06-19T10:21:00","slug":"studenti-internationali-admitere","status":"publish","type":"page","link":"https:\/\/inginerie.aero\/index.php\/ro\/studenti-internationali-admitere\/","title":{"rendered":"Studen\u021bi interna\u021bionali &#8211; Admitere"},"content":{"rendered":"<p>[et_pb_section bb_built=&#8221;1&#8243; admin_label=&#8221;section&#8221; transparent_background=&#8221;off&#8221; allow_player_pause=&#8221;off&#8221; inner_shadow=&#8221;off&#8221; parallax=&#8221;on&#8221; parallax_method=&#8221;off&#8221; make_fullwidth=&#8221;off&#8221; use_custom_width=&#8221;off&#8221; width_unit=&#8221;on&#8221; make_equal=&#8221;off&#8221; use_custom_gutter=&#8221;off&#8221;][et_pb_row admin_label=&#8221;row&#8221; make_fullwidth=&#8221;off&#8221; use_custom_width=&#8221;off&#8221; width_unit=&#8221;on&#8221; use_custom_gutter=&#8221;off&#8221; allow_player_pause=&#8221;off&#8221; parallax=&#8221;off&#8221; parallax_method=&#8221;off&#8221; make_equal=&#8221;off&#8221; parallax_1=&#8221;off&#8221; parallax_method_1=&#8221;off&#8221; background_position=&#8221;top_left&#8221; background_repeat=&#8221;repeat&#8221; background_size=&#8221;initial&#8221;][et_pb_column type=&#8221;4_4&#8243;][et_pb_post_title admin_label=&#8221;Titlu postare&#8221; title=&#8221;on&#8221; meta=&#8221;off&#8221; author=&#8221;on&#8221; date=&#8221;on&#8221; categories=&#8221;on&#8221; comments=&#8221;on&#8221; featured_image=&#8221;on&#8221; featured_placement=&#8221;below&#8221; parallax_effect=&#8221;on&#8221; parallax_method=&#8221;on&#8221; text_orientation=&#8221;left&#8221; text_color=&#8221;dark&#8221; text_background=&#8221;off&#8221; text_bg_color=&#8221;rgba(255,255,255,0.9)&#8221; use_border_color=&#8221;off&#8221; border_color=&#8221;#ffffff&#8221; border_style=&#8221;solid&#8221; parallax=&#8221;on&#8221;]<\/p>\n<p>&nbsp;<\/p>\n<p>[\/et_pb_post_title][\/et_pb_column][\/et_pb_row][\/et_pb_section][et_pb_section bb_built=&#8221;1&#8243; admin_label=&#8221;Sec\u021biune&#8221; fullwidth=&#8221;off&#8221; specialty=&#8221;off&#8221;][et_pb_row admin_label=&#8221;R\u00e2nd&#8221; background_position=&#8221;top_left&#8221; background_repeat=&#8221;repeat&#8221; background_size=&#8221;initial&#8221;][et_pb_column type=&#8221;3_4&#8243;][et_pb_text background_layout=&#8221;light&#8221; use_border_color=&#8221;off&#8221; background_position=&#8221;top_left&#8221; background_repeat=&#8221;repeat&#8221; background_size=&#8221;initial&#8221; _builder_version=&#8221;3.0.92&#8243;]<\/p>\n<p>Facultatea de Inginerie Aerospa\u021bial\u0103 organizeaz\u0103 programe de studii de licen\u021b\u0103, master \u0219i doctorat cu tax\u0103, pentru studen\u021bii interna\u021bionali. Majoritatea programelor sunt \u00een limba rom\u00e2n\u0103, accesul la acestea al studen\u021bilor interna\u021bionali fiind condi\u021bionat de studiul prealabil al\u00a0unui an preg\u0103titor pentru \u00eenv\u0103\u021barea limbii rom\u00e2ne.<\/p>\n<p>Se\u00a0ofer\u0103 \u0219i programe de studii cu predare\u00a0integral\u0103 \u00een limba englez\u0103: <strong>Air Navigation Bachelor of Aerospace Engineering <\/strong>\u0219i respectiv <strong>Air Transport Master of Aerospace\u00a0Engineering<\/strong>.<\/p>\n<p>Studiile sunt \u00een regim cu tax\u0103. Pentru cet\u0103\u021benii\u00a0Uniunii Europene \u0219i pentru cet\u0103\u021benii de na\u021bionalitate rom\u00e2n\u0103 de pretutindeni exist\u0103 facilit\u0103\u021bi \u0219i burse acordate de Ministerul Educa\u021biei.<\/p>\n<p>Departamentul\u00a0pentru Studen\u021bi Interna\u021bionali ai\u00a0Universit\u0103\u021bii Politehnica din Bucure\u0219ti<\/p>\n<p>Persoane de contact:<\/p>\n<p>1 <strong>Tiberiu Apostol<\/strong>\u00a0 \u00a0 \u00a0 \u00a0&#8211; \u00a0Head of Department &#8211; 0744 306 966 021 402 95 40 \u00a0\/\u00a0<a href=\"mailto:tiberiu.apostol@upb.ro\">tiberiu.apostol@upb.ro<\/a><\/p>\n<p>2 <strong>Maria Hadar<\/strong>\u00a0 \u00a0 \u00a0 \u00a0 \u00a0 \u00a0&#8211; \u00a0Head of Office \u00a0 \u00a0 \u00a0 \u00a0 \u00a0 \u00a0 \u00a0&#8211; 021 402 94 83 \u00a0\/ 021 402 94 50 \u00a0\/\u00a0<a href=\"mailto:maria.hadar@upb.ro\">maria.hadar@upb.ro<\/a><\/p>\n<p>3 <strong>Andra Vasile<\/strong>\u00a0 \u00a0 \u00a0 \u00a0 \u00a0 &#8211; \u00a0Financial Officer \u00a0 \u00a0 \u00a0 \u00a0 \u00a0 &#8211; 021 402 94 83 \/ 021 402 95 40 \/\u00a0<a href=\"mailto:andra.vasile@upb.ro\">andra.vasile@upb.ro<\/a><\/p>\n<p>4 <strong>Ilariana Tudor<\/strong>\u00a0 \u00a0 \u00a0 \u00a0 &#8211; \u00a0Financial Officer \u00a0 \u00a0 \u00a0 \u00a0 &#8211; 021 402 94 83 \/ 021 402 95 40 \/\u00a0<a href=\"mailto:id_tudor@rectorat.pub.ro\">id_tudor@rectorat.pub.ro<\/a><\/p>\n<p><a href=\"http:\/\/www.old.upb.ro\/en\/admission-information.html\">Informa\u021bii despre Admitere (\u00een englez\u0103)<\/a><\/p>\n<p><a href=\"http:\/\/www.old.upb.ro\/en\/accommodation.html\">Cazare (\u00een englez\u0103)<\/a><\/p>\n<p><a href=\"http:\/\/www.old.upb.ro\/en\/education.html\">Viza rom\u00e2neasc\u0103 de studii pe termen lung (\u00een englez\u0103)<\/a><\/p>\n<p><a href=\"http:\/\/www.old.upb.ro\/en\/tuition-fees.html\">Taxe de studii (\u00een englez\u0103)<\/a><\/p>\n<p>Din 2017 \u00eenscrierea studen\u021bilor interna\u021bionali se va face la Decanatul facult\u0103\u021bilor \u00een loc de Departamentul pentru Studen\u021bi Interna\u021bionali.<\/p>\n<p>&nbsp;<\/p>\n<p>[\/et_pb_text][et_pb_text background_layout=&#8221;light&#8221; use_border_color=&#8221;off&#8221; background_position=&#8221;top_left&#8221; background_repeat=&#8221;repeat&#8221; background_size=&#8221;initial&#8221; _builder_version=&#8221;3.0.92&#8243;]<\/p>\n<h4>Rom\u00e2ni de Pretutindeni<\/h4>\n<p>Din categoria rom\u00e2nilor de pretutindeni fac parte:<br \/>\na) Persoanele care \u00ee\u015fi asum\u0103 \u00een mod liber identitatea cultural\u0103 rom\u00e2n\u0103, persoanele de origine rom\u00e2n\u0103 \u0219i cele apar\u0163in\u00e2nd filonului lingvistic \u015fi cultural rom\u00e2nesc care locuiesc \u00een afara frontierelor Rom\u00e2niei, indiferent de etnonimul folosit (arm\u00e2ni, arm\u00e2nji, arom\u00e2ni, basarabeni, bucovineni, cu\u0163ovlahi, daco-rom\u00e2ni, f\u0103r\u015fero\u0163i, her\u0163eni, istro-rom\u00e2ni, latini dun\u0103reni, macedorom\u00e2ni, macedo-rom\u00e2ni, maramure\u015feni, megleni\u0163i, megleno-rom\u00e2ni, moldoveni, moldovlahi, rr\u0103m\u00e2ni, rum\u00e2ni, valahi, vlahi, vlasi, volohi, macedo-arm\u00e2nji), precum \u015fi toate celelalte forme lexicale \u00eenrudite semantic cu cele de mai sus,<br \/>\nb) Rom\u00e2nii emigra\u021bi, fie c\u0103 au p\u0103strat sau nu cet\u0103\u021benia rom\u00e2n\u0103, descenden\u021bii acestora, precum \u0219i cet\u0103\u021beni rom\u00e2ni cu domiciliul stabil sau re\u015fedin\u0163a \u00een str\u0103in\u0103tate.<\/p>\n<p><a href=\"https:\/\/inginerie.aero\/wp-content\/uploads\/2017\/06\/Metodologie-admitere-inv.-superior-2017-FINAL.pdf\" target=\"_blank\" rel=\"noopener noreferrer\">Metodologia de \u0218colarizare a Rom\u00e2nilor de Pretutindeni<\/a><\/p>\n<p><a href=\"https:\/\/inginerie.aero\/wp-content\/uploads\/2019\/06\/Admiterea-RP-2019-2020.docx\" target=\"_blank\" rel=\"noopener noreferrer\">Reguli de Admitere ale UPB<\/a><\/p>\n<p><a href=\"https:\/\/www.edu.ro\/romanii-de-pretutindeni\" target=\"_blank\" rel=\"noopener noreferrer\">Informa\u021bii de la Ministerul Educa\u021biei \u00een Rom\u00e2n\u0103, Englez\u0103, Bulgar\u0103, Francez\u0103, German\u0103, Ungar\u0103, Italian\u0103, S\u00e2rb\u0103, Spaniol\u0103, Turc\u0103 \u0219i Ucrainian\u0103<\/a><\/p>\n<p>Guvernul Rom\u00e2niei ofer\u0103 rom\u00e2nilor de pretutindeni locuri gratuite la studii universitare, cu \u0219i f\u0103r\u0103 burs\u0103. \u00cen anul universitar 2019-2020 Universitatea Politehnica din Bucure\u0219ti ofer\u0103 <strong>144<\/strong> locuri la licenta, <strong>30<\/strong> la master \u0219i <strong>5<\/strong> la doctorat. De asemenea, UPB organizeaz\u0103 anul preg\u0103titor de \u00eenv\u0103\u021barea limbii rom\u00e2ne pentru acei candida\u021bi care opteaz\u0103 pentru aceasta. Candida\u021bii trebuie s\u0103 posede o diplom\u0103 echivalent\u0103 cu Bacalaureatul din Rom\u00e2nia.<\/p>\n<p><a href=\"https:\/\/inginerie.aero\/wp-content\/uploads\/2017\/06\/Anexa5-EchivalentDiplomaBac.pdf\" target=\"_blank\" rel=\"noopener noreferrer\">Echivalentul Diplomei de Bacalaureat din Rom\u00e2nia \u00een diverse \u021b\u0103ri<\/a><\/p>\n<p>Aten\u021bie! <span style=\"text-decoration: underline;\">Programul Rom\u00e2ni de Pretutindeni vizeaz\u0103 doar programele de studii \u00een limba rom\u00e2n\u0103<\/span>. Programele Air Navigation (licen\u021b\u0103) \u0219i Air Transport Engineering (master) nu sunt accesibile prin acest program.<\/p>\n<p>Formulare desc\u0103rcabile pentru solicitan\u021bi:<\/p>\n<p><a href=\"https:\/\/inginerie.aero\/wp-content\/uploads\/2017\/06\/Anexa2-Cerere-de-inscriere-2017-2018.pdf\" target=\"_blank\" rel=\"noopener noreferrer\">Cerere de \u00censcriere 2019-2020<\/a><\/p>\n<p><a href=\"https:\/\/inginerie.aero\/wp-content\/uploads\/2017\/06\/Anexa3-DeclaratieApartIdCultRomana.pdf\" target=\"_blank\" rel=\"noopener noreferrer\">Declara\u021bie de Apartenen\u021b\u0103 la Identitatea Cultural\u0103 Rom\u00e2n\u0103<\/a><\/p>\n<p><a href=\"https:\/\/inginerie.aero\/wp-content\/uploads\/2017\/06\/Anexa4-ConfirmareLocStudii.pdf\" target=\"_blank\" rel=\"noopener noreferrer\">Confirmare Loc Studii<\/a><\/p>\n<p>Detalii suplimentare privind admiterea la:<\/p>\n<p>Licen\u0163\u0103:\u00a0\u00a0\u00a0\u00a0 <a href=\"http:\/\/international.upb.ro\/romanian-diaspora-admission\/\" target=\"_blank\" rel=\"noopener noreferrer\">http:\/\/international.upb.ro\/romanian-diaspora-admission\/<\/a><\/p>\n<p>Master:\u00a0\u00a0\u00a0\u00a0 \u00a0<a href=\"https:\/\/upb.ro\/admitere\/admitere-masterat\/\" target=\"_blank\" rel=\"noopener noreferrer\">https:\/\/upb.ro\/admitere\/admitere-masterat\/<\/a><\/p>\n<p>Doctorat: \u00a0\u00a0\u00a0<a href=\"https:\/\/upb.ro\/doctorat\/admitere-doctorat\/\" target=\"_blank\" rel=\"noopener noreferrer\">https:\/\/upb.ro\/doctorat\/admitere-doctorat\/<\/a><\/p>\n<p>[\/et_pb_text][\/et_pb_column][et_pb_column type=&#8221;1_4&#8243;][et_pb_blog fullwidth=&#8221;on&#8221; include_categories=&#8221;11,12&#8243; show_thumbnail=&#8221;on&#8221; show_content=&#8221;off&#8221; show_more=&#8221;off&#8221; show_author=&#8221;off&#8221; show_date=&#8221;on&#8221; show_categories=&#8221;on&#8221; show_comments=&#8221;on&#8221; show_pagination=&#8221;on&#8221; offset_number=&#8221;0&#8243; use_overlay=&#8221;off&#8221; background_layout=&#8221;light&#8221; use_dropshadow=&#8221;off&#8221; use_border_color=&#8221;on&#8221; border_color=&#8221;#ffffff&#8221; border_style=&#8221;solid&#8221; border_color_all=&#8221;#ffffff&#8221; border_width_all=&#8221;1px&#8221; border_style_all=&#8221;solid&#8221; border_color_all_fullwidth=&#8221;#ffffff&#8221; border_width_all_fullwidth=&#8221;1px&#8221; border_style_all_fullwidth=&#8221;solid&#8221;]<\/p>\n<p>&nbsp;<\/p>\n<p>[\/et_pb_blog][et_pb_divider admin_label=&#8221;Divizor&#8221; color=&#8221;#ffffff&#8221; show_divider=&#8221;off&#8221; divider_style=&#8221;solid&#8221; divider_position=&#8221;top&#8221; hide_on_mobile=&#8221;on&#8221; disabled_on=&#8221;on|on|off&#8221;]<\/p>\n<p>&nbsp;<\/p>\n<p>[\/et_pb_divider][\/et_pb_column][\/et_pb_row][\/et_pb_section]<\/p>\n","protected":false},"excerpt":{"rendered":"<p>&nbsp; Facultatea de Inginerie Aerospa\u021bial\u0103 organizeaz\u0103 programe de studii de licen\u021b\u0103, master \u0219i doctorat cu tax\u0103, pentru studen\u021bii interna\u021bionali. Majoritatea programelor sunt \u00een limba rom\u00e2n\u0103, accesul la acestea al studen\u021bilor interna\u021bionali fiind condi\u021bionat de studiul prealabil al\u00a0unui an preg\u0103titor pentru \u00eenv\u0103\u021barea limbii rom\u00e2ne. Se\u00a0ofer\u0103 \u0219i programe de studii cu predare\u00a0integral\u0103 \u00een limba englez\u0103: Air Navigation [&hellip;]<\/p>\n","protected":false},"author":1,"featured_media":0,"parent":0,"menu_order":0,"comment_status":"closed","ping_status":"closed","template":"","meta":{"_et_pb_use_builder":"on","_et_pb_old_content":"<p>\u00a0<\/p><p>\u00a0<\/p>","_et_gb_content_width":"","jetpack_post_was_ever_published":false,"footnotes":"","_links_to":"","_links_to_target":""},"categories":[],"tags":[],"class_list":["post-1292","page","type-page","status-publish","hentry"],"yoast_head":"<!-- This site is optimized with the Yoast SEO plugin v24.3 - https:\/\/yoast.com\/wordpress\/plugins\/seo\/ -->\n<title>Studen\u021bi interna\u021bionali - Admitere - Alumni Politehnica Aerospace Engineering<\/title>\n<meta name=\"robots\" content=\"index, follow, max-snippet:-1, max-image-preview:large, max-video-preview:-1\" \/>\n<link rel=\"canonical\" href=\"https:\/\/inginerie.aero\/index.php\/ro\/studenti-internationali-admitere\/\" \/>\n<meta property=\"og:locale\" content=\"ro_RO\" \/>\n<meta property=\"og:type\" content=\"article\" \/>\n<meta property=\"og:title\" content=\"Studen\u021bi interna\u021bionali - Admitere - Alumni Politehnica Aerospace Engineering\" \/>\n<meta property=\"og:description\" content=\"&nbsp; Facultatea de Inginerie Aerospa\u021bial\u0103 organizeaz\u0103 programe de studii de licen\u021b\u0103, master \u0219i doctorat cu tax\u0103, pentru studen\u021bii interna\u021bionali. Majoritatea programelor sunt \u00een limba rom\u00e2n\u0103, accesul la acestea al studen\u021bilor interna\u021bionali fiind condi\u021bionat de studiul prealabil al\u00a0unui an preg\u0103titor pentru \u00eenv\u0103\u021barea limbii rom\u00e2ne. Se\u00a0ofer\u0103 \u0219i programe de studii cu predare\u00a0integral\u0103 \u00een limba englez\u0103: Air Navigation [&hellip;]\" \/>\n<meta property=\"og:url\" content=\"https:\/\/inginerie.aero\/index.php\/ro\/studenti-internationali-admitere\/\" \/>\n<meta property=\"og:site_name\" content=\"Alumni Politehnica Aerospace Engineering\" \/>\n<meta property=\"article:publisher\" content=\"https:\/\/www.facebook.com\/groups\/InginerieAerospatiala\/\" \/>\n<meta property=\"article:modified_time\" content=\"2019-06-19T10:21:00+00:00\" \/>\n<meta name=\"twitter:card\" content=\"summary_large_image\" \/>\n<meta name=\"twitter:label1\" content=\"Timp estimat pentru citire\" \/>\n\t<meta name=\"twitter:data1\" content=\"5 minute\" \/>\n<script type=\"application\/ld+json\" class=\"yoast-schema-graph\">{\"@context\":\"https:\/\/schema.org\",\"@graph\":[{\"@type\":\"WebPage\",\"@id\":\"https:\/\/inginerie.aero\/index.php\/ro\/studenti-internationali-admitere\/\",\"url\":\"https:\/\/inginerie.aero\/index.php\/ro\/studenti-internationali-admitere\/\",\"name\":\"Studen\u021bi interna\u021bionali - Admitere - Alumni Politehnica Aerospace Engineering\",\"isPartOf\":{\"@id\":\"https:\/\/inginerie.aero\/#website\"},\"datePublished\":\"2017-04-22T15:24:09+00:00\",\"dateModified\":\"2019-06-19T10:21:00+00:00\",\"breadcrumb\":{\"@id\":\"https:\/\/inginerie.aero\/index.php\/ro\/studenti-internationali-admitere\/#breadcrumb\"},\"inLanguage\":\"ro-RO\",\"potentialAction\":[{\"@type\":\"ReadAction\",\"target\":[\"https:\/\/inginerie.aero\/index.php\/ro\/studenti-internationali-admitere\/\"]}]},{\"@type\":\"BreadcrumbList\",\"@id\":\"https:\/\/inginerie.aero\/index.php\/ro\/studenti-internationali-admitere\/#breadcrumb\",\"itemListElement\":[{\"@type\":\"ListItem\",\"position\":1,\"name\":\"Acas\u0103\",\"item\":\"https:\/\/inginerie.aero\/index.php\/ro\/acasa\/\"},{\"@type\":\"ListItem\",\"position\":2,\"name\":\"Studen\u021bi interna\u021bionali &#8211; Admitere\"}]},{\"@type\":\"WebSite\",\"@id\":\"https:\/\/inginerie.aero\/#website\",\"url\":\"https:\/\/inginerie.aero\/\",\"name\":\"Facultatea de Inginerie Aerospatiala\",\"description\":\"Site-ul Asociatiei de Alumni ai Facultatii de Inginerie Aerospatiala din cadrul Universitatii POLITEHNICA Bucuresti\",\"publisher\":{\"@id\":\"https:\/\/inginerie.aero\/#organization\"},\"potentialAction\":[{\"@type\":\"SearchAction\",\"target\":{\"@type\":\"EntryPoint\",\"urlTemplate\":\"https:\/\/inginerie.aero\/?s={search_term_string}\"},\"query-input\":{\"@type\":\"PropertyValueSpecification\",\"valueRequired\":true,\"valueName\":\"search_term_string\"}}],\"inLanguage\":\"ro-RO\"},{\"@type\":\"Organization\",\"@id\":\"https:\/\/inginerie.aero\/#organization\",\"name\":\"University Politehnica of Bucharest Faculty of Aerospace Engineering\",\"url\":\"https:\/\/inginerie.aero\/\",\"logo\":{\"@type\":\"ImageObject\",\"inLanguage\":\"ro-RO\",\"@id\":\"https:\/\/inginerie.aero\/#\/schema\/logo\/image\/\",\"url\":\"https:\/\/inginerie.aero\/wp-content\/uploads\/2017\/03\/sigla1.png\",\"contentUrl\":\"https:\/\/inginerie.aero\/wp-content\/uploads\/2017\/03\/sigla1.png\",\"width\":734,\"height\":735,\"caption\":\"University Politehnica of Bucharest Faculty of Aerospace Engineering\"},\"image\":{\"@id\":\"https:\/\/inginerie.aero\/#\/schema\/logo\/image\/\"},\"sameAs\":[\"https:\/\/www.facebook.com\/groups\/InginerieAerospatiala\/\"]}]}<\/script>\n<!-- \/ Yoast SEO plugin. -->","yoast_head_json":{"title":"Studen\u021bi interna\u021bionali - Admitere - Alumni Politehnica Aerospace Engineering","robots":{"index":"index","follow":"follow","max-snippet":"max-snippet:-1","max-image-preview":"max-image-preview:large","max-video-preview":"max-video-preview:-1"},"canonical":"https:\/\/inginerie.aero\/index.php\/ro\/studenti-internationali-admitere\/","og_locale":"ro_RO","og_type":"article","og_title":"Studen\u021bi interna\u021bionali - Admitere - Alumni Politehnica Aerospace Engineering","og_description":"&nbsp; Facultatea de Inginerie Aerospa\u021bial\u0103 organizeaz\u0103 programe de studii de licen\u021b\u0103, master \u0219i doctorat cu tax\u0103, pentru studen\u021bii interna\u021bionali. Majoritatea programelor sunt \u00een limba rom\u00e2n\u0103, accesul la acestea al studen\u021bilor interna\u021bionali fiind condi\u021bionat de studiul prealabil al\u00a0unui an preg\u0103titor pentru \u00eenv\u0103\u021barea limbii rom\u00e2ne. Se\u00a0ofer\u0103 \u0219i programe de studii cu predare\u00a0integral\u0103 \u00een limba englez\u0103: Air Navigation [&hellip;]","og_url":"https:\/\/inginerie.aero\/index.php\/ro\/studenti-internationali-admitere\/","og_site_name":"Alumni Politehnica Aerospace Engineering","article_publisher":"https:\/\/www.facebook.com\/groups\/InginerieAerospatiala\/","article_modified_time":"2019-06-19T10:21:00+00:00","twitter_card":"summary_large_image","twitter_misc":{"Timp estimat pentru citire":"5 minute"},"schema":{"@context":"https:\/\/schema.org","@graph":[{"@type":"WebPage","@id":"https:\/\/inginerie.aero\/index.php\/ro\/studenti-internationali-admitere\/","url":"https:\/\/inginerie.aero\/index.php\/ro\/studenti-internationali-admitere\/","name":"Studen\u021bi interna\u021bionali - Admitere - Alumni Politehnica Aerospace Engineering","isPartOf":{"@id":"https:\/\/inginerie.aero\/#website"},"datePublished":"2017-04-22T15:24:09+00:00","dateModified":"2019-06-19T10:21:00+00:00","breadcrumb":{"@id":"https:\/\/inginerie.aero\/index.php\/ro\/studenti-internationali-admitere\/#breadcrumb"},"inLanguage":"ro-RO","potentialAction":[{"@type":"ReadAction","target":["https:\/\/inginerie.aero\/index.php\/ro\/studenti-internationali-admitere\/"]}]},{"@type":"BreadcrumbList","@id":"https:\/\/inginerie.aero\/index.php\/ro\/studenti-internationali-admitere\/#breadcrumb","itemListElement":[{"@type":"ListItem","position":1,"name":"Acas\u0103","item":"https:\/\/inginerie.aero\/index.php\/ro\/acasa\/"},{"@type":"ListItem","position":2,"name":"Studen\u021bi interna\u021bionali &#8211; Admitere"}]},{"@type":"WebSite","@id":"https:\/\/inginerie.aero\/#website","url":"https:\/\/inginerie.aero\/","name":"Facultatea de Inginerie Aerospatiala","description":"Site-ul Asociatiei de Alumni ai Facultatii de Inginerie Aerospatiala din cadrul Universitatii POLITEHNICA Bucuresti","publisher":{"@id":"https:\/\/inginerie.aero\/#organization"},"potentialAction":[{"@type":"SearchAction","target":{"@type":"EntryPoint","urlTemplate":"https:\/\/inginerie.aero\/?s={search_term_string}"},"query-input":{"@type":"PropertyValueSpecification","valueRequired":true,"valueName":"search_term_string"}}],"inLanguage":"ro-RO"},{"@type":"Organization","@id":"https:\/\/inginerie.aero\/#organization","name":"University Politehnica of Bucharest Faculty of Aerospace Engineering","url":"https:\/\/inginerie.aero\/","logo":{"@type":"ImageObject","inLanguage":"ro-RO","@id":"https:\/\/inginerie.aero\/#\/schema\/logo\/image\/","url":"https:\/\/inginerie.aero\/wp-content\/uploads\/2017\/03\/sigla1.png","contentUrl":"https:\/\/inginerie.aero\/wp-content\/uploads\/2017\/03\/sigla1.png","width":734,"height":735,"caption":"University Politehnica of Bucharest Faculty of Aerospace Engineering"},"image":{"@id":"https:\/\/inginerie.aero\/#\/schema\/logo\/image\/"},"sameAs":["https:\/\/www.facebook.com\/groups\/InginerieAerospatiala\/"]}]}},"jetpack_sharing_enabled":true,"jetpack_shortlink":"https:\/\/wp.me\/Pbbi8l-kQ","_links":{"self":[{"href":"https:\/\/inginerie.aero\/index.php\/wp-json\/wp\/v2\/pages\/1292","targetHints":{"allow":["GET"]}}],"collection":[{"href":"https:\/\/inginerie.aero\/index.php\/wp-json\/wp\/v2\/pages"}],"about":[{"href":"https:\/\/inginerie.aero\/index.php\/wp-json\/wp\/v2\/types\/page"}],"author":[{"embeddable":true,"href":"https:\/\/inginerie.aero\/index.php\/wp-json\/wp\/v2\/users\/1"}],"replies":[{"embeddable":true,"href":"https:\/\/inginerie.aero\/index.php\/wp-json\/wp\/v2\/comments?post=1292"}],"version-history":[{"count":20,"href":"https:\/\/inginerie.aero\/index.php\/wp-json\/wp\/v2\/pages\/1292\/revisions"}],"predecessor-version":[{"id":20226,"href":"https:\/\/inginerie.aero\/index.php\/wp-json\/wp\/v2\/pages\/1292\/revisions\/20226"}],"wp:attachment":[{"href":"https:\/\/inginerie.aero\/index.php\/wp-json\/wp\/v2\/media?parent=1292"}],"wp:term":[{"taxonomy":"category","embeddable":true,"href":"https:\/\/inginerie.aero\/index.php\/wp-json\/wp\/v2\/categories?post=1292"},{"taxonomy":"post_tag","embeddable":true,"href":"https:\/\/inginerie.aero\/index.php\/wp-json\/wp\/v2\/tags?post=1292"}],"curies":[{"name":"wp","href":"https:\/\/api.w.org\/{rel}","templated":true}]}}