{"id":1419,"date":"2017-04-25T11:35:43","date_gmt":"2017-04-25T08:35:43","guid":{"rendered":"https:\/\/inginerie.aero\/?page_id=1419"},"modified":"2019-09-25T12:38:14","modified_gmt":"2019-09-25T09:38:14","slug":"best-aerospace-engineering-employer-award","status":"publish","type":"page","link":"https:\/\/inginerie.aero\/index.php\/ro\/best-aerospace-engineering-employer-award\/","title":{"rendered":"Best Aerospace Engineering Employer Award"},"content":{"rendered":"<p>[et_pb_section bb_built=&#8221;1&#8243; fullwidth=&#8221;on&#8221; specialty=&#8221;off&#8221; transparent_background=&#8221;off&#8221; allow_player_pause=&#8221;off&#8221; inner_shadow=&#8221;off&#8221; parallax=&#8221;off&#8221; parallax_method=&#8221;off&#8221; padding_mobile=&#8221;off&#8221; make_fullwidth=&#8221;off&#8221; use_custom_width=&#8221;off&#8221; width_unit=&#8221;on&#8221; make_equal=&#8221;off&#8221; use_custom_gutter=&#8221;off&#8221; background_color=&#8221;rgba(23,23,23,0.6)&#8221; custom_padding_tablet=&#8221;50px|0|50px|0&#8243; custom_padding_last_edited=&#8221;on|desktop&#8221;][et_pb_fullwidth_post_title title=&#8221;on&#8221; meta=&#8221;off&#8221; author=&#8221;off&#8221; date=&#8221;off&#8221; categories=&#8221;off&#8221; comments=&#8221;off&#8221; featured_image=&#8221;off&#8221; featured_placement=&#8221;below&#8221; parallax_effect=&#8221;on&#8221; parallax_method=&#8221;off&#8221; text_orientation=&#8221;left&#8221; text_color=&#8221;dark&#8221; text_background=&#8221;off&#8221; text_bg_color=&#8221;rgba(255,255,255,0.9)&#8221; module_bg_color=&#8221;#e3e3e3&#8243; title_all_caps=&#8221;off&#8221; use_border_color=&#8221;off&#8221; border_color=&#8221;#ffffff&#8221; border_style=&#8221;solid&#8221; parallax=&#8221;on&#8221; background_color=&#8221;#e3e3e3&#8243;]<\/p>\n<p>&nbsp;<\/p>\n<p>[\/et_pb_fullwidth_post_title][\/et_pb_section][et_pb_section bb_built=&#8221;1&#8243; transparent_background=&#8221;off&#8221; allow_player_pause=&#8221;off&#8221; inner_shadow=&#8221;off&#8221; parallax=&#8221;off&#8221; parallax_method=&#8221;on&#8221; padding_mobile=&#8221;off&#8221; make_fullwidth=&#8221;off&#8221; use_custom_width=&#8221;off&#8221; width_unit=&#8221;off&#8221; custom_width_px=&#8221;1080px&#8221; custom_width_percent=&#8221;80%&#8221; make_equal=&#8221;off&#8221; use_custom_gutter=&#8221;off&#8221; fullwidth=&#8221;off&#8221; specialty=&#8221;on&#8221; disabled=&#8221;off&#8221; custom_padding_tablet=&#8221;50px|0|50px|0&#8243; custom_padding_last_edited=&#8221;on|desktop&#8221;][et_pb_column type=&#8221;3_4&#8243; specialty_columns=&#8221;3&#8243;][et_pb_row_inner admin_label=&#8221;Row&#8221; padding_mobile=&#8221;off&#8221; use_custom_gutter=&#8221;off&#8221; make_equal=&#8221;off&#8221; column_padding_mobile=&#8221;off&#8221; parallax_1=&#8221;off&#8221; parallax_method_1=&#8221;on&#8221; parallax_2=&#8221;off&#8221; parallax_method_2=&#8221;on&#8221; parallax_3=&#8221;off&#8221; parallax_method_3=&#8221;on&#8221; disabled=&#8221;off&#8221;][et_pb_column_inner type=&#8221;4_4&#8243; saved_specialty_column_type=&#8221;3_4&#8243;][et_pb_text background_layout=&#8221;light&#8221; text_orientation=&#8221;left&#8221; use_border_color=&#8221;off&#8221; border_color=&#8221;#ffffff&#8221; border_style=&#8221;solid&#8221; _builder_version=&#8221;3.0.92&#8243;]<\/p>\n<p>&nbsp;<\/p>\n<p><img loading=\"lazy\" decoding=\"async\" class=\"size-large wp-image-2161 aligncenter\" src=\"https:\/\/inginerie.aero\/wp-content\/uploads\/2017\/04\/statuie2-689x1024.png\" alt=\"\" width=\"689\" height=\"1024\" \/><\/p>\n<p><strong>Best Aerospace Engineering Employer Award<\/strong> este un\u00a0trofeu anual acordat acelui angajator care are cei mai mul\u021bi absolven\u021bi ai Universit\u0103\u021bii Politehnica din Bucure\u0219ti &#8211; Facultatea de Inginerie Aerospa\u021bial\u0103 angaja\u021bi \u00een ultima perioad\u0103.<\/p>\n<p>[\/et_pb_text][et_pb_text background_layout=&#8221;light&#8221; text_orientation=&#8221;left&#8221; use_border_color=&#8221;off&#8221; border_color=&#8221;#ffffff&#8221; border_style=&#8221;solid&#8221; _builder_version=&#8221;3.0.92&#8243;]<\/p>\n<h3><strong>Galeria Laurea\u021bilor Best Aerospace Engineering Employer Award<\/strong><\/h3>\n<p>[\/et_pb_text][et_pb_text background_layout=&#8221;light&#8221; use_border_color=&#8221;off&#8221; _builder_version=&#8221;3.0.92&#8243;]<\/p>\n<h3>Best Aerospace Engineering Employer Award 2019 \u00a0 \u00a0 \u00a0 \u00a0 \u00a0 \u00a0 <a href=\"https:\/\/romaero.com\/\" target=\"_blank\" rel=\"noopener noreferrer\">ROMAERO SA<\/a><\/h3>\n<h3>Best Aerospace Engineering Employer Award 2018\u00a0 \u00a0 \u00a0 \u00a0 \u00a0 \u00a0 \u00a0<a href=\"http:\/\/www.incas.ro\/\" target=\"_blank\" rel=\"noopener noreferrer\">INCAS<\/a><\/h3>\n<h3>Best Aerospace Engineering Employer Award 2017\u00a0 \u00a0 \u00a0 \u00a0 \u00a0 \u00a0 \u00a0<a href=\"http:\/\/www.aerostar.ro\/\" target=\"_blank\" rel=\"noopener noreferrer\">Aerostar SA<\/a><\/h3>\n<h3>Best Aerospace Engineering Employer Award 2016 \u00a0 \u00a0 \u00a0 \u00a0 \u00a0 \u00a0 <a href=\"https:\/\/www.blueairweb.com\/\" target=\"_blank\" rel=\"noopener noreferrer\">Blue Air<\/a><\/h3>\n<p>[\/et_pb_text][et_pb_text background_layout=&#8221;light&#8221; use_border_color=&#8221;off&#8221; _builder_version=&#8221;3.0.92&#8243;]<\/p>\n<p><strong>Regulamentul Competi\u021biei<\/strong><\/p>\n<p>Regulamentul \u0219i mecanismul acestui concurs aprobate \u00een \u0219edin\u021ba BEF din 22 martie 2017 (modificat \u00een \u0219edin\u021bele BEF din 13 septembrie 2017 \u0219i 12 decembrie 2018) sunt urm\u0103toarele:<\/p>\n<ol>\n<li>\u00cen baza de date de alumni a facult\u0103\u021bii se num\u0103r\u0103 c\u00e2\u021bi absolven\u021bi de licen\u021b\u0103, master \u0219i doctorat lucreaz\u0103 la fiecare angajator, p\u00e2n\u0103 la o anumit\u0103 dat\u0103 a anului (<strong>31<span style=\"text-decoration: underline;\"> august<\/span><\/strong>). \u00cen acest proces, sunt implica\u021bi \u0219i alumni pentru a valida informa\u021bia din baza de date \u0219i pentru a o actualiza.<\/li>\n<li>Se calculeaz\u0103 un index care s\u0103 favorizeze angaj\u0103rile mai recente, pe o fereastr\u0103 alunec\u0103toare de timp de <strong>5\u00a0ani<\/strong>.<\/li>\n<li>\u00cen calculul indexului se dau ponderi pentru tipul de diplom\u0103 astfel: <strong>1<\/strong> pentru ingineri, <strong>2<\/strong> pentru absolven\u021bii de master \u0219i <strong>4<\/strong> pentru doctori.<\/li>\n<li>Un absolvent care era deja angajat la momentul absolvirii intr\u0103 \u00een calcul, ca \u0219i un absolvent care a fost angajat ulterior absolvirii. \u00cen acest mod, se privilegiaz\u0103 angajatorii care \u00ee\u0219i sus\u021bin practic angaja\u021bii s\u0103-\u0219i continue studiile. Spre exemplu, un angajat inginer care a terminat \u00eentre timp \u0219i masterul intr\u0103 cu ponderea 3 (1 pentru c\u0103 a fost angajat ca inginer acum 3 ani \u0219i 2 pentru c\u0103 la absolvirea masteratului era angajat).<\/li>\n<li>Dup\u0103 ce se face ierarhia, se propune angajatorului acceptarea trofeului \u00eentr-un cadru festiv, la festivitatea de deschidere a anului universitar la facultate. Angajatorul va fi invitat \u0219i va fi rugat s\u0103 participe inclusiv cu acei alumni pe care i-a angajat.<\/li>\n<li>Momentul acord\u0103rii trofeului este unul special. El aduce at\u00e2t capital de imagine pentru toate p\u0103r\u021bile (universitate, facultate, angajator), dar mai ales capital motiva\u021bional. Astfel, tinerii boboci v\u0103d pe viu tineri care au reu\u0219it profesional f\u0103c\u00e2nd aceast\u0103 facultate. Reprezentantul angajatorului care prime\u0219te trofeul va fi invitat s\u0103 vorbeasc\u0103, dar \u0219i tinerii alumni.<\/li>\n<li>Acordarea trofeului ar putea avea \u0219i ecou \u00een media, cu mai multe valen\u021be pozitive.<\/li>\n<\/ol>\n<p>Avantajele \u0219i valen\u021bele mediatice pozitive ale concursului sunt urm\u0103toarele:<\/p>\n<ul>\n<li>Universitatea \u0219i facultatea demonstreaz\u0103 public c\u0103 se str\u0103duiesc s\u0103 asigure locuri de munc\u0103 absolven\u021bilor (acest lucru este cert, \u00eens\u0103 nu este perceput cu acurate\u021be de studen\u021bi, de prospec\u021bi \u0219i de societate \u00een general). Eforturile care se fac sunt deseori neevidente.<\/li>\n<li>Circul\u0103 ideea c\u0103 absolven\u021bii cu studii superioare nu-\u0219i pot g\u0103si de lucru. Concursul contrazice decisiv aceast\u0103 marot\u0103. \u00cen orice caz, inginerii \u00ee\u0219i g\u0103sesc de lucru. Exist\u0103 mai mul\u021bi angajatori, care concureaz\u0103 implicit pentru acest trofeu, angaj\u00e2nd c\u00e2t mai mul\u021bi absolven\u021bi.<\/li>\n<li>Se probeaz\u0103 c\u0103 \u00eenc\u0103 exist\u0103 industrie, exist\u0103 angajatori importan\u021bi (\u00een ciuda unor percep\u021bii sceptice care infesteaz\u0103 uneori mass media \u0219i re\u021belele sociale). Se pot aduce \u00een aten\u021bia mediatic\u0103 angajatori noi pe pia\u021b\u0103. Dinamica economiei rom\u00e2ne\u0219ti \u00een domeniul industrial este \u0219i va r\u0103m\u00e2ne pozitiv\u0103, mai cu seam\u0103 \u00een industriile aeronautic\u0103, a transportului aerian \u0219i a astronauticii.<\/li>\n<li>Bobocii \u0219i studen\u021bii v\u0103d clar un drum profesional pentru ei, un exemplu concret \u0219i pot interac\u021biona cu colegii lor mai mari. Beneficiul motiva\u021bional este cert.<\/li>\n<li>Absolven\u021bii se v\u0103d \u00een lumina reflectoarelor la facultatea pe care au absolvit-o, ceea ce cre\u0219te sentimentul lor de apartenen\u021b\u0103 la comunitatea academic\u0103, m\u00e2ndria de a fi politehnist \u0219i aeronavist \u0219i porne\u0219te un cerc virtuos de implicare \u00een via\u021ba universit\u0103\u021bii \u0219i a facult\u0103\u021bii.<\/li>\n<li>Se \u00eencurajeaz\u0103 \u0219i se intensific\u0103 rela\u021bia cu alumni, \u00eentre\u021binerea bazei de date de alumni, se creaz\u0103 mai mult interes chiar din partea absolven\u021bilor s\u0103 se \u00eenregistreze \u00een baza de date a facult\u0103\u021bii.<\/li>\n<li>\u00cen conjunctura de ast\u0103zi, \u00een care angajatorii dedic\u0103 bugete pentru a ob\u021bine favorabilitate pe pia\u021ba muncii, c\u0103ut\u00e2nd s\u0103 intereseze \u0219i s\u0103 atrag\u0103 tineri de bun\u0103 calitate profesional\u0103, un astfel de trofeu ar putea deveni o lovitur\u0103 de imagine pentru ei \u0219i, dup\u0103 c\u00e2\u021biva ani, concursul ar putea chiar s\u0103 capete un interes special din partea lor.<\/li>\n<li>Faptul c\u0103 angajatorii invita\u021bi la ridicarea trofeului sunt ruga\u021bi s\u0103-\u0219i spun\u0103 p\u0103rerea este de natur\u0103 s\u0103 mai atenueze din unele frustr\u0103ri care exist\u0103 \u00een r\u00e2ndul acestora, c\u0103 profesorii nu \u021bin cont de p\u0103rerea lor. \u00cen general angajatorii sunt nemul\u021bumi\u021bi c\u0103 absolven\u021bii nu \u0219tiu meserie \u0219i c\u0103 ei trebuie s\u0103-i preg\u0103teasc\u0103, uit\u00e2nd c\u0103 rolul principal al universit\u0103\u021bii este formativ, nu informativ \u0219i uit\u00e2nd c\u0103 stagiatura este obligatorie ca etap\u0103 de finalizare a unei preg\u0103tiri profesionale. Privilegiind \u00een acest dialog angajatorii care au ob\u021binut premiul, se va acorda pondere opiniilor mai favorabile universit\u0103\u021bii \u0219i facult\u0103\u021bii.<\/li>\n<li>Cre\u0219te vizibilitatea universit\u0103\u021bii \u0219i a facult\u0103\u021bii \u00een industrie, \u00eentre angajatori. Astfel, universitatea, ca lider na\u021bional \u00een \u00eenv\u0103\u021b\u0103m\u00e2ntul superior tehnic, \u00ee\u0219i atribuie un rol de \u201darbitru\u201d \u00een acordarea unui premiu, pe reguli obiective, incontestabile, transparente \u0219i clare, ceea ce trebuie s\u0103 elimine orice suspiciune \u0219i s\u0103 legitimeze acest rol.<\/li>\n<li>Cre\u0219te vizibilitatea unor angajatori \u00een comunitatea academic\u0103 \u0219i poten\u021bialul \u00eencherii unor acorduri \u0219i parteneriate directe.<\/li>\n<\/ul>\n<p>\u00cen \u0219edin\u021ba BEF din 13 sep 2017 s-a decis ca data de referin\u021b\u0103 s\u0103 fie <strong>31 august<\/strong> \u00een loc de 31 decembrie (Art. 1), pentru a face relevante angaj\u0103rile cele mai recente din anul respectiv. De asemenea la Art. 5 s-a fixat deschiderea anului universitar ca dat\u0103 de acordare. \u00cen vechea form\u0103 a regulamentului era op\u021bional (\u201dde regul\u0103 la festivitatea de deschidere\u201d).<\/p>\n<p>\u00cen \u0219edin\u021ba BEF din 12 dec 2018 s-a decis schimbarea metodei de colectare a datelor din baza de date de alumni \u0219i anume \u00een loc de chestionarele transmise angajatorilor, se va contabiliza <strong>num\u0103rul de <a href=\"https:\/\/inginerie.aero\/index.php\/ro\/promotiile-invatamantului-superior-de-aviatie\/membrii-apae\/\" target=\"_blank\" rel=\"noopener noreferrer\">membri juniori ai Asocia\u021biei Alumni Politehnica Aerospace Engineering<\/a><\/strong>, care pun la dispozi\u021bie ei \u00een\u0219i\u0219i (prin adeziunea la organiza\u021bie) informa\u021bia unde sunt angaja\u021bi. Men\u021bion\u0103m c\u0103 \u00een cazul membrilor juniori (timp de 5 ani de la absolvire), cotiza\u021bia este zero. Din cauza Regulamentului GDPR, angajatorii nu mai pot furniza aceste informa\u021bii facult\u0103\u021bii. De asemenea, s-a prelungit perioada de la <strong>4 ani la 5 ani<\/strong>, pentru a echivala calitatea de membru junior al Asocia\u021biei Alumni cu contabilizarea num\u0103rului de angaja\u021bi.<\/p>\n<p>[\/et_pb_text][\/et_pb_column_inner][\/et_pb_row_inner][\/et_pb_column][et_pb_column type=&#8221;1_4&#8243;][et_pb_text background_layout=&#8221;light&#8221; text_orientation=&#8221;left&#8221; header_font_size=&#8221;49px&#8221; use_border_color=&#8221;off&#8221; border_style=&#8221;solid&#8221; disabled=&#8221;off&#8221;]<\/p>\n<p>Anunturi<\/p>\n<p>[\/et_pb_text][et_pb_divider color=&#8221;#bfbfbf&#8221; divider_style=&#8221;solid&#8221; divider_position=&#8221;top&#8221; divider_weight=&#8221;1px&#8221; hide_on_mobile=&#8221;on&#8221; disabled=&#8221;off&#8221;]<\/p>\n<p>&nbsp;<\/p>\n<p>[\/et_pb_divider][et_pb_blog fullwidth=&#8221;off&#8221; include_categories=&#8221;11&#8243; show_thumbnail=&#8221;off&#8221; show_content=&#8221;off&#8221; show_more=&#8221;on&#8221; show_author=&#8221;on&#8221; show_date=&#8221;on&#8221; show_categories=&#8221;off&#8221; show_comments=&#8221;off&#8221; show_pagination=&#8221;off&#8221; offset_number=&#8221;0&#8243; use_overlay=&#8221;off&#8221; background_layout=&#8221;light&#8221; use_dropshadow=&#8221;on&#8221; use_border_color=&#8221;off&#8221; border_color=&#8221;#ffffff&#8221; border_style=&#8221;solid&#8221; disabled=&#8221;off&#8221;]<\/p>\n<p>&nbsp;<\/p>\n<p>[\/et_pb_blog][\/et_pb_column][\/et_pb_section]<\/p>\n","protected":false},"excerpt":{"rendered":"<p>&nbsp; &nbsp; Best Aerospace Engineering Employer Award este un\u00a0trofeu anual acordat acelui angajator care are cei mai mul\u021bi absolven\u021bi ai Universit\u0103\u021bii Politehnica din Bucure\u0219ti &#8211; Facultatea de Inginerie Aerospa\u021bial\u0103 angaja\u021bi \u00een ultima perioad\u0103. Galeria Laurea\u021bilor Best Aerospace Engineering Employer Award Best Aerospace Engineering Employer Award 2019 \u00a0 \u00a0 \u00a0 \u00a0 \u00a0 \u00a0 ROMAERO SA Best [&hellip;]<\/p>\n","protected":false},"author":5,"featured_media":0,"parent":0,"menu_order":0,"comment_status":"closed","ping_status":"closed","template":"","meta":{"_et_pb_use_builder":"on","_et_pb_old_content":"","_et_gb_content_width":"","jetpack_post_was_ever_published":false,"footnotes":"","_links_to":"","_links_to_target":""},"categories":[],"tags":[],"class_list":["post-1419","page","type-page","status-publish","hentry"],"yoast_head":"<!-- This site is optimized with the Yoast SEO plugin v24.3 - https:\/\/yoast.com\/wordpress\/plugins\/seo\/ -->\n<title>Best Aerospace Engineering Employer Award - Alumni Politehnica Aerospace Engineering<\/title>\n<meta name=\"robots\" content=\"index, follow, max-snippet:-1, max-image-preview:large, max-video-preview:-1\" \/>\n<link rel=\"canonical\" href=\"https:\/\/inginerie.aero\/index.php\/ro\/best-aerospace-engineering-employer-award\/\" \/>\n<meta property=\"og:locale\" content=\"ro_RO\" \/>\n<meta property=\"og:type\" content=\"article\" \/>\n<meta property=\"og:title\" content=\"Best Aerospace Engineering Employer Award - Alumni Politehnica Aerospace Engineering\" \/>\n<meta property=\"og:description\" content=\"&nbsp; &nbsp; Best Aerospace Engineering Employer Award este un\u00a0trofeu anual acordat acelui angajator care are cei mai mul\u021bi absolven\u021bi ai Universit\u0103\u021bii Politehnica din Bucure\u0219ti - Facultatea de Inginerie Aerospa\u021bial\u0103 angaja\u021bi \u00een ultima perioad\u0103. Galeria Laurea\u021bilor Best Aerospace Engineering Employer Award Best Aerospace Engineering Employer Award 2019 \u00a0 \u00a0 \u00a0 \u00a0 \u00a0 \u00a0 ROMAERO SA Best [&hellip;]\" \/>\n<meta property=\"og:url\" content=\"https:\/\/inginerie.aero\/index.php\/ro\/best-aerospace-engineering-employer-award\/\" \/>\n<meta property=\"og:site_name\" content=\"Alumni Politehnica Aerospace Engineering\" \/>\n<meta property=\"article:publisher\" content=\"https:\/\/www.facebook.com\/groups\/InginerieAerospatiala\/\" \/>\n<meta property=\"article:modified_time\" content=\"2019-09-25T09:38:14+00:00\" \/>\n<meta property=\"og:image\" content=\"https:\/\/inginerie.aero\/wp-content\/uploads\/2017\/04\/statuie2-689x1024.png\" \/>\n<meta name=\"twitter:card\" content=\"summary_large_image\" \/>\n<meta name=\"twitter:label1\" content=\"Timp estimat pentru citire\" \/>\n\t<meta name=\"twitter:data1\" content=\"8 minute\" \/>\n<script type=\"application\/ld+json\" class=\"yoast-schema-graph\">{\"@context\":\"https:\/\/schema.org\",\"@graph\":[{\"@type\":\"WebPage\",\"@id\":\"https:\/\/inginerie.aero\/index.php\/ro\/best-aerospace-engineering-employer-award\/\",\"url\":\"https:\/\/inginerie.aero\/index.php\/ro\/best-aerospace-engineering-employer-award\/\",\"name\":\"Best Aerospace Engineering Employer Award - Alumni Politehnica Aerospace Engineering\",\"isPartOf\":{\"@id\":\"https:\/\/inginerie.aero\/#website\"},\"primaryImageOfPage\":{\"@id\":\"https:\/\/inginerie.aero\/index.php\/ro\/best-aerospace-engineering-employer-award\/#primaryimage\"},\"image\":{\"@id\":\"https:\/\/inginerie.aero\/index.php\/ro\/best-aerospace-engineering-employer-award\/#primaryimage\"},\"thumbnailUrl\":\"https:\/\/inginerie.aero\/wp-content\/uploads\/2017\/04\/statuie2-689x1024.png\",\"datePublished\":\"2017-04-25T08:35:43+00:00\",\"dateModified\":\"2019-09-25T09:38:14+00:00\",\"breadcrumb\":{\"@id\":\"https:\/\/inginerie.aero\/index.php\/ro\/best-aerospace-engineering-employer-award\/#breadcrumb\"},\"inLanguage\":\"ro-RO\",\"potentialAction\":[{\"@type\":\"ReadAction\",\"target\":[\"https:\/\/inginerie.aero\/index.php\/ro\/best-aerospace-engineering-employer-award\/\"]}]},{\"@type\":\"ImageObject\",\"inLanguage\":\"ro-RO\",\"@id\":\"https:\/\/inginerie.aero\/index.php\/ro\/best-aerospace-engineering-employer-award\/#primaryimage\",\"url\":\"https:\/\/inginerie.aero\/wp-content\/uploads\/2017\/04\/statuie2-689x1024.png\",\"contentUrl\":\"https:\/\/inginerie.aero\/wp-content\/uploads\/2017\/04\/statuie2-689x1024.png\"},{\"@type\":\"BreadcrumbList\",\"@id\":\"https:\/\/inginerie.aero\/index.php\/ro\/best-aerospace-engineering-employer-award\/#breadcrumb\",\"itemListElement\":[{\"@type\":\"ListItem\",\"position\":1,\"name\":\"Acas\u0103\",\"item\":\"https:\/\/inginerie.aero\/index.php\/ro\/acasa\/\"},{\"@type\":\"ListItem\",\"position\":2,\"name\":\"Best Aerospace Engineering Employer Award\"}]},{\"@type\":\"WebSite\",\"@id\":\"https:\/\/inginerie.aero\/#website\",\"url\":\"https:\/\/inginerie.aero\/\",\"name\":\"Facultatea de Inginerie Aerospatiala\",\"description\":\"Site-ul Asociatiei de Alumni ai Facultatii de Inginerie Aerospatiala din cadrul Universitatii POLITEHNICA Bucuresti\",\"publisher\":{\"@id\":\"https:\/\/inginerie.aero\/#organization\"},\"potentialAction\":[{\"@type\":\"SearchAction\",\"target\":{\"@type\":\"EntryPoint\",\"urlTemplate\":\"https:\/\/inginerie.aero\/?s={search_term_string}\"},\"query-input\":{\"@type\":\"PropertyValueSpecification\",\"valueRequired\":true,\"valueName\":\"search_term_string\"}}],\"inLanguage\":\"ro-RO\"},{\"@type\":\"Organization\",\"@id\":\"https:\/\/inginerie.aero\/#organization\",\"name\":\"University Politehnica of Bucharest Faculty of Aerospace Engineering\",\"url\":\"https:\/\/inginerie.aero\/\",\"logo\":{\"@type\":\"ImageObject\",\"inLanguage\":\"ro-RO\",\"@id\":\"https:\/\/inginerie.aero\/#\/schema\/logo\/image\/\",\"url\":\"https:\/\/inginerie.aero\/wp-content\/uploads\/2017\/03\/sigla1.png\",\"contentUrl\":\"https:\/\/inginerie.aero\/wp-content\/uploads\/2017\/03\/sigla1.png\",\"width\":734,\"height\":735,\"caption\":\"University Politehnica of Bucharest Faculty of Aerospace Engineering\"},\"image\":{\"@id\":\"https:\/\/inginerie.aero\/#\/schema\/logo\/image\/\"},\"sameAs\":[\"https:\/\/www.facebook.com\/groups\/InginerieAerospatiala\/\"]}]}<\/script>\n<!-- \/ Yoast SEO plugin. -->","yoast_head_json":{"title":"Best Aerospace Engineering Employer Award - Alumni Politehnica Aerospace Engineering","robots":{"index":"index","follow":"follow","max-snippet":"max-snippet:-1","max-image-preview":"max-image-preview:large","max-video-preview":"max-video-preview:-1"},"canonical":"https:\/\/inginerie.aero\/index.php\/ro\/best-aerospace-engineering-employer-award\/","og_locale":"ro_RO","og_type":"article","og_title":"Best Aerospace Engineering Employer Award - Alumni Politehnica Aerospace Engineering","og_description":"&nbsp; &nbsp; Best Aerospace Engineering Employer Award este un\u00a0trofeu anual acordat acelui angajator care are cei mai mul\u021bi absolven\u021bi ai Universit\u0103\u021bii Politehnica din Bucure\u0219ti - Facultatea de Inginerie Aerospa\u021bial\u0103 angaja\u021bi \u00een ultima perioad\u0103. Galeria Laurea\u021bilor Best Aerospace Engineering Employer Award Best Aerospace Engineering Employer Award 2019 \u00a0 \u00a0 \u00a0 \u00a0 \u00a0 \u00a0 ROMAERO SA Best [&hellip;]","og_url":"https:\/\/inginerie.aero\/index.php\/ro\/best-aerospace-engineering-employer-award\/","og_site_name":"Alumni Politehnica Aerospace Engineering","article_publisher":"https:\/\/www.facebook.com\/groups\/InginerieAerospatiala\/","article_modified_time":"2019-09-25T09:38:14+00:00","og_image":[{"url":"https:\/\/inginerie.aero\/wp-content\/uploads\/2017\/04\/statuie2-689x1024.png","type":"","width":"","height":""}],"twitter_card":"summary_large_image","twitter_misc":{"Timp estimat pentru citire":"8 minute"},"schema":{"@context":"https:\/\/schema.org","@graph":[{"@type":"WebPage","@id":"https:\/\/inginerie.aero\/index.php\/ro\/best-aerospace-engineering-employer-award\/","url":"https:\/\/inginerie.aero\/index.php\/ro\/best-aerospace-engineering-employer-award\/","name":"Best Aerospace Engineering Employer Award - Alumni Politehnica Aerospace Engineering","isPartOf":{"@id":"https:\/\/inginerie.aero\/#website"},"primaryImageOfPage":{"@id":"https:\/\/inginerie.aero\/index.php\/ro\/best-aerospace-engineering-employer-award\/#primaryimage"},"image":{"@id":"https:\/\/inginerie.aero\/index.php\/ro\/best-aerospace-engineering-employer-award\/#primaryimage"},"thumbnailUrl":"https:\/\/inginerie.aero\/wp-content\/uploads\/2017\/04\/statuie2-689x1024.png","datePublished":"2017-04-25T08:35:43+00:00","dateModified":"2019-09-25T09:38:14+00:00","breadcrumb":{"@id":"https:\/\/inginerie.aero\/index.php\/ro\/best-aerospace-engineering-employer-award\/#breadcrumb"},"inLanguage":"ro-RO","potentialAction":[{"@type":"ReadAction","target":["https:\/\/inginerie.aero\/index.php\/ro\/best-aerospace-engineering-employer-award\/"]}]},{"@type":"ImageObject","inLanguage":"ro-RO","@id":"https:\/\/inginerie.aero\/index.php\/ro\/best-aerospace-engineering-employer-award\/#primaryimage","url":"https:\/\/inginerie.aero\/wp-content\/uploads\/2017\/04\/statuie2-689x1024.png","contentUrl":"https:\/\/inginerie.aero\/wp-content\/uploads\/2017\/04\/statuie2-689x1024.png"},{"@type":"BreadcrumbList","@id":"https:\/\/inginerie.aero\/index.php\/ro\/best-aerospace-engineering-employer-award\/#breadcrumb","itemListElement":[{"@type":"ListItem","position":1,"name":"Acas\u0103","item":"https:\/\/inginerie.aero\/index.php\/ro\/acasa\/"},{"@type":"ListItem","position":2,"name":"Best Aerospace Engineering Employer Award"}]},{"@type":"WebSite","@id":"https:\/\/inginerie.aero\/#website","url":"https:\/\/inginerie.aero\/","name":"Facultatea de Inginerie Aerospatiala","description":"Site-ul Asociatiei de Alumni ai Facultatii de Inginerie Aerospatiala din cadrul Universitatii POLITEHNICA Bucuresti","publisher":{"@id":"https:\/\/inginerie.aero\/#organization"},"potentialAction":[{"@type":"SearchAction","target":{"@type":"EntryPoint","urlTemplate":"https:\/\/inginerie.aero\/?s={search_term_string}"},"query-input":{"@type":"PropertyValueSpecification","valueRequired":true,"valueName":"search_term_string"}}],"inLanguage":"ro-RO"},{"@type":"Organization","@id":"https:\/\/inginerie.aero\/#organization","name":"University Politehnica of Bucharest Faculty of Aerospace Engineering","url":"https:\/\/inginerie.aero\/","logo":{"@type":"ImageObject","inLanguage":"ro-RO","@id":"https:\/\/inginerie.aero\/#\/schema\/logo\/image\/","url":"https:\/\/inginerie.aero\/wp-content\/uploads\/2017\/03\/sigla1.png","contentUrl":"https:\/\/inginerie.aero\/wp-content\/uploads\/2017\/03\/sigla1.png","width":734,"height":735,"caption":"University Politehnica of Bucharest Faculty of Aerospace Engineering"},"image":{"@id":"https:\/\/inginerie.aero\/#\/schema\/logo\/image\/"},"sameAs":["https:\/\/www.facebook.com\/groups\/InginerieAerospatiala\/"]}]}},"jetpack_sharing_enabled":true,"jetpack_shortlink":"https:\/\/wp.me\/Pbbi8l-mT","_links":{"self":[{"href":"https:\/\/inginerie.aero\/index.php\/wp-json\/wp\/v2\/pages\/1419","targetHints":{"allow":["GET"]}}],"collection":[{"href":"https:\/\/inginerie.aero\/index.php\/wp-json\/wp\/v2\/pages"}],"about":[{"href":"https:\/\/inginerie.aero\/index.php\/wp-json\/wp\/v2\/types\/page"}],"author":[{"embeddable":true,"href":"https:\/\/inginerie.aero\/index.php\/wp-json\/wp\/v2\/users\/5"}],"replies":[{"embeddable":true,"href":"https:\/\/inginerie.aero\/index.php\/wp-json\/wp\/v2\/comments?post=1419"}],"version-history":[{"count":14,"href":"https:\/\/inginerie.aero\/index.php\/wp-json\/wp\/v2\/pages\/1419\/revisions"}],"predecessor-version":[{"id":22332,"href":"https:\/\/inginerie.aero\/index.php\/wp-json\/wp\/v2\/pages\/1419\/revisions\/22332"}],"wp:attachment":[{"href":"https:\/\/inginerie.aero\/index.php\/wp-json\/wp\/v2\/media?parent=1419"}],"wp:term":[{"taxonomy":"category","embeddable":true,"href":"https:\/\/inginerie.aero\/index.php\/wp-json\/wp\/v2\/categories?post=1419"},{"taxonomy":"post_tag","embeddable":true,"href":"https:\/\/inginerie.aero\/index.php\/wp-json\/wp\/v2\/tags?post=1419"}],"curies":[{"name":"wp","href":"https:\/\/api.w.org\/{rel}","templated":true}]}}