{"id":23944,"date":"2020-01-14T17:51:46","date_gmt":"2020-01-14T15:51:46","guid":{"rendered":"https:\/\/inginerie.aero\/?page_id=23944"},"modified":"2020-01-14T17:51:46","modified_gmt":"2020-01-14T15:51:46","slug":"about-engineering","status":"publish","type":"page","link":"https:\/\/inginerie.aero\/index.php\/en\/about-engineering\/","title":{"rendered":"About Engineering"},"content":{"rendered":"<p>[et_pb_section bb_built=&#8221;1&#8243; fullwidth=&#8221;on&#8221; specialty=&#8221;off&#8221; transparent_background=&#8221;off&#8221; allow_player_pause=&#8221;off&#8221; inner_shadow=&#8221;off&#8221; parallax=&#8221;off&#8221; parallax_method=&#8221;off&#8221; padding_mobile=&#8221;off&#8221; make_fullwidth=&#8221;off&#8221; use_custom_width=&#8221;off&#8221; width_unit=&#8221;on&#8221; make_equal=&#8221;off&#8221; use_custom_gutter=&#8221;off&#8221; background_color=&#8221;rgba(23,23,23,0.6)&#8221; custom_padding_tablet=&#8221;50px|0|50px|0&#8243; custom_padding_last_edited=&#8221;on|desktop&#8221;][et_pb_fullwidth_post_title title=&#8221;on&#8221; meta=&#8221;off&#8221; author=&#8221;off&#8221; date=&#8221;off&#8221; categories=&#8221;off&#8221; comments=&#8221;off&#8221; featured_image=&#8221;off&#8221; featured_placement=&#8221;below&#8221; parallax_effect=&#8221;on&#8221; parallax_method=&#8221;off&#8221; text_orientation=&#8221;left&#8221; text_color=&#8221;dark&#8221; text_background=&#8221;off&#8221; text_bg_color=&#8221;rgba(255,255,255,0.9)&#8221; module_bg_color=&#8221;#e3e3e3&#8243; title_all_caps=&#8221;off&#8221; use_border_color=&#8221;off&#8221; border_color=&#8221;#ffffff&#8221; border_style=&#8221;solid&#8221; parallax=&#8221;on&#8221; background_color=&#8221;#e3e3e3&#8243; \/][\/et_pb_section][et_pb_section bb_built=&#8221;1&#8243; transparent_background=&#8221;off&#8221; allow_player_pause=&#8221;off&#8221; inner_shadow=&#8221;off&#8221; parallax=&#8221;off&#8221; parallax_method=&#8221;on&#8221; padding_mobile=&#8221;off&#8221; make_fullwidth=&#8221;off&#8221; use_custom_width=&#8221;off&#8221; width_unit=&#8221;off&#8221; custom_width_px=&#8221;1080px&#8221; custom_width_percent=&#8221;80%&#8221; make_equal=&#8221;off&#8221; use_custom_gutter=&#8221;off&#8221; fullwidth=&#8221;off&#8221; specialty=&#8221;on&#8221; disabled=&#8221;off&#8221; custom_padding_tablet=&#8221;50px|0|50px|0&#8243; custom_padding_last_edited=&#8221;on|desktop&#8221;][et_pb_column type=&#8221;3_4&#8243; specialty_columns=&#8221;3&#8243;][et_pb_row_inner admin_label=&#8221;Row&#8221; padding_mobile=&#8221;off&#8221; use_custom_gutter=&#8221;off&#8221; make_equal=&#8221;off&#8221; column_padding_mobile=&#8221;off&#8221; parallax_1=&#8221;off&#8221; parallax_method_1=&#8221;on&#8221; parallax_2=&#8221;off&#8221; parallax_method_2=&#8221;on&#8221; parallax_3=&#8221;off&#8221; parallax_method_3=&#8221;on&#8221; disabled=&#8221;off&#8221;][et_pb_column_inner type=&#8221;4_4&#8243; saved_specialty_column_type=&#8221;3_4&#8243;][et_pb_text admin_label=&#8221;von Karman&#8221; _builder_version=&#8221;3.0.92&#8243; background_layout=&#8221;light&#8221;]<\/p>\n<p>&nbsp;<\/p>\n<h3>Theodore von K\u00e1rm\u00e1n<\/h3>\n<p>(aerospace engineer, mathematician and physicist, 1881-1963)<\/p>\n<p>\u201dScientists discover the world that exists; engineers create the world that never was.\u201d<\/p>\n<p>&nbsp;<\/p>\n<p>[\/et_pb_text][et_pb_text admin_label=&#8221;Elon Musk&#8221; _builder_version=&#8221;3.0.92&#8243; background_layout=&#8221;light&#8221;]<\/p>\n<p>&nbsp;<\/p>\n<h3>Elon Musk<\/h3>\n<p>(needs no introduction)<\/p>\n<p><img loading=\"lazy\" decoding=\"async\" class=\"alignnone size-large wp-image-20373\" src=\"https:\/\/inginerie.aero\/wp-content\/uploads\/2019\/06\/Tweet_ElonMusk-1024x173.jpg\" alt=\"\" width=\"1024\" height=\"173\" srcset=\"https:\/\/inginerie.aero\/wp-content\/uploads\/2019\/06\/Tweet_ElonMusk-1024x173.jpg 1024w, https:\/\/inginerie.aero\/wp-content\/uploads\/2019\/06\/Tweet_ElonMusk-300x51.jpg 300w, https:\/\/inginerie.aero\/wp-content\/uploads\/2019\/06\/Tweet_ElonMusk-768x130.jpg 768w, https:\/\/inginerie.aero\/wp-content\/uploads\/2019\/06\/Tweet_ElonMusk-1080x182.jpg 1080w, https:\/\/inginerie.aero\/wp-content\/uploads\/2019\/06\/Tweet_ElonMusk-610x103.jpg 610w, https:\/\/inginerie.aero\/wp-content\/uploads\/2019\/06\/Tweet_ElonMusk.jpg 1528w\" sizes=\"(max-width: 1024px) 100vw, 1024px\" \/><\/p>\n<p>&nbsp;<\/p>\n<p>[\/et_pb_text][et_pb_text admin_label=&#8221;Hoover&#8221; background_layout=&#8221;light&#8221; text_orientation=&#8221;justified&#8221; use_border_color=&#8221;off&#8221; _builder_version=&#8221;3.0.92&#8243;]<\/p>\n<h3>Herbert Hoover<\/h3>\n<p>(engineer, the 31st President of the United States, 1874 \u2013 1964)<\/p>\n<p><img loading=\"lazy\" decoding=\"async\" class=\"alignnone size-full wp-image-8757\" src=\"https:\/\/inginerie.aero\/wp-content\/uploads\/2018\/02\/herbert-hoover_1200x675-768x432.jpg\" alt=\"\" width=\"768\" height=\"432\" srcset=\"https:\/\/inginerie.aero\/wp-content\/uploads\/2018\/02\/herbert-hoover_1200x675-768x432.jpg 768w, https:\/\/inginerie.aero\/wp-content\/uploads\/2018\/02\/herbert-hoover_1200x675-768x432-300x169.jpg 300w, https:\/\/inginerie.aero\/wp-content\/uploads\/2018\/02\/herbert-hoover_1200x675-768x432-610x343.jpg 610w\" sizes=\"(max-width: 768px) 100vw, 768px\" \/><\/p>\n<p>&nbsp;<\/p>\n<p><em>\u201cIt is a great profession. There is the fascination of watching a figment of the imagination emerge through the aid of science to a plan on paper. Then it moves to realization in stone or metal or energy. Then it brings jobs and homes to men. Then it elevates the standards of living and adds to the comforts of life. That is the engineer\u2019s high privilege.<\/em><\/p>\n<p><em>The great liability of the engineer compared to men of other professions is that his works are out in the open where all can see them. His acts, step by step, are in hard substance. He cannot bury his mistakes in the grave like the doctors. He cannot argue them into thin air or blame the judge like the lawyers. He cannot, like the architects, cover his failures with trees and vines. He cannot, like the politicians, screen his shortcomings by blaming his opponents and hope the people will forget. The engineer simply cannot deny he did it. If his works do not work, he is damned\u2026<\/em><\/p>\n<p><em>On the other hand, unlike the doctor his is not a life among the weak. Unlike the soldier, destruction is not his purpose. Unlike the lawyer, quarrels are not his daily bread. To the engineer falls the job of clothing the bare bones of science with life, comfort, and hope. No doubt as years go by the people forget which engineer did it, even if they ever knew. Or some politician puts his name on it. Or they credit it to some promoter who used other people\u2019s money . . . But the engineer himself looks back at the unending stream of goodness which flows from his successes with satisfactions that few professions may know. And the verdict of his fellow professionals is all the accolade he wants.\u201d<\/em><\/p>\n<p>&nbsp;<\/p>\n<p>&nbsp;<\/p>\n<p>[\/et_pb_text][\/et_pb_column_inner][\/et_pb_row_inner][\/et_pb_column][et_pb_column type=&#8221;1_4&#8243;][et_pb_text background_layout=&#8221;light&#8221; text_orientation=&#8221;left&#8221; header_font_size=&#8221;49px&#8221; use_border_color=&#8221;off&#8221; border_style=&#8221;solid&#8221; disabled=&#8221;off&#8221;]<\/p>\n<p>Anunturi<\/p>\n<p>[\/et_pb_text][et_pb_divider color=&#8221;#bfbfbf&#8221; divider_style=&#8221;solid&#8221; divider_position=&#8221;top&#8221; divider_weight=&#8221;1px&#8221; hide_on_mobile=&#8221;on&#8221; disabled=&#8221;off&#8221; \/][et_pb_blog fullwidth=&#8221;off&#8221; include_categories=&#8221;11&#8243; show_thumbnail=&#8221;off&#8221; show_content=&#8221;off&#8221; show_more=&#8221;on&#8221; show_author=&#8221;on&#8221; show_date=&#8221;on&#8221; show_categories=&#8221;off&#8221; show_comments=&#8221;off&#8221; show_pagination=&#8221;off&#8221; offset_number=&#8221;0&#8243; use_overlay=&#8221;off&#8221; background_layout=&#8221;light&#8221; use_dropshadow=&#8221;on&#8221; use_border_color=&#8221;off&#8221; border_color=&#8221;#ffffff&#8221; border_style=&#8221;solid&#8221; disabled=&#8221;off&#8221; \/][\/et_pb_column][\/et_pb_section]<\/p>\n","protected":false},"excerpt":{"rendered":"<p>&nbsp; Theodore von K\u00e1rm\u00e1n (aerospace engineer, mathematician and physicist, 1881-1963) \u201dScientists discover the world that exists; engineers create the world that never was.\u201d &nbsp; &nbsp; Elon Musk (needs no introduction) &nbsp; Herbert Hoover (engineer, the 31st President of the United States, 1874 \u2013 1964) &nbsp; \u201cIt is a great profession. There is the fascination of [&hellip;]<\/p>\n","protected":false},"author":5,"featured_media":0,"parent":0,"menu_order":0,"comment_status":"closed","ping_status":"closed","template":"","meta":{"_et_pb_use_builder":"on","_et_pb_old_content":"<p>[et_pb_section bb_built=\"1\" fullwidth=\"on\" specialty=\"off\" transparent_background=\"off\" allow_player_pause=\"off\" inner_shadow=\"off\" parallax=\"off\" parallax_method=\"off\" padding_mobile=\"off\" make_fullwidth=\"off\" use_custom_width=\"off\" width_unit=\"on\" make_equal=\"off\" use_custom_gutter=\"off\" background_color=\"rgba(23,23,23,0.6)\"][et_pb_fullwidth_post_title title=\"on\" meta=\"off\" author=\"off\" date=\"off\" categories=\"off\" comments=\"off\" featured_image=\"off\" featured_placement=\"below\" parallax_effect=\"on\" parallax_method=\"on\" text_orientation=\"left\" text_color=\"dark\" text_background=\"off\" text_bg_color=\"rgba(255,255,255,0.9)\" module_bg_color=\"#e3e3e3\" title_all_caps=\"off\" use_border_color=\"off\" border_color=\"#ffffff\" border_style=\"solid\" \/][\/et_pb_section][et_pb_section bb_built=\"1\" transparent_background=\"off\" allow_player_pause=\"off\" inner_shadow=\"off\" parallax=\"off\" parallax_method=\"on\" padding_mobile=\"off\" make_fullwidth=\"off\" use_custom_width=\"off\" width_unit=\"off\" custom_width_px=\"1080px\" custom_width_percent=\"80%\" make_equal=\"off\" use_custom_gutter=\"off\" fullwidth=\"off\" specialty=\"on\" disabled=\"off\"][et_pb_column type=\"3_4\" specialty_columns=\"3\"][et_pb_row_inner admin_label=\"Row\" padding_mobile=\"off\" use_custom_gutter=\"off\" make_equal=\"off\" column_padding_mobile=\"off\" parallax_1=\"off\" parallax_method_1=\"on\" parallax_2=\"off\" parallax_method_2=\"on\" parallax_3=\"off\" parallax_method_3=\"on\" disabled=\"off\"][et_pb_column_inner type=\"4_4\" saved_specialty_column_type=\"3_4\"][et_pb_text admin_label=\"von Karman\" _builder_version=\"3.0.92\" background_layout=\"light\"]<\/p><h3>Theodore von K\u00e1rm\u00e1n<\/h3><p>(inginer aerospa\u021bial, matematician \u0219i fizician, 1881-1963)<\/p><p>\u201dOamenii de \u0219tiin\u021b\u0103 descoper\u0103 lumea care exist\u0103; inginerii creeaz\u0103 lumea care n-a mai existat niciodat\u0103.\u201d<\/p><p>[\/et_pb_text][et_pb_text admin_label=\"Elon Musk\" _builder_version=\"3.0.92\" background_layout=\"light\"]<\/p><h3>Elon Musk<\/h3><p>(nu are nevoie de introducere)<\/p><p><img class=\"alignnone size-large wp-image-20373\" src=\"https:\/\/inginerie.aero\/wp-content\/uploads\/2019\/06\/Tweet_ElonMusk-1024x173.jpg\" alt=\"\" width=\"1024\" height=\"173\" \/><\/p><p>[\/et_pb_text][et_pb_text admin_label=\"Hoover\" background_layout=\"light\" text_orientation=\"justified\" use_border_color=\"off\" border_color=\"#ffffff\" border_style=\"solid\" _builder_version=\"3.0.92\"]<\/p><h3>Herbert Hoover<\/h3><p><img class=\"alignnone size-full wp-image-8757\" src=\"https:\/\/inginerie.aero\/wp-content\/uploads\/2018\/02\/herbert-hoover_1200x675-768x432.jpg\" alt=\"\" width=\"768\" height=\"432\" \/><\/p><p><span style=\"display: inline !important; float: none; background-color: #ffffff; color: #666666; cursor: text; font-family: 'Open Sans',Arial,sans-serif; font-size: 14px; font-style: normal; font-variant: normal; font-weight: 500; letter-spacing: normal; orphans: 2; text-align: left; text-decoration: none; text-indent: 0px; text-transform: none; -webkit-text-stroke-width: 0px; white-space: normal; word-spacing: 0px;\">(inginer, al 31-lea Pre\u0219edinte al SUA, 1874 \u2013 1964)<\/span><\/p><p>\u201eIngineria reprezint\u0103 o mare profesie. Exist\u0103 \u00een ea satisfac\u0163ia de a urm\u0103ri o pl\u0103smuire a imagina\u0163iei care prinde via\u0163\u0103, cu ajutorul \u015ftiin\u0163ei, \u00eentr-un plan pe h\u00e2rtie. Apoi, se va trece la realizarea in piatr\u0103, metal sau energie. Acesta poate fi privilegiul unic al inginerului.<\/p><p>Marea responsabilitate a Inginerului, in compara\u0163ie cu celelalte profesii, este aceea c\u0103 lucr\u0103rile sale sunt vizibile la tot pasul. El nu poate \u00eengropa gre\u015felile \u00een morm\u00e2nt, precum doctorii. El nu poate argumenta, doar din vorbe, precum judec\u0103torii \u015fi avoca\u0163ii. El nu poate, la fel ca arhitec\u0163ii, s\u0103-\u015fi acopere e\u015fecurile cu pomi sau vi\u0163\u0103 de vie. El nu poate, la fel ca politicienii, s\u0103 pun\u0103 toate neajunsurile sale pe seama adversarilor, sper\u00e2nd c\u0103 oamenii vor uita.<\/p><p>Un inginer, pur \u015fi simplu, nu poate nega ceea ce a f\u0103cut; \u00een cazul \u00een care lucr\u0103rile sale nu func\u0163ioneaz\u0103, el este responsabil. Aceasta este fantasma care \u00eei b\u00e2ntuie nop\u0163ile \u015fi zilele.<\/p><p>El este cel care, la sf\u00e2r\u015fitul zilei, se re\u00eentoarce la locul de munc\u0103 s\u0103 calculeze din nou.<\/p><p>El se treze\u015fte noaptea \u00eentr-o sudoare rece \u015fi pune pe h\u00e2rtie ceva, care arat\u0103 ca o \u201eprostie\u201d diminea\u0163a. Toat\u0103 ziua el tremur\u0103 la g\u00e2ndul c\u0103 ar putea s\u0103 apar\u0103 ceva imprevizibil, care s\u0103-i zdruncine opera la care lucreaz\u0103. Pe de alt\u0103 parte, spre deosebire de medicul s\u0103u, el nu-\u015fi duce via\u0163a printre cei suferinzi \u015fi slabi. Spre deosebire de soldat, distrugerea nu este scopul lui. Spre deosebire de avocat, certurile nu reprezint\u0103 p\u00e2inea lui de zi cu zi.<\/p><p>El, Inginerul, are sarcina de a \u00eembr\u0103ca oasele goale ale \u015ftiin\u0163ei cu via\u0163\u0103, confort \u015fi\u00a0 speran\u0163\u0103. Nicio \u00eendoial\u0103 \u00eens\u0103, anii trec, iar oamenii, privind o construc\u0163ie, uit\u0103 care Inginer a f\u0103cut-o, chiar dac\u0103 au \u015ftiut vreodat\u0103!\u2026 De foarte multe ori, doar vreun politician sau vreun finan\u0163ator \u00ee\u015fi pune numele pe construc\u0163ia sa.<\/p><p>Cu satisfac\u0163ii pe care pu\u0163ine profesii le pot cunoa\u015fte, inginerul se uita \u00eenapoi cu bucurie la fluxul nesf\u00e2r\u015fit de bun\u0103tate \u015fi binefacere care decurge din succesele sale. Iar respectul \u015fi recunoa\u015fterea colegilor s\u0103i profesioni\u015fti reprezint\u0103 tot ceea ce \u00ee\u015fi dore\u015fte\u2026\u201d<\/p><p>\u00a0<\/p><p>[\/et_pb_text][\/et_pb_column_inner][\/et_pb_row_inner][\/et_pb_column][et_pb_column type=\"1_4\"][et_pb_text background_layout=\"light\" text_orientation=\"left\" header_font_size=\"49px\" use_border_color=\"off\" border_style=\"solid\" disabled=\"off\"]<\/p><p>Anunturi<\/p><p>[\/et_pb_text][et_pb_divider color=\"#bfbfbf\" divider_style=\"solid\" divider_position=\"top\" divider_weight=\"1px\" hide_on_mobile=\"on\" disabled=\"off\" \/][et_pb_blog fullwidth=\"off\" include_categories=\"11\" show_thumbnail=\"off\" show_content=\"off\" show_more=\"on\" show_author=\"on\" show_date=\"on\" show_categories=\"off\" show_comments=\"off\" show_pagination=\"off\" offset_number=\"0\" use_overlay=\"off\" background_layout=\"light\" use_dropshadow=\"on\" use_border_color=\"off\" border_color=\"#ffffff\" border_style=\"solid\" disabled=\"off\" \/][\/et_pb_column][\/et_pb_section]<\/p>","_et_gb_content_width":"","jetpack_post_was_ever_published":false,"footnotes":"","_links_to":"","_links_to_target":""},"categories":[],"tags":[],"class_list":["post-23944","page","type-page","status-publish","hentry"],"yoast_head":"<!-- This site is optimized with the Yoast SEO plugin v24.3 - https:\/\/yoast.com\/wordpress\/plugins\/seo\/ -->\n<title>About Engineering - Alumni Politehnica Aerospace Engineering<\/title>\n<meta name=\"robots\" content=\"index, follow, max-snippet:-1, max-image-preview:large, max-video-preview:-1\" \/>\n<link rel=\"canonical\" href=\"https:\/\/inginerie.aero\/index.php\/en\/about-engineering\/\" \/>\n<meta property=\"og:locale\" content=\"ro_RO\" \/>\n<meta property=\"og:type\" content=\"article\" \/>\n<meta property=\"og:title\" content=\"About Engineering - Alumni Politehnica Aerospace Engineering\" \/>\n<meta property=\"og:description\" content=\"&nbsp; Theodore von K\u00e1rm\u00e1n (aerospace engineer, mathematician and physicist, 1881-1963) \u201dScientists discover the world that exists; engineers create the world that never was.\u201d &nbsp; &nbsp; Elon Musk (needs no introduction) &nbsp; Herbert Hoover (engineer, the 31st President of the United States, 1874 \u2013 1964) &nbsp; \u201cIt is a great profession. There is the fascination of [&hellip;]\" \/>\n<meta property=\"og:url\" content=\"https:\/\/inginerie.aero\/index.php\/en\/about-engineering\/\" \/>\n<meta property=\"og:site_name\" content=\"Alumni Politehnica Aerospace Engineering\" \/>\n<meta property=\"article:publisher\" content=\"https:\/\/www.facebook.com\/groups\/InginerieAerospatiala\/\" \/>\n<meta property=\"og:image\" content=\"https:\/\/inginerie.aero\/wp-content\/uploads\/2019\/06\/Tweet_ElonMusk-1024x173.jpg\" \/>\n<meta name=\"twitter:card\" content=\"summary_large_image\" \/>\n<meta name=\"twitter:label1\" content=\"Timp estimat pentru citire\" \/>\n\t<meta name=\"twitter:data1\" content=\"4 minute\" \/>\n<script type=\"application\/ld+json\" class=\"yoast-schema-graph\">{\"@context\":\"https:\/\/schema.org\",\"@graph\":[{\"@type\":\"WebPage\",\"@id\":\"https:\/\/inginerie.aero\/index.php\/en\/about-engineering\/\",\"url\":\"https:\/\/inginerie.aero\/index.php\/en\/about-engineering\/\",\"name\":\"About Engineering - Alumni Politehnica Aerospace Engineering\",\"isPartOf\":{\"@id\":\"https:\/\/inginerie.aero\/#website\"},\"primaryImageOfPage\":{\"@id\":\"https:\/\/inginerie.aero\/index.php\/en\/about-engineering\/#primaryimage\"},\"image\":{\"@id\":\"https:\/\/inginerie.aero\/index.php\/en\/about-engineering\/#primaryimage\"},\"thumbnailUrl\":\"https:\/\/inginerie.aero\/wp-content\/uploads\/2019\/06\/Tweet_ElonMusk-1024x173.jpg\",\"datePublished\":\"2020-01-14T15:51:46+00:00\",\"dateModified\":\"2020-01-14T15:51:46+00:00\",\"breadcrumb\":{\"@id\":\"https:\/\/inginerie.aero\/index.php\/en\/about-engineering\/#breadcrumb\"},\"inLanguage\":\"ro-RO\",\"potentialAction\":[{\"@type\":\"ReadAction\",\"target\":[\"https:\/\/inginerie.aero\/index.php\/en\/about-engineering\/\"]}]},{\"@type\":\"ImageObject\",\"inLanguage\":\"ro-RO\",\"@id\":\"https:\/\/inginerie.aero\/index.php\/en\/about-engineering\/#primaryimage\",\"url\":\"https:\/\/inginerie.aero\/wp-content\/uploads\/2019\/06\/Tweet_ElonMusk.jpg\",\"contentUrl\":\"https:\/\/inginerie.aero\/wp-content\/uploads\/2019\/06\/Tweet_ElonMusk.jpg\",\"width\":1528,\"height\":258},{\"@type\":\"BreadcrumbList\",\"@id\":\"https:\/\/inginerie.aero\/index.php\/en\/about-engineering\/#breadcrumb\",\"itemListElement\":[{\"@type\":\"ListItem\",\"position\":1,\"name\":\"Acas\u0103\",\"item\":\"https:\/\/inginerie.aero\/index.php\/ro\/acasa\/\"},{\"@type\":\"ListItem\",\"position\":2,\"name\":\"About Engineering\"}]},{\"@type\":\"WebSite\",\"@id\":\"https:\/\/inginerie.aero\/#website\",\"url\":\"https:\/\/inginerie.aero\/\",\"name\":\"Facultatea de Inginerie Aerospatiala\",\"description\":\"Site-ul Asociatiei de Alumni ai Facultatii de Inginerie Aerospatiala din cadrul Universitatii POLITEHNICA Bucuresti\",\"publisher\":{\"@id\":\"https:\/\/inginerie.aero\/#organization\"},\"potentialAction\":[{\"@type\":\"SearchAction\",\"target\":{\"@type\":\"EntryPoint\",\"urlTemplate\":\"https:\/\/inginerie.aero\/?s={search_term_string}\"},\"query-input\":{\"@type\":\"PropertyValueSpecification\",\"valueRequired\":true,\"valueName\":\"search_term_string\"}}],\"inLanguage\":\"ro-RO\"},{\"@type\":\"Organization\",\"@id\":\"https:\/\/inginerie.aero\/#organization\",\"name\":\"University Politehnica of Bucharest Faculty of Aerospace Engineering\",\"url\":\"https:\/\/inginerie.aero\/\",\"logo\":{\"@type\":\"ImageObject\",\"inLanguage\":\"ro-RO\",\"@id\":\"https:\/\/inginerie.aero\/#\/schema\/logo\/image\/\",\"url\":\"https:\/\/inginerie.aero\/wp-content\/uploads\/2017\/03\/sigla1.png\",\"contentUrl\":\"https:\/\/inginerie.aero\/wp-content\/uploads\/2017\/03\/sigla1.png\",\"width\":734,\"height\":735,\"caption\":\"University Politehnica of Bucharest Faculty of Aerospace Engineering\"},\"image\":{\"@id\":\"https:\/\/inginerie.aero\/#\/schema\/logo\/image\/\"},\"sameAs\":[\"https:\/\/www.facebook.com\/groups\/InginerieAerospatiala\/\"]}]}<\/script>\n<!-- \/ Yoast SEO plugin. -->","yoast_head_json":{"title":"About Engineering - Alumni Politehnica Aerospace Engineering","robots":{"index":"index","follow":"follow","max-snippet":"max-snippet:-1","max-image-preview":"max-image-preview:large","max-video-preview":"max-video-preview:-1"},"canonical":"https:\/\/inginerie.aero\/index.php\/en\/about-engineering\/","og_locale":"ro_RO","og_type":"article","og_title":"About Engineering - Alumni Politehnica Aerospace Engineering","og_description":"&nbsp; Theodore von K\u00e1rm\u00e1n (aerospace engineer, mathematician and physicist, 1881-1963) \u201dScientists discover the world that exists; engineers create the world that never was.\u201d &nbsp; &nbsp; Elon Musk (needs no introduction) &nbsp; Herbert Hoover (engineer, the 31st President of the United States, 1874 \u2013 1964) &nbsp; \u201cIt is a great profession. There is the fascination of [&hellip;]","og_url":"https:\/\/inginerie.aero\/index.php\/en\/about-engineering\/","og_site_name":"Alumni Politehnica Aerospace Engineering","article_publisher":"https:\/\/www.facebook.com\/groups\/InginerieAerospatiala\/","og_image":[{"url":"https:\/\/inginerie.aero\/wp-content\/uploads\/2019\/06\/Tweet_ElonMusk-1024x173.jpg","type":"","width":"","height":""}],"twitter_card":"summary_large_image","twitter_misc":{"Timp estimat pentru citire":"4 minute"},"schema":{"@context":"https:\/\/schema.org","@graph":[{"@type":"WebPage","@id":"https:\/\/inginerie.aero\/index.php\/en\/about-engineering\/","url":"https:\/\/inginerie.aero\/index.php\/en\/about-engineering\/","name":"About Engineering - Alumni Politehnica Aerospace Engineering","isPartOf":{"@id":"https:\/\/inginerie.aero\/#website"},"primaryImageOfPage":{"@id":"https:\/\/inginerie.aero\/index.php\/en\/about-engineering\/#primaryimage"},"image":{"@id":"https:\/\/inginerie.aero\/index.php\/en\/about-engineering\/#primaryimage"},"thumbnailUrl":"https:\/\/inginerie.aero\/wp-content\/uploads\/2019\/06\/Tweet_ElonMusk-1024x173.jpg","datePublished":"2020-01-14T15:51:46+00:00","dateModified":"2020-01-14T15:51:46+00:00","breadcrumb":{"@id":"https:\/\/inginerie.aero\/index.php\/en\/about-engineering\/#breadcrumb"},"inLanguage":"ro-RO","potentialAction":[{"@type":"ReadAction","target":["https:\/\/inginerie.aero\/index.php\/en\/about-engineering\/"]}]},{"@type":"ImageObject","inLanguage":"ro-RO","@id":"https:\/\/inginerie.aero\/index.php\/en\/about-engineering\/#primaryimage","url":"https:\/\/inginerie.aero\/wp-content\/uploads\/2019\/06\/Tweet_ElonMusk.jpg","contentUrl":"https:\/\/inginerie.aero\/wp-content\/uploads\/2019\/06\/Tweet_ElonMusk.jpg","width":1528,"height":258},{"@type":"BreadcrumbList","@id":"https:\/\/inginerie.aero\/index.php\/en\/about-engineering\/#breadcrumb","itemListElement":[{"@type":"ListItem","position":1,"name":"Acas\u0103","item":"https:\/\/inginerie.aero\/index.php\/ro\/acasa\/"},{"@type":"ListItem","position":2,"name":"About Engineering"}]},{"@type":"WebSite","@id":"https:\/\/inginerie.aero\/#website","url":"https:\/\/inginerie.aero\/","name":"Facultatea de Inginerie Aerospatiala","description":"Site-ul Asociatiei de Alumni ai Facultatii de Inginerie Aerospatiala din cadrul Universitatii POLITEHNICA Bucuresti","publisher":{"@id":"https:\/\/inginerie.aero\/#organization"},"potentialAction":[{"@type":"SearchAction","target":{"@type":"EntryPoint","urlTemplate":"https:\/\/inginerie.aero\/?s={search_term_string}"},"query-input":{"@type":"PropertyValueSpecification","valueRequired":true,"valueName":"search_term_string"}}],"inLanguage":"ro-RO"},{"@type":"Organization","@id":"https:\/\/inginerie.aero\/#organization","name":"University Politehnica of Bucharest Faculty of Aerospace Engineering","url":"https:\/\/inginerie.aero\/","logo":{"@type":"ImageObject","inLanguage":"ro-RO","@id":"https:\/\/inginerie.aero\/#\/schema\/logo\/image\/","url":"https:\/\/inginerie.aero\/wp-content\/uploads\/2017\/03\/sigla1.png","contentUrl":"https:\/\/inginerie.aero\/wp-content\/uploads\/2017\/03\/sigla1.png","width":734,"height":735,"caption":"University Politehnica of Bucharest Faculty of Aerospace Engineering"},"image":{"@id":"https:\/\/inginerie.aero\/#\/schema\/logo\/image\/"},"sameAs":["https:\/\/www.facebook.com\/groups\/InginerieAerospatiala\/"]}]}},"jetpack_sharing_enabled":true,"jetpack_shortlink":"https:\/\/wp.me\/Pbbi8l-6ec","_links":{"self":[{"href":"https:\/\/inginerie.aero\/index.php\/wp-json\/wp\/v2\/pages\/23944","targetHints":{"allow":["GET"]}}],"collection":[{"href":"https:\/\/inginerie.aero\/index.php\/wp-json\/wp\/v2\/pages"}],"about":[{"href":"https:\/\/inginerie.aero\/index.php\/wp-json\/wp\/v2\/types\/page"}],"author":[{"embeddable":true,"href":"https:\/\/inginerie.aero\/index.php\/wp-json\/wp\/v2\/users\/5"}],"replies":[{"embeddable":true,"href":"https:\/\/inginerie.aero\/index.php\/wp-json\/wp\/v2\/comments?post=23944"}],"version-history":[{"count":1,"href":"https:\/\/inginerie.aero\/index.php\/wp-json\/wp\/v2\/pages\/23944\/revisions"}],"predecessor-version":[{"id":23945,"href":"https:\/\/inginerie.aero\/index.php\/wp-json\/wp\/v2\/pages\/23944\/revisions\/23945"}],"wp:attachment":[{"href":"https:\/\/inginerie.aero\/index.php\/wp-json\/wp\/v2\/media?parent=23944"}],"wp:term":[{"taxonomy":"category","embeddable":true,"href":"https:\/\/inginerie.aero\/index.php\/wp-json\/wp\/v2\/categories?post=23944"},{"taxonomy":"post_tag","embeddable":true,"href":"https:\/\/inginerie.aero\/index.php\/wp-json\/wp\/v2\/tags?post=23944"}],"curies":[{"name":"wp","href":"https:\/\/api.w.org\/{rel}","templated":true}]}}