{"id":25300,"date":"2021-01-02T11:30:20","date_gmt":"2021-01-02T09:30:20","guid":{"rendered":"https:\/\/inginerie.aero\/?page_id=25300"},"modified":"2021-01-02T11:30:20","modified_gmt":"2021-01-02T09:30:20","slug":"istoria-asociatiei","status":"publish","type":"page","link":"https:\/\/inginerie.aero\/index.php\/ro\/istoria-asociatiei\/","title":{"rendered":"Istoria Asociatiei"},"content":{"rendered":"<p>[et_pb_section bb_built=&#8221;1&#8243; fullwidth=&#8221;off&#8221; specialty=&#8221;on&#8221;][et_pb_column type=&#8221;3_4&#8243; specialty_columns=&#8221;3&#8243;][et_pb_row_inner admin_label=&#8221;Row&#8221;][et_pb_column_inner type=&#8221;4_4&#8243; saved_specialty_column_type=&#8221;3_4&#8243;][et_pb_text background_layout=&#8221;light&#8221; text_orientation=&#8221;justified&#8221; use_border_color=&#8221;off&#8221; border_color=&#8221;#ffffff&#8221; border_style=&#8221;solid&#8221; _builder_version=&#8221;3.0.92&#8243;]<\/p>\n<p>Asocia\u021bia a primit personalitate juridic\u0103 pe 21 septembrie 2017 \u0219i a fost fondat\u0103 de cinci absolven\u021bi ai Facult\u0103\u021bii de Inginerie Aerospa\u021bial\u0103 a Universit\u0103\u021bii Politehnica din Bucure\u0219ti (ex Facultatea de Construc\u021bii Aerospa\u021biale, ex Facultatea de Aeronave):<\/p>\n<p><strong>Octavian Thor PLETER<\/strong>, inginer 1986 Aeronave \u2013 direc\u021bia de aprofundare Instala\u021bii \u0219i Aparate de Bord, conferen\u021biar universitar, prodecan 2012-2016, decan 2016-2020 al Facult\u0103\u021bii de Inginerie Aerospa\u021bial\u0103<\/p>\n<p><strong>Sterian D\u0102N\u0102IL\u0102<\/strong>, inginer 1981 Aeronave \u2013 direc\u021bia de aprofundare Aeronave, profesor universitar, director de departament 2008-2020 al Departamentului de \u0218tiin\u021be Aerospa\u021biale \u201dElie Carafoli\u201d al Facult\u0103\u021bii de Inginerie Aerospa\u021bial\u0103<\/p>\n<p><strong>Marius Lucian STOIA-DJESKA<\/strong>, inginer 1985 Aeronave \u2013 direc\u021bia de aprofundare Aeronave, profesor universitar, prodecan 2008-2020 al Facult\u0103\u021bii de Inginerie Aerospa\u021bial\u0103<\/p>\n<p><strong>Drago\u0219 Daniel ISVORANU<\/strong>, inginer 1984 Aeronave \u2013 direc\u021bia de aprofundare Sisteme de Propulsie I (Turbomotoare), profesor universitar al Facult\u0103\u021bii de Inginerie Aerospa\u021bial\u0103<\/p>\n<p><strong>Cristian Emil CONSTANTINESCU<\/strong>, inginer 1988 Aeronave \u2013 direc\u021bia de aprofundare Instala\u021bii \u0219i Aparate de Bord, \u0219ef de lucr\u0103ri universitar, prodecan 2016-2020 al Facult\u0103\u021bii de Inginerie Aerospa\u021bial\u0103<\/p>\n<p>\u00cenainte de 2017, asocia\u021bia a func\u021bionat din 2008 sub forma unui comitet care a purtat numele de AirNav Board \u0219i a avut drept scop crearea unor noi programe de studii \u00een limba englez\u0103, adaptate cerin\u021belor pe plan interna\u021bional: Air Navigation (program de studii de inginerie la nivel de licen\u021b\u0103, autorizat \u00een 2009, acreditat \u00een 2016) \u0219i Air Transport Engineering (program de studii de masterat, pornit \u00een 2013).<\/p>\n<p>At\u00e2t \u00een perioada AirNav Board, c\u00e2t \u0219i \u00een perioada de dup\u0103 \u00eenfiin\u021bare ca persoan\u0103 juridic\u0103, asocia\u021bia s-a implicat \u00een urm\u0103toarele proiecte \u00een beneficiul absolven\u021bilor \u0219i al studen\u021bilor Facult\u0103\u021bii de Inginerie Aerospa\u021bial\u0103 a UPB:<\/p>\n<ul>\n<li>Definirea curricular\u0103 a programelor de studii Air Navigation \u0219i Air Transport Engineering;<\/li>\n<li>Site-ul facult\u0103\u021bii \u0219i materiale promo\u021bionale (bro\u0219ur\u0103, calendar);<\/li>\n<li>Organizarea Air Navigation Convention \u0219i a altor evenimente \u0219tiin\u021bifice \u0219i profesionale;<\/li>\n<li>Procurarea \u0219i promovarea de oferte de serviciu \u0219i de practic\u0103;<\/li>\n<li>Atragerea de sponsoriz\u0103ri pentru laboratoarele Facult\u0103\u021bii de Inginerie Aerospa\u021bial\u0103 \u0219i pentru organizarea unor activit\u0103\u021bi extracurriculare;<\/li>\n<li>\u00cencurajarea unor parteneriate academice \u0219i cu industria, \u00eencurajarea mobilit\u0103\u021bii studen\u021bilor, \u00eencurajarea deschiderii interna\u021bionale a facult\u0103\u021bii;<\/li>\n<li>Reintroducerea Practicii de Zbor pentru studen\u021bii de anul II.<\/li>\n<\/ul>\n<p>[\/et_pb_text][et_pb_divider color=&#8221;rgba(147,175,193,0.39)&#8221; show_divider=&#8221;on&#8221; divider_style=&#8221;solid&#8221; divider_position=&#8221;top&#8221; hide_on_mobile=&#8221;on&#8221; \/][et_pb_comments show_avatar=&#8221;on&#8221; show_reply=&#8221;on&#8221; show_count=&#8221;off&#8221; background_layout=&#8221;light&#8221; use_border_color=&#8221;off&#8221; border_color=&#8221;#ffffff&#8221; border_style=&#8221;solid&#8221; custom_button=&#8221;off&#8221; button_letter_spacing=&#8221;0&#8243; button_use_icon=&#8221;default&#8221; button_icon_placement=&#8221;right&#8221; button_on_hover=&#8221;on&#8221; button_letter_spacing_hover=&#8221;0&#8243; \/][\/et_pb_column_inner][\/et_pb_row_inner][\/et_pb_column][et_pb_column type=&#8221;1_4&#8243;][et_pb_blog fullwidth=&#8221;off&#8221; include_categories=&#8221;11&#8243; show_thumbnail=&#8221;off&#8221; show_content=&#8221;off&#8221; show_more=&#8221;off&#8221; show_author=&#8221;on&#8221; show_date=&#8221;on&#8221; show_categories=&#8221;off&#8221; show_comments=&#8221;off&#8221; show_pagination=&#8221;on&#8221; offset_number=&#8221;0&#8243; use_overlay=&#8221;off&#8221; background_layout=&#8221;light&#8221; use_dropshadow=&#8221;on&#8221; use_border_color=&#8221;on&#8221; border_color=&#8221;#e5e5e5&#8243; border_style=&#8221;solid&#8221; _builder_version=&#8221;3.0.92&#8243; \/][\/et_pb_column][\/et_pb_section]<\/p>\n","protected":false},"excerpt":{"rendered":"<p>Asocia\u021bia a primit personalitate juridic\u0103 pe 21 septembrie 2017 \u0219i a fost fondat\u0103 de cinci absolven\u021bi ai Facult\u0103\u021bii de Inginerie Aerospa\u021bial\u0103 a Universit\u0103\u021bii Politehnica din Bucure\u0219ti (ex Facultatea de Construc\u021bii Aerospa\u021biale, ex Facultatea de Aeronave): Octavian Thor PLETER, inginer 1986 Aeronave \u2013 direc\u021bia de aprofundare Instala\u021bii \u0219i Aparate de Bord, conferen\u021biar universitar, prodecan 2012-2016, decan [&hellip;]<\/p>\n","protected":false},"author":1,"featured_media":0,"parent":0,"menu_order":0,"comment_status":"closed","ping_status":"closed","template":"","meta":{"_et_pb_use_builder":"on","_et_pb_old_content":"","_et_gb_content_width":"","jetpack_post_was_ever_published":false,"footnotes":"","_links_to":"","_links_to_target":""},"categories":[],"tags":[],"class_list":["post-25300","page","type-page","status-publish","hentry"],"yoast_head":"<!-- This site is optimized with the Yoast SEO plugin v24.3 - https:\/\/yoast.com\/wordpress\/plugins\/seo\/ -->\n<title>Istoria Asociatiei - Alumni Politehnica Aerospace Engineering<\/title>\n<meta name=\"robots\" content=\"index, follow, max-snippet:-1, max-image-preview:large, max-video-preview:-1\" \/>\n<link rel=\"canonical\" href=\"https:\/\/inginerie.aero\/index.php\/ro\/istoria-asociatiei\/\" \/>\n<meta property=\"og:locale\" content=\"ro_RO\" \/>\n<meta property=\"og:type\" content=\"article\" \/>\n<meta property=\"og:title\" content=\"Istoria Asociatiei - Alumni Politehnica Aerospace Engineering\" \/>\n<meta property=\"og:description\" content=\"Asocia\u021bia a primit personalitate juridic\u0103 pe 21 septembrie 2017 \u0219i a fost fondat\u0103 de cinci absolven\u021bi ai Facult\u0103\u021bii de Inginerie Aerospa\u021bial\u0103 a Universit\u0103\u021bii Politehnica din Bucure\u0219ti (ex Facultatea de Construc\u021bii Aerospa\u021biale, ex Facultatea de Aeronave): Octavian Thor PLETER, inginer 1986 Aeronave \u2013 direc\u021bia de aprofundare Instala\u021bii \u0219i Aparate de Bord, conferen\u021biar universitar, prodecan 2012-2016, decan [&hellip;]\" \/>\n<meta property=\"og:url\" content=\"https:\/\/inginerie.aero\/index.php\/ro\/istoria-asociatiei\/\" \/>\n<meta property=\"og:site_name\" content=\"Alumni Politehnica Aerospace Engineering\" \/>\n<meta property=\"article:publisher\" content=\"https:\/\/www.facebook.com\/groups\/InginerieAerospatiala\/\" \/>\n<meta name=\"twitter:card\" content=\"summary_large_image\" \/>\n<meta name=\"twitter:label1\" content=\"Timp estimat pentru citire\" \/>\n\t<meta name=\"twitter:data1\" content=\"3 minute\" \/>\n<script type=\"application\/ld+json\" class=\"yoast-schema-graph\">{\"@context\":\"https:\/\/schema.org\",\"@graph\":[{\"@type\":\"WebPage\",\"@id\":\"https:\/\/inginerie.aero\/index.php\/ro\/istoria-asociatiei\/\",\"url\":\"https:\/\/inginerie.aero\/index.php\/ro\/istoria-asociatiei\/\",\"name\":\"Istoria Asociatiei - Alumni Politehnica Aerospace Engineering\",\"isPartOf\":{\"@id\":\"https:\/\/inginerie.aero\/#website\"},\"datePublished\":\"2021-01-02T09:30:20+00:00\",\"dateModified\":\"2021-01-02T09:30:20+00:00\",\"breadcrumb\":{\"@id\":\"https:\/\/inginerie.aero\/index.php\/ro\/istoria-asociatiei\/#breadcrumb\"},\"inLanguage\":\"ro-RO\",\"potentialAction\":[{\"@type\":\"ReadAction\",\"target\":[\"https:\/\/inginerie.aero\/index.php\/ro\/istoria-asociatiei\/\"]}]},{\"@type\":\"BreadcrumbList\",\"@id\":\"https:\/\/inginerie.aero\/index.php\/ro\/istoria-asociatiei\/#breadcrumb\",\"itemListElement\":[{\"@type\":\"ListItem\",\"position\":1,\"name\":\"Acas\u0103\",\"item\":\"https:\/\/inginerie.aero\/index.php\/ro\/acasa\/\"},{\"@type\":\"ListItem\",\"position\":2,\"name\":\"Istoria Asociatiei\"}]},{\"@type\":\"WebSite\",\"@id\":\"https:\/\/inginerie.aero\/#website\",\"url\":\"https:\/\/inginerie.aero\/\",\"name\":\"Facultatea de Inginerie Aerospatiala\",\"description\":\"Site-ul Asociatiei de Alumni ai Facultatii de Inginerie Aerospatiala din cadrul Universitatii POLITEHNICA Bucuresti\",\"publisher\":{\"@id\":\"https:\/\/inginerie.aero\/#organization\"},\"potentialAction\":[{\"@type\":\"SearchAction\",\"target\":{\"@type\":\"EntryPoint\",\"urlTemplate\":\"https:\/\/inginerie.aero\/?s={search_term_string}\"},\"query-input\":{\"@type\":\"PropertyValueSpecification\",\"valueRequired\":true,\"valueName\":\"search_term_string\"}}],\"inLanguage\":\"ro-RO\"},{\"@type\":\"Organization\",\"@id\":\"https:\/\/inginerie.aero\/#organization\",\"name\":\"University Politehnica of Bucharest Faculty of Aerospace Engineering\",\"url\":\"https:\/\/inginerie.aero\/\",\"logo\":{\"@type\":\"ImageObject\",\"inLanguage\":\"ro-RO\",\"@id\":\"https:\/\/inginerie.aero\/#\/schema\/logo\/image\/\",\"url\":\"https:\/\/inginerie.aero\/wp-content\/uploads\/2017\/03\/sigla1.png\",\"contentUrl\":\"https:\/\/inginerie.aero\/wp-content\/uploads\/2017\/03\/sigla1.png\",\"width\":734,\"height\":735,\"caption\":\"University Politehnica of Bucharest Faculty of Aerospace Engineering\"},\"image\":{\"@id\":\"https:\/\/inginerie.aero\/#\/schema\/logo\/image\/\"},\"sameAs\":[\"https:\/\/www.facebook.com\/groups\/InginerieAerospatiala\/\"]}]}<\/script>\n<!-- \/ Yoast SEO plugin. -->","yoast_head_json":{"title":"Istoria Asociatiei - Alumni Politehnica Aerospace Engineering","robots":{"index":"index","follow":"follow","max-snippet":"max-snippet:-1","max-image-preview":"max-image-preview:large","max-video-preview":"max-video-preview:-1"},"canonical":"https:\/\/inginerie.aero\/index.php\/ro\/istoria-asociatiei\/","og_locale":"ro_RO","og_type":"article","og_title":"Istoria Asociatiei - Alumni Politehnica Aerospace Engineering","og_description":"Asocia\u021bia a primit personalitate juridic\u0103 pe 21 septembrie 2017 \u0219i a fost fondat\u0103 de cinci absolven\u021bi ai Facult\u0103\u021bii de Inginerie Aerospa\u021bial\u0103 a Universit\u0103\u021bii Politehnica din Bucure\u0219ti (ex Facultatea de Construc\u021bii Aerospa\u021biale, ex Facultatea de Aeronave): Octavian Thor PLETER, inginer 1986 Aeronave \u2013 direc\u021bia de aprofundare Instala\u021bii \u0219i Aparate de Bord, conferen\u021biar universitar, prodecan 2012-2016, decan [&hellip;]","og_url":"https:\/\/inginerie.aero\/index.php\/ro\/istoria-asociatiei\/","og_site_name":"Alumni Politehnica Aerospace Engineering","article_publisher":"https:\/\/www.facebook.com\/groups\/InginerieAerospatiala\/","twitter_card":"summary_large_image","twitter_misc":{"Timp estimat pentru citire":"3 minute"},"schema":{"@context":"https:\/\/schema.org","@graph":[{"@type":"WebPage","@id":"https:\/\/inginerie.aero\/index.php\/ro\/istoria-asociatiei\/","url":"https:\/\/inginerie.aero\/index.php\/ro\/istoria-asociatiei\/","name":"Istoria Asociatiei - Alumni Politehnica Aerospace Engineering","isPartOf":{"@id":"https:\/\/inginerie.aero\/#website"},"datePublished":"2021-01-02T09:30:20+00:00","dateModified":"2021-01-02T09:30:20+00:00","breadcrumb":{"@id":"https:\/\/inginerie.aero\/index.php\/ro\/istoria-asociatiei\/#breadcrumb"},"inLanguage":"ro-RO","potentialAction":[{"@type":"ReadAction","target":["https:\/\/inginerie.aero\/index.php\/ro\/istoria-asociatiei\/"]}]},{"@type":"BreadcrumbList","@id":"https:\/\/inginerie.aero\/index.php\/ro\/istoria-asociatiei\/#breadcrumb","itemListElement":[{"@type":"ListItem","position":1,"name":"Acas\u0103","item":"https:\/\/inginerie.aero\/index.php\/ro\/acasa\/"},{"@type":"ListItem","position":2,"name":"Istoria Asociatiei"}]},{"@type":"WebSite","@id":"https:\/\/inginerie.aero\/#website","url":"https:\/\/inginerie.aero\/","name":"Facultatea de Inginerie Aerospatiala","description":"Site-ul Asociatiei de Alumni ai Facultatii de Inginerie Aerospatiala din cadrul Universitatii POLITEHNICA Bucuresti","publisher":{"@id":"https:\/\/inginerie.aero\/#organization"},"potentialAction":[{"@type":"SearchAction","target":{"@type":"EntryPoint","urlTemplate":"https:\/\/inginerie.aero\/?s={search_term_string}"},"query-input":{"@type":"PropertyValueSpecification","valueRequired":true,"valueName":"search_term_string"}}],"inLanguage":"ro-RO"},{"@type":"Organization","@id":"https:\/\/inginerie.aero\/#organization","name":"University Politehnica of Bucharest Faculty of Aerospace Engineering","url":"https:\/\/inginerie.aero\/","logo":{"@type":"ImageObject","inLanguage":"ro-RO","@id":"https:\/\/inginerie.aero\/#\/schema\/logo\/image\/","url":"https:\/\/inginerie.aero\/wp-content\/uploads\/2017\/03\/sigla1.png","contentUrl":"https:\/\/inginerie.aero\/wp-content\/uploads\/2017\/03\/sigla1.png","width":734,"height":735,"caption":"University Politehnica of Bucharest Faculty of Aerospace Engineering"},"image":{"@id":"https:\/\/inginerie.aero\/#\/schema\/logo\/image\/"},"sameAs":["https:\/\/www.facebook.com\/groups\/InginerieAerospatiala\/"]}]}},"jetpack_sharing_enabled":true,"jetpack_shortlink":"https:\/\/wp.me\/Pbbi8l-6A4","_links":{"self":[{"href":"https:\/\/inginerie.aero\/index.php\/wp-json\/wp\/v2\/pages\/25300","targetHints":{"allow":["GET"]}}],"collection":[{"href":"https:\/\/inginerie.aero\/index.php\/wp-json\/wp\/v2\/pages"}],"about":[{"href":"https:\/\/inginerie.aero\/index.php\/wp-json\/wp\/v2\/types\/page"}],"author":[{"embeddable":true,"href":"https:\/\/inginerie.aero\/index.php\/wp-json\/wp\/v2\/users\/1"}],"replies":[{"embeddable":true,"href":"https:\/\/inginerie.aero\/index.php\/wp-json\/wp\/v2\/comments?post=25300"}],"version-history":[{"count":1,"href":"https:\/\/inginerie.aero\/index.php\/wp-json\/wp\/v2\/pages\/25300\/revisions"}],"predecessor-version":[{"id":25302,"href":"https:\/\/inginerie.aero\/index.php\/wp-json\/wp\/v2\/pages\/25300\/revisions\/25302"}],"wp:attachment":[{"href":"https:\/\/inginerie.aero\/index.php\/wp-json\/wp\/v2\/media?parent=25300"}],"wp:term":[{"taxonomy":"category","embeddable":true,"href":"https:\/\/inginerie.aero\/index.php\/wp-json\/wp\/v2\/categories?post=25300"},{"taxonomy":"post_tag","embeddable":true,"href":"https:\/\/inginerie.aero\/index.php\/wp-json\/wp\/v2\/tags?post=25300"}],"curies":[{"name":"wp","href":"https:\/\/api.w.org\/{rel}","templated":true}]}}