{"id":3197,"date":"2017-05-28T10:09:22","date_gmt":"2017-05-28T07:09:22","guid":{"rendered":"https:\/\/inginerie.aero\/?page_id=3197"},"modified":"2017-05-28T10:09:22","modified_gmt":"2017-05-28T07:09:22","slug":"aeronautics-space-research-centre","status":"publish","type":"page","link":"https:\/\/inginerie.aero\/index.php\/en\/aeronautics-space-research-centre\/","title":{"rendered":"Aeronautics and Space Research Centre"},"content":{"rendered":"<p>[et_pb_section admin_label=&#8221;Section&#8221; fullwidth=&#8221;on&#8221; specialty=&#8221;off&#8221; transparent_background=&#8221;off&#8221; allow_player_pause=&#8221;off&#8221; inner_shadow=&#8221;off&#8221; parallax=&#8221;off&#8221; parallax_method=&#8221;off&#8221; padding_mobile=&#8221;off&#8221; make_fullwidth=&#8221;off&#8221; use_custom_width=&#8221;off&#8221; width_unit=&#8221;on&#8221; make_equal=&#8221;off&#8221; use_custom_gutter=&#8221;off&#8221; background_color=&#8221;rgba(23,23,23,0.6)&#8221;][et_pb_fullwidth_post_title admin_label=&#8221;Fullwidth Post Title&#8221; title=&#8221;on&#8221; meta=&#8221;off&#8221; author=&#8221;off&#8221; date=&#8221;off&#8221; categories=&#8221;off&#8221; comments=&#8221;off&#8221; featured_image=&#8221;off&#8221; featured_placement=&#8221;below&#8221; parallax_effect=&#8221;on&#8221; parallax_method=&#8221;on&#8221; text_orientation=&#8221;left&#8221; text_color=&#8221;dark&#8221; text_background=&#8221;off&#8221; text_bg_color=&#8221;rgba(255,255,255,0.9)&#8221; module_bg_color=&#8221;#e3e3e3&#8243; title_all_caps=&#8221;off&#8221; use_border_color=&#8221;off&#8221; border_color=&#8221;#ffffff&#8221; border_style=&#8221;solid&#8221;] [\/et_pb_fullwidth_post_title][\/et_pb_section][et_pb_section admin_label=&#8221;Section&#8221; transparent_background=&#8221;off&#8221; allow_player_pause=&#8221;off&#8221; inner_shadow=&#8221;off&#8221; parallax=&#8221;off&#8221; parallax_method=&#8221;on&#8221; padding_mobile=&#8221;off&#8221; make_fullwidth=&#8221;off&#8221; use_custom_width=&#8221;off&#8221; width_unit=&#8221;off&#8221; custom_width_px=&#8221;1080px&#8221; custom_width_percent=&#8221;80%&#8221; make_equal=&#8221;off&#8221; use_custom_gutter=&#8221;off&#8221; fullwidth=&#8221;off&#8221; specialty=&#8221;on&#8221; disabled=&#8221;off&#8221;][et_pb_column type=&#8221;3_4&#8243; specialty_columns=&#8221;3&#8243;][et_pb_row_inner admin_label=&#8221;Row&#8221; padding_mobile=&#8221;off&#8221; use_custom_gutter=&#8221;off&#8221; make_equal=&#8221;off&#8221; column_padding_mobile=&#8221;off&#8221; parallax_1=&#8221;off&#8221; parallax_method_1=&#8221;on&#8221; parallax_2=&#8221;off&#8221; parallax_method_2=&#8221;on&#8221; parallax_3=&#8221;off&#8221; parallax_method_3=&#8221;on&#8221; disabled=&#8221;off&#8221;][et_pb_column_inner type=&#8221;4_4&#8243; saved_specialty_column_type=&#8221;3_4&#8243;][et_pb_text admin_label=&#8221;Text&#8221; background_layout=&#8221;light&#8221; text_orientation=&#8221;left&#8221; use_border_color=&#8221;off&#8221; border_color=&#8221;#ffffff&#8221; border_style=&#8221;solid&#8221;]<\/p>\n<p>&nbsp;<\/p>\n<p><a href=\"http:\/\/www.upb-ccas.ro\" target=\"_blank\" rel=\"noopener noreferrer\"><img loading=\"lazy\" decoding=\"async\" class=\"alignnone size-medium wp-image-1397\" src=\"https:\/\/inginerie.aero\/wp-content\/uploads\/2017\/04\/CCAS-e1493074146576-300x80.jpg\" alt=\"\" width=\"300\" height=\"80\" srcset=\"https:\/\/inginerie.aero\/wp-content\/uploads\/2017\/04\/CCAS-e1493074146576-300x80.jpg 300w, https:\/\/inginerie.aero\/wp-content\/uploads\/2017\/04\/CCAS-e1493074146576-768x205.jpg 768w, https:\/\/inginerie.aero\/wp-content\/uploads\/2017\/04\/CCAS-e1493074146576-610x162.jpg 610w, https:\/\/inginerie.aero\/wp-content\/uploads\/2017\/04\/CCAS-e1493074146576.jpg 811w\" sizes=\"(max-width: 300px) 100vw, 300px\" \/><\/a><\/p>\n<p>The Centre was founded in 2001, becoming an important part of the University Politehnica of Bucharest research, an activity with substantial tradition. The filosophy of the centre is to balance the theoretical and applied research in space technology. Since 2012 CCAS is a member of the International Federation of Astronautics.<\/p>\n<p><img loading=\"lazy\" decoding=\"async\" class=\"size-medium wp-image-1398 alignright\" src=\"https:\/\/inginerie.aero\/wp-content\/uploads\/2017\/04\/CCAS_1-300x246.jpg\" alt=\"\" width=\"300\" height=\"246\" srcset=\"https:\/\/inginerie.aero\/wp-content\/uploads\/2017\/04\/CCAS_1-300x246.jpg 300w, https:\/\/inginerie.aero\/wp-content\/uploads\/2017\/04\/CCAS_1.jpg 562w\" sizes=\"(max-width: 300px) 100vw, 300px\" \/><\/p>\n<ul>\n<li>Expertise area:<\/li>\n<li>Aerodynamic systems, integrated propulsion and control systems, structures design;<\/li>\n<li>Flow simulations and aerodynamic optimizations;<\/li>\n<li>Modelling transport;<\/li>\n<li>Wind turbines;<\/li>\n<li>Modern lubrication systems and industrial applications;<\/li>\n<li>Thermo-hydraulic systems, analysis and design;<\/li>\n<li>Interaction fluid-structure, aeroelastic phenomena;<\/li>\n<li>Calculus and design of aeronautical structures, composite structures;<\/li>\n<li>Propulsion systems;<\/li>\n<li>Aircraft flight dynamics, flight simulation and control;<\/li>\n<li>Avionics, sensors and actuators; <img loading=\"lazy\" decoding=\"async\" class=\"size-medium wp-image-1399 alignright\" src=\"https:\/\/inginerie.aero\/wp-content\/uploads\/2017\/04\/ccas_2-300x274.jpg\" alt=\"\" width=\"300\" height=\"274\" srcset=\"https:\/\/inginerie.aero\/wp-content\/uploads\/2017\/04\/ccas_2-300x274.jpg 300w, https:\/\/inginerie.aero\/wp-content\/uploads\/2017\/04\/ccas_2.jpg 509w\" sizes=\"(max-width: 300px) 100vw, 300px\" \/><\/li>\n<li>Air Traffic Management;<\/li>\n<li>Hybrid Launcher Engines;<\/li>\n<li>Mini and micro satellites, attitude control and structure analysis;<\/li>\n<li>Small launchers, test rockets, in-jet control systems;<\/li>\n<li>Civil rocket systems;<\/li>\n<li>Industrial Design and Computer Aided industrial Design.<\/li>\n<\/ul>\n<p>&nbsp;<\/p>\n<p>&nbsp;<\/p>\n<p>[\/et_pb_text][et_pb_image admin_label=&#8221;Imagine&#8221; src=&#8221;https:\/\/inginerie.aero\/wp-content\/uploads\/2017\/04\/ccas_3.jpg&#8221; show_in_lightbox=&#8221;off&#8221; url_new_window=&#8221;off&#8221; use_overlay=&#8221;off&#8221; animation=&#8221;left&#8221; sticky=&#8221;off&#8221; align=&#8221;left&#8221; force_fullwidth=&#8221;off&#8221; always_center_on_mobile=&#8221;on&#8221; use_border_color=&#8221;off&#8221; border_color=&#8221;#ffffff&#8221; border_style=&#8221;solid&#8221;] [\/et_pb_image][et_pb_text admin_label=&#8221;Text&#8221; background_layout=&#8221;light&#8221; text_orientation=&#8221;left&#8221; use_border_color=&#8221;off&#8221; border_color=&#8221;#ffffff&#8221; border_style=&#8221;solid&#8221;]<\/p>\n<p>&nbsp;<\/p>\n<p>Link to the centre site: <a href=\"http:\/\/www.upb-ccas.ro\" target=\"_blank\" rel=\"noopener noreferrer\">http:\/\/www.upb-ccas.ro<\/a><\/p>\n<p>&nbsp;<\/p>\n<p>[\/et_pb_text][\/et_pb_column_inner][\/et_pb_row_inner][\/et_pb_column][et_pb_column type=&#8221;1_4&#8243;][et_pb_text admin_label=&#8221;Text&#8221; background_layout=&#8221;light&#8221; text_orientation=&#8221;left&#8221; header_font_size=&#8221;49px&#8221; use_border_color=&#8221;off&#8221; border_style=&#8221;solid&#8221; disabled=&#8221;off&#8221;]<\/p>\n<p>Anunturi<\/p>\n<p>[\/et_pb_text][et_pb_divider admin_label=&#8221;Divider&#8221; color=&#8221;#bfbfbf&#8221; divider_style=&#8221;solid&#8221; divider_position=&#8221;top&#8221; divider_weight=&#8221;1px&#8221; hide_on_mobile=&#8221;on&#8221; disabled=&#8221;off&#8221;] [\/et_pb_divider][et_pb_blog admin_label=&#8221;Blog&#8221; fullwidth=&#8221;off&#8221; include_categories=&#8221;11&#8243; show_thumbnail=&#8221;off&#8221; show_content=&#8221;off&#8221; show_more=&#8221;on&#8221; show_author=&#8221;on&#8221; show_date=&#8221;on&#8221; show_categories=&#8221;off&#8221; show_comments=&#8221;off&#8221; show_pagination=&#8221;off&#8221; offset_number=&#8221;0&#8243; use_overlay=&#8221;off&#8221; background_layout=&#8221;light&#8221; use_dropshadow=&#8221;on&#8221; use_border_color=&#8221;off&#8221; border_color=&#8221;#ffffff&#8221; border_style=&#8221;solid&#8221; disabled=&#8221;off&#8221;] [\/et_pb_blog][\/et_pb_column][\/et_pb_section]<\/p>\n","protected":false},"excerpt":{"rendered":"<p>&nbsp; The Centre was founded in 2001, becoming an important part of the University Politehnica of Bucharest research, an activity with substantial tradition. The filosophy of the centre is to balance the theoretical and applied research in space technology. Since 2012 CCAS is a member of the International Federation of Astronautics. Expertise area: Aerodynamic systems, [&hellip;]<\/p>\n","protected":false},"author":5,"featured_media":0,"parent":0,"menu_order":0,"comment_status":"closed","ping_status":"closed","template":"","meta":{"_et_pb_use_builder":"on","_et_pb_old_content":"<p>[et_pb_section admin_label=\"Section\" fullwidth=\"on\" specialty=\"off\" transparent_background=\"off\" allow_player_pause=\"off\" inner_shadow=\"off\" parallax=\"off\" parallax_method=\"off\" padding_mobile=\"off\" make_fullwidth=\"off\" use_custom_width=\"off\" width_unit=\"on\" make_equal=\"off\" use_custom_gutter=\"off\" background_color=\"rgba(23,23,23,0.6)\"][et_pb_fullwidth_post_title admin_label=\"Fullwidth Post Title\" title=\"on\" meta=\"off\" author=\"off\" date=\"off\" categories=\"off\" comments=\"off\" featured_image=\"off\" featured_placement=\"below\" parallax_effect=\"on\" parallax_method=\"on\" text_orientation=\"left\" text_color=\"dark\" text_background=\"off\" text_bg_color=\"rgba(255,255,255,0.9)\" module_bg_color=\"#e3e3e3\" title_all_caps=\"off\" use_border_color=\"off\" border_color=\"#ffffff\" border_style=\"solid\"] [\/et_pb_fullwidth_post_title][\/et_pb_section][et_pb_section admin_label=\"Section\" transparent_background=\"off\" allow_player_pause=\"off\" inner_shadow=\"off\" parallax=\"off\" parallax_method=\"on\" padding_mobile=\"off\" make_fullwidth=\"off\" use_custom_width=\"off\" width_unit=\"off\" custom_width_px=\"1080px\" custom_width_percent=\"80%\" make_equal=\"off\" use_custom_gutter=\"off\" fullwidth=\"off\" specialty=\"on\" disabled=\"off\"][et_pb_column type=\"3_4\" specialty_columns=\"3\"][et_pb_row_inner admin_label=\"Row\" padding_mobile=\"off\" use_custom_gutter=\"off\" make_equal=\"off\" column_padding_mobile=\"off\" parallax_1=\"off\" parallax_method_1=\"on\" parallax_2=\"off\" parallax_method_2=\"on\" parallax_3=\"off\" parallax_method_3=\"on\" disabled=\"off\"][et_pb_column_inner type=\"4_4\" saved_specialty_column_type=\"3_4\"][et_pb_text admin_label=\"Text\" background_layout=\"light\" text_orientation=\"left\" use_border_color=\"off\" border_color=\"#ffffff\" border_style=\"solid\"]<\/p><p><a href=\"http:\/\/www.upb-ccas.ro\" target=\"_blank\" rel=\"noopener noreferrer\"><img class=\"alignnone size-medium wp-image-1397\" src=\"https:\/\/inginerie.aero\/wp-content\/uploads\/2017\/04\/CCAS-e1493074146576-300x80.jpg\" alt=\"\" width=\"300\" height=\"80\" \/><\/a><\/p><p>Centrul a fost \u00eenfiin\u0163at \u00een anul 2001 devenind o component\u0103 important\u0103 a activit\u0103\u0163ii de cercetare care se bucur\u0103 de o lung\u0103 tradi\u0163ie \u00een cadrul Universit\u0103\u0163ii \u201cPolitehnica\u201d din Bucure\u015fti. Filozofia centrului este da a men\u0163ine un echilibru \u00eentre cercet\u0103rile teoretice \u015fi cele aplicative implicate \u00een tehnologia spa\u0163ial\u0103. Din 2012 CCAS este membru al Federa\u021biei Interna\u021bionale de Astronautic\u0103.<\/p><p><img class=\"size-medium wp-image-1398 alignright\" src=\"https:\/\/inginerie.aero\/wp-content\/uploads\/2017\/04\/CCAS_1-300x246.jpg\" alt=\"\" width=\"300\" height=\"246\" \/><\/p><ul><li>Aria de expertiz\u0103:<\/li><li>Sisteme aerodinamice, de propulsie \u0219i control integrate, proiectare structuri;<\/li><li>Simularea curgerii \u0219i optimiz\u0103ri aerodinamice;<\/li><li>Modelarea transportului;<\/li><li>Elice eoliene;<\/li><li>Sisteme moderne de lubrifica\u021bie \u0219i aplica\u021bii industriale;<\/li><li>Sisteme termo-hidraulice, analiz\u0103 \u0219i design;<\/li><li>Interac\u021biune fluid-structur\u0103, fenomene aeroelastice;<\/li><li>Calculul \u0219i proiectarea structurilor aeronautice, structuri compozite;<\/li><li>Sisteme de propulsie;<\/li><li>Dinamica aparatelor de zbor, simularea \u0219i controlul zborului;<\/li><li>Avionic\u0103, senzori \u0219i actuatori; <img class=\"size-medium wp-image-1399 alignright\" src=\"https:\/\/inginerie.aero\/wp-content\/uploads\/2017\/04\/ccas_2-300x274.jpg\" alt=\"\" width=\"300\" height=\"274\" \/><\/li><li>Managementul traficului aerian;<\/li><li>Motoare rachet\u0103 hibride;<\/li><li>Mini si micro sateli\u021bi, controlul atitudinii \u0219i analiza structurii;<\/li><li>Lansatoare de mici dimensiuni, rachete de sondaj, sisteme de comand\u0103 \u00een jet;<\/li><li>Sisteme de rachete civile;<\/li><li>Design industrial si design industrial asistat de calculator.<\/li><\/ul><p>\u00a0<\/p><p>[\/et_pb_text][et_pb_image admin_label=\"Imagine\" src=\"https:\/\/inginerie.aero\/wp-content\/uploads\/2017\/04\/ccas_3.jpg\" show_in_lightbox=\"off\" url_new_window=\"off\" use_overlay=\"off\" animation=\"left\" sticky=\"off\" align=\"left\" force_fullwidth=\"off\" always_center_on_mobile=\"on\" use_border_color=\"off\" border_color=\"#ffffff\" border_style=\"solid\"] [\/et_pb_image][et_pb_text admin_label=\"Text\" background_layout=\"light\" text_orientation=\"left\" use_border_color=\"off\" border_color=\"#ffffff\" border_style=\"solid\"]<\/p><p>Link c\u0103tre site-ul centrului: <a href=\"http:\/\/www.upb-ccas.ro\" target=\"_blank\" rel=\"noopener noreferrer\">http:\/\/www.upb-ccas.ro<\/a><\/p><p>[\/et_pb_text][\/et_pb_column_inner][\/et_pb_row_inner][\/et_pb_column][et_pb_column type=\"1_4\"][et_pb_text admin_label=\"Text\" background_layout=\"light\" text_orientation=\"left\" header_font_size=\"49px\" use_border_color=\"off\" border_style=\"solid\" disabled=\"off\"]<\/p><p>Anunturi<\/p><p>[\/et_pb_text][et_pb_divider admin_label=\"Divider\" color=\"#bfbfbf\" divider_style=\"solid\" divider_position=\"top\" divider_weight=\"1px\" hide_on_mobile=\"on\" disabled=\"off\"] [\/et_pb_divider][et_pb_blog admin_label=\"Blog\" fullwidth=\"off\" include_categories=\"11\" show_thumbnail=\"off\" show_content=\"off\" show_more=\"on\" show_author=\"on\" show_date=\"on\" show_categories=\"off\" show_comments=\"off\" show_pagination=\"off\" offset_number=\"0\" use_overlay=\"off\" background_layout=\"light\" use_dropshadow=\"on\" use_border_color=\"off\" border_color=\"#ffffff\" border_style=\"solid\" disabled=\"off\"] [\/et_pb_blog][\/et_pb_column][\/et_pb_section]<\/p>","_et_gb_content_width":"","jetpack_post_was_ever_published":false,"footnotes":"","_links_to":"","_links_to_target":""},"categories":[],"tags":[],"class_list":["post-3197","page","type-page","status-publish","hentry"],"yoast_head":"<!-- This site is optimized with the Yoast SEO plugin v24.3 - https:\/\/yoast.com\/wordpress\/plugins\/seo\/ -->\n<title>Aeronautics and Space Research Centre - Alumni Politehnica Aerospace Engineering<\/title>\n<meta name=\"robots\" content=\"index, follow, max-snippet:-1, max-image-preview:large, max-video-preview:-1\" \/>\n<link rel=\"canonical\" href=\"https:\/\/inginerie.aero\/index.php\/en\/aeronautics-space-research-centre\/\" \/>\n<meta property=\"og:locale\" content=\"ro_RO\" \/>\n<meta property=\"og:type\" content=\"article\" \/>\n<meta property=\"og:title\" content=\"Aeronautics and Space Research Centre - Alumni Politehnica Aerospace Engineering\" \/>\n<meta property=\"og:description\" content=\"&nbsp; The Centre was founded in 2001, becoming an important part of the University Politehnica of Bucharest research, an activity with substantial tradition. The filosophy of the centre is to balance the theoretical and applied research in space technology. Since 2012 CCAS is a member of the International Federation of Astronautics. Expertise area: Aerodynamic systems, [&hellip;]\" \/>\n<meta property=\"og:url\" content=\"https:\/\/inginerie.aero\/index.php\/en\/aeronautics-space-research-centre\/\" \/>\n<meta property=\"og:site_name\" content=\"Alumni Politehnica Aerospace Engineering\" \/>\n<meta property=\"article:publisher\" content=\"https:\/\/www.facebook.com\/groups\/InginerieAerospatiala\/\" \/>\n<meta property=\"og:image\" content=\"https:\/\/inginerie.aero\/wp-content\/uploads\/2017\/04\/CCAS-e1493074146576-300x80.jpg\" \/>\n<meta name=\"twitter:card\" content=\"summary_large_image\" \/>\n<meta name=\"twitter:label1\" content=\"Timp estimat pentru citire\" \/>\n\t<meta name=\"twitter:data1\" content=\"3 minute\" \/>\n<script type=\"application\/ld+json\" class=\"yoast-schema-graph\">{\"@context\":\"https:\/\/schema.org\",\"@graph\":[{\"@type\":\"WebPage\",\"@id\":\"https:\/\/inginerie.aero\/index.php\/en\/aeronautics-space-research-centre\/\",\"url\":\"https:\/\/inginerie.aero\/index.php\/en\/aeronautics-space-research-centre\/\",\"name\":\"Aeronautics and Space Research Centre - Alumni Politehnica Aerospace Engineering\",\"isPartOf\":{\"@id\":\"https:\/\/inginerie.aero\/#website\"},\"primaryImageOfPage\":{\"@id\":\"https:\/\/inginerie.aero\/index.php\/en\/aeronautics-space-research-centre\/#primaryimage\"},\"image\":{\"@id\":\"https:\/\/inginerie.aero\/index.php\/en\/aeronautics-space-research-centre\/#primaryimage\"},\"thumbnailUrl\":\"https:\/\/inginerie.aero\/wp-content\/uploads\/2017\/04\/CCAS-e1493074146576-300x80.jpg\",\"datePublished\":\"2017-05-28T07:09:22+00:00\",\"dateModified\":\"2017-05-28T07:09:22+00:00\",\"breadcrumb\":{\"@id\":\"https:\/\/inginerie.aero\/index.php\/en\/aeronautics-space-research-centre\/#breadcrumb\"},\"inLanguage\":\"ro-RO\",\"potentialAction\":[{\"@type\":\"ReadAction\",\"target\":[\"https:\/\/inginerie.aero\/index.php\/en\/aeronautics-space-research-centre\/\"]}]},{\"@type\":\"ImageObject\",\"inLanguage\":\"ro-RO\",\"@id\":\"https:\/\/inginerie.aero\/index.php\/en\/aeronautics-space-research-centre\/#primaryimage\",\"url\":\"https:\/\/inginerie.aero\/wp-content\/uploads\/2017\/04\/CCAS-e1493074146576.jpg\",\"contentUrl\":\"https:\/\/inginerie.aero\/wp-content\/uploads\/2017\/04\/CCAS-e1493074146576.jpg\",\"width\":811,\"height\":216},{\"@type\":\"BreadcrumbList\",\"@id\":\"https:\/\/inginerie.aero\/index.php\/en\/aeronautics-space-research-centre\/#breadcrumb\",\"itemListElement\":[{\"@type\":\"ListItem\",\"position\":1,\"name\":\"Acas\u0103\",\"item\":\"https:\/\/inginerie.aero\/index.php\/ro\/acasa\/\"},{\"@type\":\"ListItem\",\"position\":2,\"name\":\"Aeronautics and Space Research Centre\"}]},{\"@type\":\"WebSite\",\"@id\":\"https:\/\/inginerie.aero\/#website\",\"url\":\"https:\/\/inginerie.aero\/\",\"name\":\"Facultatea de Inginerie Aerospatiala\",\"description\":\"Site-ul Asociatiei de Alumni ai Facultatii de Inginerie Aerospatiala din cadrul Universitatii POLITEHNICA Bucuresti\",\"publisher\":{\"@id\":\"https:\/\/inginerie.aero\/#organization\"},\"potentialAction\":[{\"@type\":\"SearchAction\",\"target\":{\"@type\":\"EntryPoint\",\"urlTemplate\":\"https:\/\/inginerie.aero\/?s={search_term_string}\"},\"query-input\":{\"@type\":\"PropertyValueSpecification\",\"valueRequired\":true,\"valueName\":\"search_term_string\"}}],\"inLanguage\":\"ro-RO\"},{\"@type\":\"Organization\",\"@id\":\"https:\/\/inginerie.aero\/#organization\",\"name\":\"University Politehnica of Bucharest Faculty of Aerospace Engineering\",\"url\":\"https:\/\/inginerie.aero\/\",\"logo\":{\"@type\":\"ImageObject\",\"inLanguage\":\"ro-RO\",\"@id\":\"https:\/\/inginerie.aero\/#\/schema\/logo\/image\/\",\"url\":\"https:\/\/inginerie.aero\/wp-content\/uploads\/2017\/03\/sigla1.png\",\"contentUrl\":\"https:\/\/inginerie.aero\/wp-content\/uploads\/2017\/03\/sigla1.png\",\"width\":734,\"height\":735,\"caption\":\"University Politehnica of Bucharest Faculty of Aerospace Engineering\"},\"image\":{\"@id\":\"https:\/\/inginerie.aero\/#\/schema\/logo\/image\/\"},\"sameAs\":[\"https:\/\/www.facebook.com\/groups\/InginerieAerospatiala\/\"]}]}<\/script>\n<!-- \/ Yoast SEO plugin. -->","yoast_head_json":{"title":"Aeronautics and Space Research Centre - Alumni Politehnica Aerospace Engineering","robots":{"index":"index","follow":"follow","max-snippet":"max-snippet:-1","max-image-preview":"max-image-preview:large","max-video-preview":"max-video-preview:-1"},"canonical":"https:\/\/inginerie.aero\/index.php\/en\/aeronautics-space-research-centre\/","og_locale":"ro_RO","og_type":"article","og_title":"Aeronautics and Space Research Centre - Alumni Politehnica Aerospace Engineering","og_description":"&nbsp; The Centre was founded in 2001, becoming an important part of the University Politehnica of Bucharest research, an activity with substantial tradition. The filosophy of the centre is to balance the theoretical and applied research in space technology. Since 2012 CCAS is a member of the International Federation of Astronautics. Expertise area: Aerodynamic systems, [&hellip;]","og_url":"https:\/\/inginerie.aero\/index.php\/en\/aeronautics-space-research-centre\/","og_site_name":"Alumni Politehnica Aerospace Engineering","article_publisher":"https:\/\/www.facebook.com\/groups\/InginerieAerospatiala\/","og_image":[{"url":"https:\/\/inginerie.aero\/wp-content\/uploads\/2017\/04\/CCAS-e1493074146576-300x80.jpg","type":"","width":"","height":""}],"twitter_card":"summary_large_image","twitter_misc":{"Timp estimat pentru citire":"3 minute"},"schema":{"@context":"https:\/\/schema.org","@graph":[{"@type":"WebPage","@id":"https:\/\/inginerie.aero\/index.php\/en\/aeronautics-space-research-centre\/","url":"https:\/\/inginerie.aero\/index.php\/en\/aeronautics-space-research-centre\/","name":"Aeronautics and Space Research Centre - Alumni Politehnica Aerospace Engineering","isPartOf":{"@id":"https:\/\/inginerie.aero\/#website"},"primaryImageOfPage":{"@id":"https:\/\/inginerie.aero\/index.php\/en\/aeronautics-space-research-centre\/#primaryimage"},"image":{"@id":"https:\/\/inginerie.aero\/index.php\/en\/aeronautics-space-research-centre\/#primaryimage"},"thumbnailUrl":"https:\/\/inginerie.aero\/wp-content\/uploads\/2017\/04\/CCAS-e1493074146576-300x80.jpg","datePublished":"2017-05-28T07:09:22+00:00","dateModified":"2017-05-28T07:09:22+00:00","breadcrumb":{"@id":"https:\/\/inginerie.aero\/index.php\/en\/aeronautics-space-research-centre\/#breadcrumb"},"inLanguage":"ro-RO","potentialAction":[{"@type":"ReadAction","target":["https:\/\/inginerie.aero\/index.php\/en\/aeronautics-space-research-centre\/"]}]},{"@type":"ImageObject","inLanguage":"ro-RO","@id":"https:\/\/inginerie.aero\/index.php\/en\/aeronautics-space-research-centre\/#primaryimage","url":"https:\/\/inginerie.aero\/wp-content\/uploads\/2017\/04\/CCAS-e1493074146576.jpg","contentUrl":"https:\/\/inginerie.aero\/wp-content\/uploads\/2017\/04\/CCAS-e1493074146576.jpg","width":811,"height":216},{"@type":"BreadcrumbList","@id":"https:\/\/inginerie.aero\/index.php\/en\/aeronautics-space-research-centre\/#breadcrumb","itemListElement":[{"@type":"ListItem","position":1,"name":"Acas\u0103","item":"https:\/\/inginerie.aero\/index.php\/ro\/acasa\/"},{"@type":"ListItem","position":2,"name":"Aeronautics and Space Research Centre"}]},{"@type":"WebSite","@id":"https:\/\/inginerie.aero\/#website","url":"https:\/\/inginerie.aero\/","name":"Facultatea de Inginerie Aerospatiala","description":"Site-ul Asociatiei de Alumni ai Facultatii de Inginerie Aerospatiala din cadrul Universitatii POLITEHNICA Bucuresti","publisher":{"@id":"https:\/\/inginerie.aero\/#organization"},"potentialAction":[{"@type":"SearchAction","target":{"@type":"EntryPoint","urlTemplate":"https:\/\/inginerie.aero\/?s={search_term_string}"},"query-input":{"@type":"PropertyValueSpecification","valueRequired":true,"valueName":"search_term_string"}}],"inLanguage":"ro-RO"},{"@type":"Organization","@id":"https:\/\/inginerie.aero\/#organization","name":"University Politehnica of Bucharest Faculty of Aerospace Engineering","url":"https:\/\/inginerie.aero\/","logo":{"@type":"ImageObject","inLanguage":"ro-RO","@id":"https:\/\/inginerie.aero\/#\/schema\/logo\/image\/","url":"https:\/\/inginerie.aero\/wp-content\/uploads\/2017\/03\/sigla1.png","contentUrl":"https:\/\/inginerie.aero\/wp-content\/uploads\/2017\/03\/sigla1.png","width":734,"height":735,"caption":"University Politehnica of Bucharest Faculty of Aerospace Engineering"},"image":{"@id":"https:\/\/inginerie.aero\/#\/schema\/logo\/image\/"},"sameAs":["https:\/\/www.facebook.com\/groups\/InginerieAerospatiala\/"]}]}},"jetpack_sharing_enabled":true,"jetpack_shortlink":"https:\/\/wp.me\/Pbbi8l-Pz","_links":{"self":[{"href":"https:\/\/inginerie.aero\/index.php\/wp-json\/wp\/v2\/pages\/3197","targetHints":{"allow":["GET"]}}],"collection":[{"href":"https:\/\/inginerie.aero\/index.php\/wp-json\/wp\/v2\/pages"}],"about":[{"href":"https:\/\/inginerie.aero\/index.php\/wp-json\/wp\/v2\/types\/page"}],"author":[{"embeddable":true,"href":"https:\/\/inginerie.aero\/index.php\/wp-json\/wp\/v2\/users\/5"}],"replies":[{"embeddable":true,"href":"https:\/\/inginerie.aero\/index.php\/wp-json\/wp\/v2\/comments?post=3197"}],"version-history":[{"count":1,"href":"https:\/\/inginerie.aero\/index.php\/wp-json\/wp\/v2\/pages\/3197\/revisions"}],"predecessor-version":[{"id":3198,"href":"https:\/\/inginerie.aero\/index.php\/wp-json\/wp\/v2\/pages\/3197\/revisions\/3198"}],"wp:attachment":[{"href":"https:\/\/inginerie.aero\/index.php\/wp-json\/wp\/v2\/media?parent=3197"}],"wp:term":[{"taxonomy":"category","embeddable":true,"href":"https:\/\/inginerie.aero\/index.php\/wp-json\/wp\/v2\/categories?post=3197"},{"taxonomy":"post_tag","embeddable":true,"href":"https:\/\/inginerie.aero\/index.php\/wp-json\/wp\/v2\/tags?post=3197"}],"curies":[{"name":"wp","href":"https:\/\/api.w.org\/{rel}","templated":true}]}}