{"id":3210,"date":"2017-05-28T15:15:39","date_gmt":"2017-05-28T12:15:39","guid":{"rendered":"https:\/\/inginerie.aero\/?page_id=3210"},"modified":"2021-01-31T12:49:21","modified_gmt":"2021-01-31T10:49:21","slug":"organizatii-2","status":"publish","type":"page","link":"https:\/\/inginerie.aero\/index.php\/en\/organizatii-2\/","title":{"rendered":"Organizations"},"content":{"rendered":"<p>[et_pb_section bb_built=&#8221;1&#8243; admin_label=&#8221;section&#8221;][et_pb_row admin_label=&#8221;row&#8221; background_position=&#8221;top_left&#8221; background_repeat=&#8221;repeat&#8221; background_size=&#8221;initial&#8221;][et_pb_column type=&#8221;4_4&#8243;][et_pb_text admin_label=&#8221;Euroavia Bucharest&#8221; background_layout=&#8221;light&#8221; use_border_color=&#8221;off&#8221; background_position=&#8221;top_left&#8221; background_repeat=&#8221;repeat&#8221; background_size=&#8221;initial&#8221; _builder_version=&#8221;3.0.92&#8243;]<\/p>\n<p><a href=\"http:\/\/euroavia-bucuresti.ro\/\" target=\"_blank\" rel=\"noopener\">EUROAVIA Bucure\u0219ti<\/a> &#8211; the European Aerospace Engineering Students Association EUROAVIA established in1969 by a group of TU Delft students extended in Europe. The Bucharest branch was founded in 1992 by a group of students of the Faculty of Aerospace Engineering UPB under the leadership of Radu Cioponea, back then a student majoring in Avionics. Today Radu is an EUROCONTROL expert in Brussels and involved in guiding students and supervising internships with EUROCONTROL.<\/p>\n<div id=\"attachment_1089\" style=\"width: 210px\" class=\"wp-caption alignnone\"><a href=\"http:\/\/euroavia-bucuresti.ro\/\" target=\"_blank\" rel=\"noopener\"><img loading=\"lazy\" decoding=\"async\" aria-describedby=\"caption-attachment-1089\" class=\"wp-image-1089 size-medium\" src=\"https:\/\/inginerie.aero\/wp-content\/uploads\/2017\/02\/RaduCioponea-200x300.jpg\" alt=\"\" width=\"200\" height=\"300\" srcset=\"https:\/\/inginerie.aero\/wp-content\/uploads\/2017\/02\/RaduCioponea-200x300.jpg 200w, https:\/\/inginerie.aero\/wp-content\/uploads\/2017\/02\/RaduCioponea-768x1152.jpg 768w, https:\/\/inginerie.aero\/wp-content\/uploads\/2017\/02\/RaduCioponea-683x1024.jpg 683w, https:\/\/inginerie.aero\/wp-content\/uploads\/2017\/02\/RaduCioponea-610x915.jpg 610w, https:\/\/inginerie.aero\/wp-content\/uploads\/2017\/02\/RaduCioponea-1080x1620.jpg 1080w\" sizes=\"(max-width: 200px) 100vw, 200px\" \/><\/a><p id=\"caption-attachment-1089\" class=\"wp-caption-text\">Radu Cioponea at Air Navigation Convention 2010<\/p><\/div>\n<p>Since the beginning, EUROAVIA Bucharest engaged in attracting funding for the faculty. In 1992 the association members procured a computer network abandoned at the Insititute of Physics M\u0103gurele due to the lack of operating system. This was installed as a laboratory in Polizu. Students and professors joined efforts and succeeded in making the network operational, with the decisive contibution of Paul Chi\u021bescu, a exceptionally talented student in computers. Today Paul is an elite researcher of ICPE Research Institute, Bucharest. The affiliation of our students to EUROAVIA since as early as 1992 is also an assertion of the European vocation. Romania became a EU member in 2007, but there are precursors which demonstrate this vocation in aviation: Rom\u00e2nia adhered to EUROCONTROL as early as 1996. However the founding of EUROAVIA Bucharest in 1992 is probably the first such signal transmitted by the young future aerospace engineers.<\/p>\n<p>During the 2000s the organization faced a period of obscurity, like the faculty, In 2007 the student\u00a0Iulian Juhasz had the initiative of reviving the organization, bringing it in the spotlight by recovering the international activity, but also with the national employers. Iulian created the Rocket Workshop, which today is attracting UPB students anually in a prestigious technology competition. Today Iulian Juhasz is a top space industry specialist, employed by the prestigious space technology company GMV.<\/p>\n<div id=\"attachment_25467\" style=\"width: 310px\" class=\"wp-caption alignnone\"><img loading=\"lazy\" decoding=\"async\" aria-describedby=\"caption-attachment-25467\" class=\"wp-image-25467 size-medium\" src=\"https:\/\/inginerie.aero\/wp-content\/uploads\/2021\/01\/13559089_10154386529120513_6895206718468951854_o-300x300.jpg\" alt=\"\" width=\"300\" height=\"300\" srcset=\"https:\/\/inginerie.aero\/wp-content\/uploads\/2021\/01\/13559089_10154386529120513_6895206718468951854_o-300x300.jpg 300w, https:\/\/inginerie.aero\/wp-content\/uploads\/2021\/01\/13559089_10154386529120513_6895206718468951854_o-1024x1024.jpg 1024w, https:\/\/inginerie.aero\/wp-content\/uploads\/2021\/01\/13559089_10154386529120513_6895206718468951854_o-150x150.jpg 150w, https:\/\/inginerie.aero\/wp-content\/uploads\/2021\/01\/13559089_10154386529120513_6895206718468951854_o-768x768.jpg 768w, https:\/\/inginerie.aero\/wp-content\/uploads\/2021\/01\/13559089_10154386529120513_6895206718468951854_o-610x610.jpg 610w, https:\/\/inginerie.aero\/wp-content\/uploads\/2021\/01\/13559089_10154386529120513_6895206718468951854_o.jpg 1074w\" sizes=\"(max-width: 300px) 100vw, 300px\" \/><p id=\"caption-attachment-25467\" class=\"wp-caption-text\">Iulian Juhasz<\/p><\/div>\n<p>In 2011 a student of the Faculty of Aerospace Engineering UPB became president of the association. Jacqueline Chindea was elected in the EUROAVIA International Board and then leader of the European organization. After studies for a master degree at TU Delft, Jacqueline Chindea is now working in the Netherlands, for the Shell corporation.<\/p>\n<div id=\"attachment_1087\" style=\"width: 222px\" class=\"wp-caption alignnone\"><img loading=\"lazy\" decoding=\"async\" aria-describedby=\"caption-attachment-1087\" class=\"wp-image-1087 size-medium\" src=\"https:\/\/inginerie.aero\/wp-content\/uploads\/2017\/02\/jacqueline-212x300.jpg\" alt=\"\" width=\"212\" height=\"300\" srcset=\"https:\/\/inginerie.aero\/wp-content\/uploads\/2017\/02\/jacqueline-212x300.jpg 212w, https:\/\/inginerie.aero\/wp-content\/uploads\/2017\/02\/jacqueline-768x1086.jpg 768w, https:\/\/inginerie.aero\/wp-content\/uploads\/2017\/02\/jacqueline-724x1024.jpg 724w, https:\/\/inginerie.aero\/wp-content\/uploads\/2017\/02\/jacqueline-610x863.jpg 610w, https:\/\/inginerie.aero\/wp-content\/uploads\/2017\/02\/jacqueline-1080x1527.jpg 1080w\" sizes=\"(max-width: 212px) 100vw, 212px\" \/><p id=\"caption-attachment-1087\" class=\"wp-caption-text\">Jacqueline Chindea at Air Navigation Convention 2010 speaking on behalf of the first series of Air Navigation students of UPB Faculty of Aerospace Engineering<\/p><\/div>\n<p>Today the activity of EUROAVIA Bucharest is essential for the faculty students, extending its statute from professional activities to the representation of the interests of students related to the university and to the industry. EUROAVIA Bucure\u0219ti engaged in the organization of important events such as Rocket Workshop, Flying Practice 2017, AeroCONSULT, Air Navigation Convention, admission simulation 2019, participation at BIAS 2017 and 2018, etc. The today&#8217;s leaders of EUROAVIA Bucharest are likely the future aerospace industry leaders, not only in Romania, but also internationally, on the steps of their predecessors. EUROAVIA Bucharest is a laboratory of leadership and team work, being run today by students as a corporation. Their projects are organized very professionally and they have a strong motivational role, attracting young people to a career in aviation and space.<\/p>\n<p>&nbsp;<\/p>\n<p><img loading=\"lazy\" decoding=\"async\" class=\"wp-image-5205 size-medium\" style=\"font-weight: bold;\" src=\"https:\/\/inginerie.aero\/wp-content\/uploads\/2017\/08\/21077229_1405179999595146_576837845129466071_n-300x225.jpg\" alt=\"\" width=\"300\" height=\"225\" srcset=\"https:\/\/inginerie.aero\/wp-content\/uploads\/2017\/08\/21077229_1405179999595146_576837845129466071_n-300x225.jpg 300w, https:\/\/inginerie.aero\/wp-content\/uploads\/2017\/08\/21077229_1405179999595146_576837845129466071_n-768x576.jpg 768w, https:\/\/inginerie.aero\/wp-content\/uploads\/2017\/08\/21077229_1405179999595146_576837845129466071_n-510x382.jpg 510w, https:\/\/inginerie.aero\/wp-content\/uploads\/2017\/08\/21077229_1405179999595146_576837845129466071_n-610x458.jpg 610w, https:\/\/inginerie.aero\/wp-content\/uploads\/2017\/08\/21077229_1405179999595146_576837845129466071_n.jpg 960w\" sizes=\"(max-width: 300px) 100vw, 300px\" \/><\/p>\n<p>Flying Practice of the UPB Faculty of Aerospace Engineering 2017 organized by EUROAVIA Bucharest &#8211; President Rares Bisag (right, front)<\/p>\n<p>&nbsp;<\/p>\n<div style=\"width: 1034px\" class=\"wp-caption alignnone\"><img loading=\"lazy\" decoding=\"async\" src=\"https:\/\/inginerie.aero\/wp-content\/uploads\/2019\/06\/1EV_0154_1EV_9822-e1561489718674.jpg\" alt=\"\" width=\"1024\" height=\"498\" \/><p class=\"wp-caption-text\">AeroCONSULT 2017 organized exclusively by EUROAVIA Bucharest students<\/p><\/div>\n<p>&nbsp;<\/p>\n<p>&nbsp;<\/p>\n<p>&nbsp;<\/p>\n<p>&nbsp;<\/p>\n<p>[\/et_pb_text][\/et_pb_column][\/et_pb_row][\/et_pb_section]<\/p>\n","protected":false},"excerpt":{"rendered":"<p>EUROAVIA Bucure\u0219ti &#8211; the European Aerospace Engineering Students Association EUROAVIA established in1969 by a group of TU Delft students extended in Europe. The Bucharest branch was founded in 1992 by a group of students of the Faculty of Aerospace Engineering UPB under the leadership of Radu Cioponea, back then a student majoring in Avionics. Today [&hellip;]<\/p>\n","protected":false},"author":1,"featured_media":0,"parent":0,"menu_order":0,"comment_status":"closed","ping_status":"closed","template":"","meta":{"_et_pb_use_builder":"on","_et_pb_old_content":"<p>\u00cen Facultatea de Inginerie Aerospa\u021bial\u0103 activeaz\u0103 urm\u0103toarele organiza\u021bii ale studen\u021bilor:<\/p><p><a href=\"https:\/\/www.facebook.com\/asfia.aero\/\">ASFIA<\/a> - Asocia\u021bia Studen\u021bilor Facult\u0103\u021bii de Inginerie Aerospa\u021bial\u0103<\/p><p><a href=\"http:\/\/euroavia-bucuresti.ro\/\">EUROAVIA\u00a0Bucure\u0219ti<\/a> - Asocia\u021bia European\u0103 a Studen\u021bilor de Inginerie Aerospa\u021bial\u0103, filiala Bucure\u0219ti<\/p><p><a href=\"https:\/\/www.facebook.com\/AESO.Bucharest\/\">AESO<\/a> - Organiza\u021bie a Studen\u021bilor din Facultatea de Inginerie Aerospa\u021bial\u0103<\/p><p>\u00a0<\/p><p>\u00a0<\/p>","_et_gb_content_width":"","jetpack_post_was_ever_published":false,"footnotes":"","_links_to":"","_links_to_target":""},"categories":[],"tags":[],"class_list":["post-3210","page","type-page","status-publish","hentry"],"yoast_head":"<!-- This site is optimized with the Yoast SEO plugin v24.3 - https:\/\/yoast.com\/wordpress\/plugins\/seo\/ -->\n<title>Organizations - Alumni Politehnica Aerospace Engineering<\/title>\n<meta name=\"robots\" content=\"index, follow, max-snippet:-1, max-image-preview:large, max-video-preview:-1\" \/>\n<link rel=\"canonical\" href=\"https:\/\/inginerie.aero\/index.php\/en\/organizatii-2\/\" \/>\n<meta property=\"og:locale\" content=\"ro_RO\" \/>\n<meta property=\"og:type\" content=\"article\" \/>\n<meta property=\"og:title\" content=\"Organizations - Alumni Politehnica Aerospace Engineering\" \/>\n<meta property=\"og:description\" content=\"EUROAVIA Bucure\u0219ti - the European Aerospace Engineering Students Association EUROAVIA established in1969 by a group of TU Delft students extended in Europe. The Bucharest branch was founded in 1992 by a group of students of the Faculty of Aerospace Engineering UPB under the leadership of Radu Cioponea, back then a student majoring in Avionics. Today [&hellip;]\" \/>\n<meta property=\"og:url\" content=\"https:\/\/inginerie.aero\/index.php\/en\/organizatii-2\/\" \/>\n<meta property=\"og:site_name\" content=\"Alumni Politehnica Aerospace Engineering\" \/>\n<meta property=\"article:publisher\" content=\"https:\/\/www.facebook.com\/groups\/InginerieAerospatiala\/\" \/>\n<meta property=\"article:modified_time\" content=\"2021-01-31T10:49:21+00:00\" \/>\n<meta property=\"og:image\" content=\"https:\/\/inginerie.aero\/wp-content\/uploads\/2017\/02\/RaduCioponea-200x300.jpg\" \/>\n<meta name=\"twitter:card\" content=\"summary_large_image\" \/>\n<meta name=\"twitter:label1\" content=\"Timp estimat pentru citire\" \/>\n\t<meta name=\"twitter:data1\" content=\"3 minute\" \/>\n<script type=\"application\/ld+json\" class=\"yoast-schema-graph\">{\"@context\":\"https:\/\/schema.org\",\"@graph\":[{\"@type\":\"WebPage\",\"@id\":\"https:\/\/inginerie.aero\/index.php\/en\/organizatii-2\/\",\"url\":\"https:\/\/inginerie.aero\/index.php\/en\/organizatii-2\/\",\"name\":\"Organizations - Alumni Politehnica Aerospace Engineering\",\"isPartOf\":{\"@id\":\"https:\/\/inginerie.aero\/#website\"},\"primaryImageOfPage\":{\"@id\":\"https:\/\/inginerie.aero\/index.php\/en\/organizatii-2\/#primaryimage\"},\"image\":{\"@id\":\"https:\/\/inginerie.aero\/index.php\/en\/organizatii-2\/#primaryimage\"},\"thumbnailUrl\":\"https:\/\/inginerie.aero\/wp-content\/uploads\/2017\/02\/RaduCioponea-200x300.jpg\",\"datePublished\":\"2017-05-28T12:15:39+00:00\",\"dateModified\":\"2021-01-31T10:49:21+00:00\",\"breadcrumb\":{\"@id\":\"https:\/\/inginerie.aero\/index.php\/en\/organizatii-2\/#breadcrumb\"},\"inLanguage\":\"ro-RO\",\"potentialAction\":[{\"@type\":\"ReadAction\",\"target\":[\"https:\/\/inginerie.aero\/index.php\/en\/organizatii-2\/\"]}]},{\"@type\":\"ImageObject\",\"inLanguage\":\"ro-RO\",\"@id\":\"https:\/\/inginerie.aero\/index.php\/en\/organizatii-2\/#primaryimage\",\"url\":\"https:\/\/inginerie.aero\/wp-content\/uploads\/2017\/02\/RaduCioponea.jpg\",\"contentUrl\":\"https:\/\/inginerie.aero\/wp-content\/uploads\/2017\/02\/RaduCioponea.jpg\",\"width\":3744,\"height\":5616},{\"@type\":\"BreadcrumbList\",\"@id\":\"https:\/\/inginerie.aero\/index.php\/en\/organizatii-2\/#breadcrumb\",\"itemListElement\":[{\"@type\":\"ListItem\",\"position\":1,\"name\":\"Acas\u0103\",\"item\":\"https:\/\/inginerie.aero\/index.php\/ro\/acasa\/\"},{\"@type\":\"ListItem\",\"position\":2,\"name\":\"Organizations\"}]},{\"@type\":\"WebSite\",\"@id\":\"https:\/\/inginerie.aero\/#website\",\"url\":\"https:\/\/inginerie.aero\/\",\"name\":\"Facultatea de Inginerie Aerospatiala\",\"description\":\"Site-ul Asociatiei de Alumni ai Facultatii de Inginerie Aerospatiala din cadrul Universitatii POLITEHNICA Bucuresti\",\"publisher\":{\"@id\":\"https:\/\/inginerie.aero\/#organization\"},\"potentialAction\":[{\"@type\":\"SearchAction\",\"target\":{\"@type\":\"EntryPoint\",\"urlTemplate\":\"https:\/\/inginerie.aero\/?s={search_term_string}\"},\"query-input\":{\"@type\":\"PropertyValueSpecification\",\"valueRequired\":true,\"valueName\":\"search_term_string\"}}],\"inLanguage\":\"ro-RO\"},{\"@type\":\"Organization\",\"@id\":\"https:\/\/inginerie.aero\/#organization\",\"name\":\"University Politehnica of Bucharest Faculty of Aerospace Engineering\",\"url\":\"https:\/\/inginerie.aero\/\",\"logo\":{\"@type\":\"ImageObject\",\"inLanguage\":\"ro-RO\",\"@id\":\"https:\/\/inginerie.aero\/#\/schema\/logo\/image\/\",\"url\":\"https:\/\/inginerie.aero\/wp-content\/uploads\/2017\/03\/sigla1.png\",\"contentUrl\":\"https:\/\/inginerie.aero\/wp-content\/uploads\/2017\/03\/sigla1.png\",\"width\":734,\"height\":735,\"caption\":\"University Politehnica of Bucharest Faculty of Aerospace Engineering\"},\"image\":{\"@id\":\"https:\/\/inginerie.aero\/#\/schema\/logo\/image\/\"},\"sameAs\":[\"https:\/\/www.facebook.com\/groups\/InginerieAerospatiala\/\"]}]}<\/script>\n<!-- \/ Yoast SEO plugin. -->","yoast_head_json":{"title":"Organizations - Alumni Politehnica Aerospace Engineering","robots":{"index":"index","follow":"follow","max-snippet":"max-snippet:-1","max-image-preview":"max-image-preview:large","max-video-preview":"max-video-preview:-1"},"canonical":"https:\/\/inginerie.aero\/index.php\/en\/organizatii-2\/","og_locale":"ro_RO","og_type":"article","og_title":"Organizations - Alumni Politehnica Aerospace Engineering","og_description":"EUROAVIA Bucure\u0219ti - the European Aerospace Engineering Students Association EUROAVIA established in1969 by a group of TU Delft students extended in Europe. The Bucharest branch was founded in 1992 by a group of students of the Faculty of Aerospace Engineering UPB under the leadership of Radu Cioponea, back then a student majoring in Avionics. Today [&hellip;]","og_url":"https:\/\/inginerie.aero\/index.php\/en\/organizatii-2\/","og_site_name":"Alumni Politehnica Aerospace Engineering","article_publisher":"https:\/\/www.facebook.com\/groups\/InginerieAerospatiala\/","article_modified_time":"2021-01-31T10:49:21+00:00","og_image":[{"url":"https:\/\/inginerie.aero\/wp-content\/uploads\/2017\/02\/RaduCioponea-200x300.jpg","type":"","width":"","height":""}],"twitter_card":"summary_large_image","twitter_misc":{"Timp estimat pentru citire":"3 minute"},"schema":{"@context":"https:\/\/schema.org","@graph":[{"@type":"WebPage","@id":"https:\/\/inginerie.aero\/index.php\/en\/organizatii-2\/","url":"https:\/\/inginerie.aero\/index.php\/en\/organizatii-2\/","name":"Organizations - Alumni Politehnica Aerospace Engineering","isPartOf":{"@id":"https:\/\/inginerie.aero\/#website"},"primaryImageOfPage":{"@id":"https:\/\/inginerie.aero\/index.php\/en\/organizatii-2\/#primaryimage"},"image":{"@id":"https:\/\/inginerie.aero\/index.php\/en\/organizatii-2\/#primaryimage"},"thumbnailUrl":"https:\/\/inginerie.aero\/wp-content\/uploads\/2017\/02\/RaduCioponea-200x300.jpg","datePublished":"2017-05-28T12:15:39+00:00","dateModified":"2021-01-31T10:49:21+00:00","breadcrumb":{"@id":"https:\/\/inginerie.aero\/index.php\/en\/organizatii-2\/#breadcrumb"},"inLanguage":"ro-RO","potentialAction":[{"@type":"ReadAction","target":["https:\/\/inginerie.aero\/index.php\/en\/organizatii-2\/"]}]},{"@type":"ImageObject","inLanguage":"ro-RO","@id":"https:\/\/inginerie.aero\/index.php\/en\/organizatii-2\/#primaryimage","url":"https:\/\/inginerie.aero\/wp-content\/uploads\/2017\/02\/RaduCioponea.jpg","contentUrl":"https:\/\/inginerie.aero\/wp-content\/uploads\/2017\/02\/RaduCioponea.jpg","width":3744,"height":5616},{"@type":"BreadcrumbList","@id":"https:\/\/inginerie.aero\/index.php\/en\/organizatii-2\/#breadcrumb","itemListElement":[{"@type":"ListItem","position":1,"name":"Acas\u0103","item":"https:\/\/inginerie.aero\/index.php\/ro\/acasa\/"},{"@type":"ListItem","position":2,"name":"Organizations"}]},{"@type":"WebSite","@id":"https:\/\/inginerie.aero\/#website","url":"https:\/\/inginerie.aero\/","name":"Facultatea de Inginerie Aerospatiala","description":"Site-ul Asociatiei de Alumni ai Facultatii de Inginerie Aerospatiala din cadrul Universitatii POLITEHNICA Bucuresti","publisher":{"@id":"https:\/\/inginerie.aero\/#organization"},"potentialAction":[{"@type":"SearchAction","target":{"@type":"EntryPoint","urlTemplate":"https:\/\/inginerie.aero\/?s={search_term_string}"},"query-input":{"@type":"PropertyValueSpecification","valueRequired":true,"valueName":"search_term_string"}}],"inLanguage":"ro-RO"},{"@type":"Organization","@id":"https:\/\/inginerie.aero\/#organization","name":"University Politehnica of Bucharest Faculty of Aerospace Engineering","url":"https:\/\/inginerie.aero\/","logo":{"@type":"ImageObject","inLanguage":"ro-RO","@id":"https:\/\/inginerie.aero\/#\/schema\/logo\/image\/","url":"https:\/\/inginerie.aero\/wp-content\/uploads\/2017\/03\/sigla1.png","contentUrl":"https:\/\/inginerie.aero\/wp-content\/uploads\/2017\/03\/sigla1.png","width":734,"height":735,"caption":"University Politehnica of Bucharest Faculty of Aerospace Engineering"},"image":{"@id":"https:\/\/inginerie.aero\/#\/schema\/logo\/image\/"},"sameAs":["https:\/\/www.facebook.com\/groups\/InginerieAerospatiala\/"]}]}},"jetpack_sharing_enabled":true,"jetpack_shortlink":"https:\/\/wp.me\/Pbbi8l-PM","_links":{"self":[{"href":"https:\/\/inginerie.aero\/index.php\/wp-json\/wp\/v2\/pages\/3210","targetHints":{"allow":["GET"]}}],"collection":[{"href":"https:\/\/inginerie.aero\/index.php\/wp-json\/wp\/v2\/pages"}],"about":[{"href":"https:\/\/inginerie.aero\/index.php\/wp-json\/wp\/v2\/types\/page"}],"author":[{"embeddable":true,"href":"https:\/\/inginerie.aero\/index.php\/wp-json\/wp\/v2\/users\/1"}],"replies":[{"embeddable":true,"href":"https:\/\/inginerie.aero\/index.php\/wp-json\/wp\/v2\/comments?post=3210"}],"version-history":[{"count":8,"href":"https:\/\/inginerie.aero\/index.php\/wp-json\/wp\/v2\/pages\/3210\/revisions"}],"predecessor-version":[{"id":25473,"href":"https:\/\/inginerie.aero\/index.php\/wp-json\/wp\/v2\/pages\/3210\/revisions\/25473"}],"wp:attachment":[{"href":"https:\/\/inginerie.aero\/index.php\/wp-json\/wp\/v2\/media?parent=3210"}],"wp:term":[{"taxonomy":"category","embeddable":true,"href":"https:\/\/inginerie.aero\/index.php\/wp-json\/wp\/v2\/categories?post=3210"},{"taxonomy":"post_tag","embeddable":true,"href":"https:\/\/inginerie.aero\/index.php\/wp-json\/wp\/v2\/tags?post=3210"}],"curies":[{"name":"wp","href":"https:\/\/api.w.org\/{rel}","templated":true}]}}