{"id":3240,"date":"2017-05-29T11:58:47","date_gmt":"2017-05-29T08:58:47","guid":{"rendered":"https:\/\/inginerie.aero\/?page_id=3240"},"modified":"2019-06-19T13:22:03","modified_gmt":"2019-06-19T10:22:03","slug":"international-students-admissions","status":"publish","type":"page","link":"https:\/\/inginerie.aero\/index.php\/en\/international-students-admissions\/","title":{"rendered":"International Students &#8211; Admissions"},"content":{"rendered":"<p>[et_pb_section bb_built=&#8221;1&#8243; admin_label=&#8221;section&#8221; transparent_background=&#8221;off&#8221; allow_player_pause=&#8221;off&#8221; inner_shadow=&#8221;off&#8221; parallax=&#8221;on&#8221; parallax_method=&#8221;off&#8221; make_fullwidth=&#8221;off&#8221; use_custom_width=&#8221;off&#8221; width_unit=&#8221;on&#8221; make_equal=&#8221;off&#8221; use_custom_gutter=&#8221;off&#8221;][et_pb_row admin_label=&#8221;row&#8221; make_fullwidth=&#8221;off&#8221; use_custom_width=&#8221;off&#8221; width_unit=&#8221;on&#8221; use_custom_gutter=&#8221;off&#8221; allow_player_pause=&#8221;off&#8221; parallax=&#8221;off&#8221; parallax_method=&#8221;off&#8221; make_equal=&#8221;off&#8221; parallax_1=&#8221;off&#8221; parallax_method_1=&#8221;off&#8221; background_position=&#8221;top_left&#8221; background_repeat=&#8221;repeat&#8221; background_size=&#8221;initial&#8221;][et_pb_column type=&#8221;4_4&#8243;][et_pb_post_title admin_label=&#8221;Titlu postare&#8221; title=&#8221;on&#8221; meta=&#8221;off&#8221; author=&#8221;on&#8221; date=&#8221;on&#8221; categories=&#8221;on&#8221; comments=&#8221;on&#8221; featured_image=&#8221;on&#8221; featured_placement=&#8221;below&#8221; parallax_effect=&#8221;on&#8221; parallax_method=&#8221;on&#8221; text_orientation=&#8221;left&#8221; text_color=&#8221;dark&#8221; text_background=&#8221;off&#8221; text_bg_color=&#8221;rgba(255,255,255,0.9)&#8221; use_border_color=&#8221;off&#8221; border_color=&#8221;#ffffff&#8221; border_style=&#8221;solid&#8221; parallax=&#8221;on&#8221;]<\/p>\n<p>&nbsp;<\/p>\n<p>[\/et_pb_post_title][\/et_pb_column][\/et_pb_row][\/et_pb_section][et_pb_section bb_built=&#8221;1&#8243; admin_label=&#8221;Sec\u021biune&#8221; fullwidth=&#8221;off&#8221; specialty=&#8221;off&#8221;][et_pb_row admin_label=&#8221;R\u00e2nd&#8221; background_position=&#8221;top_left&#8221; background_repeat=&#8221;repeat&#8221; background_size=&#8221;initial&#8221;][et_pb_column type=&#8221;3_4&#8243;][et_pb_text background_layout=&#8221;light&#8221; use_border_color=&#8221;off&#8221; background_position=&#8221;top_left&#8221; background_repeat=&#8221;repeat&#8221; background_size=&#8221;initial&#8221; _builder_version=&#8221;3.0.92&#8243;]<\/p>\n<p>The Faculty of Aerospace Engineering offers programs of studies for international students at three levels: undergraduate (bachelor), master, and doctoral. Most undergraduate and master programs are in Romanian. The access to these requires the study of a preparatory year for international students to learn Romanian.<\/p>\n<p>Programs taught entirely in English are also on offer: <strong>Air Navigation Bachelor of Aerospace Engineering<\/strong>\u00a0and <strong>Air Transport Master of Aerospace\u00a0Engineering<\/strong>.<\/p>\n<p>The studies for international students are not free, a tuition fee is charged. For the citizens of the European Union and for all citizens with Romanian nationality there are facilities and scholarships supplied by the Ministry of Education.<\/p>\n<p>The Department for International Students of the University Politehnica of Bucharest<\/p>\n<p>Contact Persons:<\/p>\n<p>1 <strong>Tiberiu Apostol<\/strong>\u00a0 \u00a0 \u00a0 \u00a0&#8211; \u00a0Head of Department &#8211; 0744 306 966 021 402 95 40 \u00a0\/\u00a0<a href=\"mailto:tiberiu.apostol@upb.ro\">tiberiu.apostol@upb.ro<\/a><\/p>\n<p>2 <strong>Maria Hadar<\/strong>\u00a0 \u00a0 \u00a0 \u00a0 \u00a0 \u00a0&#8211; \u00a0Head of Office \u00a0 \u00a0 \u00a0 \u00a0 \u00a0 \u00a0 \u00a0&#8211; 021 402 94 83 \u00a0\/ 021 402 94 50 \u00a0\/\u00a0<a href=\"mailto:maria.hadar@upb.ro\">maria.hadar@upb.ro<\/a><\/p>\n<p>3 <strong>Andra Vasile<\/strong>\u00a0 \u00a0 \u00a0 \u00a0 \u00a0 &#8211; \u00a0Financial Officer \u00a0 \u00a0 \u00a0 \u00a0 \u00a0 &#8211; 021 402 94 83 \/ 021 402 95 40 \/\u00a0<a href=\"mailto:andra.vasile@upb.ro\">andra.vasile@upb.ro<\/a><\/p>\n<p>4 <strong>Ilariana Tudor<\/strong>\u00a0 \u00a0 \u00a0 \u00a0 &#8211; \u00a0Financial Officer \u00a0 \u00a0 \u00a0 \u00a0 &#8211; 021 402 94 83 \/ 021 402 95 40 \/\u00a0<a href=\"mailto:id_tudor@rectorat.pub.ro\">id_tudor@rectorat.pub.ro<\/a><\/p>\n<p>.<\/p>\n<p><a href=\"http:\/\/www.old.upb.ro\/en\/admission-information.html\">Admission Information<\/a><\/p>\n<p><a href=\"http:\/\/www.old.upb.ro\/en\/accommodation.html\">Accommodation<\/a><\/p>\n<p><a href=\"http:\/\/www.old.upb.ro\/en\/education.html\">Romanian long-stay visa for studies<\/a><\/p>\n<p><a href=\"http:\/\/www.old.upb.ro\/en\/tuition-fees.html\">Tuition Fees<\/a><\/p>\n<p>Since 2017 rules will change and application for admissions will be processed by the Faculty Dean&#8217;s Office instead of the Department for International Students.<\/p>\n<p>[\/et_pb_text][et_pb_text background_layout=&#8221;light&#8221; use_border_color=&#8221;off&#8221; background_position=&#8221;top_left&#8221; background_repeat=&#8221;repeat&#8221; background_size=&#8221;initial&#8221; _builder_version=&#8221;3.0.92&#8243;]<\/p>\n<h4>Romanians from Everywhere<\/h4>\n<p>The following persons belong to the Romanians from Everywhere category:<br \/>\na) Persons who freely assume a Romanian cultural identity, persons of Romanian origin and those who belong to the Romanian cultural and linguistic heritage and live outside Romania, regardless of their Romanian proxy ethnic title (Arm\u00e2ni, Arm\u00e2nji, Aromanians, Bessarabians, Bucovinians, Cutzovlahs, Daco-Romanians, Farserots, Hertsans, Histro-Romanians, Danube Latins, Makedoromanians, Maramuressians, Meglenites, Meglenoromanians, Moldavians, Rrumans, Rumans, Vlachs, Vlahs, Vlasis, Volohis, Makedoaromanians), and equally all other related variants,<br \/>\nb) Emigrated Romanians, regardless of their citizenship status, their descendants, and Romanian citizens with residence in other countries.<\/p>\n<p><a href=\"https:\/\/inginerie.aero\/wp-content\/uploads\/2017\/06\/Metodologie-admitere-inv.-superior-2017-FINAL.pdf\" target=\"_blank\" rel=\"noopener noreferrer\">Admission Methodology for Romanians from Everywhere (in Romanian)<\/a><\/p>\n<p><a href=\"https:\/\/inginerie.aero\/wp-content\/uploads\/2019\/06\/Admiterea-RP-2019-2020.docx\" target=\"_blank\" rel=\"noopener noreferrer\">Rules of Admissions UPB (in Romanian)<\/a><\/p>\n<p><a href=\"https:\/\/www.edu.ro\/romanii-de-pretutindeni\" target=\"_blank\" rel=\"noopener noreferrer\">Ministry of Education info in Romanian, English, Bulgarian, French, German, Hungarian, Italian, Serbian, Spanish, Turkish, and Ukrainian<\/a><\/p>\n<p>The Romanian Government offers free places for university studies, with or without scholarship. In UY 2019-2020 University Politehnica of Bucharest offers <strong>144<\/strong> bachelor, <strong>30<\/strong> master and <strong>5<\/strong>\u00a0doctoral studies places for Romanians from Everywhere. Also, UPB organizes the preparatory year to learn Romanian for those candidates who choose it. \u00a0The candidates must possess a diploma equivalent to the Romanian Baccalaureate diploma.<\/p>\n<p><a href=\"https:\/\/inginerie.aero\/wp-content\/uploads\/2017\/06\/Anexa5-EchivalentDiplomaBac.pdf\" target=\"_blank\" rel=\"noopener noreferrer\">The Romanian Baccalaureate Diploma in various countries<\/a><\/p>\n<p>Caution! <span style=\"text-decoration: underline;\">The Romanians from Everywhere program exclusively regards the programs of studies in Romanian language<\/span>.Air Navigation (bachelor) and Air Transport Engineering (master) are not accessible through this program.<\/p>\n<p>Downloadable forms for applicants:<\/p>\n<p><a href=\"https:\/\/inginerie.aero\/wp-content\/uploads\/2017\/06\/Anexa2-Cerere-de-inscriere-2017-2018.pdf\" target=\"_blank\" rel=\"noopener noreferrer\">Application Form 2019-2020<\/a><\/p>\n<p><a href=\"https:\/\/inginerie.aero\/wp-content\/uploads\/2017\/06\/Anexa3-DeclaratieApartIdCultRomana.pdf\" target=\"_blank\" rel=\"noopener noreferrer\">Declaration of Belonging to the Romanian Cultural Identity<\/a><\/p>\n<p><a href=\"https:\/\/inginerie.aero\/wp-content\/uploads\/2017\/06\/Anexa4-ConfirmareLocStudii.pdf\" target=\"_blank\" rel=\"noopener noreferrer\">Confirmation Place of Studies<\/a><\/p>\n<p>Further details regarding admissions:<\/p>\n<p>Bachelor:\u00a0\u00a0\u00a0\u00a0 <a href=\"http:\/\/international.upb.ro\/romanian-diaspora-admission\/\" target=\"_blank\" rel=\"noopener noreferrer\">http:\/\/international.upb.ro\/romanian-diaspora-admission\/<\/a><\/p>\n<p>Master:\u00a0 \u00a0 \u00a0 \u00a0 <a href=\"https:\/\/upb.ro\/admitere\/admitere-masterat\/\" target=\"_blank\" rel=\"noopener noreferrer\">https:\/\/upb.ro\/admitere\/admitere-masterat\/<\/a><\/p>\n<p>Doctorate: \u00a0\u00a0 <a href=\"https:\/\/upb.ro\/doctorat\/admitere-doctorat\/\" target=\"_blank\" rel=\"noopener noreferrer\">https:\/\/upb.ro\/doctorat\/admitere-doctorat\/<\/a><\/p>\n<p>[\/et_pb_text][\/et_pb_column][et_pb_column type=&#8221;1_4&#8243;][et_pb_text background_layout=&#8221;light&#8221; text_orientation=&#8221;left&#8221; use_border_color=&#8221;off&#8221; border_color=&#8221;#ffffff&#8221; border_style=&#8221;solid&#8221; background_position=&#8221;top_left&#8221; background_repeat=&#8221;repeat&#8221; background_size=&#8221;initial&#8221;]<\/p>\n<p><strong><span id=\"result_box\" lang=\"en\" tabindex=\"-1\">Announcements<\/span><\/strong><\/p>\n<p>[\/et_pb_text][et_pb_divider admin_label=&#8221;Divizor&#8221; color=&#8221;#ffffff&#8221; show_divider=&#8221;off&#8221; divider_style=&#8221;solid&#8221; divider_position=&#8221;top&#8221; hide_on_mobile=&#8221;on&#8221; disabled_on=&#8221;on|on|off&#8221;]<\/p>\n<p>&nbsp;<\/p>\n<p>[\/et_pb_divider][et_pb_blog fullwidth=&#8221;on&#8221; include_categories=&#8221;11,12&#8243; show_thumbnail=&#8221;on&#8221; show_content=&#8221;off&#8221; show_more=&#8221;off&#8221; show_author=&#8221;off&#8221; show_date=&#8221;on&#8221; show_categories=&#8221;on&#8221; show_comments=&#8221;on&#8221; show_pagination=&#8221;on&#8221; offset_number=&#8221;0&#8243; use_overlay=&#8221;off&#8221; background_layout=&#8221;light&#8221; use_dropshadow=&#8221;off&#8221; use_border_color=&#8221;on&#8221; border_color=&#8221;#ffffff&#8221; border_style=&#8221;solid&#8221; border_color_all=&#8221;#ffffff&#8221; border_width_all=&#8221;1px&#8221; border_style_all=&#8221;solid&#8221; border_color_all_fullwidth=&#8221;#ffffff&#8221; border_width_all_fullwidth=&#8221;1px&#8221; border_style_all_fullwidth=&#8221;solid&#8221;]<\/p>\n<p>&nbsp;<\/p>\n<p>[\/et_pb_blog][\/et_pb_column][\/et_pb_row][\/et_pb_section]<\/p>\n","protected":false},"excerpt":{"rendered":"<p>&nbsp; The Faculty of Aerospace Engineering offers programs of studies for international students at three levels: undergraduate (bachelor), master, and doctoral. Most undergraduate and master programs are in Romanian. The access to these requires the study of a preparatory year for international students to learn Romanian. Programs taught entirely in English are also on offer: [&hellip;]<\/p>\n","protected":false},"author":1,"featured_media":0,"parent":0,"menu_order":0,"comment_status":"closed","ping_status":"closed","template":"","meta":{"_et_pb_use_builder":"on","_et_pb_old_content":"<p>[et_pb_section admin_label=\"section\" transparent_background=\"off\" allow_player_pause=\"off\" inner_shadow=\"off\" parallax=\"on\" parallax_method=\"off\" make_fullwidth=\"off\" use_custom_width=\"off\" width_unit=\"on\" make_equal=\"off\" use_custom_gutter=\"off\"][et_pb_row admin_label=\"row\" make_fullwidth=\"off\" use_custom_width=\"off\" width_unit=\"on\" use_custom_gutter=\"off\" allow_player_pause=\"off\" parallax=\"off\" parallax_method=\"off\" make_equal=\"off\" parallax_1=\"off\" parallax_method_1=\"off\"][et_pb_column type=\"4_4\"][et_pb_post_title admin_label=\"Titlu postare\" title=\"on\" meta=\"off\" author=\"on\" date=\"on\" categories=\"on\" comments=\"on\" featured_image=\"on\" featured_placement=\"below\" parallax_effect=\"on\" parallax_method=\"on\" text_orientation=\"left\" text_color=\"dark\" text_background=\"off\" text_bg_color=\"rgba(255,255,255,0.9)\" use_border_color=\"off\" border_color=\"#ffffff\" border_style=\"solid\"] [\/et_pb_post_title][\/et_pb_column][\/et_pb_row][\/et_pb_section][et_pb_section admin_label=\"Sec\u021biune\" fullwidth=\"off\" specialty=\"off\"][et_pb_row admin_label=\"R\u00e2nd\"][et_pb_column type=\"3_4\"][et_pb_text admin_label=\"Text\" background_layout=\"light\" text_orientation=\"left\" use_border_color=\"off\" border_color=\"#ffffff\" border_style=\"solid\"]<\/p><p>Facultatea de Inginerie Aerospa\u021bial\u0103 organizeaz\u0103 programe de studii de licen\u021b\u0103, master \u0219i doctorat cu tax\u0103, pentru studen\u021bii interna\u021bionali. Majoritatea programelor sunt \u00een limba rom\u00e2n\u0103, accesul la acestea al studen\u021bilor interna\u021bionali fiind condi\u021bionat de studiul prealabil al\u00a0unui an preg\u0103titor pentru \u00eenv\u0103\u021barea limbii rom\u00e2ne.<\/p><p>Se\u00a0ofer\u0103 \u0219i programe de studii cu predare\u00a0integral\u0103 \u00een limba englez\u0103: <strong>Air Navigation Bachelor of Aerospace Engineering <\/strong>\u0219i respectiv <strong>Air Transport Master of Aerospace\u00a0Engineering<\/strong>.<\/p><p>Studiile sunt \u00een regim cu tax\u0103. Pentru cet\u0103\u021benii\u00a0Uniunii Europene \u0219i pentru cet\u0103\u021benii de na\u021bionalitate rom\u00e2n\u0103 de pretutindeni exist\u0103 facilit\u0103\u021bi \u0219i burse acordate de Ministerul Educa\u021biei.\u00a0\u00censcrierea, admiterea \u0219i \u00eenmatricularea studen\u021bilor interna\u021bionali nu se face la nivelul facult\u0103\u021bii, ci prin <a href=\"http:\/\/www.upb.ro\/en\/international-students.html\"><strong>Departamentul\u00a0pentru Studen\u021bi Interna\u021bionali ai\u00a0Universit\u0103\u021bii Politehnica din Bucure\u0219ti<\/strong><\/a>.<\/p><p>[\/et_pb_text][\/et_pb_column][et_pb_column type=\"1_4\"][et_pb_blog admin_label=\"Blog\" fullwidth=\"on\" include_categories=\"11,12\" show_thumbnail=\"on\" show_content=\"off\" show_more=\"off\" show_author=\"off\" show_date=\"on\" show_categories=\"on\" show_comments=\"on\" show_pagination=\"on\" offset_number=\"0\" use_overlay=\"off\" background_layout=\"light\" use_dropshadow=\"off\" use_border_color=\"on\" border_color=\"#ffffff\" border_style=\"solid\"] [\/et_pb_blog][et_pb_divider admin_label=\"Divizor\" color=\"#ffffff\" show_divider=\"off\" divider_style=\"solid\" divider_position=\"top\" hide_on_mobile=\"on\"] [\/et_pb_divider][\/et_pb_column][\/et_pb_row][\/et_pb_section]<\/p>","_et_gb_content_width":"","jetpack_post_was_ever_published":false,"footnotes":"","_links_to":"","_links_to_target":""},"categories":[],"tags":[],"class_list":["post-3240","page","type-page","status-publish","hentry"],"yoast_head":"<!-- This site is optimized with the Yoast SEO plugin v24.3 - https:\/\/yoast.com\/wordpress\/plugins\/seo\/ -->\n<title>International Students - Admissions - Alumni Politehnica Aerospace Engineering<\/title>\n<meta name=\"robots\" content=\"index, follow, max-snippet:-1, max-image-preview:large, max-video-preview:-1\" \/>\n<link rel=\"canonical\" href=\"https:\/\/inginerie.aero\/index.php\/en\/international-students-admissions\/\" \/>\n<meta property=\"og:locale\" content=\"ro_RO\" \/>\n<meta property=\"og:type\" content=\"article\" \/>\n<meta property=\"og:title\" content=\"International Students - Admissions - Alumni Politehnica Aerospace Engineering\" \/>\n<meta property=\"og:description\" content=\"&nbsp; The Faculty of Aerospace Engineering offers programs of studies for international students at three levels: undergraduate (bachelor), master, and doctoral. Most undergraduate and master programs are in Romanian. The access to these requires the study of a preparatory year for international students to learn Romanian. Programs taught entirely in English are also on offer: [&hellip;]\" \/>\n<meta property=\"og:url\" content=\"https:\/\/inginerie.aero\/index.php\/en\/international-students-admissions\/\" \/>\n<meta property=\"og:site_name\" content=\"Alumni Politehnica Aerospace Engineering\" \/>\n<meta property=\"article:publisher\" content=\"https:\/\/www.facebook.com\/groups\/InginerieAerospatiala\/\" \/>\n<meta property=\"article:modified_time\" content=\"2019-06-19T10:22:03+00:00\" \/>\n<meta name=\"twitter:card\" content=\"summary_large_image\" \/>\n<meta name=\"twitter:label1\" content=\"Timp estimat pentru citire\" \/>\n\t<meta name=\"twitter:data1\" content=\"4 minute\" \/>\n<script type=\"application\/ld+json\" class=\"yoast-schema-graph\">{\"@context\":\"https:\/\/schema.org\",\"@graph\":[{\"@type\":\"WebPage\",\"@id\":\"https:\/\/inginerie.aero\/index.php\/en\/international-students-admissions\/\",\"url\":\"https:\/\/inginerie.aero\/index.php\/en\/international-students-admissions\/\",\"name\":\"International Students - Admissions - Alumni Politehnica Aerospace Engineering\",\"isPartOf\":{\"@id\":\"https:\/\/inginerie.aero\/#website\"},\"datePublished\":\"2017-05-29T08:58:47+00:00\",\"dateModified\":\"2019-06-19T10:22:03+00:00\",\"breadcrumb\":{\"@id\":\"https:\/\/inginerie.aero\/index.php\/en\/international-students-admissions\/#breadcrumb\"},\"inLanguage\":\"ro-RO\",\"potentialAction\":[{\"@type\":\"ReadAction\",\"target\":[\"https:\/\/inginerie.aero\/index.php\/en\/international-students-admissions\/\"]}]},{\"@type\":\"BreadcrumbList\",\"@id\":\"https:\/\/inginerie.aero\/index.php\/en\/international-students-admissions\/#breadcrumb\",\"itemListElement\":[{\"@type\":\"ListItem\",\"position\":1,\"name\":\"Acas\u0103\",\"item\":\"https:\/\/inginerie.aero\/index.php\/ro\/acasa\/\"},{\"@type\":\"ListItem\",\"position\":2,\"name\":\"International Students &#8211; Admissions\"}]},{\"@type\":\"WebSite\",\"@id\":\"https:\/\/inginerie.aero\/#website\",\"url\":\"https:\/\/inginerie.aero\/\",\"name\":\"Facultatea de Inginerie Aerospatiala\",\"description\":\"Site-ul Asociatiei de Alumni ai Facultatii de Inginerie Aerospatiala din cadrul Universitatii POLITEHNICA Bucuresti\",\"publisher\":{\"@id\":\"https:\/\/inginerie.aero\/#organization\"},\"potentialAction\":[{\"@type\":\"SearchAction\",\"target\":{\"@type\":\"EntryPoint\",\"urlTemplate\":\"https:\/\/inginerie.aero\/?s={search_term_string}\"},\"query-input\":{\"@type\":\"PropertyValueSpecification\",\"valueRequired\":true,\"valueName\":\"search_term_string\"}}],\"inLanguage\":\"ro-RO\"},{\"@type\":\"Organization\",\"@id\":\"https:\/\/inginerie.aero\/#organization\",\"name\":\"University Politehnica of Bucharest Faculty of Aerospace Engineering\",\"url\":\"https:\/\/inginerie.aero\/\",\"logo\":{\"@type\":\"ImageObject\",\"inLanguage\":\"ro-RO\",\"@id\":\"https:\/\/inginerie.aero\/#\/schema\/logo\/image\/\",\"url\":\"https:\/\/inginerie.aero\/wp-content\/uploads\/2017\/03\/sigla1.png\",\"contentUrl\":\"https:\/\/inginerie.aero\/wp-content\/uploads\/2017\/03\/sigla1.png\",\"width\":734,\"height\":735,\"caption\":\"University Politehnica of Bucharest Faculty of Aerospace Engineering\"},\"image\":{\"@id\":\"https:\/\/inginerie.aero\/#\/schema\/logo\/image\/\"},\"sameAs\":[\"https:\/\/www.facebook.com\/groups\/InginerieAerospatiala\/\"]}]}<\/script>\n<!-- \/ Yoast SEO plugin. -->","yoast_head_json":{"title":"International Students - Admissions - Alumni Politehnica Aerospace Engineering","robots":{"index":"index","follow":"follow","max-snippet":"max-snippet:-1","max-image-preview":"max-image-preview:large","max-video-preview":"max-video-preview:-1"},"canonical":"https:\/\/inginerie.aero\/index.php\/en\/international-students-admissions\/","og_locale":"ro_RO","og_type":"article","og_title":"International Students - Admissions - Alumni Politehnica Aerospace Engineering","og_description":"&nbsp; The Faculty of Aerospace Engineering offers programs of studies for international students at three levels: undergraduate (bachelor), master, and doctoral. Most undergraduate and master programs are in Romanian. The access to these requires the study of a preparatory year for international students to learn Romanian. Programs taught entirely in English are also on offer: [&hellip;]","og_url":"https:\/\/inginerie.aero\/index.php\/en\/international-students-admissions\/","og_site_name":"Alumni Politehnica Aerospace Engineering","article_publisher":"https:\/\/www.facebook.com\/groups\/InginerieAerospatiala\/","article_modified_time":"2019-06-19T10:22:03+00:00","twitter_card":"summary_large_image","twitter_misc":{"Timp estimat pentru citire":"4 minute"},"schema":{"@context":"https:\/\/schema.org","@graph":[{"@type":"WebPage","@id":"https:\/\/inginerie.aero\/index.php\/en\/international-students-admissions\/","url":"https:\/\/inginerie.aero\/index.php\/en\/international-students-admissions\/","name":"International Students - Admissions - Alumni Politehnica Aerospace Engineering","isPartOf":{"@id":"https:\/\/inginerie.aero\/#website"},"datePublished":"2017-05-29T08:58:47+00:00","dateModified":"2019-06-19T10:22:03+00:00","breadcrumb":{"@id":"https:\/\/inginerie.aero\/index.php\/en\/international-students-admissions\/#breadcrumb"},"inLanguage":"ro-RO","potentialAction":[{"@type":"ReadAction","target":["https:\/\/inginerie.aero\/index.php\/en\/international-students-admissions\/"]}]},{"@type":"BreadcrumbList","@id":"https:\/\/inginerie.aero\/index.php\/en\/international-students-admissions\/#breadcrumb","itemListElement":[{"@type":"ListItem","position":1,"name":"Acas\u0103","item":"https:\/\/inginerie.aero\/index.php\/ro\/acasa\/"},{"@type":"ListItem","position":2,"name":"International Students &#8211; Admissions"}]},{"@type":"WebSite","@id":"https:\/\/inginerie.aero\/#website","url":"https:\/\/inginerie.aero\/","name":"Facultatea de Inginerie Aerospatiala","description":"Site-ul Asociatiei de Alumni ai Facultatii de Inginerie Aerospatiala din cadrul Universitatii POLITEHNICA Bucuresti","publisher":{"@id":"https:\/\/inginerie.aero\/#organization"},"potentialAction":[{"@type":"SearchAction","target":{"@type":"EntryPoint","urlTemplate":"https:\/\/inginerie.aero\/?s={search_term_string}"},"query-input":{"@type":"PropertyValueSpecification","valueRequired":true,"valueName":"search_term_string"}}],"inLanguage":"ro-RO"},{"@type":"Organization","@id":"https:\/\/inginerie.aero\/#organization","name":"University Politehnica of Bucharest Faculty of Aerospace Engineering","url":"https:\/\/inginerie.aero\/","logo":{"@type":"ImageObject","inLanguage":"ro-RO","@id":"https:\/\/inginerie.aero\/#\/schema\/logo\/image\/","url":"https:\/\/inginerie.aero\/wp-content\/uploads\/2017\/03\/sigla1.png","contentUrl":"https:\/\/inginerie.aero\/wp-content\/uploads\/2017\/03\/sigla1.png","width":734,"height":735,"caption":"University Politehnica of Bucharest Faculty of Aerospace Engineering"},"image":{"@id":"https:\/\/inginerie.aero\/#\/schema\/logo\/image\/"},"sameAs":["https:\/\/www.facebook.com\/groups\/InginerieAerospatiala\/"]}]}},"jetpack_sharing_enabled":true,"jetpack_shortlink":"https:\/\/wp.me\/Pbbi8l-Qg","_links":{"self":[{"href":"https:\/\/inginerie.aero\/index.php\/wp-json\/wp\/v2\/pages\/3240","targetHints":{"allow":["GET"]}}],"collection":[{"href":"https:\/\/inginerie.aero\/index.php\/wp-json\/wp\/v2\/pages"}],"about":[{"href":"https:\/\/inginerie.aero\/index.php\/wp-json\/wp\/v2\/types\/page"}],"author":[{"embeddable":true,"href":"https:\/\/inginerie.aero\/index.php\/wp-json\/wp\/v2\/users\/1"}],"replies":[{"embeddable":true,"href":"https:\/\/inginerie.aero\/index.php\/wp-json\/wp\/v2\/comments?post=3240"}],"version-history":[{"count":10,"href":"https:\/\/inginerie.aero\/index.php\/wp-json\/wp\/v2\/pages\/3240\/revisions"}],"predecessor-version":[{"id":20227,"href":"https:\/\/inginerie.aero\/index.php\/wp-json\/wp\/v2\/pages\/3240\/revisions\/20227"}],"wp:attachment":[{"href":"https:\/\/inginerie.aero\/index.php\/wp-json\/wp\/v2\/media?parent=3240"}],"wp:term":[{"taxonomy":"category","embeddable":true,"href":"https:\/\/inginerie.aero\/index.php\/wp-json\/wp\/v2\/categories?post=3240"},{"taxonomy":"post_tag","embeddable":true,"href":"https:\/\/inginerie.aero\/index.php\/wp-json\/wp\/v2\/tags?post=3240"}],"curies":[{"name":"wp","href":"https:\/\/api.w.org\/{rel}","templated":true}]}}