{"id":3328,"date":"2017-05-29T19:39:56","date_gmt":"2017-05-29T16:39:56","guid":{"rendered":"https:\/\/inginerie.aero\/?page_id=3328"},"modified":"2018-06-16T11:05:03","modified_gmt":"2018-06-16T08:05:03","slug":"international-students","status":"publish","type":"page","link":"https:\/\/inginerie.aero\/index.php\/en\/international-students\/","title":{"rendered":"International Students"},"content":{"rendered":"<p>[et_pb_section bb_built=&#8221;1&#8243; fullwidth=&#8221;on&#8221; specialty=&#8221;off&#8221; transparent_background=&#8221;off&#8221; allow_player_pause=&#8221;off&#8221; inner_shadow=&#8221;off&#8221; parallax=&#8221;off&#8221; parallax_method=&#8221;off&#8221; padding_mobile=&#8221;off&#8221; make_fullwidth=&#8221;off&#8221; use_custom_width=&#8221;off&#8221; width_unit=&#8221;on&#8221; make_equal=&#8221;off&#8221; use_custom_gutter=&#8221;off&#8221; background_color=&#8221;rgba(23,23,23,0.6)&#8221; custom_padding_tablet=&#8221;50px|0|50px|0&#8243; custom_padding_last_edited=&#8221;on|desktop&#8221;][et_pb_fullwidth_post_title title=&#8221;on&#8221; meta=&#8221;off&#8221; author=&#8221;off&#8221; date=&#8221;off&#8221; categories=&#8221;off&#8221; comments=&#8221;off&#8221; featured_image=&#8221;off&#8221; featured_placement=&#8221;below&#8221; parallax_effect=&#8221;on&#8221; parallax_method=&#8221;off&#8221; text_orientation=&#8221;left&#8221; text_color=&#8221;dark&#8221; text_background=&#8221;off&#8221; text_bg_color=&#8221;rgba(255,255,255,0.9)&#8221; module_bg_color=&#8221;#e3e3e3&#8243; title_all_caps=&#8221;off&#8221; use_border_color=&#8221;off&#8221; border_color=&#8221;#ffffff&#8221; border_style=&#8221;solid&#8221; parallax=&#8221;on&#8221; background_color=&#8221;#e3e3e3&#8243;]<br \/>\n[\/et_pb_fullwidth_post_title][\/et_pb_section][et_pb_section bb_built=&#8221;1&#8243; transparent_background=&#8221;off&#8221; allow_player_pause=&#8221;off&#8221; inner_shadow=&#8221;off&#8221; parallax=&#8221;off&#8221; parallax_method=&#8221;on&#8221; padding_mobile=&#8221;off&#8221; make_fullwidth=&#8221;off&#8221; use_custom_width=&#8221;off&#8221; width_unit=&#8221;off&#8221; custom_width_px=&#8221;1080px&#8221; custom_width_percent=&#8221;80%&#8221; make_equal=&#8221;off&#8221; use_custom_gutter=&#8221;off&#8221; fullwidth=&#8221;off&#8221; specialty=&#8221;on&#8221; disabled=&#8221;off&#8221; custom_padding_tablet=&#8221;50px|0|50px|0&#8243; custom_padding_last_edited=&#8221;on|desktop&#8221;][et_pb_column type=&#8221;3_4&#8243; specialty_columns=&#8221;3&#8243;][et_pb_row_inner admin_label=&#8221;Row&#8221; padding_mobile=&#8221;off&#8221; use_custom_gutter=&#8221;off&#8221; make_equal=&#8221;off&#8221; column_padding_mobile=&#8221;off&#8221; parallax_1=&#8221;off&#8221; parallax_method_1=&#8221;on&#8221; parallax_2=&#8221;off&#8221; parallax_method_2=&#8221;on&#8221; parallax_3=&#8221;off&#8221; parallax_method_3=&#8221;on&#8221; disabled=&#8221;off&#8221;][et_pb_column_inner type=&#8221;4_4&#8243; saved_specialty_column_type=&#8221;3_4&#8243;][et_pb_text background_layout=&#8221;light&#8221; use_border_color=&#8221;off&#8221; _builder_version=&#8221;3.0.92&#8243;]<\/p>\n<div id=\"page-container\" class=\"et-animated-content\">\n<div id=\"et-main-area\">\n<div id=\"main-content\">\n<article id=\"post-3240\" class=\"post-3240 page type-page status-publish hentry\">\n<div class=\"entry-content\">\n<div class=\"et_pb_section et_pb_section_1 et_section_regular\">\n<div class=\"et_pb_row et_pb_row_1 et_pb_row_3-4_1-4\">\n<div class=\"et_pb_column et_pb_column_3_4 et_pb_column_1\">\n<div class=\"et_pb_text et_pb_module et_pb_bg_layout_light et_pb_text_align_left et_pb_text_0\">\n<p>The Faculty of Aerospace Engineering offers programs of studies for international students at three levels: undergraduate (bachelor), master, and doctoral. Most undergraduate and master programs are in Romanian. The access to these requires the study of a preparatory year for international students to learn Romanian.<\/p>\n<p>Programs taught entirely in English are also on offer: <strong>Air Navigation Bachelor of Aerospace Engineering<\/strong>\u00a0and <strong>Air Transport Master of Aerospace\u00a0Engineering<\/strong>.<\/p>\n<p>The studies for international students are not free, a tuition fee is charged. For the citizens of the European Union and for all citizens with Romanian nationality there are facilities and scholarships supplied by the Ministry of Education.<\/p>\n<p>The Department for International Students of the University Politehnica of Bucharest<\/p>\n<p>Contact Persons:<\/p>\n<p>1\u00a0<strong>Tiberiu Apostol<\/strong>\u00a0 \u00a0 \u00a0 \u00a0\u2013 \u00a0Head of Department \u2013 0744 306 966 021 402 95 40 \u00a0\/\u00a0<a href=\"mailto:tiberiu.apostol@upb.ro\">tiberiu.apostol@upb.ro<\/a><\/p>\n<p>2\u00a0<strong>Maria Hadar<\/strong>\u00a0 \u00a0 \u00a0 \u00a0 \u00a0 \u00a0\u2013 \u00a0Head of Office \u00a0 \u00a0 \u00a0 \u00a0 \u00a0 \u00a0 \u00a0\u2013 021 402 94 83 \u00a0\/ 021 402 94 50 \u00a0\/\u00a0<a href=\"mailto:maria.hadar@upb.ro\">maria.hadar@upb.ro<\/a><\/p>\n<p>3\u00a0<strong>Andra Vasile<\/strong>\u00a0 \u00a0 \u00a0 \u00a0 \u00a0 \u2013 \u00a0Financial Officer \u00a0 \u00a0 \u00a0 \u00a0 \u00a0 \u2013 021 402 94 83 \/ 021 402 95 40 \/\u00a0<a href=\"mailto:andra.vasile@upb.ro\">andra.vasile@upb.ro<\/a><\/p>\n<p>4\u00a0<strong>Ilariana Tudor<\/strong>\u00a0 \u00a0 \u00a0 \u00a0 \u2013 \u00a0Financial Officer \u00a0 \u00a0 \u00a0 \u00a0 \u2013 021 402 94 83 \/ 021 402 95 40 \/\u00a0<a href=\"mailto:id_tudor@rectorat.pub.ro\">id_tudor@rectorat.pub.ro<\/a><\/p>\n<p>.<\/p>\n<p><a href=\"http:\/\/www.old.upb.ro\/en\/admission-information.html\">Admission Information<\/a><\/p>\n<p><a href=\"http:\/\/www.old.upb.ro\/en\/accommodation.html\">Accommodation<\/a><\/p>\n<p><a href=\"http:\/\/www.old.upb.ro\/en\/education.html\">Romanian long-stay visa for studies<\/a><\/p>\n<p><a href=\"http:\/\/www.old.upb.ro\/en\/tuition-fees.html\">Tuition Fees<\/a><\/p>\n<p>Since 2017 rules will change and application for admissions will be processed by the Faculty Dean\u2019s Office instead of the Department for International Students.<\/p>\n<\/div>\n<\/div>\n<\/div>\n<\/div>\n<\/div>\n<\/article>\n<\/div>\n<\/div>\n<\/div>\n<p>&nbsp;<\/p>\n<p>&nbsp;<\/p>\n<p>[\/et_pb_text][\/et_pb_column_inner][\/et_pb_row_inner][\/et_pb_column][et_pb_column type=&#8221;1_4&#8243;][et_pb_text background_layout=&#8221;light&#8221; text_orientation=&#8221;left&#8221; header_font_size=&#8221;49px&#8221; use_border_color=&#8221;off&#8221; border_style=&#8221;solid&#8221; disabled=&#8221;off&#8221; border_color=&#8221;#ffffff&#8221;]<\/p>\n<p>Announcements<\/p>\n<p>[\/et_pb_text][et_pb_divider color=&#8221;#bfbfbf&#8221; divider_style=&#8221;solid&#8221; divider_position=&#8221;top&#8221; divider_weight=&#8221;1px&#8221; hide_on_mobile=&#8221;on&#8221; disabled=&#8221;off&#8221;]<br \/>\n[\/et_pb_divider][et_pb_blog fullwidth=&#8221;off&#8221; include_categories=&#8221;11&#8243; show_thumbnail=&#8221;on&#8221; show_content=&#8221;off&#8221; show_more=&#8221;on&#8221; show_author=&#8221;on&#8221; show_date=&#8221;on&#8221; show_categories=&#8221;off&#8221; show_comments=&#8221;off&#8221; show_pagination=&#8221;off&#8221; offset_number=&#8221;0&#8243; use_overlay=&#8221;off&#8221; background_layout=&#8221;light&#8221; use_dropshadow=&#8221;on&#8221; use_border_color=&#8221;off&#8221; border_color=&#8221;#ffffff&#8221; border_style=&#8221;solid&#8221; disabled=&#8221;off&#8221;]<br \/>\n[\/et_pb_blog][\/et_pb_column][\/et_pb_section]<\/p>\n","protected":false},"excerpt":{"rendered":"<p>The Faculty of Aerospace Engineering offers programs of studies for international students at three levels: undergraduate (bachelor), master, and doctoral. Most undergraduate and master programs are in Romanian. The access to these requires the study of a preparatory year for international students to learn Romanian. Programs taught entirely in English are also on offer: Air [&hellip;]<\/p>\n","protected":false},"author":6,"featured_media":0,"parent":0,"menu_order":0,"comment_status":"closed","ping_status":"closed","template":"","meta":{"_et_pb_use_builder":"on","_et_pb_old_content":"<p>[et_pb_section admin_label=\"Section\" fullwidth=\"on\" specialty=\"off\" transparent_background=\"off\" allow_player_pause=\"off\" inner_shadow=\"off\" parallax=\"off\" parallax_method=\"off\" padding_mobile=\"off\" make_fullwidth=\"off\" use_custom_width=\"off\" width_unit=\"on\" make_equal=\"off\" use_custom_gutter=\"off\" background_color=\"rgba(23,23,23,0.6)\"][et_pb_fullwidth_post_title admin_label=\"Fullwidth Post Title\" title=\"on\" meta=\"off\" author=\"off\" date=\"off\" categories=\"off\" comments=\"off\" featured_image=\"off\" featured_placement=\"below\" parallax_effect=\"on\" parallax_method=\"on\" text_orientation=\"left\" text_color=\"dark\" text_background=\"off\" text_bg_color=\"rgba(255,255,255,0.9)\" module_bg_color=\"#e3e3e3\" title_all_caps=\"off\" use_border_color=\"off\" border_color=\"#ffffff\" border_style=\"solid\"] [\/et_pb_fullwidth_post_title][\/et_pb_section][et_pb_section admin_label=\"Section\" transparent_background=\"off\" allow_player_pause=\"off\" inner_shadow=\"off\" parallax=\"off\" parallax_method=\"on\" padding_mobile=\"off\" make_fullwidth=\"off\" use_custom_width=\"off\" width_unit=\"off\" custom_width_px=\"1080px\" custom_width_percent=\"80%\" make_equal=\"off\" use_custom_gutter=\"off\" fullwidth=\"off\" specialty=\"on\" disabled=\"off\"][et_pb_column type=\"3_4\" specialty_columns=\"3\"][et_pb_row_inner admin_label=\"Row\" padding_mobile=\"off\" use_custom_gutter=\"off\" make_equal=\"off\" column_padding_mobile=\"off\" parallax_1=\"off\" parallax_method_1=\"on\" parallax_2=\"off\" parallax_method_2=\"on\" parallax_3=\"off\" parallax_method_3=\"on\" disabled=\"off\"][et_pb_column_inner type=\"4_4\" saved_specialty_column_type=\"3_4\"][et_pb_text admin_label=\"Text\" background_layout=\"light\" text_orientation=\"left\" use_border_color=\"off\" border_color=\"#ffffff\" border_style=\"solid\"]<\/p><p>Facultatea de Inginerie Aerospa\u021bial\u0103 organizeaz\u0103 programe de studii de licen\u021b\u0103, master \u0219i doctorat cu tax\u0103, pentru studen\u021bii interna\u021bionali. Majoritatea programelor sunt \u00een limba rom\u00e2n\u0103, accesul la acestea al studen\u021bilor interna\u021bionali fiind condi\u021bionat de studiul prealabil al\u00a0unui an preg\u0103titor pentru \u00eenv\u0103\u021barea limbii rom\u00e2ne.<\/p><p>Se\u00a0ofer\u0103 \u0219i programe de studii cu predare\u00a0integral\u0103 \u00een limba englez\u0103: <strong>Air Navigation Bachelor of Aerospace Engineering <\/strong>\u0219i respectiv <strong>Air Transport Master of Aerospace\u00a0Engineering<\/strong>.<\/p><p>Studiile sunt \u00een regim cu tax\u0103. Pentru cet\u0103\u021benii\u00a0Uniunii Europene \u0219i pentru cet\u0103\u021benii de na\u021bionalitate rom\u00e2n\u0103 de pretutindeni exist\u0103 facilit\u0103\u021bi \u0219i burse acordate de Ministerul Educa\u021biei.\u00a0\u00censcrierea, admiterea \u0219i \u00eenmatricularea studen\u021bilor interna\u021bionali nu se face la nivelul facult\u0103\u021bii, ci prin <a href=\"http:\/\/www.upb.ro\/en\/international-students.html\"><strong>Departamentul\u00a0pentru Studen\u021bi Interna\u021bionali ai\u00a0Universit\u0103\u021bii Politehnica din Bucure\u0219ti<\/strong><\/a>.<\/p><p>\u00a0<\/p><p>\u00a0<\/p><p>[\/et_pb_text][\/et_pb_column_inner][\/et_pb_row_inner][\/et_pb_column][et_pb_column type=\"1_4\"][et_pb_text admin_label=\"Text\" background_layout=\"light\" text_orientation=\"left\" header_font_size=\"49px\" use_border_color=\"off\" border_style=\"solid\" disabled=\"off\"]<\/p><p>Anunturi<\/p><p>[\/et_pb_text][et_pb_divider admin_label=\"Divider\" color=\"#bfbfbf\" divider_style=\"solid\" divider_position=\"top\" divider_weight=\"1px\" hide_on_mobile=\"on\" disabled=\"off\"] [\/et_pb_divider][et_pb_blog admin_label=\"Blog\" fullwidth=\"off\" include_categories=\"11\" show_thumbnail=\"off\" show_content=\"off\" show_more=\"on\" show_author=\"on\" show_date=\"on\" show_categories=\"off\" show_comments=\"off\" show_pagination=\"off\" offset_number=\"0\" use_overlay=\"off\" background_layout=\"light\" use_dropshadow=\"on\" use_border_color=\"off\" border_color=\"#ffffff\" border_style=\"solid\" disabled=\"off\"] [\/et_pb_blog][\/et_pb_column][\/et_pb_section]<\/p>","_et_gb_content_width":"","jetpack_post_was_ever_published":false,"footnotes":"","_links_to":"","_links_to_target":""},"categories":[],"tags":[],"class_list":["post-3328","page","type-page","status-publish","hentry"],"yoast_head":"<!-- This site is optimized with the Yoast SEO plugin v24.3 - https:\/\/yoast.com\/wordpress\/plugins\/seo\/ -->\n<title>International Students - Alumni Politehnica Aerospace Engineering<\/title>\n<meta name=\"robots\" content=\"index, follow, max-snippet:-1, max-image-preview:large, max-video-preview:-1\" \/>\n<link rel=\"canonical\" href=\"https:\/\/inginerie.aero\/index.php\/en\/international-students\/\" \/>\n<meta property=\"og:locale\" content=\"ro_RO\" \/>\n<meta property=\"og:type\" content=\"article\" \/>\n<meta property=\"og:title\" content=\"International Students - Alumni Politehnica Aerospace Engineering\" \/>\n<meta property=\"og:description\" content=\"The Faculty of Aerospace Engineering offers programs of studies for international students at three levels: undergraduate (bachelor), master, and doctoral. Most undergraduate and master programs are in Romanian. The access to these requires the study of a preparatory year for international students to learn Romanian. Programs taught entirely in English are also on offer: Air [&hellip;]\" \/>\n<meta property=\"og:url\" content=\"https:\/\/inginerie.aero\/index.php\/en\/international-students\/\" \/>\n<meta property=\"og:site_name\" content=\"Alumni Politehnica Aerospace Engineering\" \/>\n<meta property=\"article:publisher\" content=\"https:\/\/www.facebook.com\/groups\/InginerieAerospatiala\/\" \/>\n<meta property=\"article:modified_time\" content=\"2018-06-16T08:05:03+00:00\" \/>\n<meta name=\"twitter:card\" content=\"summary_large_image\" \/>\n<meta name=\"twitter:label1\" content=\"Timp estimat pentru citire\" \/>\n\t<meta name=\"twitter:data1\" content=\"3 minute\" \/>\n<script type=\"application\/ld+json\" class=\"yoast-schema-graph\">{\"@context\":\"https:\/\/schema.org\",\"@graph\":[{\"@type\":\"WebPage\",\"@id\":\"https:\/\/inginerie.aero\/index.php\/en\/international-students\/\",\"url\":\"https:\/\/inginerie.aero\/index.php\/en\/international-students\/\",\"name\":\"International Students - Alumni Politehnica Aerospace Engineering\",\"isPartOf\":{\"@id\":\"https:\/\/inginerie.aero\/#website\"},\"datePublished\":\"2017-05-29T16:39:56+00:00\",\"dateModified\":\"2018-06-16T08:05:03+00:00\",\"breadcrumb\":{\"@id\":\"https:\/\/inginerie.aero\/index.php\/en\/international-students\/#breadcrumb\"},\"inLanguage\":\"ro-RO\",\"potentialAction\":[{\"@type\":\"ReadAction\",\"target\":[\"https:\/\/inginerie.aero\/index.php\/en\/international-students\/\"]}]},{\"@type\":\"BreadcrumbList\",\"@id\":\"https:\/\/inginerie.aero\/index.php\/en\/international-students\/#breadcrumb\",\"itemListElement\":[{\"@type\":\"ListItem\",\"position\":1,\"name\":\"Acas\u0103\",\"item\":\"https:\/\/inginerie.aero\/index.php\/ro\/acasa\/\"},{\"@type\":\"ListItem\",\"position\":2,\"name\":\"International Students\"}]},{\"@type\":\"WebSite\",\"@id\":\"https:\/\/inginerie.aero\/#website\",\"url\":\"https:\/\/inginerie.aero\/\",\"name\":\"Facultatea de Inginerie Aerospatiala\",\"description\":\"Site-ul Asociatiei de Alumni ai Facultatii de Inginerie Aerospatiala din cadrul Universitatii POLITEHNICA Bucuresti\",\"publisher\":{\"@id\":\"https:\/\/inginerie.aero\/#organization\"},\"potentialAction\":[{\"@type\":\"SearchAction\",\"target\":{\"@type\":\"EntryPoint\",\"urlTemplate\":\"https:\/\/inginerie.aero\/?s={search_term_string}\"},\"query-input\":{\"@type\":\"PropertyValueSpecification\",\"valueRequired\":true,\"valueName\":\"search_term_string\"}}],\"inLanguage\":\"ro-RO\"},{\"@type\":\"Organization\",\"@id\":\"https:\/\/inginerie.aero\/#organization\",\"name\":\"University Politehnica of Bucharest Faculty of Aerospace Engineering\",\"url\":\"https:\/\/inginerie.aero\/\",\"logo\":{\"@type\":\"ImageObject\",\"inLanguage\":\"ro-RO\",\"@id\":\"https:\/\/inginerie.aero\/#\/schema\/logo\/image\/\",\"url\":\"https:\/\/inginerie.aero\/wp-content\/uploads\/2017\/03\/sigla1.png\",\"contentUrl\":\"https:\/\/inginerie.aero\/wp-content\/uploads\/2017\/03\/sigla1.png\",\"width\":734,\"height\":735,\"caption\":\"University Politehnica of Bucharest Faculty of Aerospace Engineering\"},\"image\":{\"@id\":\"https:\/\/inginerie.aero\/#\/schema\/logo\/image\/\"},\"sameAs\":[\"https:\/\/www.facebook.com\/groups\/InginerieAerospatiala\/\"]}]}<\/script>\n<!-- \/ Yoast SEO plugin. -->","yoast_head_json":{"title":"International Students - Alumni Politehnica Aerospace Engineering","robots":{"index":"index","follow":"follow","max-snippet":"max-snippet:-1","max-image-preview":"max-image-preview:large","max-video-preview":"max-video-preview:-1"},"canonical":"https:\/\/inginerie.aero\/index.php\/en\/international-students\/","og_locale":"ro_RO","og_type":"article","og_title":"International Students - Alumni Politehnica Aerospace Engineering","og_description":"The Faculty of Aerospace Engineering offers programs of studies for international students at three levels: undergraduate (bachelor), master, and doctoral. Most undergraduate and master programs are in Romanian. The access to these requires the study of a preparatory year for international students to learn Romanian. Programs taught entirely in English are also on offer: Air [&hellip;]","og_url":"https:\/\/inginerie.aero\/index.php\/en\/international-students\/","og_site_name":"Alumni Politehnica Aerospace Engineering","article_publisher":"https:\/\/www.facebook.com\/groups\/InginerieAerospatiala\/","article_modified_time":"2018-06-16T08:05:03+00:00","twitter_card":"summary_large_image","twitter_misc":{"Timp estimat pentru citire":"3 minute"},"schema":{"@context":"https:\/\/schema.org","@graph":[{"@type":"WebPage","@id":"https:\/\/inginerie.aero\/index.php\/en\/international-students\/","url":"https:\/\/inginerie.aero\/index.php\/en\/international-students\/","name":"International Students - Alumni Politehnica Aerospace Engineering","isPartOf":{"@id":"https:\/\/inginerie.aero\/#website"},"datePublished":"2017-05-29T16:39:56+00:00","dateModified":"2018-06-16T08:05:03+00:00","breadcrumb":{"@id":"https:\/\/inginerie.aero\/index.php\/en\/international-students\/#breadcrumb"},"inLanguage":"ro-RO","potentialAction":[{"@type":"ReadAction","target":["https:\/\/inginerie.aero\/index.php\/en\/international-students\/"]}]},{"@type":"BreadcrumbList","@id":"https:\/\/inginerie.aero\/index.php\/en\/international-students\/#breadcrumb","itemListElement":[{"@type":"ListItem","position":1,"name":"Acas\u0103","item":"https:\/\/inginerie.aero\/index.php\/ro\/acasa\/"},{"@type":"ListItem","position":2,"name":"International Students"}]},{"@type":"WebSite","@id":"https:\/\/inginerie.aero\/#website","url":"https:\/\/inginerie.aero\/","name":"Facultatea de Inginerie Aerospatiala","description":"Site-ul Asociatiei de Alumni ai Facultatii de Inginerie Aerospatiala din cadrul Universitatii POLITEHNICA Bucuresti","publisher":{"@id":"https:\/\/inginerie.aero\/#organization"},"potentialAction":[{"@type":"SearchAction","target":{"@type":"EntryPoint","urlTemplate":"https:\/\/inginerie.aero\/?s={search_term_string}"},"query-input":{"@type":"PropertyValueSpecification","valueRequired":true,"valueName":"search_term_string"}}],"inLanguage":"ro-RO"},{"@type":"Organization","@id":"https:\/\/inginerie.aero\/#organization","name":"University Politehnica of Bucharest Faculty of Aerospace Engineering","url":"https:\/\/inginerie.aero\/","logo":{"@type":"ImageObject","inLanguage":"ro-RO","@id":"https:\/\/inginerie.aero\/#\/schema\/logo\/image\/","url":"https:\/\/inginerie.aero\/wp-content\/uploads\/2017\/03\/sigla1.png","contentUrl":"https:\/\/inginerie.aero\/wp-content\/uploads\/2017\/03\/sigla1.png","width":734,"height":735,"caption":"University Politehnica of Bucharest Faculty of Aerospace Engineering"},"image":{"@id":"https:\/\/inginerie.aero\/#\/schema\/logo\/image\/"},"sameAs":["https:\/\/www.facebook.com\/groups\/InginerieAerospatiala\/"]}]}},"jetpack_sharing_enabled":true,"jetpack_shortlink":"https:\/\/wp.me\/Pbbi8l-RG","_links":{"self":[{"href":"https:\/\/inginerie.aero\/index.php\/wp-json\/wp\/v2\/pages\/3328","targetHints":{"allow":["GET"]}}],"collection":[{"href":"https:\/\/inginerie.aero\/index.php\/wp-json\/wp\/v2\/pages"}],"about":[{"href":"https:\/\/inginerie.aero\/index.php\/wp-json\/wp\/v2\/types\/page"}],"author":[{"embeddable":true,"href":"https:\/\/inginerie.aero\/index.php\/wp-json\/wp\/v2\/users\/6"}],"replies":[{"embeddable":true,"href":"https:\/\/inginerie.aero\/index.php\/wp-json\/wp\/v2\/comments?post=3328"}],"version-history":[{"count":5,"href":"https:\/\/inginerie.aero\/index.php\/wp-json\/wp\/v2\/pages\/3328\/revisions"}],"predecessor-version":[{"id":11366,"href":"https:\/\/inginerie.aero\/index.php\/wp-json\/wp\/v2\/pages\/3328\/revisions\/11366"}],"wp:attachment":[{"href":"https:\/\/inginerie.aero\/index.php\/wp-json\/wp\/v2\/media?parent=3328"}],"wp:term":[{"taxonomy":"category","embeddable":true,"href":"https:\/\/inginerie.aero\/index.php\/wp-json\/wp\/v2\/categories?post=3328"},{"taxonomy":"post_tag","embeddable":true,"href":"https:\/\/inginerie.aero\/index.php\/wp-json\/wp\/v2\/tags?post=3328"}],"curies":[{"name":"wp","href":"https:\/\/api.w.org\/{rel}","templated":true}]}}