{"id":3731,"date":"2017-06-11T14:21:10","date_gmt":"2017-06-11T11:21:10","guid":{"rendered":"https:\/\/inginerie.aero\/?page_id=3731"},"modified":"2024-05-18T17:04:53","modified_gmt":"2024-05-18T14:04:53","slug":"conf-dr-ing-octavian-thor-pleter","status":"publish","type":"page","link":"https:\/\/inginerie.aero\/index.php\/en\/elie-carafoli-department-aerospace-science\/conf-dr-ing-octavian-thor-pleter\/","title":{"rendered":"Assoc. Prof. Dr. Eng. Octavian Thor Pleter"},"content":{"rendered":"<p>[et_pb_section fb_built=&#8221;1&#8243; admin_label=&#8221;section&#8221; _builder_version=&#8221;4.16&#8243; global_colors_info=&#8221;{}&#8221;][et_pb_row admin_label=&#8221;row&#8221; _builder_version=&#8221;4.16&#8243; background_size=&#8221;initial&#8221; background_position=&#8221;top_left&#8221; background_repeat=&#8221;repeat&#8221; global_colors_info=&#8221;{}&#8221;][et_pb_column type=&#8221;4_4&#8243; _builder_version=&#8221;4.16&#8243; custom_padding=&#8221;|||&#8221; global_colors_info=&#8221;{}&#8221; custom_padding__hover=&#8221;|||&#8221;][et_pb_post_title meta=&#8221;off&#8221; admin_label=&#8221;Titlu postare&#8221; _builder_version=&#8221;4.16&#8243; parallax=&#8221;on&#8221; parallax_effect=&#8221;on&#8221; use_border_color=&#8221;off&#8221; border_color=&#8221;#ffffff&#8221; border_style=&#8221;solid&#8221; global_colors_info=&#8221;{}&#8221;]&nbsp;<br \/>\n[\/et_pb_post_title][\/et_pb_column][\/et_pb_row][et_pb_row column_structure=&#8221;1_3,2_3&#8243; _builder_version=&#8221;4.16&#8243; background_size=&#8221;initial&#8221; background_position=&#8221;top_left&#8221; background_repeat=&#8221;repeat&#8221; global_colors_info=&#8221;{}&#8221;][et_pb_column type=&#8221;1_3&#8243; _builder_version=&#8221;4.16&#8243; custom_padding=&#8221;|||&#8221; global_colors_info=&#8221;{}&#8221; custom_padding__hover=&#8221;|||&#8221;][et_pb_image src=&#8221;https:\/\/inginerie.aero\/wp-content\/uploads\/2017\/04\/OTP.jpg&#8221; align_tablet=&#8221;center&#8221; align_phone=&#8221;center&#8221; align_last_edited=&#8221;on|desktop&#8221; _builder_version=&#8221;4.16&#8243; animation_style=&#8221;slide&#8221; animation_direction=&#8221;left&#8221; animation_duration=&#8221;500ms&#8221; animation_intensity_slide=&#8221;10%&#8221; use_border_color=&#8221;off&#8221; border_color=&#8221;#ffffff&#8221; border_style=&#8221;solid&#8221; animation=&#8221;left&#8221; sticky=&#8221;off&#8221; always_center_on_mobile=&#8221;on&#8221; global_colors_info=&#8221;{}&#8221;]&nbsp;<br \/>\n[\/et_pb_image][\/et_pb_column][et_pb_column type=&#8221;2_3&#8243; _builder_version=&#8221;4.16&#8243; custom_padding=&#8221;|||&#8221; global_colors_info=&#8221;{}&#8221; custom_padding__hover=&#8221;|||&#8221;][et_pb_text admin_label=&#8221;Text&#8221; _builder_version=&#8221;4.24.2&#8243; background_size=&#8221;initial&#8221; background_position=&#8221;top_left&#8221; background_repeat=&#8221;repeat&#8221; hover_enabled=&#8221;0&#8243; use_border_color=&#8221;off&#8221; global_colors_info=&#8221;{}&#8221; sticky_enabled=&#8221;0&#8243;]<\/p>\n<p>&nbsp;<\/p>\n<p><strong>Octavian Thor Pleter<\/strong><\/p>\n<ul>\n<li>Graduated the National College \u201dGh. Laz\u0103r\u201d Bucharest (1980) and the Faculty of Aerospace Engineering of the University Politehnica of Bucharest, specialization Aircraft, major in Avionics (1986)<\/li>\n<li>MBA of the University of Manchester (2002)<\/li>\n<li>Multidisciplinary scientific researcher, with a wide scope of research in aerospace engineering<\/li>\n<li>Associate professor, responsible for the new programs of studies Air Navigation and Air Transport Engineering (since 2009)<\/li>\n<li>\u201cCum Laude\u201d PhD in engineering sciences, in the field of aerospace engineering, with 20 years of experience in multidisciplinary optimizations in ATM and air navigation<\/li>\n<li>Author of important developments in TBO based on 4D flight trajectories and trajectory prediction<\/li>\n<li>Coordinator of multidisciplinary research projects (impact of volcanic ash on aircraft, calculation of the MH370 flight trajectory)<\/li>\n<li><a href=\"https:\/\/inginerie.aero\/index.php\/en\/2017\/07\/21\/richey-medal-2017\/\" target=\"_blank\" rel=\"noopener noreferrer\">\u201cRichey\u201d Medal 2017<\/a> awarded by the Royal Institute of Navigation in London for the best scientific paper of the year published in Journal of Navigation, Cambridge University Press<\/li>\n<li>\u201cElie Carafoli\u201d medal for outstanding contributions to the Romanian aerospace engineering education (2000)<\/li>\n<li>Aloft Group Award 2011 for excellence in aerospace engineering education<\/li>\n<li>Manager of 8 scientific research programs and of 5 successful business start-ups, a 2nd PhD in economic sciences, specialization management<\/li>\n<li>Author of <a href=\"https:\/\/link.springer.com\/book\/10.1007\/978-3-031-52994-8\" target=\"_blank\" rel=\"noopener\">Air Navigation<\/a> and other 12 books and 48 scientific papers<\/li>\n<li>Expert in aeronautical safety<\/li>\n<li>Keynote speaker in a number of international conferences and conventions<\/li>\n<li>Vice Dean 2012-2016 and <a href=\"https:\/\/inginerie.aero\/big_files\/Raportul_Decanului_FIA_2016-2020.pdf\" target=\"_blank\" rel=\"noopener\">Dean 2016-2020<\/a> of the Faculty of Aerospace Engineering<\/li>\n<li>Founder of the <a href=\"https:\/\/www.scribd.com\/document\/200100317\/Civil-Aviation-Oriented-Aerospace-Engineering\" target=\"_blank\" rel=\"noopener\">Air Navigation<\/a> program of studies in aerospace engineering (2009) and of the <a href=\"https:\/\/inginerie.aero\/index.php\/en\/2022\/06\/19\/air-transport-engineering-ate\/\" target=\"_blank\" rel=\"noopener\">Air Transport Engineering<\/a> master of aerospace engineering program (2013-2022)<\/li>\n<li>NCP for Romania of the <a href=\"https:\/\/www.easn.net\/\" target=\"_blank\" rel=\"noopener noreferrer\">European Aeronautics Science Network (EASN)<\/a><\/li>\n<li>Fellow of the <a href=\"https:\/\/rin.org.uk\/\" target=\"_blank\" rel=\"noopener noreferrer\">Royal Institute of Navigation<\/a>, Fellow of the <a href=\"https:\/\/www.aerosociety.com\/\" target=\"_blank\" rel=\"noopener noreferrer\">Royal Aeronautical Society<\/a>, \u00a0Senior Member <a href=\"https:\/\/www.aiaa.org\/\" target=\"_blank\" rel=\"noopener noreferrer\">AIAA<\/a><\/li>\n<li>Judiciary Aviation Expert of the Romanian Ministry of Justice (2023)<\/li>\n<\/ul>\n<p>&nbsp;<\/p>\n<p>[\/et_pb_text][\/et_pb_column][\/et_pb_row][\/et_pb_section]<\/p>\n","protected":false},"excerpt":{"rendered":"<p>&nbsp; &nbsp; &nbsp; Octavian Thor Pleter Graduated the National College \u201dGh. Laz\u0103r\u201d Bucharest (1980) and the Faculty of Aerospace Engineering of the University Politehnica of Bucharest, specialization Aircraft, major in Avionics (1986) MBA of the University of Manchester (2002) Multidisciplinary scientific researcher, with a wide scope of research in aerospace engineering Associate professor, responsible for [&hellip;]<\/p>\n","protected":false},"author":5,"featured_media":0,"parent":3249,"menu_order":0,"comment_status":"closed","ping_status":"closed","template":"","meta":{"_et_pb_use_builder":"on","_et_pb_old_content":"<p>[et_pb_section admin_label=\"section\"][et_pb_row admin_label=\"row\"][et_pb_column type=\"4_4\"][et_pb_post_title admin_label=\"Titlu postare\" title=\"on\" meta=\"off\" author=\"on\" date=\"on\" categories=\"on\" comments=\"on\" featured_image=\"on\" featured_placement=\"below\" parallax_effect=\"on\" parallax_method=\"on\" text_orientation=\"left\" text_color=\"dark\" text_background=\"off\" text_bg_color=\"rgba(255,255,255,0.9)\" use_border_color=\"off\" border_color=\"#ffffff\" border_style=\"solid\"] [\/et_pb_post_title][\/et_pb_column][\/et_pb_row][et_pb_row admin_label=\"Row\"][et_pb_column type=\"1_3\"][et_pb_image admin_label=\"Image\" src=\"https:\/\/inginerie.aero\/wp-content\/uploads\/2017\/04\/OTP.jpg\" show_in_lightbox=\"off\" url_new_window=\"off\" use_overlay=\"off\" animation=\"left\" sticky=\"off\" align=\"left\" force_fullwidth=\"off\" always_center_on_mobile=\"on\" use_border_color=\"off\" border_color=\"#ffffff\" border_style=\"solid\"] [\/et_pb_image][\/et_pb_column][et_pb_column type=\"2_3\"][et_pb_text admin_label=\"Text\" background_layout=\"light\" text_orientation=\"left\" use_border_color=\"off\" border_color=\"#ffffff\" border_style=\"solid\"]<\/p><p><strong>Octavian Thor Pleter<\/strong><\/p><ul><li>Absolvent al Colegiului Na\u021bional \u201dGh. Laz\u0103r\u201d Bucure\u0219ti (1980) \u0219i al Universit\u0103\u021bii Politehnica din Bucure\u0219ti - Facultatea de Inginerie Aerospa\u021bial\u0103, specializarea Aeronave, direc\u021bia de aprofundare Instala\u021bii \u0219i Aparate de Bord (1986)<\/li><li>MBA al the University of Manchester (2002)<\/li><li>Cercet\u0103tor \u0219tiin\u021bific multidisciplinar, cu o arie larg\u0103 de cercetare \u00een ingineria aerospa\u021bial\u0103<\/li><li>Conferen\u021biar universitar, responsabil pentru noile programe de studii Air Navigation \u0219i Air Transport Engineering<\/li><li>Doctor \u201cCum Laude\u201d \u00een \u0219tiin\u021be inginere\u0219ti, domeniul inginerie aerospa\u021bial\u0103, cu experien\u021b\u0103 de 20 ani \u00een optimiz\u0103ri multidisciplinare \u00een ATM \u0219i \u00een naviga\u021bia aerian\u0103<\/li><li>Autor al unor dezvolt\u0103ri importante \u00een TBO bazat pe traiectoriil 4D ale zborurilor \u0219i \u00een predic\u021bia de traiectorii<\/li><li>Coordonatorul unor proiecte de cercet\u0103ri multidisciplinare (impactul cenu\u0219ii vulcanice asupra aeronavelor, calculul traiectoriei zborului MH370)<\/li><li>Manager al 8 programe de cercetare \u0219tiin\u021bific\u0103 \u0219i al 5 start-up-uri de afaceri de succes, doctor \u00een \u0219tiin\u021be economice, specializarea management<\/li><li>Autor al 9 c\u0103r\u021bi \u0219i 40 de articole \u0219tiin\u021bifice<\/li><li>Expert \u00een siguran\u021ba aeronautic\u0103<\/li><li>Invitat cheie \u00een mai multe conferin\u021be \u0219i reuniuni interna\u021bionale<\/li><li>Decan 2016-2020 al Facult\u0103\u021bii de Inginerie Aerospa\u021bial\u0103<\/li><\/ul><p>[\/et_pb_text][\/et_pb_column][\/et_pb_row][\/et_pb_section]<\/p>","_et_gb_content_width":"","jetpack_post_was_ever_published":false,"footnotes":"","_links_to":"","_links_to_target":""},"categories":[],"tags":[],"class_list":["post-3731","page","type-page","status-publish","hentry"],"yoast_head":"<!-- This site is optimized with the Yoast SEO plugin v24.3 - https:\/\/yoast.com\/wordpress\/plugins\/seo\/ -->\n<title>Assoc. Prof. Dr. Eng. Octavian Thor Pleter - Alumni Politehnica Aerospace Engineering<\/title>\n<meta name=\"robots\" content=\"index, follow, max-snippet:-1, max-image-preview:large, max-video-preview:-1\" \/>\n<link rel=\"canonical\" href=\"https:\/\/inginerie.aero\/index.php\/en\/elie-carafoli-department-aerospace-science\/conf-dr-ing-octavian-thor-pleter\/\" \/>\n<meta property=\"og:locale\" content=\"ro_RO\" \/>\n<meta property=\"og:type\" content=\"article\" \/>\n<meta property=\"og:title\" content=\"Assoc. Prof. Dr. Eng. Octavian Thor Pleter - Alumni Politehnica Aerospace Engineering\" \/>\n<meta property=\"og:description\" content=\"&nbsp; &nbsp; &nbsp; Octavian Thor Pleter Graduated the National College \u201dGh. Laz\u0103r\u201d Bucharest (1980) and the Faculty of Aerospace Engineering of the University Politehnica of Bucharest, specialization Aircraft, major in Avionics (1986) MBA of the University of Manchester (2002) Multidisciplinary scientific researcher, with a wide scope of research in aerospace engineering Associate professor, responsible for [&hellip;]\" \/>\n<meta property=\"og:url\" content=\"https:\/\/inginerie.aero\/index.php\/en\/elie-carafoli-department-aerospace-science\/conf-dr-ing-octavian-thor-pleter\/\" \/>\n<meta property=\"og:site_name\" content=\"Alumni Politehnica Aerospace Engineering\" \/>\n<meta property=\"article:publisher\" content=\"https:\/\/www.facebook.com\/groups\/InginerieAerospatiala\/\" \/>\n<meta property=\"article:modified_time\" content=\"2024-05-18T14:04:53+00:00\" \/>\n<meta name=\"twitter:card\" content=\"summary_large_image\" \/>\n<meta name=\"twitter:label1\" content=\"Timp estimat pentru citire\" \/>\n\t<meta name=\"twitter:data1\" content=\"2 minute\" \/>\n<script type=\"application\/ld+json\" class=\"yoast-schema-graph\">{\"@context\":\"https:\/\/schema.org\",\"@graph\":[{\"@type\":\"WebPage\",\"@id\":\"https:\/\/inginerie.aero\/index.php\/en\/elie-carafoli-department-aerospace-science\/conf-dr-ing-octavian-thor-pleter\/\",\"url\":\"https:\/\/inginerie.aero\/index.php\/en\/elie-carafoli-department-aerospace-science\/conf-dr-ing-octavian-thor-pleter\/\",\"name\":\"Assoc. Prof. Dr. Eng. Octavian Thor Pleter - Alumni Politehnica Aerospace Engineering\",\"isPartOf\":{\"@id\":\"https:\/\/inginerie.aero\/#website\"},\"datePublished\":\"2017-06-11T11:21:10+00:00\",\"dateModified\":\"2024-05-18T14:04:53+00:00\",\"breadcrumb\":{\"@id\":\"https:\/\/inginerie.aero\/index.php\/en\/elie-carafoli-department-aerospace-science\/conf-dr-ing-octavian-thor-pleter\/#breadcrumb\"},\"inLanguage\":\"ro-RO\",\"potentialAction\":[{\"@type\":\"ReadAction\",\"target\":[\"https:\/\/inginerie.aero\/index.php\/en\/elie-carafoli-department-aerospace-science\/conf-dr-ing-octavian-thor-pleter\/\"]}]},{\"@type\":\"BreadcrumbList\",\"@id\":\"https:\/\/inginerie.aero\/index.php\/en\/elie-carafoli-department-aerospace-science\/conf-dr-ing-octavian-thor-pleter\/#breadcrumb\",\"itemListElement\":[{\"@type\":\"ListItem\",\"position\":1,\"name\":\"Acas\u0103\",\"item\":\"https:\/\/inginerie.aero\/index.php\/ro\/acasa\/\"},{\"@type\":\"ListItem\",\"position\":2,\"name\":\"\u201dElie Carafoli\u201d Department of Aerospace Science\",\"item\":\"https:\/\/inginerie.aero\/index.php\/en\/elie-carafoli-department-aerospace-science\/\"},{\"@type\":\"ListItem\",\"position\":3,\"name\":\"Assoc. Prof. Dr. Eng. Octavian Thor Pleter\"}]},{\"@type\":\"WebSite\",\"@id\":\"https:\/\/inginerie.aero\/#website\",\"url\":\"https:\/\/inginerie.aero\/\",\"name\":\"Facultatea de Inginerie Aerospatiala\",\"description\":\"Site-ul Asociatiei de Alumni ai Facultatii de Inginerie Aerospatiala din cadrul Universitatii POLITEHNICA Bucuresti\",\"publisher\":{\"@id\":\"https:\/\/inginerie.aero\/#organization\"},\"potentialAction\":[{\"@type\":\"SearchAction\",\"target\":{\"@type\":\"EntryPoint\",\"urlTemplate\":\"https:\/\/inginerie.aero\/?s={search_term_string}\"},\"query-input\":{\"@type\":\"PropertyValueSpecification\",\"valueRequired\":true,\"valueName\":\"search_term_string\"}}],\"inLanguage\":\"ro-RO\"},{\"@type\":\"Organization\",\"@id\":\"https:\/\/inginerie.aero\/#organization\",\"name\":\"University Politehnica of Bucharest Faculty of Aerospace Engineering\",\"url\":\"https:\/\/inginerie.aero\/\",\"logo\":{\"@type\":\"ImageObject\",\"inLanguage\":\"ro-RO\",\"@id\":\"https:\/\/inginerie.aero\/#\/schema\/logo\/image\/\",\"url\":\"https:\/\/inginerie.aero\/wp-content\/uploads\/2017\/03\/sigla1.png\",\"contentUrl\":\"https:\/\/inginerie.aero\/wp-content\/uploads\/2017\/03\/sigla1.png\",\"width\":734,\"height\":735,\"caption\":\"University Politehnica of Bucharest Faculty of Aerospace Engineering\"},\"image\":{\"@id\":\"https:\/\/inginerie.aero\/#\/schema\/logo\/image\/\"},\"sameAs\":[\"https:\/\/www.facebook.com\/groups\/InginerieAerospatiala\/\"]}]}<\/script>\n<!-- \/ Yoast SEO plugin. -->","yoast_head_json":{"title":"Assoc. Prof. Dr. Eng. Octavian Thor Pleter - Alumni Politehnica Aerospace Engineering","robots":{"index":"index","follow":"follow","max-snippet":"max-snippet:-1","max-image-preview":"max-image-preview:large","max-video-preview":"max-video-preview:-1"},"canonical":"https:\/\/inginerie.aero\/index.php\/en\/elie-carafoli-department-aerospace-science\/conf-dr-ing-octavian-thor-pleter\/","og_locale":"ro_RO","og_type":"article","og_title":"Assoc. Prof. Dr. Eng. Octavian Thor Pleter - Alumni Politehnica Aerospace Engineering","og_description":"&nbsp; &nbsp; &nbsp; Octavian Thor Pleter Graduated the National College \u201dGh. Laz\u0103r\u201d Bucharest (1980) and the Faculty of Aerospace Engineering of the University Politehnica of Bucharest, specialization Aircraft, major in Avionics (1986) MBA of the University of Manchester (2002) Multidisciplinary scientific researcher, with a wide scope of research in aerospace engineering Associate professor, responsible for [&hellip;]","og_url":"https:\/\/inginerie.aero\/index.php\/en\/elie-carafoli-department-aerospace-science\/conf-dr-ing-octavian-thor-pleter\/","og_site_name":"Alumni Politehnica Aerospace Engineering","article_publisher":"https:\/\/www.facebook.com\/groups\/InginerieAerospatiala\/","article_modified_time":"2024-05-18T14:04:53+00:00","twitter_card":"summary_large_image","twitter_misc":{"Timp estimat pentru citire":"2 minute"},"schema":{"@context":"https:\/\/schema.org","@graph":[{"@type":"WebPage","@id":"https:\/\/inginerie.aero\/index.php\/en\/elie-carafoli-department-aerospace-science\/conf-dr-ing-octavian-thor-pleter\/","url":"https:\/\/inginerie.aero\/index.php\/en\/elie-carafoli-department-aerospace-science\/conf-dr-ing-octavian-thor-pleter\/","name":"Assoc. Prof. Dr. Eng. Octavian Thor Pleter - Alumni Politehnica Aerospace Engineering","isPartOf":{"@id":"https:\/\/inginerie.aero\/#website"},"datePublished":"2017-06-11T11:21:10+00:00","dateModified":"2024-05-18T14:04:53+00:00","breadcrumb":{"@id":"https:\/\/inginerie.aero\/index.php\/en\/elie-carafoli-department-aerospace-science\/conf-dr-ing-octavian-thor-pleter\/#breadcrumb"},"inLanguage":"ro-RO","potentialAction":[{"@type":"ReadAction","target":["https:\/\/inginerie.aero\/index.php\/en\/elie-carafoli-department-aerospace-science\/conf-dr-ing-octavian-thor-pleter\/"]}]},{"@type":"BreadcrumbList","@id":"https:\/\/inginerie.aero\/index.php\/en\/elie-carafoli-department-aerospace-science\/conf-dr-ing-octavian-thor-pleter\/#breadcrumb","itemListElement":[{"@type":"ListItem","position":1,"name":"Acas\u0103","item":"https:\/\/inginerie.aero\/index.php\/ro\/acasa\/"},{"@type":"ListItem","position":2,"name":"\u201dElie Carafoli\u201d Department of Aerospace Science","item":"https:\/\/inginerie.aero\/index.php\/en\/elie-carafoli-department-aerospace-science\/"},{"@type":"ListItem","position":3,"name":"Assoc. Prof. Dr. Eng. Octavian Thor Pleter"}]},{"@type":"WebSite","@id":"https:\/\/inginerie.aero\/#website","url":"https:\/\/inginerie.aero\/","name":"Facultatea de Inginerie Aerospatiala","description":"Site-ul Asociatiei de Alumni ai Facultatii de Inginerie Aerospatiala din cadrul Universitatii POLITEHNICA Bucuresti","publisher":{"@id":"https:\/\/inginerie.aero\/#organization"},"potentialAction":[{"@type":"SearchAction","target":{"@type":"EntryPoint","urlTemplate":"https:\/\/inginerie.aero\/?s={search_term_string}"},"query-input":{"@type":"PropertyValueSpecification","valueRequired":true,"valueName":"search_term_string"}}],"inLanguage":"ro-RO"},{"@type":"Organization","@id":"https:\/\/inginerie.aero\/#organization","name":"University Politehnica of Bucharest Faculty of Aerospace Engineering","url":"https:\/\/inginerie.aero\/","logo":{"@type":"ImageObject","inLanguage":"ro-RO","@id":"https:\/\/inginerie.aero\/#\/schema\/logo\/image\/","url":"https:\/\/inginerie.aero\/wp-content\/uploads\/2017\/03\/sigla1.png","contentUrl":"https:\/\/inginerie.aero\/wp-content\/uploads\/2017\/03\/sigla1.png","width":734,"height":735,"caption":"University Politehnica of Bucharest Faculty of Aerospace Engineering"},"image":{"@id":"https:\/\/inginerie.aero\/#\/schema\/logo\/image\/"},"sameAs":["https:\/\/www.facebook.com\/groups\/InginerieAerospatiala\/"]}]}},"jetpack_sharing_enabled":true,"jetpack_shortlink":"https:\/\/wp.me\/Pbbi8l-Yb","_links":{"self":[{"href":"https:\/\/inginerie.aero\/index.php\/wp-json\/wp\/v2\/pages\/3731","targetHints":{"allow":["GET"]}}],"collection":[{"href":"https:\/\/inginerie.aero\/index.php\/wp-json\/wp\/v2\/pages"}],"about":[{"href":"https:\/\/inginerie.aero\/index.php\/wp-json\/wp\/v2\/types\/page"}],"author":[{"embeddable":true,"href":"https:\/\/inginerie.aero\/index.php\/wp-json\/wp\/v2\/users\/5"}],"replies":[{"embeddable":true,"href":"https:\/\/inginerie.aero\/index.php\/wp-json\/wp\/v2\/comments?post=3731"}],"version-history":[{"count":13,"href":"https:\/\/inginerie.aero\/index.php\/wp-json\/wp\/v2\/pages\/3731\/revisions"}],"predecessor-version":[{"id":40749,"href":"https:\/\/inginerie.aero\/index.php\/wp-json\/wp\/v2\/pages\/3731\/revisions\/40749"}],"up":[{"embeddable":true,"href":"https:\/\/inginerie.aero\/index.php\/wp-json\/wp\/v2\/pages\/3249"}],"wp:attachment":[{"href":"https:\/\/inginerie.aero\/index.php\/wp-json\/wp\/v2\/media?parent=3731"}],"wp:term":[{"taxonomy":"category","embeddable":true,"href":"https:\/\/inginerie.aero\/index.php\/wp-json\/wp\/v2\/categories?post=3731"},{"taxonomy":"post_tag","embeddable":true,"href":"https:\/\/inginerie.aero\/index.php\/wp-json\/wp\/v2\/tags?post=3731"}],"curies":[{"name":"wp","href":"https:\/\/api.w.org\/{rel}","templated":true}]}}