{"id":526,"date":"2016-12-28T16:23:15","date_gmt":"2016-12-28T14:23:15","guid":{"rendered":"https:\/\/inginerie.aero\/?page_id=526"},"modified":"2019-09-14T20:13:13","modified_gmt":"2019-09-14T17:13:13","slug":"cazare-in-camin","status":"publish","type":"page","link":"https:\/\/inginerie.aero\/index.php\/ro\/cazare-in-camin\/","title":{"rendered":"Cazare \u00een c\u0103min"},"content":{"rendered":"<p>[et_pb_section bb_built=&#8221;1&#8243; fullwidth=&#8221;on&#8221; specialty=&#8221;off&#8221; transparent_background=&#8221;off&#8221; allow_player_pause=&#8221;off&#8221; inner_shadow=&#8221;off&#8221; parallax=&#8221;off&#8221; parallax_method=&#8221;off&#8221; padding_mobile=&#8221;off&#8221; make_fullwidth=&#8221;off&#8221; use_custom_width=&#8221;off&#8221; width_unit=&#8221;on&#8221; make_equal=&#8221;off&#8221; use_custom_gutter=&#8221;off&#8221; background_color=&#8221;rgba(23,23,23,0.6)&#8221; custom_padding_tablet=&#8221;50px|0|50px|0&#8243; custom_padding_last_edited=&#8221;on|desktop&#8221;][et_pb_fullwidth_post_title title=&#8221;on&#8221; meta=&#8221;off&#8221; author=&#8221;off&#8221; date=&#8221;off&#8221; categories=&#8221;off&#8221; comments=&#8221;off&#8221; featured_image=&#8221;off&#8221; featured_placement=&#8221;below&#8221; parallax_effect=&#8221;on&#8221; parallax_method=&#8221;off&#8221; text_orientation=&#8221;left&#8221; text_color=&#8221;dark&#8221; text_background=&#8221;off&#8221; text_bg_color=&#8221;rgba(255,255,255,0.9)&#8221; module_bg_color=&#8221;#e3e3e3&#8243; title_all_caps=&#8221;off&#8221; use_border_color=&#8221;off&#8221; border_color=&#8221;#ffffff&#8221; border_style=&#8221;solid&#8221; parallax=&#8221;on&#8221; background_color=&#8221;#e3e3e3&#8243;]<\/p>\n<p>&nbsp;<\/p>\n<p>[\/et_pb_fullwidth_post_title][\/et_pb_section][et_pb_section bb_built=&#8221;1&#8243; transparent_background=&#8221;off&#8221; allow_player_pause=&#8221;off&#8221; inner_shadow=&#8221;off&#8221; parallax=&#8221;off&#8221; parallax_method=&#8221;on&#8221; padding_mobile=&#8221;off&#8221; make_fullwidth=&#8221;off&#8221; use_custom_width=&#8221;off&#8221; width_unit=&#8221;off&#8221; custom_width_px=&#8221;1080px&#8221; custom_width_percent=&#8221;80%&#8221; make_equal=&#8221;off&#8221; use_custom_gutter=&#8221;off&#8221; fullwidth=&#8221;off&#8221; specialty=&#8221;on&#8221; disabled=&#8221;off&#8221; custom_padding_tablet=&#8221;50px|0|50px|0&#8243; custom_padding_last_edited=&#8221;on|desktop&#8221;][et_pb_column type=&#8221;3_4&#8243; specialty_columns=&#8221;3&#8243;][et_pb_row_inner admin_label=&#8221;Row&#8221; padding_mobile=&#8221;off&#8221; use_custom_gutter=&#8221;off&#8221; make_equal=&#8221;off&#8221; column_padding_mobile=&#8221;off&#8221; parallax_1=&#8221;off&#8221; parallax_method_1=&#8221;on&#8221; parallax_2=&#8221;off&#8221; parallax_method_2=&#8221;on&#8221; parallax_3=&#8221;off&#8221; parallax_method_3=&#8221;on&#8221; disabled=&#8221;off&#8221;][et_pb_column_inner type=&#8221;4_4&#8243; saved_specialty_column_type=&#8221;3_4&#8243;][et_pb_text _builder_version=&#8221;3.0.92&#8243; background_layout=&#8221;light&#8221;]<\/p>\n<p><strong><u>ANUNT\u00a0 privind\u00a0 CAZAREA\u00a0 in\u00a0 CAMIN<\/u><\/strong><\/p>\n<p><u>pentru anul universitar 2019\/2020<\/u><\/p>\n<p>&nbsp;<\/p>\n<p>Repartizarea locurilor de cazare aferente Facultatii de INGINERIE AEROSPATIALA, pentru anul universitar 2019\/2020 se va face \u00een Sala F024 VN Constantinescu dupa urmatorul program:<\/p>\n<p>&nbsp;<\/p>\n<p><strong><u>MIERCURI, 18 septembrie 2019, ora 10:00<\/u><\/strong> \u2013 se repartizeaza locurile rezervate pentru toti cei <strong><u>admisi in 2019 in anul I<\/u><\/strong>, studii universitare de licenta. Cazarea se face \u00een ordinea descrescatoare a mediei de admitere.<\/p>\n<p><strong><u>MIERCURI, 18 septembrie 2019, ora 16:00<\/u><\/strong> \u2013 se repartizeaza locurile rezervate pentru toti cei <strong><u>admisi in anul 2019 in anul I,<\/u><\/strong> studii universitare de master (au prioritate studentii care au fost admisi in anul 2019 pentru prima data). Cazarea se face in ordinea descrescatoare a mediei de admitere.<\/p>\n<p>&nbsp;<\/p>\n<p><strong><u>JOI, 19 septembrie 2019, ora 10:00<\/u><\/strong> &#8211; se repartizeaza in ordine descrescatoare a mediei anilor de studiu anteriori locurile rezervate pentru <strong><u>studentii anilor IV, III si II<\/u><\/strong>, studii universitare de licenta, in aceasta ordine. Sunt eligibili in aceasta etapa numai studentii promovati integralisti (cu minim 180, 120 si respectiv 60 pc obligatorii).<\/p>\n<p><strong><u>JOI, 19 septembrie 2019, ora 16:00<\/u><\/strong> &#8211; se repartizeaza in ordine descrescatoare a mediei anilor de studiu anteriori locurile rezervate pentru <strong><u>studentii anului II,<\/u><\/strong> studii universitare de master. Sunt eligibili in aceasta etapa numai studentii promovati integralisti (60 pc obligatorii).<\/p>\n<p><strong><u>VINERI, 20 septembrie 2019, ora 10:00<\/u><\/strong> \u2013 se repartizeaza in ordine descrescatoare a pc obligatorii obtinute locurile ramase disponibile pentru <strong><u>studentii de la master anul II si licenta (IV, III, II) cu o singura restanta<\/u><\/strong>. Apoi, se repartizeaza in ordine descrescatoare a pc obligatorii locurile ramase disponibile pentru <strong><u>studentii de la master anul II si licenta (IV, III, II) cu doua restante, s.a.m.d.<\/u><\/strong><\/p>\n<p>&nbsp;<\/p>\n<p>Facultatii i-au fost alocate locuri in caminul P 27 din campusul Regie. Studentii interesati sunt rugati sa se prezinte la ora indicata in sala <strong>F024<\/strong> din campusul POLIZU, corp F, pentru primirea informatiilor si completarea formularelor necesare. Apoi, alocarea locului in camin se face la secretariatul facultatii din Localul POLIZU, corp A, dupa programul afisat. Dupa repartizarea locului de cazare si achitarea taxelor, studentii se pot deplasa la caminul P27 din campus Regie pentru preluarea locului de cazare. <strong>Preluarea locului in camin se realizeaza pana cel tarziu marti, 24 septembrie 2019.<\/strong><\/p>\n<p>&nbsp;<\/p>\n<p>In vederea cazarii sunt necesare urmatoarele:<\/p>\n<ul>\n<li>CI si copie;<\/li>\n<li>Formularele tipizate (disponibile in sala F024) completate conform model;<\/li>\n<li>Taxele de 200 lei si timbrul fiscal de 5 lei (se poate procura si la camin). Pentru luna octombrie toti studentii platesc taxa de cazare;<\/li>\n<li>Daca este cazul, acte care dovedeasca dreptul de a nu plati taxa de camin (adeverinta care atesta ca cel putin unul dintre parinti este cadru didactic in invatamantul preuniversitar sau universitar, certificate de deces al unui parinte, etc.).<\/li>\n<\/ul>\n<p>[\/et_pb_text][et_pb_image admin_label=&#8221;foto Camine&#8221; src=&#8221;https:\/\/inginerie.aero\/wp-content\/uploads\/2016\/12\/Camine.jpg&#8221; show_in_lightbox=&#8221;off&#8221; url_new_window=&#8221;off&#8221; use_overlay=&#8221;off&#8221; animation=&#8221;top&#8221; sticky=&#8221;off&#8221; align=&#8221;left&#8221; force_fullwidth=&#8221;off&#8221; always_center_on_mobile=&#8221;on&#8221; use_border_color=&#8221;off&#8221; border_color=&#8221;#ffffff&#8221; border_style=&#8221;solid&#8221;]<\/p>\n<p>&nbsp;<\/p>\n<p>[\/et_pb_image][et_pb_text admin_label=&#8221;Camine&#8221; background_layout=&#8221;light&#8221; text_orientation=&#8221;left&#8221; use_border_color=&#8221;off&#8221; border_color=&#8221;#ffffff&#8221; border_style=&#8221;solid&#8221; _builder_version=&#8221;3.0.92&#8243;]<\/p>\n<p>Facultatea de Inginerie Aerospa\u021bial\u0103 ofer\u0103 locuri de cazare subven\u021bionate \u00een P27 Campus Regie, \u00eentr-o comunitate de 13.000 de studen\u021bi, cu dot\u0103ri excelente privind accesul la Internet, precum \u0219i cu numeroase posibilit\u0103\u021bii de petrecere a timpului liber. Campusul are un grad \u00eenalt de siguran\u021b\u0103, fiind sub directa protec\u021biei a Poli\u021biei.<\/p>\n<p>[\/et_pb_text][et_pb_image admin_label=&#8221;foto sala sport&#8221; src=&#8221;https:\/\/inginerie.aero\/wp-content\/uploads\/2016\/12\/sala_sport.jpg&#8221; show_in_lightbox=&#8221;off&#8221; url_new_window=&#8221;off&#8221; use_overlay=&#8221;off&#8221; animation=&#8221;left&#8221; sticky=&#8221;off&#8221; align=&#8221;left&#8221; force_fullwidth=&#8221;off&#8221; always_center_on_mobile=&#8221;on&#8221; use_border_color=&#8221;off&#8221; border_color=&#8221;#ffffff&#8221; border_style=&#8221;solid&#8221;]<\/p>\n<p>&nbsp;<\/p>\n<p>[\/et_pb_image][et_pb_text background_layout=&#8221;light&#8221; use_border_color=&#8221;off&#8221; _builder_version=&#8221;3.0.92&#8243;]<\/p>\n<p><strong>Cum se procedeaz\u0103 pentru cazarea \u00een c\u0103min?<\/strong><\/p>\n<p>Repartizarea locurilor de cazare \u00een c\u0103min are loc \u00een s\u0103pt\u0103m\u00e2na anterioar\u0103 \u00eenceputului anului universitar conform unei program\u0103ri pe zile. Repartizarea unui loc \u00een c\u0103min se face de Comisia de Cazare a Facult\u0103\u021bii. Ordinea de priorit\u0103\u021bi pentru cazare este urm\u0103toarea:<\/p>\n<ul>\n<li>studen\u021bii doctoranzi \u0219i cadrele didactice<\/li>\n<li>to\u021bi studen\u021bii admi\u0219i \u00een anul I master+licen\u021b\u0103 (\u00een ordinea descresc\u0103toare a mediei de admitere)<\/li>\n<li>studen\u021bii integrali\u0219ti din anul IV, III licen\u021b\u0103, anul II master+licen\u021b\u0103 (\u00een aceast\u0103 ordine, \u00een ordinea descresc\u0103toare a mediei anului anterior)<\/li>\n<li>studen\u021bii cu o singur\u0103 restan\u021b\u0103<\/li>\n<li>studen\u021bii cu dou\u0103 restan\u021be<\/li>\n<li>etc.<\/li>\n<\/ul>\n<p>Algoritmul reparti\u021biei continu\u0103 p\u00e2n\u0103 la epuizarea camerelor de c\u0103min repartizate facult\u0103\u021bii.<\/p>\n<p>Studen\u021bii interesa\u021bi se prezint\u0103 \u00een datele anun\u021bate \u00een amfiteatrul\u00a0<strong>F024<\/strong>\u00a0din campus POLIZU, corp F, pentru primirea informa\u021biilor \u0219i completarea formularelor necesare. Apoi, alocarea locului \u00een c\u0103min se face la secretariatul facult\u0103\u021bii din Localul POLIZU, corp A, dup\u0103 programul care va fi afi\u0219at. Dup\u0103 repartizarea locului de cazare \u0219i achitarea taxelor, studen\u021bii se pot deplasa la c\u0103minul P27 din campus Regie pentru preluarea locului de cazare.<\/p>\n<p>Tarifele de cazare sunt de 250 RON\/lun\u0103, cu deducerile legale, cu excep\u021bia c\u0103minelor D (Leu) \u0219i P12 la 450 RON\/lun\u0103. La acestea din urm\u0103 au dreptul doctoranzii \u0219i cadrele didactice, solicitarea f\u0103c\u00e2ndu-se direct Directorului General al UPB.<\/p>\n<p>\u00cen vederea caz\u0103rii sunt necesare urmatoarele:<\/p>\n<ul>\n<li>CI \u0219i copie;<\/li>\n<li>Formularele tipizate (disponibile \u00een sala F024) completate conform unui model;<\/li>\n<li>Taxa de 200 lei \u0219i timbrul fiscal de 5 lei (se poate procura \u0219i la camin). Pentru luna octombrie to\u021bi studen\u021bii pl\u0103tesc taxa de cazare;<\/li>\n<li>Acte care s\u0103 ateste dreptul de a nu pl\u0103ti taxa de c\u0103min (adeverin\u021ba care atest\u0103 c\u0103 cel pu\u021bin unul dintre p\u0103rin\u021bi este cadru didactic \u00een \u00eenv\u0103\u021b\u0103m\u00e2ntul preuniversitar sau universitar, certificat de deces al unui parinte etc.).<\/li>\n<\/ul>\n<p>Aten\u021bie! Sub\u00eenchierierea, v\u00e2nzarea sau transferul \u00een orice fel ale locului de cazare sunt strict interzise! Identificarea persoanelor se face frecvent \u00een c\u0103min \u0219i o asemenea fapt\u0103 se descoper\u0103 repede \u0219i se pedepse\u0219te.<\/p>\n<p>&nbsp;<\/p>\n<p>[\/et_pb_text][\/et_pb_column_inner][\/et_pb_row_inner][\/et_pb_column][et_pb_column type=&#8221;1_4&#8243;][et_pb_text background_layout=&#8221;light&#8221; text_orientation=&#8221;left&#8221; header_font_size=&#8221;49px&#8221; use_border_color=&#8221;off&#8221; border_style=&#8221;solid&#8221; disabled=&#8221;off&#8221;]<\/p>\n<p>Anunturi<\/p>\n<p>[\/et_pb_text][et_pb_divider color=&#8221;#bfbfbf&#8221; divider_style=&#8221;solid&#8221; divider_position=&#8221;top&#8221; divider_weight=&#8221;1px&#8221; hide_on_mobile=&#8221;on&#8221; disabled=&#8221;off&#8221;]<\/p>\n<p>&nbsp;<\/p>\n<p>[\/et_pb_divider][et_pb_blog fullwidth=&#8221;off&#8221; include_categories=&#8221;11&#8243; show_thumbnail=&#8221;off&#8221; show_content=&#8221;off&#8221; show_more=&#8221;on&#8221; show_author=&#8221;on&#8221; show_date=&#8221;on&#8221; show_categories=&#8221;off&#8221; show_comments=&#8221;off&#8221; show_pagination=&#8221;off&#8221; offset_number=&#8221;0&#8243; use_overlay=&#8221;off&#8221; background_layout=&#8221;light&#8221; use_dropshadow=&#8221;on&#8221; use_border_color=&#8221;off&#8221; border_color=&#8221;#ffffff&#8221; border_style=&#8221;solid&#8221; disabled=&#8221;off&#8221;]<\/p>\n<p>&nbsp;<\/p>\n<p>[\/et_pb_blog][\/et_pb_column][\/et_pb_section]<\/p>\n","protected":false},"excerpt":{"rendered":"<p>&nbsp; ANUNT\u00a0 privind\u00a0 CAZAREA\u00a0 in\u00a0 CAMIN pentru anul universitar 2019\/2020 &nbsp; Repartizarea locurilor de cazare aferente Facultatii de INGINERIE AEROSPATIALA, pentru anul universitar 2019\/2020 se va face \u00een Sala F024 VN Constantinescu dupa urmatorul program: &nbsp; MIERCURI, 18 septembrie 2019, ora 10:00 \u2013 se repartizeaza locurile rezervate pentru toti cei admisi in 2019 in anul [&hellip;]<\/p>\n","protected":false},"author":2,"featured_media":0,"parent":0,"menu_order":0,"comment_status":"closed","ping_status":"closed","template":"","meta":{"_et_pb_use_builder":"on","_et_pb_old_content":"","_et_gb_content_width":"","jetpack_post_was_ever_published":false,"footnotes":"","_links_to":"","_links_to_target":""},"categories":[],"tags":[],"class_list":["post-526","page","type-page","status-publish","hentry"],"yoast_head":"<!-- This site is optimized with the Yoast SEO plugin v24.3 - https:\/\/yoast.com\/wordpress\/plugins\/seo\/ -->\n<title>Cazare \u00een c\u0103min - Alumni Politehnica Aerospace Engineering<\/title>\n<meta name=\"robots\" content=\"index, follow, max-snippet:-1, max-image-preview:large, max-video-preview:-1\" \/>\n<link rel=\"canonical\" href=\"https:\/\/inginerie.aero\/index.php\/ro\/cazare-in-camin\/\" \/>\n<meta property=\"og:locale\" content=\"ro_RO\" \/>\n<meta property=\"og:type\" content=\"article\" \/>\n<meta property=\"og:title\" content=\"Cazare \u00een c\u0103min - Alumni Politehnica Aerospace Engineering\" \/>\n<meta property=\"og:description\" content=\"&nbsp; ANUNT\u00a0 privind\u00a0 CAZAREA\u00a0 in\u00a0 CAMIN pentru anul universitar 2019\/2020 &nbsp; Repartizarea locurilor de cazare aferente Facultatii de INGINERIE AEROSPATIALA, pentru anul universitar 2019\/2020 se va face \u00een Sala F024 VN Constantinescu dupa urmatorul program: &nbsp; MIERCURI, 18 septembrie 2019, ora 10:00 \u2013 se repartizeaza locurile rezervate pentru toti cei admisi in 2019 in anul [&hellip;]\" \/>\n<meta property=\"og:url\" content=\"https:\/\/inginerie.aero\/index.php\/ro\/cazare-in-camin\/\" \/>\n<meta property=\"og:site_name\" content=\"Alumni Politehnica Aerospace Engineering\" \/>\n<meta property=\"article:publisher\" content=\"https:\/\/www.facebook.com\/groups\/InginerieAerospatiala\/\" \/>\n<meta property=\"article:modified_time\" content=\"2019-09-14T17:13:13+00:00\" \/>\n<meta name=\"twitter:card\" content=\"summary_large_image\" \/>\n<meta name=\"twitter:label1\" content=\"Timp estimat pentru citire\" \/>\n\t<meta name=\"twitter:data1\" content=\"7 minute\" \/>\n<script type=\"application\/ld+json\" class=\"yoast-schema-graph\">{\"@context\":\"https:\/\/schema.org\",\"@graph\":[{\"@type\":\"WebPage\",\"@id\":\"https:\/\/inginerie.aero\/index.php\/ro\/cazare-in-camin\/\",\"url\":\"https:\/\/inginerie.aero\/index.php\/ro\/cazare-in-camin\/\",\"name\":\"Cazare \u00een c\u0103min - Alumni Politehnica Aerospace Engineering\",\"isPartOf\":{\"@id\":\"https:\/\/inginerie.aero\/#website\"},\"datePublished\":\"2016-12-28T14:23:15+00:00\",\"dateModified\":\"2019-09-14T17:13:13+00:00\",\"breadcrumb\":{\"@id\":\"https:\/\/inginerie.aero\/index.php\/ro\/cazare-in-camin\/#breadcrumb\"},\"inLanguage\":\"ro-RO\",\"potentialAction\":[{\"@type\":\"ReadAction\",\"target\":[\"https:\/\/inginerie.aero\/index.php\/ro\/cazare-in-camin\/\"]}]},{\"@type\":\"BreadcrumbList\",\"@id\":\"https:\/\/inginerie.aero\/index.php\/ro\/cazare-in-camin\/#breadcrumb\",\"itemListElement\":[{\"@type\":\"ListItem\",\"position\":1,\"name\":\"Acas\u0103\",\"item\":\"https:\/\/inginerie.aero\/index.php\/ro\/acasa\/\"},{\"@type\":\"ListItem\",\"position\":2,\"name\":\"Cazare \u00een c\u0103min\"}]},{\"@type\":\"WebSite\",\"@id\":\"https:\/\/inginerie.aero\/#website\",\"url\":\"https:\/\/inginerie.aero\/\",\"name\":\"Facultatea de Inginerie Aerospatiala\",\"description\":\"Site-ul Asociatiei de Alumni ai Facultatii de Inginerie Aerospatiala din cadrul Universitatii POLITEHNICA Bucuresti\",\"publisher\":{\"@id\":\"https:\/\/inginerie.aero\/#organization\"},\"potentialAction\":[{\"@type\":\"SearchAction\",\"target\":{\"@type\":\"EntryPoint\",\"urlTemplate\":\"https:\/\/inginerie.aero\/?s={search_term_string}\"},\"query-input\":{\"@type\":\"PropertyValueSpecification\",\"valueRequired\":true,\"valueName\":\"search_term_string\"}}],\"inLanguage\":\"ro-RO\"},{\"@type\":\"Organization\",\"@id\":\"https:\/\/inginerie.aero\/#organization\",\"name\":\"University Politehnica of Bucharest Faculty of Aerospace Engineering\",\"url\":\"https:\/\/inginerie.aero\/\",\"logo\":{\"@type\":\"ImageObject\",\"inLanguage\":\"ro-RO\",\"@id\":\"https:\/\/inginerie.aero\/#\/schema\/logo\/image\/\",\"url\":\"https:\/\/inginerie.aero\/wp-content\/uploads\/2017\/03\/sigla1.png\",\"contentUrl\":\"https:\/\/inginerie.aero\/wp-content\/uploads\/2017\/03\/sigla1.png\",\"width\":734,\"height\":735,\"caption\":\"University Politehnica of Bucharest Faculty of Aerospace Engineering\"},\"image\":{\"@id\":\"https:\/\/inginerie.aero\/#\/schema\/logo\/image\/\"},\"sameAs\":[\"https:\/\/www.facebook.com\/groups\/InginerieAerospatiala\/\"]}]}<\/script>\n<!-- \/ Yoast SEO plugin. -->","yoast_head_json":{"title":"Cazare \u00een c\u0103min - Alumni Politehnica Aerospace Engineering","robots":{"index":"index","follow":"follow","max-snippet":"max-snippet:-1","max-image-preview":"max-image-preview:large","max-video-preview":"max-video-preview:-1"},"canonical":"https:\/\/inginerie.aero\/index.php\/ro\/cazare-in-camin\/","og_locale":"ro_RO","og_type":"article","og_title":"Cazare \u00een c\u0103min - Alumni Politehnica Aerospace Engineering","og_description":"&nbsp; ANUNT\u00a0 privind\u00a0 CAZAREA\u00a0 in\u00a0 CAMIN pentru anul universitar 2019\/2020 &nbsp; Repartizarea locurilor de cazare aferente Facultatii de INGINERIE AEROSPATIALA, pentru anul universitar 2019\/2020 se va face \u00een Sala F024 VN Constantinescu dupa urmatorul program: &nbsp; MIERCURI, 18 septembrie 2019, ora 10:00 \u2013 se repartizeaza locurile rezervate pentru toti cei admisi in 2019 in anul [&hellip;]","og_url":"https:\/\/inginerie.aero\/index.php\/ro\/cazare-in-camin\/","og_site_name":"Alumni Politehnica Aerospace Engineering","article_publisher":"https:\/\/www.facebook.com\/groups\/InginerieAerospatiala\/","article_modified_time":"2019-09-14T17:13:13+00:00","twitter_card":"summary_large_image","twitter_misc":{"Timp estimat pentru citire":"7 minute"},"schema":{"@context":"https:\/\/schema.org","@graph":[{"@type":"WebPage","@id":"https:\/\/inginerie.aero\/index.php\/ro\/cazare-in-camin\/","url":"https:\/\/inginerie.aero\/index.php\/ro\/cazare-in-camin\/","name":"Cazare \u00een c\u0103min - Alumni Politehnica Aerospace Engineering","isPartOf":{"@id":"https:\/\/inginerie.aero\/#website"},"datePublished":"2016-12-28T14:23:15+00:00","dateModified":"2019-09-14T17:13:13+00:00","breadcrumb":{"@id":"https:\/\/inginerie.aero\/index.php\/ro\/cazare-in-camin\/#breadcrumb"},"inLanguage":"ro-RO","potentialAction":[{"@type":"ReadAction","target":["https:\/\/inginerie.aero\/index.php\/ro\/cazare-in-camin\/"]}]},{"@type":"BreadcrumbList","@id":"https:\/\/inginerie.aero\/index.php\/ro\/cazare-in-camin\/#breadcrumb","itemListElement":[{"@type":"ListItem","position":1,"name":"Acas\u0103","item":"https:\/\/inginerie.aero\/index.php\/ro\/acasa\/"},{"@type":"ListItem","position":2,"name":"Cazare \u00een c\u0103min"}]},{"@type":"WebSite","@id":"https:\/\/inginerie.aero\/#website","url":"https:\/\/inginerie.aero\/","name":"Facultatea de Inginerie Aerospatiala","description":"Site-ul Asociatiei de Alumni ai Facultatii de Inginerie Aerospatiala din cadrul Universitatii POLITEHNICA Bucuresti","publisher":{"@id":"https:\/\/inginerie.aero\/#organization"},"potentialAction":[{"@type":"SearchAction","target":{"@type":"EntryPoint","urlTemplate":"https:\/\/inginerie.aero\/?s={search_term_string}"},"query-input":{"@type":"PropertyValueSpecification","valueRequired":true,"valueName":"search_term_string"}}],"inLanguage":"ro-RO"},{"@type":"Organization","@id":"https:\/\/inginerie.aero\/#organization","name":"University Politehnica of Bucharest Faculty of Aerospace Engineering","url":"https:\/\/inginerie.aero\/","logo":{"@type":"ImageObject","inLanguage":"ro-RO","@id":"https:\/\/inginerie.aero\/#\/schema\/logo\/image\/","url":"https:\/\/inginerie.aero\/wp-content\/uploads\/2017\/03\/sigla1.png","contentUrl":"https:\/\/inginerie.aero\/wp-content\/uploads\/2017\/03\/sigla1.png","width":734,"height":735,"caption":"University Politehnica of Bucharest Faculty of Aerospace Engineering"},"image":{"@id":"https:\/\/inginerie.aero\/#\/schema\/logo\/image\/"},"sameAs":["https:\/\/www.facebook.com\/groups\/InginerieAerospatiala\/"]}]}},"jetpack_sharing_enabled":false,"jetpack_shortlink":"https:\/\/wp.me\/Pbbi8l-8u","_links":{"self":[{"href":"https:\/\/inginerie.aero\/index.php\/wp-json\/wp\/v2\/pages\/526","targetHints":{"allow":["GET"]}}],"collection":[{"href":"https:\/\/inginerie.aero\/index.php\/wp-json\/wp\/v2\/pages"}],"about":[{"href":"https:\/\/inginerie.aero\/index.php\/wp-json\/wp\/v2\/types\/page"}],"author":[{"embeddable":true,"href":"https:\/\/inginerie.aero\/index.php\/wp-json\/wp\/v2\/users\/2"}],"replies":[{"embeddable":true,"href":"https:\/\/inginerie.aero\/index.php\/wp-json\/wp\/v2\/comments?post=526"}],"version-history":[{"count":13,"href":"https:\/\/inginerie.aero\/index.php\/wp-json\/wp\/v2\/pages\/526\/revisions"}],"predecessor-version":[{"id":22136,"href":"https:\/\/inginerie.aero\/index.php\/wp-json\/wp\/v2\/pages\/526\/revisions\/22136"}],"wp:attachment":[{"href":"https:\/\/inginerie.aero\/index.php\/wp-json\/wp\/v2\/media?parent=526"}],"wp:term":[{"taxonomy":"category","embeddable":true,"href":"https:\/\/inginerie.aero\/index.php\/wp-json\/wp\/v2\/categories?post=526"},{"taxonomy":"post_tag","embeddable":true,"href":"https:\/\/inginerie.aero\/index.php\/wp-json\/wp\/v2\/tags?post=526"}],"curies":[{"name":"wp","href":"https:\/\/api.w.org\/{rel}","templated":true}]}}