{"id":807,"date":"2017-01-16T22:53:05","date_gmt":"2017-01-16T20:53:05","guid":{"rendered":"https:\/\/inginerie.aero\/?page_id=807"},"modified":"2019-06-08T18:29:22","modified_gmt":"2019-06-08T15:29:22","slug":"practica","status":"publish","type":"page","link":"https:\/\/inginerie.aero\/index.php\/ro\/practica\/","title":{"rendered":"Practic\u0103"},"content":{"rendered":"<p>[et_pb_section bb_built=&#8221;1&#8243; fullwidth=&#8221;on&#8221; specialty=&#8221;off&#8221; transparent_background=&#8221;off&#8221; allow_player_pause=&#8221;off&#8221; inner_shadow=&#8221;off&#8221; parallax=&#8221;off&#8221; parallax_method=&#8221;off&#8221; padding_mobile=&#8221;off&#8221; make_fullwidth=&#8221;off&#8221; use_custom_width=&#8221;off&#8221; width_unit=&#8221;on&#8221; make_equal=&#8221;off&#8221; use_custom_gutter=&#8221;off&#8221; background_color=&#8221;rgba(23,23,23,0.6)&#8221; custom_padding_tablet=&#8221;50px|0|50px|0&#8243; custom_padding_last_edited=&#8221;on|desktop&#8221;][et_pb_fullwidth_post_title title=&#8221;on&#8221; meta=&#8221;off&#8221; author=&#8221;off&#8221; date=&#8221;off&#8221; categories=&#8221;off&#8221; comments=&#8221;off&#8221; featured_image=&#8221;off&#8221; featured_placement=&#8221;below&#8221; parallax_effect=&#8221;on&#8221; parallax_method=&#8221;off&#8221; text_orientation=&#8221;left&#8221; text_color=&#8221;dark&#8221; text_background=&#8221;off&#8221; text_bg_color=&#8221;rgba(255,255,255,0.9)&#8221; module_bg_color=&#8221;#e3e3e3&#8243; title_all_caps=&#8221;off&#8221; use_border_color=&#8221;off&#8221; border_color=&#8221;#ffffff&#8221; border_style=&#8221;solid&#8221; parallax=&#8221;on&#8221; background_color=&#8221;#e3e3e3&#8243;]<\/p>\n<p>&nbsp;<\/p>\n<p>[\/et_pb_fullwidth_post_title][\/et_pb_section][et_pb_section bb_built=&#8221;1&#8243; transparent_background=&#8221;off&#8221; allow_player_pause=&#8221;off&#8221; inner_shadow=&#8221;off&#8221; parallax=&#8221;off&#8221; parallax_method=&#8221;on&#8221; padding_mobile=&#8221;off&#8221; make_fullwidth=&#8221;off&#8221; use_custom_width=&#8221;off&#8221; width_unit=&#8221;off&#8221; custom_width_px=&#8221;1080px&#8221; custom_width_percent=&#8221;80%&#8221; make_equal=&#8221;off&#8221; use_custom_gutter=&#8221;off&#8221; fullwidth=&#8221;off&#8221; specialty=&#8221;on&#8221; disabled=&#8221;off&#8221; custom_padding_tablet=&#8221;50px|0|50px|0&#8243; custom_padding_last_edited=&#8221;on|desktop&#8221;][et_pb_column type=&#8221;3_4&#8243; specialty_columns=&#8221;3&#8243;][et_pb_row_inner admin_label=&#8221;Row&#8221; padding_mobile=&#8221;off&#8221; use_custom_gutter=&#8221;off&#8221; make_equal=&#8221;off&#8221; column_padding_mobile=&#8221;off&#8221; parallax_1=&#8221;off&#8221; parallax_method_1=&#8221;on&#8221; parallax_2=&#8221;off&#8221; parallax_method_2=&#8221;on&#8221; parallax_3=&#8221;off&#8221; parallax_method_3=&#8221;on&#8221; disabled=&#8221;off&#8221;][et_pb_column_inner type=&#8221;4_4&#8243; saved_specialty_column_type=&#8221;3_4&#8243;][et_pb_image admin_label=&#8221;Imagine&#8221; src=&#8221;https:\/\/inginerie.aero\/wp-content\/uploads\/2017\/01\/mahan_a313_ep-mnp_istanbul_151224_2.jpg&#8221; alt=&#8221;Studenti in practica&#8221; title_text=&#8221;Studenti in practica&#8221; show_in_lightbox=&#8221;off&#8221; url_new_window=&#8221;off&#8221; use_overlay=&#8221;off&#8221; animation=&#8221;left&#8221; sticky=&#8221;off&#8221; align=&#8221;center&#8221; force_fullwidth=&#8221;off&#8221; always_center_on_mobile=&#8221;on&#8221; use_border_color=&#8221;off&#8221; border_color=&#8221;#ffffff&#8221; border_style=&#8221;solid&#8221;]<\/p>\n<p>&nbsp;<\/p>\n<p>[\/et_pb_image][et_pb_text background_layout=&#8221;light&#8221; use_border_color=&#8221;off&#8221; _builder_version=&#8221;3.0.92&#8243;]<\/p>\n<h3>Informa\u021bii importante practic\u0103 anul III 2019<\/h3>\n<h4><a href=\"https:\/\/inginerie.aero\/wp-content\/uploads\/2019\/05\/Info-practica-anul3.xlsx\" target=\"_blank\" rel=\"noopener noreferrer\">&lt;desc\u0103rca\u021bi fi\u0219ierul&gt;<\/a><\/h4>\n<p>&nbsp;<\/p>\n<h3>Responsabili de\u00a0practic\u0103 2019<\/h3>\n\n<table id=\"tablepress-13\" class=\"tablepress tablepress-id-13\">\n<thead>\n<tr class=\"row-1\">\n\t<th class=\"column-1\">Specializarea<\/th><th class=\"column-2\">Responsabil<\/th><th class=\"column-3\">Contact<\/th>\n<\/tr>\n<\/thead>\n<tbody class=\"row-striping row-hover\">\n<tr class=\"row-2\">\n\t<td class=\"column-1\">Construc\u021bii Aerospatiale<\/td><td class=\"column-2\">Conf. dr. ing. Florin Frunzulica<\/td><td class=\"column-3\">ffrunzi@yahoo.com<\/td>\n<\/tr>\n<tr class=\"row-3\">\n\t<td class=\"column-1\">Sisteme de Propulsie<\/td><td class=\"column-2\">Conf. dr. ing. Daniel Crunteanu<\/td><td class=\"column-3\">crunti_dani2005@yahoo.co<\/td>\n<\/tr>\n<tr class=\"row-4\">\n\t<td class=\"column-1\">Echipamente si Instalatii de Aviatie<\/td><td class=\"column-2\">S.l. dr. ing. Mihai Barbelian<\/td><td class=\"column-3\"> barbelian_m@avianet.ro<\/td>\n<\/tr>\n<tr class=\"row-5\">\n\t<td class=\"column-1\">Inginerie si Management Aeronautic<br \/>\n<br \/>\n<\/td><td class=\"column-2\">As. ing. Cornel Dinu <\/td><td class=\"column-3\">cornel_dinu@yahoo.co.uk<\/td>\n<\/tr>\n<tr class=\"row-6\">\n\t<td class=\"column-1\">Naviga\u021bie Aeriana<\/td><td class=\"column-2\">As. dr. ing. Irina Stefanescu<\/td><td class=\"column-3\">irina.stefanescu@rosa.ro<\/td>\n<\/tr>\n<tr class=\"row-7\">\n\t<td class=\"column-1\">Design Aeronautic<\/td><td class=\"column-2\">As. ing. Cristian Perederic<\/td><td class=\"column-3\">cristiperederic@gmail.com<\/td>\n<\/tr>\n<\/tbody>\n<\/table>\n<!-- #tablepress-13 from cache -->\n<div><\/div>\n<h3>Locuri de practic\u0103 2019<\/h3>\n<div>(\u00een ordine alfabetic\u0103)<\/div>\n<div>\n<p><a href=\"http:\/\/www.caa.ro\/\">AACR Autoritatea Aeronautic\u0103 Civil\u0103 Rom\u00e2n\u0103<\/a>\u00a0\u2013 Bucure\u0219ti<\/p>\n<p><a href=\"http:\/\/www.aeroclubulromaniei.ro\/\">Aeroclubul Rom\u00e2niei<\/a>\u00a0\u2013 Bucure\u0219ti \/ Clinceni<\/p>\n<p><a href=\"https:\/\/www.aeroportcraiova.ro\/en\/\">Aeroportul Interna\u021bional Craiova<\/a>\u00a0\u2013 Craiova<\/p>\n<p><a href=\"http:\/\/www.aerostar.ro\/\">Aerostar<\/a>\u00a0\u2013 Bac\u0103u<\/p>\n<p><a href=\"http:\/\/www.aerofina.ro\/\">Aerofina\u00a0<\/a>\u2013 Bucure\u0219ti<\/p>\n<p><a href=\"https:\/\/www.airbushelicopters.ro\/\">Airbus Helicopters Romania<\/a>\u00a0\u2013 Ghimbav, Bra\u0219ov<\/p>\n<p><a href=\"http:\/\/www.assystem.com\/en\/the-company\/Romania.html\">Assystem Romania<\/a>\u00a0\u2013 Bucure\u0219ti<\/p>\n<p><a href=\"https:\/\/www.airbus.com\/\">Airbus<\/a>\u00a0\u2013 Toulouse<\/p>\n<p><a href=\"http:\/\/www.roaf.ro\/?p=2336\">Baza 90 Transport Aerian M. Ap. N.<\/a>\u2013 Otopeni<\/p>\n<p><a href=\"https:\/\/www.blueairweb.com\/\">Blue Air<\/a>\u00a0\u2013 Bucure\u0219ti<\/p>\n<p><a href=\"http:\/\/www.cias.gov.ro\/index.php\/ro\/\">CIAS Centrul de Investiga\u021bii \u0219i Analiz\u0103 pentru Siguran\u021ba Avia\u021biei Civile<\/a>\u00a0\u2013 Bucure\u0219ti<\/p>\n<p><a href=\"http:\/\/www.bucharestairports.ro\/cnab\/ro\/\">CN Aeroporturi Bucure\u0219ti<\/a>\u00a0\u2013 Otopeni<\/p>\n<p><a href=\"http:\/\/www.comoti.ro\/ro\/index.html\">COMOTI\u00a0Institutul National de Cercetare \u2013 Dezvoltare Turbomotoare<\/a>\u00a0\u2013 Bucure\u0219ti<\/p>\n<p><a href=\"https:\/\/www.dai-labor.de\/en\/\" target=\"_blank\" rel=\"noopener noreferrer\">DAI-Labor<\/a> &#8211; Berlin<\/p>\n<p><a href=\"https:\/\/dblue.it\/\">Deep Blue<\/a>\u00a0\u2013 Roma<\/p>\n<p><a href=\"https:\/\/www.dfs.de\/dfs_homepage\/de\/\">DFS Deutsche Flugsicherung<\/a>\u00a0\u2013 Langen, Frankfurt<\/p>\n<p><a href=\"https:\/\/www.dlr.de\/dlr\/en\/desktopdefault.aspx\/tabid-10002\/\">DLR <\/a>\u2013 M\u00fcnchen<\/p>\n<p><a href=\"https:\/\/www.easa.europa.eu\/\">EASA<\/a>\u00a0\u2013 K\u00f6ln<\/p>\n<p><a href=\"https:\/\/www.eurocontrol.int\/\">EUROCONTROL<\/a>\u00a0\u2013 Bruxelles<\/p>\n<p><a href=\"http:\/\/www.fokker.com\/Aerostructures_Engineering_Romania\">Fokker Engineering Romania<\/a>\u00a0\u2013 Bucure\u0219ti<\/p>\n<p><a href=\"https:\/\/www.linkedin.com\/company\/altendeliverycenterbucharest\/?fbclid=IwAR2wIUeTqHxU88Ea_U3RMDLybDxEau79e9KLbbdK3AJ7fCEulH7JFP_c9BQ\">GECI Engineering Services Romania<\/a>\u00a0\u2013 Bucure\u0219ti<\/p>\n<p><a href=\"http:\/\/www.gmv.com\/en\/\">GMV Romania<\/a>\u00a0\u2013 Bucure\u0219ti<\/p>\n<p><a href=\"http:\/\/www.hps-gmbh.com\/en\/\">HPS High Performance Space Structure Systems Romania<\/a>\u00a0\u2013 Bucure\u0219ti<\/p>\n<p><a href=\"http:\/\/www.hps-gmbh.com\/en\/\">HPS High Performance Space Structure Systems<\/a>\u00a0\u2013 Bremen<\/p>\n<p><a href=\"https:\/\/www.eurocontrol.int\/training\">EUROCONTROL\u00a0Institute of Air Navigation Services<\/a>\u00a0\u2013 Luxembourg<\/p>\n<p><a href=\"https:\/\/www.iar.ro\/\">IAR <\/a>\u2013 Bra\u0219ov<\/p>\n<p><a href=\"http:\/\/www.incas.ro\/\">INCAS Institutul Na\u021bional de Cercetare-Dezvoltare Aerospa\u021bial\u0103 Elie Carafoli<\/a>\u00a0\u2013 Bucure\u0219ti<\/p>\n<p><a href=\"http:\/\/www2.spacescience.ro\/\">Institutul de \u0218tiin\u021be Spa\u021biale<\/a>\u00a0\u2013 M\u0103gurele<\/p>\n<p><a href=\"https:\/\/inginerie.aero\/index.php\/ro\/2017\/04\/28\/1531\/\" target=\"_blank\" rel=\"noopener noreferrer\">Laboratorul de \u00cencerc\u0103ri \u00een Zbor \u0219i Modele Experimentale UPB-FIA<\/a> &#8211; Bucure\u0219ti<\/p>\n<p><a href=\"https:\/\/www.lufthansa-technik.com\/\">Lufthansa Technik\u00a0<\/a>\u2013 Otopeni<\/p>\n<p><a href=\"http:\/\/menziesaviation.com\/\">Menzies Aviation<\/a>\u00a0\u2013 Otopeni<\/p>\n<p><a href=\"http:\/\/mt.gov.ro\/\">Ministerul Transporturilor<\/a>\u00a0\u2013 Bucure\u0219ti<\/p>\n<p><a href=\"https:\/\/www.eurocontrol.int\/muac\">EUROCONTROL MUAC Maastricht Upper Area Control<\/a>\u00a0\u2013 Maastricht<\/p>\n<p><a href=\"http:\/\/www.regional-air.ro\/application\/RO\/ACASA\">RAS Regional Air Services<\/a>\u00a0\u2013 Otopeni \/ Tuzla<\/p>\n<p><a href=\"http:\/\/relianceconsulting.ro\/contact.htm\">Reliance Travel and Consulting<\/a>\u00a0\u2013 Bucure\u0219ti<\/p>\n<p><a href=\"http:\/\/www.romaero.com\/\">Romaero<\/a>\u00a0\u2013 Bucure\u0219ti<\/p>\n<p><a href=\"http:\/\/www.romatsa.ro\/en\">ROMATSA<\/a>\u00a0\u2013 Bucure\u0219ti<\/p>\n<p><a href=\"http:\/\/www.aviationacademy.ro\/\">\u0218coala Superioar\u0103 de Avia\u021bie Civil\u0103<\/a>\u00a0\u2013 Bucure\u0219ti \/ Strejnic<\/p>\n<p><a href=\"http:\/\/www.tarom.ro\/\">TAROM<\/a>\u00a0\u2013 Otopeni<\/p>\n<p><a href=\"http:\/\/www.think.aero\/\">Think Research<\/a>\u00a0\u2013 Bournemouth, UK<\/p>\n<p><a href=\"http:\/\/www.toyoaviation.ro\/\">Toyo Aviation<\/a>\u00a0\u2013 Bucure\u0219ti<\/p>\n<p><a href=\"https:\/\/turbomecanica.ro\/\">Turbomecanica<\/a>\u00a0\u2013 Bucure\u0219ti<\/p>\n<p><a href=\"http:\/\/www.universalalloy.com\/UAC-Facilities.html\" target=\"_blank\" rel=\"noopener noreferrer\">Universal Alloy Corporation<\/a> &#8211; Baia Mare<\/p>\n<p>&nbsp;<\/p>\n<\/div>\n<div><\/div>\n<div>\u00a0&#8211;&#8211;&#8211;&#8211;&#8211;&#8211;&#8211;&#8211;&#8211;&#8211;&#8211;&#8211;&#8211;&#8211;-<\/div>\n<div><\/div>\n<div>\n<h3>Important<\/h3>\n<p>\u00cen aten\u021bia studen\u021bilor de anul III care fac practica pe perioada de var\u0103: pe data de <strong>9 septembrie 2019<\/strong>\u00a0ora <strong>9:00<\/strong> va avea loc <em>colocviul de practic\u0103<\/em> la facultate cu cadrul didactic supervizor \/ responsabilul de practic\u0103 (vezi tabelul de mai jos, \u00een func\u021bie de programul de studii). Studen\u021bii practicanzi vor aduce:<\/p>\n<ol>\n<li>Atestatul de practic\u0103 din partea angajatorului (institu\u021bia unde s-a desf\u0103\u0219urat practica) care s\u0103 ateste c\u0103 au lucrat 12 s\u0103pt\u0103m\u00e2ni timp de cel pu\u021bin 6 ore pe zi;<\/li>\n<li>Raportul tutorelui de practic\u0103 (cu o propunere de not\u0103 sau cu un calificativ);<\/li>\n<li>Raport individual al fiec\u0103rui student, din care s\u0103 reias\u0103 ce a \u00eenv\u0103\u021bat despre organiza\u021bia unde a lucrat, ce a primit de f\u0103cut, cum s-a integrat, cum a r\u0103spuns cerin\u021belor angajatorului, ce realiz\u0103ri a avut. Raportul se sus\u021bine cu caietul de practic\u0103.<\/li>\n<\/ol>\n<p>Pe baza acestor date, responsabilul acord\u0103 o not\u0103 la disciplina practic\u0103 \u0219i cele 6 puncte credit. \u00cen lipsa documentelor de mai sus nu se poate promova colocviul de practic\u0103. <em>Refacerea practicii implic\u0103 am\u00e2narea absolvirii cel pu\u021bin p\u00e2n\u0103 \u00een toamn\u0103, deoarece nu mai exsit\u0103 \u00een calendarul de p\u00e2n\u0103 la absolvirea din iulie un interval de 12 s\u0103pt\u0103m\u00e2ni pentru refacere.<\/em><\/p>\n<h3><\/h3>\n<\/div>\n<h3>Formulare 2019<\/h3>\n<ul>\n<li><a href=\"https:\/\/inginerie.aero\/wp-content\/uploads\/2019\/05\/Model-conventie-cadru-tripartita_upb_2019.docx\" target=\"_blank\" rel=\"noopener noreferrer\">Model conven\u021bie cadru tripartit\u0103 2019<\/a><\/li>\n<li><a href=\"https:\/\/inginerie.aero\/wp-content\/uploads\/2019\/05\/Model-conventie-practica_upb-firme_2019.docx\" target=\"_blank\" rel=\"noopener noreferrer\">Model conven\u021bie practica bipartit\u0103 2019<\/a><\/li>\n<li><a href=\"https:\/\/inginerie.aero\/wp-content\/uploads\/2017\/05\/Instructiuni_practica_studenti_si_masteranzi.pdf\" target=\"_blank\" rel=\"noopener noreferrer\">Instruc\u021biuni privind instruirea de securitatea muncii efectuat\u0103 studen\u021bilor din ciclurile de studii universitare de licen\u021b\u0103\/masterat din U.P.B. pe timpul efectu\u0103rii stagiului de practic\u0103 \u00een laboratoarele U.P.B. sau \u00een unit\u0103\u021bi partenere de practic\u0103 \u0219i cu ocazia activit\u0103\u021bilor practice din timpul anului universitar \u00een laboratoarele U.P.B<\/a><\/li>\n<\/ul>\n<p>[\/et_pb_text][\/et_pb_column_inner][\/et_pb_row_inner][\/et_pb_column][et_pb_column type=&#8221;1_4&#8243;][et_pb_text background_layout=&#8221;light&#8221; text_orientation=&#8221;left&#8221; header_font_size=&#8221;49px&#8221; use_border_color=&#8221;off&#8221; border_style=&#8221;solid&#8221; disabled=&#8221;off&#8221;]<\/p>\n<p>Anunturi<\/p>\n<p>[\/et_pb_text][et_pb_divider color=&#8221;#bfbfbf&#8221; divider_style=&#8221;solid&#8221; divider_position=&#8221;top&#8221; divider_weight=&#8221;1px&#8221; hide_on_mobile=&#8221;on&#8221; disabled=&#8221;off&#8221;]<\/p>\n<p>&nbsp;<\/p>\n<p>[\/et_pb_divider][et_pb_blog fullwidth=&#8221;off&#8221; include_categories=&#8221;11&#8243; show_thumbnail=&#8221;off&#8221; show_content=&#8221;off&#8221; show_more=&#8221;on&#8221; show_author=&#8221;on&#8221; show_date=&#8221;on&#8221; show_categories=&#8221;off&#8221; show_comments=&#8221;off&#8221; show_pagination=&#8221;off&#8221; offset_number=&#8221;0&#8243; use_overlay=&#8221;off&#8221; background_layout=&#8221;light&#8221; use_dropshadow=&#8221;on&#8221; use_border_color=&#8221;off&#8221; border_color=&#8221;#ffffff&#8221; border_style=&#8221;solid&#8221; disabled=&#8221;off&#8221;]<\/p>\n<p>&nbsp;<\/p>\n<p>[\/et_pb_blog][\/et_pb_column][\/et_pb_section]<\/p>\n","protected":false},"excerpt":{"rendered":"<p>&nbsp; &nbsp; Informa\u021bii importante practic\u0103 anul III 2019 &lt;desc\u0103rca\u021bi fi\u0219ierul&gt; &nbsp; Responsabili de\u00a0practic\u0103 2019 \n<table id=\"tablepress-13-no-2\" class=\"tablepress tablepress-id-13\">\n<thead>\n<tr class=\"row-1\">\n\t<th class=\"column-1\">Specializarea<\/th><th class=\"column-2\">Responsabil<\/th><th class=\"column-3\">Contact<\/th>\n<\/tr>\n<\/thead>\n<tbody class=\"row-striping row-hover\">\n<tr class=\"row-2\">\n\t<td class=\"column-1\">Construc\u021bii Aerospatiale<\/td><td class=\"column-2\">Conf. dr. ing. Florin Frunzulica<\/td><td class=\"column-3\">ffrunzi@yahoo.com<\/td>\n<\/tr>\n<tr class=\"row-3\">\n\t<td class=\"column-1\">Sisteme de Propulsie<\/td><td class=\"column-2\">Conf. dr. ing. Daniel Crunteanu<\/td><td class=\"column-3\">crunti_dani2005@yahoo.co<\/td>\n<\/tr>\n<tr class=\"row-4\">\n\t<td class=\"column-1\">Echipamente si Instalatii de Aviatie<\/td><td class=\"column-2\">S.l. dr. ing. Mihai Barbelian<\/td><td class=\"column-3\"> barbelian_m@avianet.ro<\/td>\n<\/tr>\n<tr class=\"row-5\">\n\t<td class=\"column-1\">Inginerie si Management Aeronautic<br \/>\n<br \/>\n<\/td><td class=\"column-2\">As. ing. Cornel Dinu <\/td><td class=\"column-3\">cornel_dinu@yahoo.co.uk<\/td>\n<\/tr>\n<tr class=\"row-6\">\n\t<td class=\"column-1\">Naviga\u021bie Aeriana<\/td><td class=\"column-2\">As. dr. ing. Irina Stefanescu<\/td><td class=\"column-3\">irina.stefanescu@rosa.ro<\/td>\n<\/tr>\n<tr class=\"row-7\">\n\t<td class=\"column-1\">Design Aeronautic<\/td><td class=\"column-2\">As. ing. Cristian Perederic<\/td><td class=\"column-3\">cristiperederic@gmail.com<\/td>\n<\/tr>\n<\/tbody>\n<\/table>\n<!-- #tablepress-13-no-2 from cache --> Locuri de practic\u0103 2019 (\u00een ordine alfabetic\u0103) AACR Autoritatea Aeronautic\u0103 Civil\u0103 Rom\u00e2n\u0103\u00a0\u2013 Bucure\u0219ti Aeroclubul Rom\u00e2niei\u00a0\u2013 Bucure\u0219ti \/ Clinceni Aeroportul Interna\u021bional Craiova\u00a0\u2013 Craiova Aerostar\u00a0\u2013 Bac\u0103u Aerofina\u00a0\u2013 Bucure\u0219ti Airbus Helicopters Romania\u00a0\u2013 Ghimbav, Bra\u0219ov Assystem Romania\u00a0\u2013 Bucure\u0219ti Airbus\u00a0\u2013 Toulouse Baza 90 [&hellip;]<\/p>\n","protected":false},"author":2,"featured_media":0,"parent":0,"menu_order":0,"comment_status":"closed","ping_status":"closed","template":"","meta":{"_et_pb_use_builder":"on","_et_pb_old_content":"","_et_gb_content_width":"","jetpack_post_was_ever_published":false,"footnotes":"","_links_to":"","_links_to_target":""},"categories":[],"tags":[],"class_list":["post-807","page","type-page","status-publish","hentry"],"yoast_head":"<!-- This site is optimized with the Yoast SEO plugin v24.3 - https:\/\/yoast.com\/wordpress\/plugins\/seo\/ -->\n<title>Practic\u0103 - Alumni Politehnica Aerospace Engineering<\/title>\n<meta name=\"robots\" content=\"index, follow, max-snippet:-1, max-image-preview:large, max-video-preview:-1\" \/>\n<link rel=\"canonical\" href=\"https:\/\/inginerie.aero\/index.php\/ro\/practica\/\" \/>\n<meta property=\"og:locale\" content=\"ro_RO\" \/>\n<meta property=\"og:type\" content=\"article\" \/>\n<meta property=\"og:title\" content=\"Practic\u0103 - Alumni Politehnica Aerospace Engineering\" \/>\n<meta property=\"og:description\" content=\"&nbsp; &nbsp; Informa\u021bii importante practic\u0103 anul III 2019 &lt;desc\u0103rca\u021bi fi\u0219ierul&gt; &nbsp; Responsabili de\u00a0practic\u0103 2019 Locuri de practic\u0103 2019 (\u00een ordine alfabetic\u0103) AACR Autoritatea Aeronautic\u0103 Civil\u0103 Rom\u00e2n\u0103\u00a0\u2013 Bucure\u0219ti Aeroclubul Rom\u00e2niei\u00a0\u2013 Bucure\u0219ti \/ Clinceni Aeroportul Interna\u021bional Craiova\u00a0\u2013 Craiova Aerostar\u00a0\u2013 Bac\u0103u Aerofina\u00a0\u2013 Bucure\u0219ti Airbus Helicopters Romania\u00a0\u2013 Ghimbav, Bra\u0219ov Assystem Romania\u00a0\u2013 Bucure\u0219ti Airbus\u00a0\u2013 Toulouse Baza 90 [&hellip;]\" \/>\n<meta property=\"og:url\" content=\"https:\/\/inginerie.aero\/index.php\/ro\/practica\/\" \/>\n<meta property=\"og:site_name\" content=\"Alumni Politehnica Aerospace Engineering\" \/>\n<meta property=\"article:publisher\" content=\"https:\/\/www.facebook.com\/groups\/InginerieAerospatiala\/\" \/>\n<meta property=\"article:modified_time\" content=\"2019-06-08T15:29:22+00:00\" \/>\n<meta name=\"twitter:card\" content=\"summary_large_image\" \/>\n<meta name=\"twitter:label1\" content=\"Timp estimat pentru citire\" \/>\n\t<meta name=\"twitter:data1\" content=\"5 minute\" \/>\n<script type=\"application\/ld+json\" class=\"yoast-schema-graph\">{\"@context\":\"https:\/\/schema.org\",\"@graph\":[{\"@type\":\"WebPage\",\"@id\":\"https:\/\/inginerie.aero\/index.php\/ro\/practica\/\",\"url\":\"https:\/\/inginerie.aero\/index.php\/ro\/practica\/\",\"name\":\"Practic\u0103 - Alumni Politehnica Aerospace Engineering\",\"isPartOf\":{\"@id\":\"https:\/\/inginerie.aero\/#website\"},\"datePublished\":\"2017-01-16T20:53:05+00:00\",\"dateModified\":\"2019-06-08T15:29:22+00:00\",\"breadcrumb\":{\"@id\":\"https:\/\/inginerie.aero\/index.php\/ro\/practica\/#breadcrumb\"},\"inLanguage\":\"ro-RO\",\"potentialAction\":[{\"@type\":\"ReadAction\",\"target\":[\"https:\/\/inginerie.aero\/index.php\/ro\/practica\/\"]}]},{\"@type\":\"BreadcrumbList\",\"@id\":\"https:\/\/inginerie.aero\/index.php\/ro\/practica\/#breadcrumb\",\"itemListElement\":[{\"@type\":\"ListItem\",\"position\":1,\"name\":\"Acas\u0103\",\"item\":\"https:\/\/inginerie.aero\/index.php\/ro\/acasa\/\"},{\"@type\":\"ListItem\",\"position\":2,\"name\":\"Practic\u0103\"}]},{\"@type\":\"WebSite\",\"@id\":\"https:\/\/inginerie.aero\/#website\",\"url\":\"https:\/\/inginerie.aero\/\",\"name\":\"Facultatea de Inginerie Aerospatiala\",\"description\":\"Site-ul Asociatiei de Alumni ai Facultatii de Inginerie Aerospatiala din cadrul Universitatii POLITEHNICA Bucuresti\",\"publisher\":{\"@id\":\"https:\/\/inginerie.aero\/#organization\"},\"potentialAction\":[{\"@type\":\"SearchAction\",\"target\":{\"@type\":\"EntryPoint\",\"urlTemplate\":\"https:\/\/inginerie.aero\/?s={search_term_string}\"},\"query-input\":{\"@type\":\"PropertyValueSpecification\",\"valueRequired\":true,\"valueName\":\"search_term_string\"}}],\"inLanguage\":\"ro-RO\"},{\"@type\":\"Organization\",\"@id\":\"https:\/\/inginerie.aero\/#organization\",\"name\":\"University Politehnica of Bucharest Faculty of Aerospace Engineering\",\"url\":\"https:\/\/inginerie.aero\/\",\"logo\":{\"@type\":\"ImageObject\",\"inLanguage\":\"ro-RO\",\"@id\":\"https:\/\/inginerie.aero\/#\/schema\/logo\/image\/\",\"url\":\"https:\/\/inginerie.aero\/wp-content\/uploads\/2017\/03\/sigla1.png\",\"contentUrl\":\"https:\/\/inginerie.aero\/wp-content\/uploads\/2017\/03\/sigla1.png\",\"width\":734,\"height\":735,\"caption\":\"University Politehnica of Bucharest Faculty of Aerospace Engineering\"},\"image\":{\"@id\":\"https:\/\/inginerie.aero\/#\/schema\/logo\/image\/\"},\"sameAs\":[\"https:\/\/www.facebook.com\/groups\/InginerieAerospatiala\/\"]}]}<\/script>\n<!-- \/ Yoast SEO plugin. -->","yoast_head_json":{"title":"Practic\u0103 - Alumni Politehnica Aerospace Engineering","robots":{"index":"index","follow":"follow","max-snippet":"max-snippet:-1","max-image-preview":"max-image-preview:large","max-video-preview":"max-video-preview:-1"},"canonical":"https:\/\/inginerie.aero\/index.php\/ro\/practica\/","og_locale":"ro_RO","og_type":"article","og_title":"Practic\u0103 - Alumni Politehnica Aerospace Engineering","og_description":"&nbsp; &nbsp; Informa\u021bii importante practic\u0103 anul III 2019 &lt;desc\u0103rca\u021bi fi\u0219ierul&gt; &nbsp; Responsabili de\u00a0practic\u0103 2019 Locuri de practic\u0103 2019 (\u00een ordine alfabetic\u0103) AACR Autoritatea Aeronautic\u0103 Civil\u0103 Rom\u00e2n\u0103\u00a0\u2013 Bucure\u0219ti Aeroclubul Rom\u00e2niei\u00a0\u2013 Bucure\u0219ti \/ Clinceni Aeroportul Interna\u021bional Craiova\u00a0\u2013 Craiova Aerostar\u00a0\u2013 Bac\u0103u Aerofina\u00a0\u2013 Bucure\u0219ti Airbus Helicopters Romania\u00a0\u2013 Ghimbav, Bra\u0219ov Assystem Romania\u00a0\u2013 Bucure\u0219ti Airbus\u00a0\u2013 Toulouse Baza 90 [&hellip;]","og_url":"https:\/\/inginerie.aero\/index.php\/ro\/practica\/","og_site_name":"Alumni Politehnica Aerospace Engineering","article_publisher":"https:\/\/www.facebook.com\/groups\/InginerieAerospatiala\/","article_modified_time":"2019-06-08T15:29:22+00:00","twitter_card":"summary_large_image","twitter_misc":{"Timp estimat pentru citire":"5 minute"},"schema":{"@context":"https:\/\/schema.org","@graph":[{"@type":"WebPage","@id":"https:\/\/inginerie.aero\/index.php\/ro\/practica\/","url":"https:\/\/inginerie.aero\/index.php\/ro\/practica\/","name":"Practic\u0103 - Alumni Politehnica Aerospace Engineering","isPartOf":{"@id":"https:\/\/inginerie.aero\/#website"},"datePublished":"2017-01-16T20:53:05+00:00","dateModified":"2019-06-08T15:29:22+00:00","breadcrumb":{"@id":"https:\/\/inginerie.aero\/index.php\/ro\/practica\/#breadcrumb"},"inLanguage":"ro-RO","potentialAction":[{"@type":"ReadAction","target":["https:\/\/inginerie.aero\/index.php\/ro\/practica\/"]}]},{"@type":"BreadcrumbList","@id":"https:\/\/inginerie.aero\/index.php\/ro\/practica\/#breadcrumb","itemListElement":[{"@type":"ListItem","position":1,"name":"Acas\u0103","item":"https:\/\/inginerie.aero\/index.php\/ro\/acasa\/"},{"@type":"ListItem","position":2,"name":"Practic\u0103"}]},{"@type":"WebSite","@id":"https:\/\/inginerie.aero\/#website","url":"https:\/\/inginerie.aero\/","name":"Facultatea de Inginerie Aerospatiala","description":"Site-ul Asociatiei de Alumni ai Facultatii de Inginerie Aerospatiala din cadrul Universitatii POLITEHNICA Bucuresti","publisher":{"@id":"https:\/\/inginerie.aero\/#organization"},"potentialAction":[{"@type":"SearchAction","target":{"@type":"EntryPoint","urlTemplate":"https:\/\/inginerie.aero\/?s={search_term_string}"},"query-input":{"@type":"PropertyValueSpecification","valueRequired":true,"valueName":"search_term_string"}}],"inLanguage":"ro-RO"},{"@type":"Organization","@id":"https:\/\/inginerie.aero\/#organization","name":"University Politehnica of Bucharest Faculty of Aerospace Engineering","url":"https:\/\/inginerie.aero\/","logo":{"@type":"ImageObject","inLanguage":"ro-RO","@id":"https:\/\/inginerie.aero\/#\/schema\/logo\/image\/","url":"https:\/\/inginerie.aero\/wp-content\/uploads\/2017\/03\/sigla1.png","contentUrl":"https:\/\/inginerie.aero\/wp-content\/uploads\/2017\/03\/sigla1.png","width":734,"height":735,"caption":"University Politehnica of Bucharest Faculty of Aerospace Engineering"},"image":{"@id":"https:\/\/inginerie.aero\/#\/schema\/logo\/image\/"},"sameAs":["https:\/\/www.facebook.com\/groups\/InginerieAerospatiala\/"]}]}},"jetpack_sharing_enabled":true,"jetpack_shortlink":"https:\/\/wp.me\/Pbbi8l-d1","_links":{"self":[{"href":"https:\/\/inginerie.aero\/index.php\/wp-json\/wp\/v2\/pages\/807","targetHints":{"allow":["GET"]}}],"collection":[{"href":"https:\/\/inginerie.aero\/index.php\/wp-json\/wp\/v2\/pages"}],"about":[{"href":"https:\/\/inginerie.aero\/index.php\/wp-json\/wp\/v2\/types\/page"}],"author":[{"embeddable":true,"href":"https:\/\/inginerie.aero\/index.php\/wp-json\/wp\/v2\/users\/2"}],"replies":[{"embeddable":true,"href":"https:\/\/inginerie.aero\/index.php\/wp-json\/wp\/v2\/comments?post=807"}],"version-history":[{"count":24,"href":"https:\/\/inginerie.aero\/index.php\/wp-json\/wp\/v2\/pages\/807\/revisions"}],"predecessor-version":[{"id":19855,"href":"https:\/\/inginerie.aero\/index.php\/wp-json\/wp\/v2\/pages\/807\/revisions\/19855"}],"wp:attachment":[{"href":"https:\/\/inginerie.aero\/index.php\/wp-json\/wp\/v2\/media?parent=807"}],"wp:term":[{"taxonomy":"category","embeddable":true,"href":"https:\/\/inginerie.aero\/index.php\/wp-json\/wp\/v2\/categories?post=807"},{"taxonomy":"post_tag","embeddable":true,"href":"https:\/\/inginerie.aero\/index.php\/wp-json\/wp\/v2\/tags?post=807"}],"curies":[{"name":"wp","href":"https:\/\/api.w.org\/{rel}","templated":true}]}}