{"id":809,"date":"2017-01-16T22:54:09","date_gmt":"2017-01-16T20:54:09","guid":{"rendered":"https:\/\/inginerie.aero\/?page_id=809"},"modified":"2019-10-31T17:15:53","modified_gmt":"2019-10-31T15:15:53","slug":"erasmus","status":"publish","type":"page","link":"https:\/\/inginerie.aero\/index.php\/ro\/erasmus\/","title":{"rendered":"Erasmus+"},"content":{"rendered":"<p>[et_pb_section bb_built=&#8221;1&#8243; fullwidth=&#8221;on&#8221; specialty=&#8221;off&#8221; transparent_background=&#8221;off&#8221; allow_player_pause=&#8221;off&#8221; inner_shadow=&#8221;off&#8221; parallax=&#8221;off&#8221; parallax_method=&#8221;off&#8221; padding_mobile=&#8221;off&#8221; make_fullwidth=&#8221;off&#8221; use_custom_width=&#8221;off&#8221; width_unit=&#8221;on&#8221; make_equal=&#8221;off&#8221; use_custom_gutter=&#8221;off&#8221; background_color=&#8221;rgba(23,23,23,0.6)&#8221; custom_padding_tablet=&#8221;50px|0|50px|0&#8243; custom_padding_last_edited=&#8221;on|desktop&#8221;][et_pb_fullwidth_post_title title=&#8221;on&#8221; meta=&#8221;off&#8221; author=&#8221;off&#8221; date=&#8221;off&#8221; categories=&#8221;off&#8221; comments=&#8221;off&#8221; featured_image=&#8221;off&#8221; featured_placement=&#8221;below&#8221; parallax_effect=&#8221;on&#8221; parallax_method=&#8221;off&#8221; text_orientation=&#8221;left&#8221; text_color=&#8221;dark&#8221; text_background=&#8221;off&#8221; text_bg_color=&#8221;rgba(255,255,255,0.9)&#8221; module_bg_color=&#8221;#e3e3e3&#8243; title_all_caps=&#8221;off&#8221; use_border_color=&#8221;off&#8221; border_color=&#8221;#ffffff&#8221; border_style=&#8221;solid&#8221; parallax=&#8221;on&#8221; background_color=&#8221;#e3e3e3&#8243;]<\/p>\n<p>&nbsp;<\/p>\n<p>[\/et_pb_fullwidth_post_title][\/et_pb_section][et_pb_section bb_built=&#8221;1&#8243; transparent_background=&#8221;off&#8221; allow_player_pause=&#8221;off&#8221; inner_shadow=&#8221;off&#8221; parallax=&#8221;off&#8221; parallax_method=&#8221;on&#8221; padding_mobile=&#8221;off&#8221; make_fullwidth=&#8221;off&#8221; use_custom_width=&#8221;off&#8221; width_unit=&#8221;off&#8221; custom_width_px=&#8221;1080px&#8221; custom_width_percent=&#8221;80%&#8221; make_equal=&#8221;off&#8221; use_custom_gutter=&#8221;off&#8221; fullwidth=&#8221;off&#8221; specialty=&#8221;on&#8221; disabled=&#8221;off&#8221; custom_padding_tablet=&#8221;50px|0|50px|0&#8243; custom_padding_last_edited=&#8221;on|desktop&#8221;][et_pb_column type=&#8221;3_4&#8243; specialty_columns=&#8221;3&#8243;][et_pb_row_inner admin_label=&#8221;Row&#8221; padding_mobile=&#8221;off&#8221; use_custom_gutter=&#8221;off&#8221; make_equal=&#8221;off&#8221; column_padding_mobile=&#8221;off&#8221; parallax_1=&#8221;off&#8221; parallax_method_1=&#8221;on&#8221; parallax_2=&#8221;off&#8221; parallax_method_2=&#8221;on&#8221; parallax_3=&#8221;off&#8221; parallax_method_3=&#8221;on&#8221; disabled=&#8221;off&#8221;][et_pb_column_inner type=&#8221;4_4&#8243; saved_specialty_column_type=&#8221;3_4&#8243;][et_pb_image admin_label=&#8221;Imagine&#8221; src=&#8221;https:\/\/inginerie.aero\/wp-content\/uploads\/2017\/01\/banner-ERASMUS-_01.gif&#8221; show_in_lightbox=&#8221;off&#8221; url_new_window=&#8221;off&#8221; use_overlay=&#8221;off&#8221; animation=&#8221;left&#8221; sticky=&#8221;off&#8221; align=&#8221;left&#8221; force_fullwidth=&#8221;off&#8221; always_center_on_mobile=&#8221;on&#8221; use_border_color=&#8221;off&#8221; border_color=&#8221;#ffffff&#8221; border_style=&#8221;solid&#8221;]<\/p>\n<p>&nbsp;<\/p>\n<p>[\/et_pb_image][et_pb_text background_layout=&#8221;light&#8221; text_orientation=&#8221;left&#8221; use_border_color=&#8221;off&#8221; border_color=&#8221;#ffffff&#8221; border_style=&#8221;solid&#8221; _builder_version=&#8221;3.0.92&#8243;]<\/p>\n<p>&nbsp;<\/p>\n<p><img loading=\"lazy\" decoding=\"async\" class=\"size-medium wp-image-1393 alignright\" src=\"https:\/\/inginerie.aero\/wp-content\/uploads\/2017\/01\/Erasmus03-204x300.jpg\" alt=\"\" width=\"204\" height=\"300\" srcset=\"https:\/\/inginerie.aero\/wp-content\/uploads\/2017\/01\/Erasmus03-204x300.jpg 204w, https:\/\/inginerie.aero\/wp-content\/uploads\/2017\/01\/Erasmus03.jpg 375w\" sizes=\"(max-width: 204px) 100vw, 204px\" \/><\/p>\n<p>ERASMUS+ este\u00a0programul Uniunii Europene care se adreseaza domeniilor educatie, formare, tineret si sport, pentru perioada 2014-2020, avand principalele caracteristici:<\/p>\n<p>&nbsp;<\/p>\n<ul>\n<li>recunoasterea si validarea competentelor si calificarilor;<\/li>\n<li>diseminarea si exploatarea rezultatelor proiectelor; accesul deschis la materialele didactice, documentele si instrumentele mediatice create in cadrul programului;<\/li>\n<li>dimensiunea internationala (cooperarea cu tarile partenere in domeniu invatamantului superior si sportului);<\/li>\n<li>multiligvismul; echitate si incluziune;<\/li>\n<li>protectia si siguranta participantilor.<\/li>\n<\/ul>\n<p>[\/et_pb_text][et_pb_text admin_label=&#8221;Concurs octombrie 2019&#8243; _builder_version=&#8221;3.0.92&#8243; background_layout=&#8221;light&#8221;]<\/p>\n<h5>CONCURS DE SELEC\u021aIE OCTOMBRIE 2019<\/h5>\n<p>28 oct 2019<\/p>\n<p>Interviul pentru competitia ERASMUS va avea loc miercuri, 30 octombrie 2019, orele 13-15, la secretariatul facultatii.<\/p>\n<p>31\/10\/2019<\/p>\n<p>Rezultatele concursului sunt <a href=\"https:\/\/inginerie.aero\/wp-content\/uploads\/2019\/10\/rezultate_concurs_selectie_erasmus.pdf\" target=\"_blank\" rel=\"noopener noreferrer\">aici<\/a>.<\/p>\n<div><\/div>\n<p>[\/et_pb_text][et_pb_text admin_label=&#8221;Concurs martie 2019&#8243; _builder_version=&#8221;3.0.92&#8243; background_layout=&#8221;light&#8221;]<\/p>\n<h5><strong>CONCURS DE SELEC\u021aIE MARTIE 2019<\/strong><\/h5>\n<p>Studen\u021bi ERASMUS 2019-2020, sem. I si II<\/p>\n<p>Concursul de selec\u021bie pentru mobilit\u0103\u021bile ERASMUS+ (de tip studiu sau plasament sau studiu \u0219i plasament, cf. art. 9 din regulament) din anul academic 2019-2020 are loc \u00een perioada 20.03.2019-27.03.2019 \u0219i se va desf\u0103\u0219ura conform informa\u021biilor \u0219i regulamentului afi\u0219ate pe website-ul UPB la<\/p>\n<p><a href=\"https:\/\/upb.ro\/concurs-granturi-erasmus\/\" target=\"_blank\" rel=\"noopener noreferrer\">&lt;Concurs ERASMUS&gt;l<\/a><\/p>\n<p>\u0219i la<\/p>\n<p><a href=\"https:\/\/upb.ro\/wp-content\/uploads\/2017\/11\/Regulament-Mobilitati-studenti-ERASMUS-2019.pdf\" target=\"_blank\" rel=\"noopener noreferrer\">&lt;Regulament mobilit\u0103\u021bi ERASMUS&gt;<\/a><\/p>\n<p>precum \u0219i pe website-ul \u0219i la avizierul Facult\u0103\u021bii de Inginerie Aerospa\u021bial\u0103.<\/p>\n<p>Depunerea dosarelor de candidat se face la Secretariatul Facult\u0103\u021bii de Inginerie Aerospa\u021bial\u0103, \u00een perioada 20.03.2019 &#8211; \u00a022\/03\/2018, la ghi\u0219eele destinate lucrului cu studen\u021bii \u0219i \u00een timpul programului afi\u0219at (inclusiv vineri 22\/03\/2019, orele 12-14). Dosarele de candidat vor fi prezentate \u0219i vor avea con\u021binutul conform articolului 27 din regulament. Interviul va avea loc \u00een ziua de mar\u021bi, 26\/03\/2019 (sala \u0219i ora vor fi anun\u021bate pe 25\/03\/2019) iar rezultatele se vor afi\u0219a la avizierul facult\u0103\u021bii p\u00e2n\u0103 la 27\/03\/2019.<\/p>\n<p>Vineri 22\/03\/2019, orele 14-15, sala I013 va avea loc o sesiune de informare pentru candida\u021bi.<\/p>\n<p>Depunerea dosarelor se face la Secretariatul Facult\u0103\u021bii de Inginerie Aerospa\u021bial\u0103, p\u00e2n\u0103 la data de 20\/03\/2018.<\/p>\n<div><\/div>\n<p>[\/et_pb_text][et_pb_text admin_label=&#8221;Concurs Oct 2018&#8243; _builder_version=&#8221;3.0.92&#8243; background_layout=&#8221;light&#8221;]<\/p>\n<h5><strong>CONCURS DE SELEC\u021aIE OCTOMBRIE 2018<\/strong><\/h5>\n<p>Studen\u021bi ERASMUS 2018-2019, sem. II<\/p>\n<p>Concursul de selec\u021bie pentru mobilit\u0103\u021bile ERASMUS+ (de tip studiu sau plasament sau studiu \u0219i plasament, cf. art. 9 din regulament) din anul academic 2018-2019 are loc \u00een perioada 16.10.2018-31.10.2018 \u0219i se va desf\u0103\u0219ura conform informa\u021biilor \u0219i regulamentului afi\u0219ate pe website-ul UPB la<\/p>\n<p><a href=\"http:\/\/www.upb.ro\/program-erasmus-llp.htm\" target=\"_blank\" rel=\"noopener noreferrer\">http:\/\/www.upb.ro\/program-erasmus-llp.htm<\/a> \u0219i <a href=\"http:\/\/www.upb.ro\/media\/erasmus\/regulamentmobilitatistudenti.pdf\" target=\"_blank\" rel=\"noopener noreferrer\">http:\/\/www.upb.ro\/media\/erasmus\/regulamentmobilitatistudenti.pdf<\/a><\/p>\n<p><strong>(vezi documentul Regulament privind mobilitatea Erasmus+ a studen\u0163ilor, masteranzilor \u015fi doctoranzilor de la UPB \u00een anul universitar 2018 \u2013 2019,\u00a0<\/strong><strong>www.upb.ro &gt; ERASMUS+ &gt; ERASMUS+ 2018 \u2013 2019)<\/strong><\/p>\n<p>\u0219i pe website-ul \u0219i la avizierul Facult\u0103\u021bii de Inginerie Aerospa\u021bial\u0103.<\/p>\n<p><a href=\"https:\/\/inginerie.aero\/wp-content\/uploads\/2018\/10\/regulamentmobilitatistudenti2018.pdf\" target=\"_blank\" rel=\"noopener noreferrer\">&lt;Regulament ERASMUS&gt;l<\/a><\/p>\n<p>Depunerea dosarelor de candidat se face la Secretariatul Facult\u0103\u021bii de Inginerie Aerospa\u021bial\u0103, \u00een perioada 17.10.2018 &#8211; \u00a029\/10\/2018, la ghi\u0219eele destinate lucrului cu studen\u021bii \u0219i \u00een timpul programului afi\u0219at. Dosarele de candidat vor fi prezentate \u0219i vor avea con\u021binutul conform articolului 27 din regulament. <strong>Interviul va avea loc \u00een ziua de miercuri, 31\/10\/2018 Secretariat ora 14.00 iar rezultatele se vor afi\u0219a la avizierul facult\u0103\u021bii.<\/strong><\/p>\n<p>Vineri 19\/10\/2018, orele 14-15, sala I013 va avea loc o sesiune de informare pentru candida\u021bi.<\/p>\n<p>&nbsp;<\/p>\n<div><\/div>\n<p>[\/et_pb_text][et_pb_text admin_label=&#8221;Burse de Plasament&#8221; _builder_version=&#8221;3.0.92&#8243; background_layout=&#8221;light&#8221;]<\/p>\n<h4>Suplimentare Burse de Plasament 2018<\/h4>\n<div>\u00cen cadrul programului ERASMUS+ se mai ofer\u0103 c\u00e2teva burse de plasament (practic\u0103 pentru studen\u021bii din anul III sau internship pentru studen\u021bii din anii I, II, IV \u0219i master) \u00een vara 2018.<\/div>\n<div><\/div>\n<div>Doritorii pot depune la secretariatul facult\u0103\u021bii dosarele de tip ERASMUS p\u00e2n\u0103 la data de 03 aprilie 2018, orele 14. Componen\u021ba obligatorie a dosarului \u0219i detalii privind mobilit\u0103\u021bile de plasament sunt prezentate la avizierul facult\u0103\u021bii, \u0219i pe <a href=\"https:\/\/inginerie.aero\/wp-content\/uploads\/2017\/04\/regulamentmobilitatistudenti.pdf\">&lt;site-ul facult\u0103\u021bii&gt;<\/a>\u00a0(se aplic\u0103 Regulamentul pentru anul 2018-2019, similar cu cel pentru 2017-2018). Rezultatele se anun\u021b\u0103 p\u00e2n\u0103 la 05 aprilie 2018.<\/div>\n<div><\/div>\n<div>Prodecan Prof. dr. ing. Marius Stoia-Djeska<\/div>\n<p>[\/et_pb_text][et_pb_text admin_label=&#8221;Concurs martie 2019&#8243; _builder_version=&#8221;3.0.92&#8243; background_layout=&#8221;light&#8221;]<\/p>\n<h5><strong>CONCURS DE SELEC\u021aIE MARTIE 2018<\/strong><\/h5>\n<p>Studen\u021bi ERASMUS 2018-2019, sem. I si II<\/p>\n<p>Un nou concurs de selec\u021bie pentru mobilit\u0103\u021bile ERASMUS+ (studiu sau plasament) pentru anul academic 2018-2019, semestrele I si II, are loc \u00een perioada <strong>12\/03\/2018-20\/03\/2018<\/strong> \u0219i se va desf\u0103\u0219ura conform regulamentului afi\u0219at la<\/p>\n<p><a href=\"https:\/\/inginerie.aero\/wp-content\/uploads\/2017\/04\/regulamentmobilitatistudenti.pdf\" target=\"_blank\" rel=\"noopener noreferrer\">&lt;Regulament ERASMUS&gt;l<\/a><\/p>\n<p>Depunerea dosarelor se face la Secretariatul Facult\u0103\u021bii de Inginerie Aerospa\u021bial\u0103, p\u00e2n\u0103 la data de 20\/03\/2018.<\/p>\n<h4>Concursul va avea loc \u00een ziua de vineri, <strong>23\/03\/2018 ora 12 la Secretariat.<\/strong><\/h4>\n<p>Data anun\u021bat\u0103 anterior (joi 22) nu a putut fi p\u0103strat\u0103 din motive independente de voin\u021ba noastr\u0103 (a intervenit o \u0219edin\u021b\u0103 de Senat).<\/p>\n<div>\u00cen aten\u021bia poten\u021bialilor candida\u021bi:<\/div>\n<div>Joi, <strong>08\/03\/2018<\/strong>, orele 14:00, \u00een sala I 013 Elie Carafoli va avea loc o prezentare a programului ERASMUS+ \u0219i a concursului de selec\u021bie pentru anul academic 2018-2019, sus\u021binut\u0103 de prodecan Marius Stoia-Djeska, responsabil ERASMUS pentru Facultatea de Inginerie Aerospa\u021bial\u0103.<\/div>\n<p>[\/et_pb_text][et_pb_text background_layout=&#8221;light&#8221; use_border_color=&#8221;off&#8221; _builder_version=&#8221;3.0.92&#8243;]<\/p>\n<p>Pentru informa\u021bii generale detaliate privind accesarea programul Erasmus+\u00a0consulta\u021bi site-ul biroului de rela\u021bii interna\u021bionale al universit\u0103\u021bii: <a href=\"https:\/\/upb.ro\/erasmus\/\" target=\"_blank\" rel=\"noopener noreferrer\">http:\/\/www.upb.ro\/erasmus<\/a><\/p>\n<p>Pentru\u00a0informa\u021bii specifice Facult\u0103\u021bii de Inginerie Aerospa\u021bial\u0103 lua\u021bi leg\u0103tura cu responsabilul pe facultate Prodecan Prof.dr.ing. Marius STOIA-DJESKA (<a><u>marius.stoia@gmail.com<\/u><\/a>).<\/p>\n<p>[\/et_pb_text][\/et_pb_column_inner][\/et_pb_row_inner][\/et_pb_column][et_pb_column type=&#8221;1_4&#8243;][et_pb_text background_layout=&#8221;light&#8221; text_orientation=&#8221;left&#8221; header_font_size=&#8221;49px&#8221; use_border_color=&#8221;off&#8221; border_style=&#8221;solid&#8221; disabled=&#8221;off&#8221;]<\/p>\n<p>Anunturi<\/p>\n<p>[\/et_pb_text][et_pb_divider color=&#8221;#bfbfbf&#8221; divider_style=&#8221;solid&#8221; divider_position=&#8221;top&#8221; divider_weight=&#8221;1px&#8221; hide_on_mobile=&#8221;on&#8221; disabled=&#8221;off&#8221;]<\/p>\n<p>&nbsp;<\/p>\n<p>[\/et_pb_divider][et_pb_blog fullwidth=&#8221;off&#8221; include_categories=&#8221;11&#8243; show_thumbnail=&#8221;off&#8221; show_content=&#8221;off&#8221; show_more=&#8221;on&#8221; show_author=&#8221;on&#8221; show_date=&#8221;on&#8221; show_categories=&#8221;off&#8221; show_comments=&#8221;off&#8221; show_pagination=&#8221;off&#8221; offset_number=&#8221;0&#8243; use_overlay=&#8221;off&#8221; background_layout=&#8221;light&#8221; use_dropshadow=&#8221;on&#8221; use_border_color=&#8221;off&#8221; border_color=&#8221;#ffffff&#8221; border_style=&#8221;solid&#8221; disabled=&#8221;off&#8221;]<\/p>\n<p>&nbsp;<\/p>\n<p>[\/et_pb_blog][\/et_pb_column][\/et_pb_section]<\/p>\n","protected":false},"excerpt":{"rendered":"<p>&nbsp; &nbsp; &nbsp; ERASMUS+ este\u00a0programul Uniunii Europene care se adreseaza domeniilor educatie, formare, tineret si sport, pentru perioada 2014-2020, avand principalele caracteristici: &nbsp; recunoasterea si validarea competentelor si calificarilor; diseminarea si exploatarea rezultatelor proiectelor; accesul deschis la materialele didactice, documentele si instrumentele mediatice create in cadrul programului; dimensiunea internationala (cooperarea cu tarile partenere in domeniu [&hellip;]<\/p>\n","protected":false},"author":2,"featured_media":0,"parent":0,"menu_order":0,"comment_status":"closed","ping_status":"closed","template":"","meta":{"_et_pb_use_builder":"on","_et_pb_old_content":"","_et_gb_content_width":"","jetpack_post_was_ever_published":false,"footnotes":"","_links_to":"","_links_to_target":""},"categories":[],"tags":[],"class_list":["post-809","page","type-page","status-publish","hentry"],"yoast_head":"<!-- This site is optimized with the Yoast SEO plugin v24.3 - https:\/\/yoast.com\/wordpress\/plugins\/seo\/ -->\n<title>Erasmus+ - Alumni Politehnica Aerospace Engineering<\/title>\n<meta name=\"robots\" content=\"index, follow, max-snippet:-1, max-image-preview:large, max-video-preview:-1\" \/>\n<link rel=\"canonical\" href=\"https:\/\/inginerie.aero\/index.php\/ro\/erasmus\/\" \/>\n<meta property=\"og:locale\" content=\"ro_RO\" \/>\n<meta property=\"og:type\" content=\"article\" \/>\n<meta property=\"og:title\" content=\"Erasmus+ - Alumni Politehnica Aerospace Engineering\" \/>\n<meta property=\"og:description\" content=\"&nbsp; &nbsp; &nbsp; ERASMUS+ este\u00a0programul Uniunii Europene care se adreseaza domeniilor educatie, formare, tineret si sport, pentru perioada 2014-2020, avand principalele caracteristici: &nbsp; recunoasterea si validarea competentelor si calificarilor; diseminarea si exploatarea rezultatelor proiectelor; accesul deschis la materialele didactice, documentele si instrumentele mediatice create in cadrul programului; dimensiunea internationala (cooperarea cu tarile partenere in domeniu [&hellip;]\" \/>\n<meta property=\"og:url\" content=\"https:\/\/inginerie.aero\/index.php\/ro\/erasmus\/\" \/>\n<meta property=\"og:site_name\" content=\"Alumni Politehnica Aerospace Engineering\" \/>\n<meta property=\"article:publisher\" content=\"https:\/\/www.facebook.com\/groups\/InginerieAerospatiala\/\" \/>\n<meta property=\"article:modified_time\" content=\"2019-10-31T15:15:53+00:00\" \/>\n<meta property=\"og:image\" content=\"https:\/\/inginerie.aero\/wp-content\/uploads\/2017\/01\/Erasmus03-204x300.jpg\" \/>\n<meta name=\"twitter:card\" content=\"summary_large_image\" \/>\n<meta name=\"twitter:label1\" content=\"Timp estimat pentru citire\" \/>\n\t<meta name=\"twitter:data1\" content=\"7 minute\" \/>\n<script type=\"application\/ld+json\" class=\"yoast-schema-graph\">{\"@context\":\"https:\/\/schema.org\",\"@graph\":[{\"@type\":\"WebPage\",\"@id\":\"https:\/\/inginerie.aero\/index.php\/ro\/erasmus\/\",\"url\":\"https:\/\/inginerie.aero\/index.php\/ro\/erasmus\/\",\"name\":\"Erasmus+ - Alumni Politehnica Aerospace Engineering\",\"isPartOf\":{\"@id\":\"https:\/\/inginerie.aero\/#website\"},\"primaryImageOfPage\":{\"@id\":\"https:\/\/inginerie.aero\/index.php\/ro\/erasmus\/#primaryimage\"},\"image\":{\"@id\":\"https:\/\/inginerie.aero\/index.php\/ro\/erasmus\/#primaryimage\"},\"thumbnailUrl\":\"https:\/\/inginerie.aero\/wp-content\/uploads\/2017\/01\/Erasmus03-204x300.jpg\",\"datePublished\":\"2017-01-16T20:54:09+00:00\",\"dateModified\":\"2019-10-31T15:15:53+00:00\",\"breadcrumb\":{\"@id\":\"https:\/\/inginerie.aero\/index.php\/ro\/erasmus\/#breadcrumb\"},\"inLanguage\":\"ro-RO\",\"potentialAction\":[{\"@type\":\"ReadAction\",\"target\":[\"https:\/\/inginerie.aero\/index.php\/ro\/erasmus\/\"]}]},{\"@type\":\"ImageObject\",\"inLanguage\":\"ro-RO\",\"@id\":\"https:\/\/inginerie.aero\/index.php\/ro\/erasmus\/#primaryimage\",\"url\":\"https:\/\/inginerie.aero\/wp-content\/uploads\/2017\/01\/Erasmus03.jpg\",\"contentUrl\":\"https:\/\/inginerie.aero\/wp-content\/uploads\/2017\/01\/Erasmus03.jpg\",\"width\":375,\"height\":551},{\"@type\":\"BreadcrumbList\",\"@id\":\"https:\/\/inginerie.aero\/index.php\/ro\/erasmus\/#breadcrumb\",\"itemListElement\":[{\"@type\":\"ListItem\",\"position\":1,\"name\":\"Acas\u0103\",\"item\":\"https:\/\/inginerie.aero\/index.php\/ro\/acasa\/\"},{\"@type\":\"ListItem\",\"position\":2,\"name\":\"Erasmus+\"}]},{\"@type\":\"WebSite\",\"@id\":\"https:\/\/inginerie.aero\/#website\",\"url\":\"https:\/\/inginerie.aero\/\",\"name\":\"Facultatea de Inginerie Aerospatiala\",\"description\":\"Site-ul Asociatiei de Alumni ai Facultatii de Inginerie Aerospatiala din cadrul Universitatii POLITEHNICA Bucuresti\",\"publisher\":{\"@id\":\"https:\/\/inginerie.aero\/#organization\"},\"potentialAction\":[{\"@type\":\"SearchAction\",\"target\":{\"@type\":\"EntryPoint\",\"urlTemplate\":\"https:\/\/inginerie.aero\/?s={search_term_string}\"},\"query-input\":{\"@type\":\"PropertyValueSpecification\",\"valueRequired\":true,\"valueName\":\"search_term_string\"}}],\"inLanguage\":\"ro-RO\"},{\"@type\":\"Organization\",\"@id\":\"https:\/\/inginerie.aero\/#organization\",\"name\":\"University Politehnica of Bucharest Faculty of Aerospace Engineering\",\"url\":\"https:\/\/inginerie.aero\/\",\"logo\":{\"@type\":\"ImageObject\",\"inLanguage\":\"ro-RO\",\"@id\":\"https:\/\/inginerie.aero\/#\/schema\/logo\/image\/\",\"url\":\"https:\/\/inginerie.aero\/wp-content\/uploads\/2017\/03\/sigla1.png\",\"contentUrl\":\"https:\/\/inginerie.aero\/wp-content\/uploads\/2017\/03\/sigla1.png\",\"width\":734,\"height\":735,\"caption\":\"University Politehnica of Bucharest Faculty of Aerospace Engineering\"},\"image\":{\"@id\":\"https:\/\/inginerie.aero\/#\/schema\/logo\/image\/\"},\"sameAs\":[\"https:\/\/www.facebook.com\/groups\/InginerieAerospatiala\/\"]}]}<\/script>\n<!-- \/ Yoast SEO plugin. -->","yoast_head_json":{"title":"Erasmus+ - Alumni Politehnica Aerospace Engineering","robots":{"index":"index","follow":"follow","max-snippet":"max-snippet:-1","max-image-preview":"max-image-preview:large","max-video-preview":"max-video-preview:-1"},"canonical":"https:\/\/inginerie.aero\/index.php\/ro\/erasmus\/","og_locale":"ro_RO","og_type":"article","og_title":"Erasmus+ - Alumni Politehnica Aerospace Engineering","og_description":"&nbsp; &nbsp; &nbsp; ERASMUS+ este\u00a0programul Uniunii Europene care se adreseaza domeniilor educatie, formare, tineret si sport, pentru perioada 2014-2020, avand principalele caracteristici: &nbsp; recunoasterea si validarea competentelor si calificarilor; diseminarea si exploatarea rezultatelor proiectelor; accesul deschis la materialele didactice, documentele si instrumentele mediatice create in cadrul programului; dimensiunea internationala (cooperarea cu tarile partenere in domeniu [&hellip;]","og_url":"https:\/\/inginerie.aero\/index.php\/ro\/erasmus\/","og_site_name":"Alumni Politehnica Aerospace Engineering","article_publisher":"https:\/\/www.facebook.com\/groups\/InginerieAerospatiala\/","article_modified_time":"2019-10-31T15:15:53+00:00","og_image":[{"url":"https:\/\/inginerie.aero\/wp-content\/uploads\/2017\/01\/Erasmus03-204x300.jpg","type":"","width":"","height":""}],"twitter_card":"summary_large_image","twitter_misc":{"Timp estimat pentru citire":"7 minute"},"schema":{"@context":"https:\/\/schema.org","@graph":[{"@type":"WebPage","@id":"https:\/\/inginerie.aero\/index.php\/ro\/erasmus\/","url":"https:\/\/inginerie.aero\/index.php\/ro\/erasmus\/","name":"Erasmus+ - Alumni Politehnica Aerospace Engineering","isPartOf":{"@id":"https:\/\/inginerie.aero\/#website"},"primaryImageOfPage":{"@id":"https:\/\/inginerie.aero\/index.php\/ro\/erasmus\/#primaryimage"},"image":{"@id":"https:\/\/inginerie.aero\/index.php\/ro\/erasmus\/#primaryimage"},"thumbnailUrl":"https:\/\/inginerie.aero\/wp-content\/uploads\/2017\/01\/Erasmus03-204x300.jpg","datePublished":"2017-01-16T20:54:09+00:00","dateModified":"2019-10-31T15:15:53+00:00","breadcrumb":{"@id":"https:\/\/inginerie.aero\/index.php\/ro\/erasmus\/#breadcrumb"},"inLanguage":"ro-RO","potentialAction":[{"@type":"ReadAction","target":["https:\/\/inginerie.aero\/index.php\/ro\/erasmus\/"]}]},{"@type":"ImageObject","inLanguage":"ro-RO","@id":"https:\/\/inginerie.aero\/index.php\/ro\/erasmus\/#primaryimage","url":"https:\/\/inginerie.aero\/wp-content\/uploads\/2017\/01\/Erasmus03.jpg","contentUrl":"https:\/\/inginerie.aero\/wp-content\/uploads\/2017\/01\/Erasmus03.jpg","width":375,"height":551},{"@type":"BreadcrumbList","@id":"https:\/\/inginerie.aero\/index.php\/ro\/erasmus\/#breadcrumb","itemListElement":[{"@type":"ListItem","position":1,"name":"Acas\u0103","item":"https:\/\/inginerie.aero\/index.php\/ro\/acasa\/"},{"@type":"ListItem","position":2,"name":"Erasmus+"}]},{"@type":"WebSite","@id":"https:\/\/inginerie.aero\/#website","url":"https:\/\/inginerie.aero\/","name":"Facultatea de Inginerie Aerospatiala","description":"Site-ul Asociatiei de Alumni ai Facultatii de Inginerie Aerospatiala din cadrul Universitatii POLITEHNICA Bucuresti","publisher":{"@id":"https:\/\/inginerie.aero\/#organization"},"potentialAction":[{"@type":"SearchAction","target":{"@type":"EntryPoint","urlTemplate":"https:\/\/inginerie.aero\/?s={search_term_string}"},"query-input":{"@type":"PropertyValueSpecification","valueRequired":true,"valueName":"search_term_string"}}],"inLanguage":"ro-RO"},{"@type":"Organization","@id":"https:\/\/inginerie.aero\/#organization","name":"University Politehnica of Bucharest Faculty of Aerospace Engineering","url":"https:\/\/inginerie.aero\/","logo":{"@type":"ImageObject","inLanguage":"ro-RO","@id":"https:\/\/inginerie.aero\/#\/schema\/logo\/image\/","url":"https:\/\/inginerie.aero\/wp-content\/uploads\/2017\/03\/sigla1.png","contentUrl":"https:\/\/inginerie.aero\/wp-content\/uploads\/2017\/03\/sigla1.png","width":734,"height":735,"caption":"University Politehnica of Bucharest Faculty of Aerospace Engineering"},"image":{"@id":"https:\/\/inginerie.aero\/#\/schema\/logo\/image\/"},"sameAs":["https:\/\/www.facebook.com\/groups\/InginerieAerospatiala\/"]}]}},"jetpack_sharing_enabled":true,"jetpack_shortlink":"https:\/\/wp.me\/Pbbi8l-d3","_links":{"self":[{"href":"https:\/\/inginerie.aero\/index.php\/wp-json\/wp\/v2\/pages\/809","targetHints":{"allow":["GET"]}}],"collection":[{"href":"https:\/\/inginerie.aero\/index.php\/wp-json\/wp\/v2\/pages"}],"about":[{"href":"https:\/\/inginerie.aero\/index.php\/wp-json\/wp\/v2\/types\/page"}],"author":[{"embeddable":true,"href":"https:\/\/inginerie.aero\/index.php\/wp-json\/wp\/v2\/users\/2"}],"replies":[{"embeddable":true,"href":"https:\/\/inginerie.aero\/index.php\/wp-json\/wp\/v2\/comments?post=809"}],"version-history":[{"count":23,"href":"https:\/\/inginerie.aero\/index.php\/wp-json\/wp\/v2\/pages\/809\/revisions"}],"predecessor-version":[{"id":23065,"href":"https:\/\/inginerie.aero\/index.php\/wp-json\/wp\/v2\/pages\/809\/revisions\/23065"}],"wp:attachment":[{"href":"https:\/\/inginerie.aero\/index.php\/wp-json\/wp\/v2\/media?parent=809"}],"wp:term":[{"taxonomy":"category","embeddable":true,"href":"https:\/\/inginerie.aero\/index.php\/wp-json\/wp\/v2\/categories?post=809"},{"taxonomy":"post_tag","embeddable":true,"href":"https:\/\/inginerie.aero\/index.php\/wp-json\/wp\/v2\/tags?post=809"}],"curies":[{"name":"wp","href":"https:\/\/api.w.org\/{rel}","templated":true}]}}