{"id":815,"date":"2017-01-16T22:59:29","date_gmt":"2017-01-16T20:59:29","guid":{"rendered":"https:\/\/inginerie.aero\/?page_id=815"},"modified":"2017-11-11T23:48:34","modified_gmt":"2017-11-11T21:48:34","slug":"tutori-consiliere-profesionala","status":"publish","type":"page","link":"https:\/\/inginerie.aero\/index.php\/ro\/tutori-consiliere-profesionala\/","title":{"rendered":"Tutori \/ Consiliere Profesionala"},"content":{"rendered":"<p>[et_pb_section admin_label=&#8221;Section&#8221; fullwidth=&#8221;on&#8221; specialty=&#8221;off&#8221; transparent_background=&#8221;off&#8221; allow_player_pause=&#8221;off&#8221; inner_shadow=&#8221;off&#8221; parallax=&#8221;off&#8221; parallax_method=&#8221;off&#8221; padding_mobile=&#8221;off&#8221; make_fullwidth=&#8221;off&#8221; use_custom_width=&#8221;off&#8221; width_unit=&#8221;on&#8221; make_equal=&#8221;off&#8221; use_custom_gutter=&#8221;off&#8221; background_color=&#8221;rgba(23,23,23,0.6)&#8221;][et_pb_fullwidth_post_title admin_label=&#8221;Fullwidth Post Title&#8221; title=&#8221;on&#8221; meta=&#8221;off&#8221; author=&#8221;off&#8221; date=&#8221;off&#8221; categories=&#8221;off&#8221; comments=&#8221;off&#8221; featured_image=&#8221;off&#8221; featured_placement=&#8221;below&#8221; parallax_effect=&#8221;on&#8221; parallax_method=&#8221;on&#8221; text_orientation=&#8221;left&#8221; text_color=&#8221;dark&#8221; text_background=&#8221;off&#8221; text_bg_color=&#8221;rgba(255,255,255,0.9)&#8221; module_bg_color=&#8221;#e3e3e3&#8243; title_all_caps=&#8221;off&#8221; use_border_color=&#8221;off&#8221; border_color=&#8221;#ffffff&#8221; border_style=&#8221;solid&#8221;] [\/et_pb_fullwidth_post_title][\/et_pb_section][et_pb_section admin_label=&#8221;Section&#8221; transparent_background=&#8221;off&#8221; allow_player_pause=&#8221;off&#8221; inner_shadow=&#8221;off&#8221; parallax=&#8221;off&#8221; parallax_method=&#8221;on&#8221; padding_mobile=&#8221;off&#8221; make_fullwidth=&#8221;off&#8221; use_custom_width=&#8221;off&#8221; width_unit=&#8221;off&#8221; custom_width_px=&#8221;1080px&#8221; custom_width_percent=&#8221;80%&#8221; make_equal=&#8221;off&#8221; use_custom_gutter=&#8221;off&#8221; fullwidth=&#8221;off&#8221; specialty=&#8221;on&#8221; disabled=&#8221;off&#8221;][et_pb_column type=&#8221;3_4&#8243; specialty_columns=&#8221;3&#8243;][et_pb_row_inner admin_label=&#8221;Row&#8221; padding_mobile=&#8221;off&#8221; use_custom_gutter=&#8221;off&#8221; make_equal=&#8221;off&#8221; column_padding_mobile=&#8221;off&#8221; parallax_1=&#8221;off&#8221; parallax_method_1=&#8221;on&#8221; parallax_2=&#8221;off&#8221; parallax_method_2=&#8221;on&#8221; parallax_3=&#8221;off&#8221; parallax_method_3=&#8221;on&#8221; disabled=&#8221;off&#8221;][et_pb_column_inner type=&#8221;4_4&#8243; saved_specialty_column_type=&#8221;3_4&#8243;][et_pb_image admin_label=&#8221;Imagine&#8221; src=&#8221;https:\/\/inginerie.aero\/wp-content\/uploads\/2017\/01\/DSC_0240-e1493536700997.jpg&#8221; show_in_lightbox=&#8221;off&#8221; url_new_window=&#8221;off&#8221; use_overlay=&#8221;off&#8221; animation=&#8221;left&#8221; sticky=&#8221;off&#8221; align=&#8221;left&#8221; force_fullwidth=&#8221;off&#8221; always_center_on_mobile=&#8221;on&#8221; use_border_color=&#8221;off&#8221; border_color=&#8221;#ffffff&#8221; border_style=&#8221;solid&#8221;] [\/et_pb_image][et_pb_text admin_label=&#8221;Text&#8221; background_layout=&#8221;light&#8221; text_orientation=&#8221;left&#8221; use_border_color=&#8221;off&#8221; border_color=&#8221;#ffffff&#8221; border_style=&#8221;solid&#8221;]<\/p>\n<h4><strong>Tutori \/ \u00cendrum\u0103tori de an<\/strong><\/h4>\n<div>\u00a0Din anul universitar 2016\/2017, prin Decizia BEF din 10 nov 2016 sunt numi\u021bi urm\u0103torii \u00eendrum\u0103tori de an ai studen\u021bilor, cu atribu\u021bii de mentoriat \u0219i de tutoriat:<\/div>\n<div>\n<p>Anul I<\/p>\n<p>Seria A = Conf. dr. ing. Petri\u0219or P\u00e2rvu<\/p>\n<p>Seria B = S.l. dr. ing. Silviu Zancu<\/p>\n<p>Seria NA = Conf. dr. ing. Octavian Thor Pleter<\/p>\n<p>Anul II<\/p>\n<p>Seria RO = Conf. dr. ing. Petri\u0219or P\u00e2rvu \u0219i S.l. dr. ing. Silviu Zancu<\/p>\n<p>Seria NA = Conf. dr. ing. Octavian Thor Pleter<\/p>\n<p>Anii III-IV<\/p>\n<p>Seria CA = Prof. dr. ing. Sterian D\u0103n\u0103il\u0103<\/p>\n<p>Seria SP = S.l. dr. ing. Marius Brebenel<\/p>\n<p>Seria EIA = Prof. dr. ing. Adrian Stoica<\/p>\n<p>Seria IMA = S.l. dr. ing. \u0218tefan Popescu<\/p>\n<p>Seria NA = Conf. dr. ing. Octavian Thor Pleter<\/p>\n<p>Master<\/p>\n<p>Programul SAS = Conf. dr. ing. Marius Stoia-Djeska<\/p>\n<p>Programul PAPM = S.l. dr. ing. Marius Brebenel<\/p>\n<p>Programul ANA = Prof. dr. ing. Teodor Viorel Chelaru<\/p>\n<p>Programul IMA = Prof. dr. ing. Sorin Eugen Zaharia<\/p>\n<p>Programul MA = As. dr. ing. Casandra Pietreanu<\/p>\n<p>Programul ITA = Conf. dr. ing. Octavian Thor Pleter<\/p>\n<p>Programul GID = Prof. dr. ing. Ionel Simion<\/p>\n<p>Programul SHS = Prof. dr. ing. Teodor Viorel Chelaru<\/p>\n<\/div>\n<div><\/div>\n<div><\/div>\n<div><\/div>\n<div><\/div>\n<p>[\/et_pb_text][et_pb_text admin_label=&#8221;Text&#8221; background_layout=&#8221;light&#8221; text_orientation=&#8221;left&#8221; use_border_color=&#8221;off&#8221; border_color=&#8221;#ffffff&#8221; border_style=&#8221;solid&#8221;]<\/p>\n<h4><strong>Consiliere Profesional\u0103 \u0219i Orientare \u00een Carier\u0103<\/strong><\/h4>\n<div><\/div>\n<div>\u00cen Facultatea de Inginerie Aerospa\u021bial\u0103 exist\u0103 un birou de Consiliere \u0219i Orientare \u00een Carier\u0103 care func\u021bioneaz\u0103 \u00een R23 prin amabilitatea Conf. dr. ing. Silviu Zancu (<strong>szancu@gmail.com<\/strong>), care are \u0219i calificare de coach.<\/p>\n<div class=\"yiv2904240713gmail_default\"><span style=\"font-family: arial, helvetica, sans-serif;\">Cei care au lucruri de limpezit se pot programa folosind adresa de email\u00a0<a href=\"mailto:szancu@gmail.com\" target=\"_blank\" rel=\"nofollow noopener\">szancu@gmail.com<\/a><\/span><\/div>\n<div class=\"yiv2904240713gmail_default\"><span style=\"font-family: arial, helvetica, sans-serif;\">\u00a0<\/span><\/div>\n<div class=\"yiv2904240713gmail_default\"><span style=\"font-family: arial, helvetica, sans-serif;\">Programarea \u015fedin\u0163elor se face \u00een func\u0163ie de\u00a0<\/span><\/div>\n<div class=\"yiv2904240713gmail_default\">\n<ol>\n<li>ordinea solicit\u0103rilor<\/li>\n<li>disponibilul de timp<\/li>\n<li>orar<\/li>\n<\/ol>\n<\/div>\n<\/div>\n<div>________________________<\/div>\n<div><\/div>\n<div><\/div>\n<div>\u00cen cadrul Universit\u0103\u021bii POLITEHNICA din Bucure\u0219ti func\u021bioneaz\u0103 Centrul de Consiliere \u0219i Orientare \u00een Carier\u0103 (CCOC) \u00een conformitate cu OMEN 650\/2014 \u0219i cu Decizia Senatului UPB nr.150\/20.07.2015 de aprobare a Metodologiei pentru organizarea activit\u0103\u021bilor de consiliere \u0219i pentru func\u021bionarea Centrului de Consiliere \u0219i Orientare \u00een Carier\u0103 (CCOC) \u00een cadrul UPB.<\/div>\n<div id=\"yiv1840742308m_4407004697011057515yiv2387010548m_-9054920585902283935yiv9605451813m_4889179325480046739yui_3_16_0_ym19_1_1480589573068_5557\"><\/div>\n<div id=\"yiv1840742308m_4407004697011057515yiv2387010548m_-9054920585902283935yiv9605451813m_4889179325480046739yui_3_16_0_ym19_1_1480589573068_5558\">Printre obiectivele specifice ale Centrului de Consiliere \u0219i Orientare \u00een Carier\u0103 se reg\u0103sesc:<\/div>\n<div id=\"yui_3_16_0_ym19_1_1493537325946_3848\"><\/div>\n<div id=\"yui_3_16_0_ym19_1_1493537325946_3847\">\u00a0\u00a0\u00a0\u00a0\u00a0\u00a0\u00a0\u00a0 a) Educa\u0163ia cu privire la carier\u0103 ca fiind un demers educa\u0163ional care vizeaz\u0103 dezvoltarea de competen\u0163e transversale, necesare pentru planificarea \u015fi managementul carierei, at\u00e2t \u00een domeniul autocunoa\u015fterii \u015fi dezvolt\u0103rii personale, c\u00e2t \u015fi \u00een cel al explor\u0103rii oportunit\u0103\u0163ilor educa\u0163ionale \u015fi profesionale existente;<\/div>\n<div id=\"yui_3_16_0_ym19_1_1493537325946_3849\">\u00a0\u00a0\u00a0\u00a0\u00a0\u00a0 \u00a0 b) Informarea cu privire la carier\u0103, care vizeaz\u0103 informa\u0163iile necesare pentru planificarea \u015fi managementul carierei, \u00een termeni de competen\u0163e cheie necesare, oportunit\u0103\u0163i de \u00eenv\u0103\u0163are de tip burse de studii, stagii de practic\u0103 sau internship-uri \u00een companii \u015fi organiza\u0163ii, programe educa\u0163ionale \u00een \u0163ar\u0103 sau \u00een str\u0103in\u0103tate;<\/div>\n<div id=\"yui_3_16_0_ym19_1_1493537325946_3850\">\u00a0\u00a0\u00a0\u00a0\u00a0\u00a0\u00a0 c) Consilierea carierei care ajut\u0103 la clarificarea obiectivelor de carier\u0103, a intereselor \u015fi aspira\u0163iilor profesionale, la \u00een\u0163elegerea propriei identit\u0103\u0163i, la luarea de decizii informate, la responsabilizarea tinerilor pentru propriile ac\u0163iuni, astfel \u00eenc\u00e2t s\u0103-\u015fi poat\u0103 gestiona planul de carier\u0103 \u015fi tranzi\u0163ia de la \u0219coal\u0103 c\u0103tre pia\u021ba muncii. Acest tip de consiliere sprijin\u0103 tinerii \u00een preg\u0103tirea unui portofoliu de angajare (redactarea unui CV, a unei scrisori de inten\u0163ie, preg\u0103tirea particip\u0103rii la un interviu etc.), necesar \u00een procesul de recrutare \u015fi de selec\u0163ie pe pia\u0163a muncii.<\/div>\n<div><\/div>\n<div>\n<div id=\"yui_3_16_0_ym19_1_1493537325946_4413\" dir=\"ltr\">Dr. Nicoleta Litoiu,<\/div>\n<div id=\"yui_3_16_0_ym19_1_1493537325946_4420\" dir=\"ltr\">Profesor universitar, Departamentul Formare pentru Cariera Didactica,<\/div>\n<div id=\"yui_3_16_0_ym19_1_1493537325946_4421\" dir=\"ltr\">\n<p>Director al Centrului de Consiliere si Orientare in Cariera,<\/p>\n<div id=\"yui_3_16_0_ym19_1_1493537325946_4425\">Universitatea Politehnica Bucuresti<\/div>\n<div><\/div>\n<\/div>\n<div>litoiu.nicoleta@gmail.com<\/div>\n<\/div>\n<div><\/div>\n<p>[\/et_pb_text][et_pb_text admin_label=&#8221;Text&#8221; background_layout=&#8221;light&#8221; text_orientation=&#8221;left&#8221; use_border_color=&#8221;off&#8221; border_color=&#8221;#ffffff&#8221; border_style=&#8221;solid&#8221;]<\/p>\n<h4><strong>Centrul de Antreprenoriat Studen\u021besc<\/strong><\/h4>\n<p>Centrul de Antreprenoriat Studen\u021besc a fost organizat \u00een cadrul Universit\u0103\u021bii Politehnica din Bucure\u0219ti prin Centrul de Antreprenoriat Universitar cu sprijinul financiar al Ministerului Educa\u021biei Na\u021bionale, printr-un proiect intitulat \u201dCreeaz\u0103-\u021bi un viitor! Fii antreprenor!\u201d. Proiectul se deruleaz\u0103 \u00een perioada iulie-decembrie 2017. \u00centre 25 septembrie \u0219i 6 octombrie 2017 au loc sesiuni de informare pentru studen\u021bii care doresc s\u0103-\u0219i dezvolte propria afacere. Invit\u0103m studen\u021bii s\u0103 ia leg\u0103tura cu persoana de contact, d-ra\u00a0<strong>Raluca R\u0103du\u021b\u0103<\/strong> tel. <strong>0768046475<\/strong> email: <strong>raluca.raduta@upb.ro<\/strong><\/p>\n<p>[\/et_pb_text][\/et_pb_column_inner][\/et_pb_row_inner][\/et_pb_column][et_pb_column type=&#8221;1_4&#8243;][et_pb_text admin_label=&#8221;Text&#8221; background_layout=&#8221;light&#8221; text_orientation=&#8221;left&#8221; header_font_size=&#8221;49px&#8221; use_border_color=&#8221;off&#8221; border_style=&#8221;solid&#8221; disabled=&#8221;off&#8221;]<\/p>\n<p>Anunturi<\/p>\n<p>[\/et_pb_text][et_pb_divider admin_label=&#8221;Divider&#8221; color=&#8221;#bfbfbf&#8221; divider_style=&#8221;solid&#8221; divider_position=&#8221;top&#8221; divider_weight=&#8221;1px&#8221; hide_on_mobile=&#8221;on&#8221; disabled=&#8221;off&#8221;] [\/et_pb_divider][et_pb_blog admin_label=&#8221;Blog&#8221; fullwidth=&#8221;off&#8221; include_categories=&#8221;11&#8243; show_thumbnail=&#8221;off&#8221; show_content=&#8221;off&#8221; show_more=&#8221;on&#8221; show_author=&#8221;on&#8221; show_date=&#8221;on&#8221; show_categories=&#8221;off&#8221; show_comments=&#8221;off&#8221; show_pagination=&#8221;off&#8221; offset_number=&#8221;0&#8243; use_overlay=&#8221;off&#8221; background_layout=&#8221;light&#8221; use_dropshadow=&#8221;on&#8221; use_border_color=&#8221;off&#8221; border_color=&#8221;#ffffff&#8221; border_style=&#8221;solid&#8221; disabled=&#8221;off&#8221;] [\/et_pb_blog][\/et_pb_column][\/et_pb_section]<\/p>\n","protected":false},"excerpt":{"rendered":"<p>Tutori \/ \u00cendrum\u0103tori de an \u00a0Din anul universitar 2016\/2017, prin Decizia BEF din 10 nov 2016 sunt numi\u021bi urm\u0103torii \u00eendrum\u0103tori de an ai studen\u021bilor, cu atribu\u021bii de mentoriat \u0219i de tutoriat: Anul I Seria A = Conf. dr. ing. Petri\u0219or P\u00e2rvu Seria B = S.l. dr. ing. Silviu Zancu Seria NA = Conf. dr. ing. [&hellip;]<\/p>\n","protected":false},"author":2,"featured_media":0,"parent":0,"menu_order":0,"comment_status":"closed","ping_status":"closed","template":"","meta":{"_et_pb_use_builder":"on","_et_pb_old_content":"","_et_gb_content_width":"","jetpack_post_was_ever_published":false,"footnotes":"","_links_to":"","_links_to_target":""},"categories":[],"tags":[],"class_list":["post-815","page","type-page","status-publish","hentry"],"yoast_head":"<!-- This site is optimized with the Yoast SEO plugin v24.3 - https:\/\/yoast.com\/wordpress\/plugins\/seo\/ -->\n<title>Tutori \/ Consiliere Profesionala - Alumni Politehnica Aerospace Engineering<\/title>\n<meta name=\"robots\" content=\"index, follow, max-snippet:-1, max-image-preview:large, max-video-preview:-1\" \/>\n<link rel=\"canonical\" href=\"https:\/\/inginerie.aero\/index.php\/ro\/tutori-consiliere-profesionala\/\" \/>\n<meta property=\"og:locale\" content=\"ro_RO\" \/>\n<meta property=\"og:type\" content=\"article\" \/>\n<meta property=\"og:title\" content=\"Tutori \/ Consiliere Profesionala - Alumni Politehnica Aerospace Engineering\" \/>\n<meta property=\"og:description\" content=\"Tutori \/ \u00cendrum\u0103tori de an \u00a0Din anul universitar 2016\/2017, prin Decizia BEF din 10 nov 2016 sunt numi\u021bi urm\u0103torii \u00eendrum\u0103tori de an ai studen\u021bilor, cu atribu\u021bii de mentoriat \u0219i de tutoriat: Anul I Seria A = Conf. dr. ing. Petri\u0219or P\u00e2rvu Seria B = S.l. dr. ing. Silviu Zancu Seria NA = Conf. dr. ing. [&hellip;]\" \/>\n<meta property=\"og:url\" content=\"https:\/\/inginerie.aero\/index.php\/ro\/tutori-consiliere-profesionala\/\" \/>\n<meta property=\"og:site_name\" content=\"Alumni Politehnica Aerospace Engineering\" \/>\n<meta property=\"article:publisher\" content=\"https:\/\/www.facebook.com\/groups\/InginerieAerospatiala\/\" \/>\n<meta property=\"article:modified_time\" content=\"2017-11-11T21:48:34+00:00\" \/>\n<meta name=\"twitter:card\" content=\"summary_large_image\" \/>\n<meta name=\"twitter:label1\" content=\"Timp estimat pentru citire\" \/>\n\t<meta name=\"twitter:data1\" content=\"6 minute\" \/>\n<script type=\"application\/ld+json\" class=\"yoast-schema-graph\">{\"@context\":\"https:\/\/schema.org\",\"@graph\":[{\"@type\":\"WebPage\",\"@id\":\"https:\/\/inginerie.aero\/index.php\/ro\/tutori-consiliere-profesionala\/\",\"url\":\"https:\/\/inginerie.aero\/index.php\/ro\/tutori-consiliere-profesionala\/\",\"name\":\"Tutori \/ Consiliere Profesionala - Alumni Politehnica Aerospace Engineering\",\"isPartOf\":{\"@id\":\"https:\/\/inginerie.aero\/#website\"},\"datePublished\":\"2017-01-16T20:59:29+00:00\",\"dateModified\":\"2017-11-11T21:48:34+00:00\",\"breadcrumb\":{\"@id\":\"https:\/\/inginerie.aero\/index.php\/ro\/tutori-consiliere-profesionala\/#breadcrumb\"},\"inLanguage\":\"ro-RO\",\"potentialAction\":[{\"@type\":\"ReadAction\",\"target\":[\"https:\/\/inginerie.aero\/index.php\/ro\/tutori-consiliere-profesionala\/\"]}]},{\"@type\":\"BreadcrumbList\",\"@id\":\"https:\/\/inginerie.aero\/index.php\/ro\/tutori-consiliere-profesionala\/#breadcrumb\",\"itemListElement\":[{\"@type\":\"ListItem\",\"position\":1,\"name\":\"Acas\u0103\",\"item\":\"https:\/\/inginerie.aero\/index.php\/ro\/acasa\/\"},{\"@type\":\"ListItem\",\"position\":2,\"name\":\"Tutori \/ Consiliere Profesionala\"}]},{\"@type\":\"WebSite\",\"@id\":\"https:\/\/inginerie.aero\/#website\",\"url\":\"https:\/\/inginerie.aero\/\",\"name\":\"Facultatea de Inginerie Aerospatiala\",\"description\":\"Site-ul Asociatiei de Alumni ai Facultatii de Inginerie Aerospatiala din cadrul Universitatii POLITEHNICA Bucuresti\",\"publisher\":{\"@id\":\"https:\/\/inginerie.aero\/#organization\"},\"potentialAction\":[{\"@type\":\"SearchAction\",\"target\":{\"@type\":\"EntryPoint\",\"urlTemplate\":\"https:\/\/inginerie.aero\/?s={search_term_string}\"},\"query-input\":{\"@type\":\"PropertyValueSpecification\",\"valueRequired\":true,\"valueName\":\"search_term_string\"}}],\"inLanguage\":\"ro-RO\"},{\"@type\":\"Organization\",\"@id\":\"https:\/\/inginerie.aero\/#organization\",\"name\":\"University Politehnica of Bucharest Faculty of Aerospace Engineering\",\"url\":\"https:\/\/inginerie.aero\/\",\"logo\":{\"@type\":\"ImageObject\",\"inLanguage\":\"ro-RO\",\"@id\":\"https:\/\/inginerie.aero\/#\/schema\/logo\/image\/\",\"url\":\"https:\/\/inginerie.aero\/wp-content\/uploads\/2017\/03\/sigla1.png\",\"contentUrl\":\"https:\/\/inginerie.aero\/wp-content\/uploads\/2017\/03\/sigla1.png\",\"width\":734,\"height\":735,\"caption\":\"University Politehnica of Bucharest Faculty of Aerospace Engineering\"},\"image\":{\"@id\":\"https:\/\/inginerie.aero\/#\/schema\/logo\/image\/\"},\"sameAs\":[\"https:\/\/www.facebook.com\/groups\/InginerieAerospatiala\/\"]}]}<\/script>\n<!-- \/ Yoast SEO plugin. -->","yoast_head_json":{"title":"Tutori \/ Consiliere Profesionala - Alumni Politehnica Aerospace Engineering","robots":{"index":"index","follow":"follow","max-snippet":"max-snippet:-1","max-image-preview":"max-image-preview:large","max-video-preview":"max-video-preview:-1"},"canonical":"https:\/\/inginerie.aero\/index.php\/ro\/tutori-consiliere-profesionala\/","og_locale":"ro_RO","og_type":"article","og_title":"Tutori \/ Consiliere Profesionala - Alumni Politehnica Aerospace Engineering","og_description":"Tutori \/ \u00cendrum\u0103tori de an \u00a0Din anul universitar 2016\/2017, prin Decizia BEF din 10 nov 2016 sunt numi\u021bi urm\u0103torii \u00eendrum\u0103tori de an ai studen\u021bilor, cu atribu\u021bii de mentoriat \u0219i de tutoriat: Anul I Seria A = Conf. dr. ing. Petri\u0219or P\u00e2rvu Seria B = S.l. dr. ing. Silviu Zancu Seria NA = Conf. dr. ing. [&hellip;]","og_url":"https:\/\/inginerie.aero\/index.php\/ro\/tutori-consiliere-profesionala\/","og_site_name":"Alumni Politehnica Aerospace Engineering","article_publisher":"https:\/\/www.facebook.com\/groups\/InginerieAerospatiala\/","article_modified_time":"2017-11-11T21:48:34+00:00","twitter_card":"summary_large_image","twitter_misc":{"Timp estimat pentru citire":"6 minute"},"schema":{"@context":"https:\/\/schema.org","@graph":[{"@type":"WebPage","@id":"https:\/\/inginerie.aero\/index.php\/ro\/tutori-consiliere-profesionala\/","url":"https:\/\/inginerie.aero\/index.php\/ro\/tutori-consiliere-profesionala\/","name":"Tutori \/ Consiliere Profesionala - Alumni Politehnica Aerospace Engineering","isPartOf":{"@id":"https:\/\/inginerie.aero\/#website"},"datePublished":"2017-01-16T20:59:29+00:00","dateModified":"2017-11-11T21:48:34+00:00","breadcrumb":{"@id":"https:\/\/inginerie.aero\/index.php\/ro\/tutori-consiliere-profesionala\/#breadcrumb"},"inLanguage":"ro-RO","potentialAction":[{"@type":"ReadAction","target":["https:\/\/inginerie.aero\/index.php\/ro\/tutori-consiliere-profesionala\/"]}]},{"@type":"BreadcrumbList","@id":"https:\/\/inginerie.aero\/index.php\/ro\/tutori-consiliere-profesionala\/#breadcrumb","itemListElement":[{"@type":"ListItem","position":1,"name":"Acas\u0103","item":"https:\/\/inginerie.aero\/index.php\/ro\/acasa\/"},{"@type":"ListItem","position":2,"name":"Tutori \/ Consiliere Profesionala"}]},{"@type":"WebSite","@id":"https:\/\/inginerie.aero\/#website","url":"https:\/\/inginerie.aero\/","name":"Facultatea de Inginerie Aerospatiala","description":"Site-ul Asociatiei de Alumni ai Facultatii de Inginerie Aerospatiala din cadrul Universitatii POLITEHNICA Bucuresti","publisher":{"@id":"https:\/\/inginerie.aero\/#organization"},"potentialAction":[{"@type":"SearchAction","target":{"@type":"EntryPoint","urlTemplate":"https:\/\/inginerie.aero\/?s={search_term_string}"},"query-input":{"@type":"PropertyValueSpecification","valueRequired":true,"valueName":"search_term_string"}}],"inLanguage":"ro-RO"},{"@type":"Organization","@id":"https:\/\/inginerie.aero\/#organization","name":"University Politehnica of Bucharest Faculty of Aerospace Engineering","url":"https:\/\/inginerie.aero\/","logo":{"@type":"ImageObject","inLanguage":"ro-RO","@id":"https:\/\/inginerie.aero\/#\/schema\/logo\/image\/","url":"https:\/\/inginerie.aero\/wp-content\/uploads\/2017\/03\/sigla1.png","contentUrl":"https:\/\/inginerie.aero\/wp-content\/uploads\/2017\/03\/sigla1.png","width":734,"height":735,"caption":"University Politehnica of Bucharest Faculty of Aerospace Engineering"},"image":{"@id":"https:\/\/inginerie.aero\/#\/schema\/logo\/image\/"},"sameAs":["https:\/\/www.facebook.com\/groups\/InginerieAerospatiala\/"]}]}},"jetpack_sharing_enabled":true,"jetpack_shortlink":"https:\/\/wp.me\/Pbbi8l-d9","_links":{"self":[{"href":"https:\/\/inginerie.aero\/index.php\/wp-json\/wp\/v2\/pages\/815","targetHints":{"allow":["GET"]}}],"collection":[{"href":"https:\/\/inginerie.aero\/index.php\/wp-json\/wp\/v2\/pages"}],"about":[{"href":"https:\/\/inginerie.aero\/index.php\/wp-json\/wp\/v2\/types\/page"}],"author":[{"embeddable":true,"href":"https:\/\/inginerie.aero\/index.php\/wp-json\/wp\/v2\/users\/2"}],"replies":[{"embeddable":true,"href":"https:\/\/inginerie.aero\/index.php\/wp-json\/wp\/v2\/comments?post=815"}],"version-history":[{"count":8,"href":"https:\/\/inginerie.aero\/index.php\/wp-json\/wp\/v2\/pages\/815\/revisions"}],"predecessor-version":[{"id":7186,"href":"https:\/\/inginerie.aero\/index.php\/wp-json\/wp\/v2\/pages\/815\/revisions\/7186"}],"wp:attachment":[{"href":"https:\/\/inginerie.aero\/index.php\/wp-json\/wp\/v2\/media?parent=815"}],"wp:term":[{"taxonomy":"category","embeddable":true,"href":"https:\/\/inginerie.aero\/index.php\/wp-json\/wp\/v2\/categories?post=815"},{"taxonomy":"post_tag","embeddable":true,"href":"https:\/\/inginerie.aero\/index.php\/wp-json\/wp\/v2\/tags?post=815"}],"curies":[{"name":"wp","href":"https:\/\/api.w.org\/{rel}","templated":true}]}}