{"id":978,"date":"2017-02-20T22:13:41","date_gmt":"2017-02-20T20:13:41","guid":{"rendered":"https:\/\/inginerie.aero\/?page_id=978"},"modified":"2017-05-12T00:49:17","modified_gmt":"2017-05-11T21:49:17","slug":"profesori-departamentul-de-stiinte-aerospatiale-elie-carafoli","status":"publish","type":"page","link":"https:\/\/inginerie.aero\/index.php\/ro\/profesori-departamentul-de-stiinte-aerospatiale-elie-carafoli\/","title":{"rendered":"Departamentul de \u0218tiin\u021be Aerospa\u021biale \u201dElie Carafoli\u201d"},"content":{"rendered":"<p>[et_pb_section admin_label=&#8221;Section&#8221; fullwidth=&#8221;on&#8221; specialty=&#8221;off&#8221; transparent_background=&#8221;off&#8221; allow_player_pause=&#8221;off&#8221; inner_shadow=&#8221;off&#8221; parallax=&#8221;off&#8221; parallax_method=&#8221;off&#8221; padding_mobile=&#8221;off&#8221; make_fullwidth=&#8221;off&#8221; use_custom_width=&#8221;off&#8221; width_unit=&#8221;on&#8221; make_equal=&#8221;off&#8221; use_custom_gutter=&#8221;off&#8221; background_color=&#8221;rgba(23,23,23,0.6)&#8221;][et_pb_fullwidth_post_title admin_label=&#8221;Fullwidth Post Title&#8221; title=&#8221;on&#8221; meta=&#8221;off&#8221; author=&#8221;off&#8221; date=&#8221;off&#8221; categories=&#8221;off&#8221; comments=&#8221;off&#8221; featured_image=&#8221;off&#8221; featured_placement=&#8221;below&#8221; parallax_effect=&#8221;on&#8221; parallax_method=&#8221;on&#8221; text_orientation=&#8221;left&#8221; text_color=&#8221;dark&#8221; text_background=&#8221;off&#8221; text_bg_color=&#8221;rgba(255,255,255,0.9)&#8221; module_bg_color=&#8221;#e3e3e3&#8243; title_all_caps=&#8221;off&#8221; use_border_color=&#8221;off&#8221; border_color=&#8221;#ffffff&#8221; border_style=&#8221;solid&#8221;]<br \/>\n[\/et_pb_fullwidth_post_title][\/et_pb_section][et_pb_section admin_label=&#8221;Section&#8221; transparent_background=&#8221;off&#8221; allow_player_pause=&#8221;off&#8221; inner_shadow=&#8221;off&#8221; parallax=&#8221;off&#8221; parallax_method=&#8221;on&#8221; padding_mobile=&#8221;off&#8221; make_fullwidth=&#8221;off&#8221; use_custom_width=&#8221;off&#8221; width_unit=&#8221;off&#8221; custom_width_px=&#8221;1080px&#8221; custom_width_percent=&#8221;80%&#8221; make_equal=&#8221;off&#8221; use_custom_gutter=&#8221;off&#8221; fullwidth=&#8221;off&#8221; specialty=&#8221;on&#8221; disabled=&#8221;off&#8221;][et_pb_column type=&#8221;3_4&#8243; specialty_columns=&#8221;3&#8243;][et_pb_row_inner admin_label=&#8221;Row&#8221; padding_mobile=&#8221;off&#8221; use_custom_gutter=&#8221;off&#8221; make_equal=&#8221;off&#8221; column_padding_mobile=&#8221;off&#8221; parallax_1=&#8221;off&#8221; parallax_method_1=&#8221;on&#8221; parallax_2=&#8221;off&#8221; parallax_method_2=&#8221;on&#8221; parallax_3=&#8221;off&#8221; parallax_method_3=&#8221;on&#8221; disabled=&#8221;off&#8221;][et_pb_column_inner type=&#8221;4_4&#8243; saved_specialty_column_type=&#8221;3_4&#8243;][et_pb_text admin_label=&#8221;Text&#8221; background_layout=&#8221;light&#8221; text_orientation=&#8221;left&#8221; use_border_color=&#8221;off&#8221; border_color=&#8221;#ffffff&#8221; border_style=&#8221;solid&#8221;] \n<table id=\"tablepress-9\" class=\"tablepress tablepress-id-9\">\n<tbody class=\"row-striping row-hover\">\n<tr class=\"row-1\">\n\t<td class=\"column-1\">Prof. dr. ing. Sterian D\u0103nail\u0103<\/td><td class=\"column-2\">Director Departament<\/td>\n<\/tr>\n<tr class=\"row-2\">\n\t<td class=\"column-1\">Prof. emerit dr. ing. Corneliu Berbente<\/td><td class=\"column-2\"><\/td>\n<\/tr>\n<tr class=\"row-3\">\n\t<td class=\"column-1\">Prof. emerit dr. ing. Stelian G\u0103letu\u0219e <\/td><td class=\"column-2\"><\/td>\n<\/tr>\n<tr class=\"row-4\">\n\t<td class=\"column-1\">Prof. emerit dr. ing. Virgil Stanciu <br \/>\n<\/td><td class=\"column-2\"><\/td>\n<\/tr>\n<tr class=\"row-5\">\n\t<td class=\"column-1\">Prof. dr. ing. Drago\u0219 Isvoranu <\/td><td class=\"column-2\"><\/td>\n<\/tr>\n<tr class=\"row-6\">\n\t<td class=\"column-1\">Prof. dr. ing. Marius Stoia Djeska  <br \/>\n<\/td><td class=\"column-2\">Prodecan, Membru in Consiliul Departamentului<\/td>\n<\/tr>\n<tr class=\"row-7\">\n\t<td class=\"column-1\">Conf. dr. ing. Petri\u0219or P\u00e2rvu <\/td><td class=\"column-2\">Prodecan<\/td>\n<\/tr>\n<tr class=\"row-8\">\n\t<td class=\"column-1\"><a href=\"https:\/\/inginerie.aero\/index.php\/ro\/profesori-departamentul-de-stiinte-aerospatiale-elie-carafoli\/conf-dr-ing-octavian-thor-pleter\/\">Conf. dr. ing. Octavian Thor Pleter<\/a><\/td><td class=\"column-2\">Decan, Membru in Consiliul Departamentului<\/td>\n<\/tr>\n<tr class=\"row-9\">\n\t<td class=\"column-1\">Conf. dr. ing. Florin Frunzulic\u0103 <\/td><td class=\"column-2\"><\/td>\n<\/tr>\n<tr class=\"row-10\">\n\t<td class=\"column-1\">Conf. dr. ing. Alina Bogoi<\/td><td class=\"column-2\"><\/td>\n<\/tr>\n<tr class=\"row-11\">\n\t<td class=\"column-1\">Conf. dr. ing. Lauren\u021biu Moraru <\/td><td class=\"column-2\">Prodecan<\/td>\n<\/tr>\n<tr class=\"row-12\">\n\t<td class=\"column-1\">Conf. dr. ing. Daniel Crun\u021beanu<\/td><td class=\"column-2\"><\/td>\n<\/tr>\n<tr class=\"row-13\">\n\t<td class=\"column-1\">\u0218.l. dr. ing. Bogdan Teodorescu<\/td><td class=\"column-2\"><\/td>\n<\/tr>\n<tr class=\"row-14\">\n\t<td class=\"column-1\">\u0218.l. dr. ing. Marius Brebenel<\/td><td class=\"column-2\"><\/td>\n<\/tr>\n<tr class=\"row-15\">\n\t<td class=\"column-1\">\u0218.l. dr. ing. Constantin Leven\u021biu<\/td><td class=\"column-2\"><\/td>\n<\/tr>\n<tr class=\"row-16\">\n\t<td class=\"column-1\">\u0218.l. dr. ing. Grigore Cican<\/td><td class=\"column-2\"><\/td>\n<\/tr>\n<tr class=\"row-17\">\n\t<td class=\"column-1\">Asist. drd. ing. Luiza Z\u0103v\u0103lan<\/td><td class=\"column-2\"><\/td>\n<\/tr>\n<tr class=\"row-18\">\n\t<td class=\"column-1\">Asist. drd. ing. Irina \u0218TEF\u0102NESCU<\/td><td class=\"column-2\"><\/td>\n<\/tr>\n<tr class=\"row-19\">\n\t<td class=\"column-1\">Asist. drd. ing. Bogdan Suatean<\/td><td class=\"column-2\"><\/td>\n<\/tr>\n<tr class=\"row-20\">\n\t<td class=\"column-1\">Asist. drd. ing. Gabriel \u021aurlea<\/td><td class=\"column-2\"><\/td>\n<\/tr>\n<\/tbody>\n<\/table>\n<!-- #tablepress-9 from cache --><\/p>\n<h4>Contact<\/h4>\n<p>Director:<\/p>\n<p style=\"padding-left: 30px;\">Prof.dr.ing.\u00a0Sterian\u00a0D\u0102N\u0102IL\u0102 (<span lang=\"ro-RO\">sterian.danaila@upb.ro) <\/span><\/p>\n<p>Sediu:<\/p>\n<p style=\"padding-left: 30px;\">Sala I-016, Local Polizu<\/p>\n<p>Secretar\u0103:<\/p>\n<p style=\"padding-left: 30px;\">Silvia \u0218tef\u0103nescu\u00a0(ssilviaro@yahoo.com) tel. 021-402-3967<\/p>\n<p>&nbsp;<\/p>\n<p>&nbsp;<\/p>\n<p>[\/et_pb_text][\/et_pb_column_inner][\/et_pb_row_inner][\/et_pb_column][et_pb_column type=&#8221;1_4&#8243;][et_pb_text admin_label=&#8221;Text&#8221; background_layout=&#8221;light&#8221; text_orientation=&#8221;left&#8221; header_font_size=&#8221;49px&#8221; use_border_color=&#8221;off&#8221; border_style=&#8221;solid&#8221; disabled=&#8221;off&#8221; border_color=&#8221;#ffffff&#8221;]<\/p>\n<p><strong>Anun\u021buri Departament<\/strong><\/p>\n<p>[\/et_pb_text][et_pb_divider admin_label=&#8221;Divider&#8221; color=&#8221;#bfbfbf&#8221; divider_style=&#8221;solid&#8221; divider_position=&#8221;top&#8221; divider_weight=&#8221;1px&#8221; hide_on_mobile=&#8221;on&#8221; disabled=&#8221;off&#8221;]<br \/>\n[\/et_pb_divider][et_pb_text admin_label=&#8221;Text&#8221; background_layout=&#8221;light&#8221; text_orientation=&#8221;left&#8221; use_border_color=&#8221;on&#8221; border_color=&#8221;#2ea3f2&#8243; border_style=&#8221;solid&#8221; text_text_color=&#8221;#ffffff&#8221; background_color=&#8221;#2ea3f2&#8243; border_width=&#8221;10px&#8221;]<\/p>\n<p>Sesiunea de comunic\u0103ri \u0219tiin\u021bifice se desf\u0103\u0219oar\u0103 anul acesta Vineri, 12 mai 2017.\u00a0 Pentru departamentul E. Carafoli\u00a0sala este I003 iar ora de \u00eencepere este 9:00.<\/p>\n<p>Programul sesiunii poate fi desc\u0103rcat <span style=\"color: #000000;\"><a style=\"color: #000000;\" href=\"https:\/\/inginerie.aero\/wp-content\/uploads\/2017\/05\/Sesiunea-de-Comunicari-Stiintifice-Studentesti-Mai-2017.pdf\" target=\"_blank\">aici<\/a><\/span>.<\/p>\n<p>[\/et_pb_text][\/et_pb_column][\/et_pb_section]<\/p>\n","protected":false},"excerpt":{"rendered":"<p>\n<table id=\"tablepress-9-no-2\" class=\"tablepress tablepress-id-9\">\n<tbody class=\"row-striping row-hover\">\n<tr class=\"row-1\">\n\t<td class=\"column-1\">Prof. dr. ing. Sterian D\u0103nail\u0103<\/td><td class=\"column-2\">Director Departament<\/td>\n<\/tr>\n<tr class=\"row-2\">\n\t<td class=\"column-1\">Prof. emerit dr. ing. Corneliu Berbente<\/td><td class=\"column-2\"><\/td>\n<\/tr>\n<tr class=\"row-3\">\n\t<td class=\"column-1\">Prof. emerit dr. ing. Stelian G\u0103letu\u0219e <\/td><td class=\"column-2\"><\/td>\n<\/tr>\n<tr class=\"row-4\">\n\t<td class=\"column-1\">Prof. emerit dr. ing. Virgil Stanciu <br \/>\n<\/td><td class=\"column-2\"><\/td>\n<\/tr>\n<tr class=\"row-5\">\n\t<td class=\"column-1\">Prof. dr. ing. Drago\u0219 Isvoranu <\/td><td class=\"column-2\"><\/td>\n<\/tr>\n<tr class=\"row-6\">\n\t<td class=\"column-1\">Prof. dr. ing. Marius Stoia Djeska  <br \/>\n<\/td><td class=\"column-2\">Prodecan, Membru in Consiliul Departamentului<\/td>\n<\/tr>\n<tr class=\"row-7\">\n\t<td class=\"column-1\">Conf. dr. ing. Petri\u0219or P\u00e2rvu <\/td><td class=\"column-2\">Prodecan<\/td>\n<\/tr>\n<tr class=\"row-8\">\n\t<td class=\"column-1\"><a href=\"https:\/\/inginerie.aero\/index.php\/ro\/profesori-departamentul-de-stiinte-aerospatiale-elie-carafoli\/conf-dr-ing-octavian-thor-pleter\/\">Conf. dr. ing. Octavian Thor Pleter<\/a><\/td><td class=\"column-2\">Decan, Membru in Consiliul Departamentului<\/td>\n<\/tr>\n<tr class=\"row-9\">\n\t<td class=\"column-1\">Conf. dr. ing. Florin Frunzulic\u0103 <\/td><td class=\"column-2\"><\/td>\n<\/tr>\n<tr class=\"row-10\">\n\t<td class=\"column-1\">Conf. dr. ing. Alina Bogoi<\/td><td class=\"column-2\"><\/td>\n<\/tr>\n<tr class=\"row-11\">\n\t<td class=\"column-1\">Conf. dr. ing. Lauren\u021biu Moraru <\/td><td class=\"column-2\">Prodecan<\/td>\n<\/tr>\n<tr class=\"row-12\">\n\t<td class=\"column-1\">Conf. dr. ing. Daniel Crun\u021beanu<\/td><td class=\"column-2\"><\/td>\n<\/tr>\n<tr class=\"row-13\">\n\t<td class=\"column-1\">\u0218.l. dr. ing. Bogdan Teodorescu<\/td><td class=\"column-2\"><\/td>\n<\/tr>\n<tr class=\"row-14\">\n\t<td class=\"column-1\">\u0218.l. dr. ing. Marius Brebenel<\/td><td class=\"column-2\"><\/td>\n<\/tr>\n<tr class=\"row-15\">\n\t<td class=\"column-1\">\u0218.l. dr. ing. Constantin Leven\u021biu<\/td><td class=\"column-2\"><\/td>\n<\/tr>\n<tr class=\"row-16\">\n\t<td class=\"column-1\">\u0218.l. dr. ing. Grigore Cican<\/td><td class=\"column-2\"><\/td>\n<\/tr>\n<tr class=\"row-17\">\n\t<td class=\"column-1\">Asist. drd. ing. Luiza Z\u0103v\u0103lan<\/td><td class=\"column-2\"><\/td>\n<\/tr>\n<tr class=\"row-18\">\n\t<td class=\"column-1\">Asist. drd. ing. Irina \u0218TEF\u0102NESCU<\/td><td class=\"column-2\"><\/td>\n<\/tr>\n<tr class=\"row-19\">\n\t<td class=\"column-1\">Asist. drd. ing. Bogdan Suatean<\/td><td class=\"column-2\"><\/td>\n<\/tr>\n<tr class=\"row-20\">\n\t<td class=\"column-1\">Asist. drd. ing. Gabriel \u021aurlea<\/td><td class=\"column-2\"><\/td>\n<\/tr>\n<\/tbody>\n<\/table>\n Contact Director: Prof.dr.ing.\u00a0Sterian\u00a0D\u0102N\u0102IL\u0102 (sterian.danaila@upb.ro) Sediu: Sala I-016, Local Polizu Secretar\u0103: Silvia \u0218tef\u0103nescu\u00a0(ssilviaro@yahoo.com) tel. 021-402-3967 &nbsp; &nbsp; Anun\u021buri Departament Sesiunea de comunic\u0103ri \u0219tiin\u021bifice se desf\u0103\u0219oar\u0103 anul acesta Vineri, 12 mai 2017.\u00a0 Pentru departamentul E. Carafoli\u00a0sala este I003 iar ora de \u00eencepere este 9:00. Programul sesiunii poate fi desc\u0103rcat aici.<\/p>\n","protected":false},"author":2,"featured_media":0,"parent":0,"menu_order":0,"comment_status":"closed","ping_status":"closed","template":"","meta":{"_et_pb_use_builder":"on","_et_pb_old_content":"","_et_gb_content_width":"","jetpack_post_was_ever_published":false,"footnotes":"","_links_to":"","_links_to_target":""},"categories":[],"tags":[],"class_list":["post-978","page","type-page","status-publish","hentry"],"yoast_head":"<!-- This site is optimized with the Yoast SEO plugin v24.3 - https:\/\/yoast.com\/wordpress\/plugins\/seo\/ -->\n<title>Departamentul de \u0218tiin\u021be Aerospa\u021biale \u201dElie Carafoli\u201d - Alumni Politehnica Aerospace Engineering<\/title>\n<meta name=\"robots\" content=\"index, follow, max-snippet:-1, max-image-preview:large, max-video-preview:-1\" \/>\n<link rel=\"canonical\" href=\"https:\/\/inginerie.aero\/index.php\/ro\/profesori-departamentul-de-stiinte-aerospatiale-elie-carafoli\/\" \/>\n<meta property=\"og:locale\" content=\"ro_RO\" \/>\n<meta property=\"og:type\" content=\"article\" \/>\n<meta property=\"og:title\" content=\"Departamentul de \u0218tiin\u021be Aerospa\u021biale \u201dElie Carafoli\u201d - Alumni Politehnica Aerospace Engineering\" \/>\n<meta property=\"og:description\" content=\"Contact Director: Prof.dr.ing.\u00a0Sterian\u00a0D\u0102N\u0102IL\u0102 (sterian.danaila@upb.ro) Sediu: Sala I-016, Local Polizu Secretar\u0103: Silvia \u0218tef\u0103nescu\u00a0(ssilviaro@yahoo.com) tel. 021-402-3967 &nbsp; &nbsp; Anun\u021buri Departament Sesiunea de comunic\u0103ri \u0219tiin\u021bifice se desf\u0103\u0219oar\u0103 anul acesta Vineri, 12 mai 2017.\u00a0 Pentru departamentul E. Carafoli\u00a0sala este I003 iar ora de \u00eencepere este 9:00. Programul sesiunii poate fi desc\u0103rcat aici.\" \/>\n<meta property=\"og:url\" content=\"https:\/\/inginerie.aero\/index.php\/ro\/profesori-departamentul-de-stiinte-aerospatiale-elie-carafoli\/\" \/>\n<meta property=\"og:site_name\" content=\"Alumni Politehnica Aerospace Engineering\" \/>\n<meta property=\"article:publisher\" content=\"https:\/\/www.facebook.com\/groups\/InginerieAerospatiala\/\" \/>\n<meta property=\"article:modified_time\" content=\"2017-05-11T21:49:17+00:00\" \/>\n<meta name=\"twitter:card\" content=\"summary_large_image\" \/>\n<meta name=\"twitter:label1\" content=\"Timp estimat pentru citire\" \/>\n\t<meta name=\"twitter:data1\" content=\"2 minute\" \/>\n<script type=\"application\/ld+json\" class=\"yoast-schema-graph\">{\"@context\":\"https:\/\/schema.org\",\"@graph\":[{\"@type\":\"WebPage\",\"@id\":\"https:\/\/inginerie.aero\/index.php\/ro\/profesori-departamentul-de-stiinte-aerospatiale-elie-carafoli\/\",\"url\":\"https:\/\/inginerie.aero\/index.php\/ro\/profesori-departamentul-de-stiinte-aerospatiale-elie-carafoli\/\",\"name\":\"Departamentul de \u0218tiin\u021be Aerospa\u021biale \u201dElie Carafoli\u201d - Alumni Politehnica Aerospace Engineering\",\"isPartOf\":{\"@id\":\"https:\/\/inginerie.aero\/#website\"},\"datePublished\":\"2017-02-20T20:13:41+00:00\",\"dateModified\":\"2017-05-11T21:49:17+00:00\",\"breadcrumb\":{\"@id\":\"https:\/\/inginerie.aero\/index.php\/ro\/profesori-departamentul-de-stiinte-aerospatiale-elie-carafoli\/#breadcrumb\"},\"inLanguage\":\"ro-RO\",\"potentialAction\":[{\"@type\":\"ReadAction\",\"target\":[\"https:\/\/inginerie.aero\/index.php\/ro\/profesori-departamentul-de-stiinte-aerospatiale-elie-carafoli\/\"]}]},{\"@type\":\"BreadcrumbList\",\"@id\":\"https:\/\/inginerie.aero\/index.php\/ro\/profesori-departamentul-de-stiinte-aerospatiale-elie-carafoli\/#breadcrumb\",\"itemListElement\":[{\"@type\":\"ListItem\",\"position\":1,\"name\":\"Acas\u0103\",\"item\":\"https:\/\/inginerie.aero\/index.php\/ro\/acasa\/\"},{\"@type\":\"ListItem\",\"position\":2,\"name\":\"Departamentul de \u0218tiin\u021be Aerospa\u021biale \u201dElie Carafoli\u201d\"}]},{\"@type\":\"WebSite\",\"@id\":\"https:\/\/inginerie.aero\/#website\",\"url\":\"https:\/\/inginerie.aero\/\",\"name\":\"Facultatea de Inginerie Aerospatiala\",\"description\":\"Site-ul Asociatiei de Alumni ai Facultatii de Inginerie Aerospatiala din cadrul Universitatii POLITEHNICA Bucuresti\",\"publisher\":{\"@id\":\"https:\/\/inginerie.aero\/#organization\"},\"potentialAction\":[{\"@type\":\"SearchAction\",\"target\":{\"@type\":\"EntryPoint\",\"urlTemplate\":\"https:\/\/inginerie.aero\/?s={search_term_string}\"},\"query-input\":{\"@type\":\"PropertyValueSpecification\",\"valueRequired\":true,\"valueName\":\"search_term_string\"}}],\"inLanguage\":\"ro-RO\"},{\"@type\":\"Organization\",\"@id\":\"https:\/\/inginerie.aero\/#organization\",\"name\":\"University Politehnica of Bucharest Faculty of Aerospace Engineering\",\"url\":\"https:\/\/inginerie.aero\/\",\"logo\":{\"@type\":\"ImageObject\",\"inLanguage\":\"ro-RO\",\"@id\":\"https:\/\/inginerie.aero\/#\/schema\/logo\/image\/\",\"url\":\"https:\/\/inginerie.aero\/wp-content\/uploads\/2017\/03\/sigla1.png\",\"contentUrl\":\"https:\/\/inginerie.aero\/wp-content\/uploads\/2017\/03\/sigla1.png\",\"width\":734,\"height\":735,\"caption\":\"University Politehnica of Bucharest Faculty of Aerospace Engineering\"},\"image\":{\"@id\":\"https:\/\/inginerie.aero\/#\/schema\/logo\/image\/\"},\"sameAs\":[\"https:\/\/www.facebook.com\/groups\/InginerieAerospatiala\/\"]}]}<\/script>\n<!-- \/ Yoast SEO plugin. -->","yoast_head_json":{"title":"Departamentul de \u0218tiin\u021be Aerospa\u021biale \u201dElie Carafoli\u201d - Alumni Politehnica Aerospace Engineering","robots":{"index":"index","follow":"follow","max-snippet":"max-snippet:-1","max-image-preview":"max-image-preview:large","max-video-preview":"max-video-preview:-1"},"canonical":"https:\/\/inginerie.aero\/index.php\/ro\/profesori-departamentul-de-stiinte-aerospatiale-elie-carafoli\/","og_locale":"ro_RO","og_type":"article","og_title":"Departamentul de \u0218tiin\u021be Aerospa\u021biale \u201dElie Carafoli\u201d - Alumni Politehnica Aerospace Engineering","og_description":"Contact Director: Prof.dr.ing.\u00a0Sterian\u00a0D\u0102N\u0102IL\u0102 (sterian.danaila@upb.ro) Sediu: Sala I-016, Local Polizu Secretar\u0103: Silvia \u0218tef\u0103nescu\u00a0(ssilviaro@yahoo.com) tel. 021-402-3967 &nbsp; &nbsp; Anun\u021buri Departament Sesiunea de comunic\u0103ri \u0219tiin\u021bifice se desf\u0103\u0219oar\u0103 anul acesta Vineri, 12 mai 2017.\u00a0 Pentru departamentul E. Carafoli\u00a0sala este I003 iar ora de \u00eencepere este 9:00. Programul sesiunii poate fi desc\u0103rcat aici.","og_url":"https:\/\/inginerie.aero\/index.php\/ro\/profesori-departamentul-de-stiinte-aerospatiale-elie-carafoli\/","og_site_name":"Alumni Politehnica Aerospace Engineering","article_publisher":"https:\/\/www.facebook.com\/groups\/InginerieAerospatiala\/","article_modified_time":"2017-05-11T21:49:17+00:00","twitter_card":"summary_large_image","twitter_misc":{"Timp estimat pentru citire":"2 minute"},"schema":{"@context":"https:\/\/schema.org","@graph":[{"@type":"WebPage","@id":"https:\/\/inginerie.aero\/index.php\/ro\/profesori-departamentul-de-stiinte-aerospatiale-elie-carafoli\/","url":"https:\/\/inginerie.aero\/index.php\/ro\/profesori-departamentul-de-stiinte-aerospatiale-elie-carafoli\/","name":"Departamentul de \u0218tiin\u021be Aerospa\u021biale \u201dElie Carafoli\u201d - Alumni Politehnica Aerospace Engineering","isPartOf":{"@id":"https:\/\/inginerie.aero\/#website"},"datePublished":"2017-02-20T20:13:41+00:00","dateModified":"2017-05-11T21:49:17+00:00","breadcrumb":{"@id":"https:\/\/inginerie.aero\/index.php\/ro\/profesori-departamentul-de-stiinte-aerospatiale-elie-carafoli\/#breadcrumb"},"inLanguage":"ro-RO","potentialAction":[{"@type":"ReadAction","target":["https:\/\/inginerie.aero\/index.php\/ro\/profesori-departamentul-de-stiinte-aerospatiale-elie-carafoli\/"]}]},{"@type":"BreadcrumbList","@id":"https:\/\/inginerie.aero\/index.php\/ro\/profesori-departamentul-de-stiinte-aerospatiale-elie-carafoli\/#breadcrumb","itemListElement":[{"@type":"ListItem","position":1,"name":"Acas\u0103","item":"https:\/\/inginerie.aero\/index.php\/ro\/acasa\/"},{"@type":"ListItem","position":2,"name":"Departamentul de \u0218tiin\u021be Aerospa\u021biale \u201dElie Carafoli\u201d"}]},{"@type":"WebSite","@id":"https:\/\/inginerie.aero\/#website","url":"https:\/\/inginerie.aero\/","name":"Facultatea de Inginerie Aerospatiala","description":"Site-ul Asociatiei de Alumni ai Facultatii de Inginerie Aerospatiala din cadrul Universitatii POLITEHNICA Bucuresti","publisher":{"@id":"https:\/\/inginerie.aero\/#organization"},"potentialAction":[{"@type":"SearchAction","target":{"@type":"EntryPoint","urlTemplate":"https:\/\/inginerie.aero\/?s={search_term_string}"},"query-input":{"@type":"PropertyValueSpecification","valueRequired":true,"valueName":"search_term_string"}}],"inLanguage":"ro-RO"},{"@type":"Organization","@id":"https:\/\/inginerie.aero\/#organization","name":"University Politehnica of Bucharest Faculty of Aerospace Engineering","url":"https:\/\/inginerie.aero\/","logo":{"@type":"ImageObject","inLanguage":"ro-RO","@id":"https:\/\/inginerie.aero\/#\/schema\/logo\/image\/","url":"https:\/\/inginerie.aero\/wp-content\/uploads\/2017\/03\/sigla1.png","contentUrl":"https:\/\/inginerie.aero\/wp-content\/uploads\/2017\/03\/sigla1.png","width":734,"height":735,"caption":"University Politehnica of Bucharest Faculty of Aerospace Engineering"},"image":{"@id":"https:\/\/inginerie.aero\/#\/schema\/logo\/image\/"},"sameAs":["https:\/\/www.facebook.com\/groups\/InginerieAerospatiala\/"]}]}},"jetpack_sharing_enabled":true,"jetpack_shortlink":"https:\/\/wp.me\/Pbbi8l-fM","_links":{"self":[{"href":"https:\/\/inginerie.aero\/index.php\/wp-json\/wp\/v2\/pages\/978","targetHints":{"allow":["GET"]}}],"collection":[{"href":"https:\/\/inginerie.aero\/index.php\/wp-json\/wp\/v2\/pages"}],"about":[{"href":"https:\/\/inginerie.aero\/index.php\/wp-json\/wp\/v2\/types\/page"}],"author":[{"embeddable":true,"href":"https:\/\/inginerie.aero\/index.php\/wp-json\/wp\/v2\/users\/2"}],"replies":[{"embeddable":true,"href":"https:\/\/inginerie.aero\/index.php\/wp-json\/wp\/v2\/comments?post=978"}],"version-history":[{"count":15,"href":"https:\/\/inginerie.aero\/index.php\/wp-json\/wp\/v2\/pages\/978\/revisions"}],"predecessor-version":[{"id":2502,"href":"https:\/\/inginerie.aero\/index.php\/wp-json\/wp\/v2\/pages\/978\/revisions\/2502"}],"wp:attachment":[{"href":"https:\/\/inginerie.aero\/index.php\/wp-json\/wp\/v2\/media?parent=978"}],"wp:term":[{"taxonomy":"category","embeddable":true,"href":"https:\/\/inginerie.aero\/index.php\/wp-json\/wp\/v2\/categories?post=978"},{"taxonomy":"post_tag","embeddable":true,"href":"https:\/\/inginerie.aero\/index.php\/wp-json\/wp\/v2\/tags?post=978"}],"curies":[{"name":"wp","href":"https:\/\/api.w.org\/{rel}","templated":true}]}}