{"id":983,"date":"2017-02-20T22:16:04","date_gmt":"2017-02-20T20:16:04","guid":{"rendered":"https:\/\/inginerie.aero\/?page_id=983"},"modified":"2020-02-24T16:59:11","modified_gmt":"2020-02-24T14:59:11","slug":"profesori-departamentul-de-ingineria-sistemelor-aeronautice-nicolae-tipei","status":"publish","type":"page","link":"https:\/\/inginerie.aero\/index.php\/ro\/profesori-departamentul-de-ingineria-sistemelor-aeronautice-nicolae-tipei\/","title":{"rendered":"Departamentul de Ingineria Sistemelor Aeronautice \u0219i Management Aeronautic \u201dNicolae Tipei\u201d"},"content":{"rendered":"<p>[et_pb_section bb_built=&#8221;1&#8243; fullwidth=&#8221;on&#8221; specialty=&#8221;off&#8221; transparent_background=&#8221;off&#8221; allow_player_pause=&#8221;off&#8221; inner_shadow=&#8221;off&#8221; parallax=&#8221;off&#8221; parallax_method=&#8221;off&#8221; padding_mobile=&#8221;off&#8221; make_fullwidth=&#8221;off&#8221; use_custom_width=&#8221;off&#8221; width_unit=&#8221;on&#8221; make_equal=&#8221;off&#8221; use_custom_gutter=&#8221;off&#8221; background_color=&#8221;rgba(23,23,23,0.6)&#8221; custom_padding_tablet=&#8221;50px|0|50px|0&#8243; custom_padding_last_edited=&#8221;on|desktop&#8221;][et_pb_fullwidth_post_title title=&#8221;on&#8221; meta=&#8221;off&#8221; author=&#8221;off&#8221; date=&#8221;off&#8221; categories=&#8221;off&#8221; comments=&#8221;off&#8221; featured_image=&#8221;off&#8221; featured_placement=&#8221;below&#8221; parallax_effect=&#8221;on&#8221; parallax_method=&#8221;off&#8221; text_orientation=&#8221;left&#8221; text_color=&#8221;dark&#8221; text_background=&#8221;off&#8221; text_bg_color=&#8221;rgba(255,255,255,0.9)&#8221; module_bg_color=&#8221;#e3e3e3&#8243; title_all_caps=&#8221;off&#8221; use_border_color=&#8221;off&#8221; border_color=&#8221;#ffffff&#8221; border_style=&#8221;solid&#8221; parallax=&#8221;on&#8221; background_color=&#8221;#e3e3e3&#8243;]<br \/>\n[\/et_pb_fullwidth_post_title][\/et_pb_section][et_pb_section bb_built=&#8221;1&#8243; transparent_background=&#8221;off&#8221; allow_player_pause=&#8221;off&#8221; inner_shadow=&#8221;off&#8221; parallax=&#8221;off&#8221; parallax_method=&#8221;on&#8221; padding_mobile=&#8221;off&#8221; make_fullwidth=&#8221;off&#8221; use_custom_width=&#8221;off&#8221; width_unit=&#8221;off&#8221; custom_width_px=&#8221;1080px&#8221; custom_width_percent=&#8221;80%&#8221; make_equal=&#8221;off&#8221; use_custom_gutter=&#8221;off&#8221; fullwidth=&#8221;off&#8221; specialty=&#8221;on&#8221; disabled=&#8221;off&#8221; custom_padding_tablet=&#8221;50px|0|50px|0&#8243; custom_padding_last_edited=&#8221;on|desktop&#8221;][et_pb_column type=&#8221;3_4&#8243; specialty_columns=&#8221;3&#8243;][et_pb_row_inner admin_label=&#8221;Row&#8221; padding_mobile=&#8221;off&#8221; use_custom_gutter=&#8221;off&#8221; make_equal=&#8221;off&#8221; column_padding_mobile=&#8221;off&#8221; parallax_1=&#8221;off&#8221; parallax_method_1=&#8221;on&#8221; parallax_2=&#8221;off&#8221; parallax_method_2=&#8221;on&#8221; parallax_3=&#8221;off&#8221; parallax_method_3=&#8221;on&#8221; disabled=&#8221;off&#8221;][et_pb_column_inner type=&#8221;4_4&#8243; saved_specialty_column_type=&#8221;3_4&#8243;][et_pb_text admin_label=&#8221;Alegeri Departament 2020&#8243; _builder_version=&#8221;3.0.92&#8243; background_layout=&#8221;light&#8221;]<\/p>\n<p>Alegeri pentru conducerea departamentului 2020.<\/p>\n<ul>\n<li>\u0218edin\u021ba de departament va avea loc joi 27 februarie 2020, ora 10, sala E013. Regulamentul alegerilor este <a href=\"https:\/\/upb.ro\/wp-content\/uploads\/2017\/11\/Regulamentul-privind-organizarea-si-desfasurarea-alegerilor-in-UPB-1.pdf\" target=\"_blank\" rel=\"noopener noreferrer\">aici<\/a>.<\/li>\n<li>Planurile manageriale ale candida\u021bilor la func\u021bia de director de departament:\n<ul>\n<li><a href=\"https:\/\/inginerie.aero\/wp-content\/uploads\/2020\/02\/Program_managerial_Chelaru.pdf\" target=\"_blank\" rel=\"noopener noreferrer\">Prof. dr. Ing. Teodor-Viorel CHELARU<\/a><\/li>\n<li><a href=\"https:\/\/inginerie.aero\/wp-content\/uploads\/2020\/02\/Plan-managerial_GMO.pdf\" target=\"_blank\" rel=\"noopener noreferrer\">Prof. Dr. Ing. Octavian GRIGORE-M\u00dcLER<\/a><\/li>\n<\/ul>\n<\/li>\n<\/ul>\n<p>[\/et_pb_text][et_pb_text admin_label=&#8221;Tabel CD Departament&#8221; background_layout=&#8221;light&#8221; text_orientation=&#8221;left&#8221; use_border_color=&#8221;off&#8221; border_color=&#8221;#ffffff&#8221; border_style=&#8221;solid&#8221;] \n<table id=\"tablepress-10\" class=\"tablepress tablepress-id-10\">\n<tbody class=\"row-striping row-hover\">\n<tr class=\"row-1\">\n\t<td class=\"column-1\">Prof. dr. ing. Adrian-Mihail Stoica<\/td><td class=\"column-2\">Director Departament - Directorul \u0218colii Doctorare<\/td>\n<\/tr>\n<tr class=\"row-2\">\n\t<td class=\"column-1\">Prof. dr. ing. Teodor Viorel Chelaru<\/td><td class=\"column-2\">Directorul Centrului de Cercet\u0103ri Aerospa\u021biale - Membru in Consiliul Departamentului<\/td>\n<\/tr>\n<tr class=\"row-3\">\n\t<td class=\"column-1\">Prof. dr. ing. Sorin Eugen Zaharia<\/td><td class=\"column-2\"><\/td>\n<\/tr>\n<tr class=\"row-4\">\n\t<td class=\"column-1\">Prof. dr. ing. Octavian Grigore Muller<\/td><td class=\"column-2\"><\/td>\n<\/tr>\n<tr class=\"row-5\">\n\t<td class=\"column-1\">\u0218.l. dr. ing. Silviu Zancu<\/td><td class=\"column-2\"><\/td>\n<\/tr>\n<tr class=\"row-6\">\n\t<td class=\"column-1\">\u0218.l. dr. ing. Cristian Emil Constantinescu<\/td><td class=\"column-2\">Prodecan<\/td>\n<\/tr>\n<tr class=\"row-7\">\n\t<td class=\"column-1\">\u0218.l. dr. ing. Sorin Berbente<\/td><td class=\"column-2\"><\/td>\n<\/tr>\n<tr class=\"row-8\">\n\t<td class=\"column-1\">\u0218.l. dr. ing. Gabriela Liliana Stroe<\/td><td class=\"column-2\"><\/td>\n<\/tr>\n<tr class=\"row-9\">\n\t<td class=\"column-1\">\u0218.l. dr. ing. Mihai Alexandru Barbelian<\/td><td class=\"column-2\"><\/td>\n<\/tr>\n<tr class=\"row-10\">\n\t<td class=\"column-1\">\u0218.l. dr. ing. Valentin Pan\u0103<\/td><td class=\"column-2\"><\/td>\n<\/tr>\n<tr class=\"row-11\">\n\t<td class=\"column-1\">S.l. dr. ing. Casandra Venera Pietreanu<\/td><td class=\"column-2\"><\/td>\n<\/tr>\n<tr class=\"row-12\">\n\t<td class=\"column-1\">Asist. dr. ing. Costin Ene<\/td><td class=\"column-2\"><\/td>\n<\/tr>\n<tr class=\"row-13\">\n\t<td class=\"column-1\">Asist. drd. ing. Cornel Dinu<\/td><td class=\"column-2\"><\/td>\n<\/tr>\n<\/tbody>\n<\/table>\n<!-- #tablepress-10 from cache --> [\/et_pb_text][et_pb_divider admin_label=&#8221;Divizor&#8221; color=&#8221;#ffffff&#8221; show_divider=&#8221;on&#8221; divider_style=&#8221;solid&#8221; divider_position=&#8221;top&#8221; hide_on_mobile=&#8221;on&#8221;]<br \/>\n[\/et_pb_divider][et_pb_text admin_label=&#8221;Contact&#8221; background_layout=&#8221;light&#8221; text_orientation=&#8221;left&#8221; use_border_color=&#8221;off&#8221; border_color=&#8221;#ffffff&#8221; border_style=&#8221;solid&#8221;]<\/p>\n<h4>Contact<\/h4>\n<p>Director:<\/p>\n<p style=\"padding-left: 30px;\">Prof.dr.ing. Adrian Mihail STOICA (<span lang=\"ro-RO\">adrian.stoica@upb.ro) <\/span><\/p>\n<p>Sediu:<\/p>\n<p style=\"padding-left: 30px;\">Sala E-014, Local Polizu<\/p>\n<p>Secretar\u0103:<\/p>\n<p style=\"padding-left: 30px;\">Elena GRIDAN (gridane@yahoo.com) tel. 021-402-3875<\/p>\n<p>&nbsp;<\/p>\n<p>[\/et_pb_text][\/et_pb_column_inner][\/et_pb_row_inner][\/et_pb_column][et_pb_column type=&#8221;1_4&#8243;][et_pb_text background_layout=&#8221;light&#8221; text_orientation=&#8221;left&#8221; header_font_size=&#8221;49px&#8221; use_border_color=&#8221;off&#8221; border_style=&#8221;solid&#8221; disabled=&#8221;off&#8221; border_color=&#8221;#ffffff&#8221;]<\/p>\n<p><strong>Anun\u021buri departament<\/strong><\/p>\n<p>[\/et_pb_text][et_pb_divider color=&#8221;#bfbfbf&#8221; divider_style=&#8221;solid&#8221; divider_position=&#8221;top&#8221; divider_weight=&#8221;1px&#8221; hide_on_mobile=&#8221;on&#8221; disabled=&#8221;off&#8221;]<br \/>\n[\/et_pb_divider][et_pb_text background_layout=&#8221;light&#8221; text_orientation=&#8221;left&#8221; use_border_color=&#8221;on&#8221; border_color=&#8221;#2ea3f2&#8243; border_style=&#8221;solid&#8221; text_text_color=&#8221;#ffffff&#8221; background_color=&#8221;#2ea3f2&#8243; border_width=&#8221;10px&#8221;]<\/p>\n<p>Sesiunea de comunic\u0103ri \u0219tiin\u021bifice se desf\u0103\u0219oar\u0103 anul acesta Vineri, 12 mai 2017 \u00een sala G01 \u00eencep\u00e2nd cu ora 9.00. Cei interesa\u021bi se pot \u00eenscrie p\u00e2n\u0103 pe 2 mai 2017 inclusiv, la secretariatul departamentului \u201eNicolaie Tipei\u201d.<\/p>\n<p>Programul sesiunii este disponibil <span style=\"color: #000000;\"><a style=\"color: #000000;\" href=\"https:\/\/inginerie.aero\/wp-content\/uploads\/2017\/05\/Program_Sesiunea_de_Comunicari_Stiintifice_Studentesti_N_Tipei_Mai_2017.pdf\" target=\"_blank\" rel=\"noopener noreferrer\">aici<\/a><\/span>.<\/p>\n<p>[\/et_pb_text][\/et_pb_column][\/et_pb_section]<\/p>\n","protected":false},"excerpt":{"rendered":"<p>Alegeri pentru conducerea departamentului 2020. \u0218edin\u021ba de departament va avea loc joi 27 februarie 2020, ora 10, sala E013. Regulamentul alegerilor este aici. Planurile manageriale ale candida\u021bilor la func\u021bia de director de departament: Prof. dr. Ing. Teodor-Viorel CHELARU Prof. Dr. Ing. Octavian GRIGORE-M\u00dcLER \n<table id=\"tablepress-10-no-2\" class=\"tablepress tablepress-id-10\">\n<tbody class=\"row-striping row-hover\">\n<tr class=\"row-1\">\n\t<td class=\"column-1\">Prof. dr. ing. Adrian-Mihail Stoica<\/td><td class=\"column-2\">Director Departament - Directorul \u0218colii Doctorare<\/td>\n<\/tr>\n<tr class=\"row-2\">\n\t<td class=\"column-1\">Prof. dr. ing. Teodor Viorel Chelaru<\/td><td class=\"column-2\">Directorul Centrului de Cercet\u0103ri Aerospa\u021biale - Membru in Consiliul Departamentului<\/td>\n<\/tr>\n<tr class=\"row-3\">\n\t<td class=\"column-1\">Prof. dr. ing. Sorin Eugen Zaharia<\/td><td class=\"column-2\"><\/td>\n<\/tr>\n<tr class=\"row-4\">\n\t<td class=\"column-1\">Prof. dr. ing. Octavian Grigore Muller<\/td><td class=\"column-2\"><\/td>\n<\/tr>\n<tr class=\"row-5\">\n\t<td class=\"column-1\">\u0218.l. dr. ing. Silviu Zancu<\/td><td class=\"column-2\"><\/td>\n<\/tr>\n<tr class=\"row-6\">\n\t<td class=\"column-1\">\u0218.l. dr. ing. Cristian Emil Constantinescu<\/td><td class=\"column-2\">Prodecan<\/td>\n<\/tr>\n<tr class=\"row-7\">\n\t<td class=\"column-1\">\u0218.l. dr. ing. Sorin Berbente<\/td><td class=\"column-2\"><\/td>\n<\/tr>\n<tr class=\"row-8\">\n\t<td class=\"column-1\">\u0218.l. dr. ing. Gabriela Liliana Stroe<\/td><td class=\"column-2\"><\/td>\n<\/tr>\n<tr class=\"row-9\">\n\t<td class=\"column-1\">\u0218.l. dr. ing. Mihai Alexandru Barbelian<\/td><td class=\"column-2\"><\/td>\n<\/tr>\n<tr class=\"row-10\">\n\t<td class=\"column-1\">\u0218.l. dr. ing. Valentin Pan\u0103<\/td><td class=\"column-2\"><\/td>\n<\/tr>\n<tr class=\"row-11\">\n\t<td class=\"column-1\">S.l. dr. ing. Casandra Venera Pietreanu<\/td><td class=\"column-2\"><\/td>\n<\/tr>\n<tr class=\"row-12\">\n\t<td class=\"column-1\">Asist. dr. ing. Costin Ene<\/td><td class=\"column-2\"><\/td>\n<\/tr>\n<tr class=\"row-13\">\n\t<td class=\"column-1\">Asist. drd. ing. Cornel Dinu<\/td><td class=\"column-2\"><\/td>\n<\/tr>\n<\/tbody>\n<\/table>\n Contact Director: Prof.dr.ing. Adrian Mihail STOICA (adrian.stoica@upb.ro) Sediu: Sala [&hellip;]<\/p>\n","protected":false},"author":2,"featured_media":0,"parent":0,"menu_order":0,"comment_status":"closed","ping_status":"closed","template":"","meta":{"_et_pb_use_builder":"on","_et_pb_old_content":"","_et_gb_content_width":"","jetpack_post_was_ever_published":false,"footnotes":"","_links_to":"","_links_to_target":""},"categories":[],"tags":[],"class_list":["post-983","page","type-page","status-publish","hentry"],"yoast_head":"<!-- This site is optimized with the Yoast SEO plugin v24.3 - https:\/\/yoast.com\/wordpress\/plugins\/seo\/ -->\n<title>Departamentul de Ingineria Sistemelor Aeronautice \u0219i Management Aeronautic \u201dNicolae Tipei\u201d - Alumni Politehnica Aerospace Engineering<\/title>\n<meta name=\"robots\" content=\"index, follow, max-snippet:-1, max-image-preview:large, max-video-preview:-1\" \/>\n<link rel=\"canonical\" href=\"https:\/\/inginerie.aero\/index.php\/ro\/profesori-departamentul-de-ingineria-sistemelor-aeronautice-nicolae-tipei\/\" \/>\n<meta property=\"og:locale\" content=\"ro_RO\" \/>\n<meta property=\"og:type\" content=\"article\" \/>\n<meta property=\"og:title\" content=\"Departamentul de Ingineria Sistemelor Aeronautice \u0219i Management Aeronautic \u201dNicolae Tipei\u201d - Alumni Politehnica Aerospace Engineering\" \/>\n<meta property=\"og:description\" content=\"Alegeri pentru conducerea departamentului 2020. \u0218edin\u021ba de departament va avea loc joi 27 februarie 2020, ora 10, sala E013. Regulamentul alegerilor este aici. Planurile manageriale ale candida\u021bilor la func\u021bia de director de departament: Prof. dr. Ing. Teodor-Viorel CHELARU Prof. Dr. Ing. Octavian GRIGORE-M\u00dcLER Contact Director: Prof.dr.ing. Adrian Mihail STOICA (adrian.stoica@upb.ro) Sediu: Sala [&hellip;]\" \/>\n<meta property=\"og:url\" content=\"https:\/\/inginerie.aero\/index.php\/ro\/profesori-departamentul-de-ingineria-sistemelor-aeronautice-nicolae-tipei\/\" \/>\n<meta property=\"og:site_name\" content=\"Alumni Politehnica Aerospace Engineering\" \/>\n<meta property=\"article:publisher\" content=\"https:\/\/www.facebook.com\/groups\/InginerieAerospatiala\/\" \/>\n<meta property=\"article:modified_time\" content=\"2020-02-24T14:59:11+00:00\" \/>\n<meta name=\"twitter:card\" content=\"summary_large_image\" \/>\n<meta name=\"twitter:label1\" content=\"Timp estimat pentru citire\" \/>\n\t<meta name=\"twitter:data1\" content=\"3 minute\" \/>\n<script type=\"application\/ld+json\" class=\"yoast-schema-graph\">{\"@context\":\"https:\/\/schema.org\",\"@graph\":[{\"@type\":\"WebPage\",\"@id\":\"https:\/\/inginerie.aero\/index.php\/ro\/profesori-departamentul-de-ingineria-sistemelor-aeronautice-nicolae-tipei\/\",\"url\":\"https:\/\/inginerie.aero\/index.php\/ro\/profesori-departamentul-de-ingineria-sistemelor-aeronautice-nicolae-tipei\/\",\"name\":\"Departamentul de Ingineria Sistemelor Aeronautice \u0219i Management Aeronautic \u201dNicolae Tipei\u201d - Alumni Politehnica Aerospace Engineering\",\"isPartOf\":{\"@id\":\"https:\/\/inginerie.aero\/#website\"},\"datePublished\":\"2017-02-20T20:16:04+00:00\",\"dateModified\":\"2020-02-24T14:59:11+00:00\",\"breadcrumb\":{\"@id\":\"https:\/\/inginerie.aero\/index.php\/ro\/profesori-departamentul-de-ingineria-sistemelor-aeronautice-nicolae-tipei\/#breadcrumb\"},\"inLanguage\":\"ro-RO\",\"potentialAction\":[{\"@type\":\"ReadAction\",\"target\":[\"https:\/\/inginerie.aero\/index.php\/ro\/profesori-departamentul-de-ingineria-sistemelor-aeronautice-nicolae-tipei\/\"]}]},{\"@type\":\"BreadcrumbList\",\"@id\":\"https:\/\/inginerie.aero\/index.php\/ro\/profesori-departamentul-de-ingineria-sistemelor-aeronautice-nicolae-tipei\/#breadcrumb\",\"itemListElement\":[{\"@type\":\"ListItem\",\"position\":1,\"name\":\"Acas\u0103\",\"item\":\"https:\/\/inginerie.aero\/index.php\/ro\/acasa\/\"},{\"@type\":\"ListItem\",\"position\":2,\"name\":\"Departamentul de Ingineria Sistemelor Aeronautice \u0219i Management Aeronautic \u201dNicolae Tipei\u201d\"}]},{\"@type\":\"WebSite\",\"@id\":\"https:\/\/inginerie.aero\/#website\",\"url\":\"https:\/\/inginerie.aero\/\",\"name\":\"Facultatea de Inginerie Aerospatiala\",\"description\":\"Site-ul Asociatiei de Alumni ai Facultatii de Inginerie Aerospatiala din cadrul Universitatii POLITEHNICA Bucuresti\",\"publisher\":{\"@id\":\"https:\/\/inginerie.aero\/#organization\"},\"potentialAction\":[{\"@type\":\"SearchAction\",\"target\":{\"@type\":\"EntryPoint\",\"urlTemplate\":\"https:\/\/inginerie.aero\/?s={search_term_string}\"},\"query-input\":{\"@type\":\"PropertyValueSpecification\",\"valueRequired\":true,\"valueName\":\"search_term_string\"}}],\"inLanguage\":\"ro-RO\"},{\"@type\":\"Organization\",\"@id\":\"https:\/\/inginerie.aero\/#organization\",\"name\":\"University Politehnica of Bucharest Faculty of Aerospace Engineering\",\"url\":\"https:\/\/inginerie.aero\/\",\"logo\":{\"@type\":\"ImageObject\",\"inLanguage\":\"ro-RO\",\"@id\":\"https:\/\/inginerie.aero\/#\/schema\/logo\/image\/\",\"url\":\"https:\/\/inginerie.aero\/wp-content\/uploads\/2017\/03\/sigla1.png\",\"contentUrl\":\"https:\/\/inginerie.aero\/wp-content\/uploads\/2017\/03\/sigla1.png\",\"width\":734,\"height\":735,\"caption\":\"University Politehnica of Bucharest Faculty of Aerospace Engineering\"},\"image\":{\"@id\":\"https:\/\/inginerie.aero\/#\/schema\/logo\/image\/\"},\"sameAs\":[\"https:\/\/www.facebook.com\/groups\/InginerieAerospatiala\/\"]}]}<\/script>\n<!-- \/ Yoast SEO plugin. -->","yoast_head_json":{"title":"Departamentul de Ingineria Sistemelor Aeronautice \u0219i Management Aeronautic \u201dNicolae Tipei\u201d - Alumni Politehnica Aerospace Engineering","robots":{"index":"index","follow":"follow","max-snippet":"max-snippet:-1","max-image-preview":"max-image-preview:large","max-video-preview":"max-video-preview:-1"},"canonical":"https:\/\/inginerie.aero\/index.php\/ro\/profesori-departamentul-de-ingineria-sistemelor-aeronautice-nicolae-tipei\/","og_locale":"ro_RO","og_type":"article","og_title":"Departamentul de Ingineria Sistemelor Aeronautice \u0219i Management Aeronautic \u201dNicolae Tipei\u201d - Alumni Politehnica Aerospace Engineering","og_description":"Alegeri pentru conducerea departamentului 2020. \u0218edin\u021ba de departament va avea loc joi 27 februarie 2020, ora 10, sala E013. Regulamentul alegerilor este aici. Planurile manageriale ale candida\u021bilor la func\u021bia de director de departament: Prof. dr. Ing. Teodor-Viorel CHELARU Prof. Dr. Ing. Octavian GRIGORE-M\u00dcLER Contact Director: Prof.dr.ing. Adrian Mihail STOICA (adrian.stoica@upb.ro) Sediu: Sala [&hellip;]","og_url":"https:\/\/inginerie.aero\/index.php\/ro\/profesori-departamentul-de-ingineria-sistemelor-aeronautice-nicolae-tipei\/","og_site_name":"Alumni Politehnica Aerospace Engineering","article_publisher":"https:\/\/www.facebook.com\/groups\/InginerieAerospatiala\/","article_modified_time":"2020-02-24T14:59:11+00:00","twitter_card":"summary_large_image","twitter_misc":{"Timp estimat pentru citire":"3 minute"},"schema":{"@context":"https:\/\/schema.org","@graph":[{"@type":"WebPage","@id":"https:\/\/inginerie.aero\/index.php\/ro\/profesori-departamentul-de-ingineria-sistemelor-aeronautice-nicolae-tipei\/","url":"https:\/\/inginerie.aero\/index.php\/ro\/profesori-departamentul-de-ingineria-sistemelor-aeronautice-nicolae-tipei\/","name":"Departamentul de Ingineria Sistemelor Aeronautice \u0219i Management Aeronautic \u201dNicolae Tipei\u201d - Alumni Politehnica Aerospace Engineering","isPartOf":{"@id":"https:\/\/inginerie.aero\/#website"},"datePublished":"2017-02-20T20:16:04+00:00","dateModified":"2020-02-24T14:59:11+00:00","breadcrumb":{"@id":"https:\/\/inginerie.aero\/index.php\/ro\/profesori-departamentul-de-ingineria-sistemelor-aeronautice-nicolae-tipei\/#breadcrumb"},"inLanguage":"ro-RO","potentialAction":[{"@type":"ReadAction","target":["https:\/\/inginerie.aero\/index.php\/ro\/profesori-departamentul-de-ingineria-sistemelor-aeronautice-nicolae-tipei\/"]}]},{"@type":"BreadcrumbList","@id":"https:\/\/inginerie.aero\/index.php\/ro\/profesori-departamentul-de-ingineria-sistemelor-aeronautice-nicolae-tipei\/#breadcrumb","itemListElement":[{"@type":"ListItem","position":1,"name":"Acas\u0103","item":"https:\/\/inginerie.aero\/index.php\/ro\/acasa\/"},{"@type":"ListItem","position":2,"name":"Departamentul de Ingineria Sistemelor Aeronautice \u0219i Management Aeronautic \u201dNicolae Tipei\u201d"}]},{"@type":"WebSite","@id":"https:\/\/inginerie.aero\/#website","url":"https:\/\/inginerie.aero\/","name":"Facultatea de Inginerie Aerospatiala","description":"Site-ul Asociatiei de Alumni ai Facultatii de Inginerie Aerospatiala din cadrul Universitatii POLITEHNICA Bucuresti","publisher":{"@id":"https:\/\/inginerie.aero\/#organization"},"potentialAction":[{"@type":"SearchAction","target":{"@type":"EntryPoint","urlTemplate":"https:\/\/inginerie.aero\/?s={search_term_string}"},"query-input":{"@type":"PropertyValueSpecification","valueRequired":true,"valueName":"search_term_string"}}],"inLanguage":"ro-RO"},{"@type":"Organization","@id":"https:\/\/inginerie.aero\/#organization","name":"University Politehnica of Bucharest Faculty of Aerospace Engineering","url":"https:\/\/inginerie.aero\/","logo":{"@type":"ImageObject","inLanguage":"ro-RO","@id":"https:\/\/inginerie.aero\/#\/schema\/logo\/image\/","url":"https:\/\/inginerie.aero\/wp-content\/uploads\/2017\/03\/sigla1.png","contentUrl":"https:\/\/inginerie.aero\/wp-content\/uploads\/2017\/03\/sigla1.png","width":734,"height":735,"caption":"University Politehnica of Bucharest Faculty of Aerospace Engineering"},"image":{"@id":"https:\/\/inginerie.aero\/#\/schema\/logo\/image\/"},"sameAs":["https:\/\/www.facebook.com\/groups\/InginerieAerospatiala\/"]}]}},"jetpack_sharing_enabled":true,"jetpack_shortlink":"https:\/\/wp.me\/Pbbi8l-fR","_links":{"self":[{"href":"https:\/\/inginerie.aero\/index.php\/wp-json\/wp\/v2\/pages\/983","targetHints":{"allow":["GET"]}}],"collection":[{"href":"https:\/\/inginerie.aero\/index.php\/wp-json\/wp\/v2\/pages"}],"about":[{"href":"https:\/\/inginerie.aero\/index.php\/wp-json\/wp\/v2\/types\/page"}],"author":[{"embeddable":true,"href":"https:\/\/inginerie.aero\/index.php\/wp-json\/wp\/v2\/users\/2"}],"replies":[{"embeddable":true,"href":"https:\/\/inginerie.aero\/index.php\/wp-json\/wp\/v2\/comments?post=983"}],"version-history":[{"count":13,"href":"https:\/\/inginerie.aero\/index.php\/wp-json\/wp\/v2\/pages\/983\/revisions"}],"predecessor-version":[{"id":24258,"href":"https:\/\/inginerie.aero\/index.php\/wp-json\/wp\/v2\/pages\/983\/revisions\/24258"}],"wp:attachment":[{"href":"https:\/\/inginerie.aero\/index.php\/wp-json\/wp\/v2\/media?parent=983"}],"wp:term":[{"taxonomy":"category","embeddable":true,"href":"https:\/\/inginerie.aero\/index.php\/wp-json\/wp\/v2\/categories?post=983"},{"taxonomy":"post_tag","embeddable":true,"href":"https:\/\/inginerie.aero\/index.php\/wp-json\/wp\/v2\/tags?post=983"}],"curies":[{"name":"wp","href":"https:\/\/api.w.org\/{rel}","templated":true}]}}